{"id":7287,"date":"2019-03-11T09:05:46","date_gmt":"2019-03-11T06:05:46","guid":{"rendered":"http:\/\/hortum.com.tr\/?post_type=product&#038;p=7287"},"modified":"2024-03-21T17:38:56","modified_gmt":"2024-03-21T14:38:56","slug":"tek-kapi-siva-alti-cam-kapakli-ekonomik","status":"publish","type":"product","link":"https:\/\/tuzlahortum.com.tr\/fr\/produit\/tek-kapi-siva-alti-cam-kapakli-ekonomik\/","title":{"rendered":"Porte simple \u2013 Couvercle en verre encastr\u00e9 (\u00e9conomique) (50\u00d760)"},"content":{"rendered":"<h2>Porte simple \u2013 Couvercle en verre encastr\u00e9 (\u00e9conomique) (50\u00d760)<\/h2>\n<h3>TAILLE 50*60<\/h3>\n<ul class=\"list-style-2\">\n<li class=\"check-list\">Feuille DKP 0,80 mm<\/li>\n<li>PI-333<\/li>\n<\/ul>","protected":false},"excerpt":{"rendered":"<p>Tek Kap\u0131 &#8211; S\u0131va Alt\u0131 Cam Kapakl\u0131 (Ekonomik)(50&#215;60) \u00d6L\u00c7\u00dc 50*60 0,80 mm DKP Sa\u00e7 P\u0130-333<\/p>","protected":false},"featured_media":7289,"comment_status":"open","ping_status":"closed","template":"","meta":{"jetpack_post_was_ever_published":false},"product_brand":[],"product_cat":[114],"product_tag":[348,347,350,351,352,349],"class_list":{"0":"post-7287","1":"product","2":"type-product","3":"status-publish","4":"has-post-thumbnail","6":"product_cat-ekonomik-yangin-dolaplari","7":"product_tag-sac-kapak","8":"product_tag-siva-ustu","9":"product_tag-sprey-lans","10":"product_tag-tek-kapak","11":"product_tag-yangin-dolabi","12":"product_tag-yangin-hortumu","14":"first","15":"instock","16":"taxable","17":"shipping-taxable","18":"product-type-simple"},"jetpack-related-posts":[{"id":560,"url":"https:\/\/tuzlahortum.com.tr\/fr\/produit\/tek-kapi-siva-ustu-sac-kapakli-ekonomik\/","url_meta":{"origin":7287,"position":0},"title":"Porte simple \u2013 Montage en surface avec couvercle (\u00e9conomique) (50\u00d760)","author":"admin","date":"6 f\u00e9vrier 2019","format":false,"excerpt":"Tek Kap\u0131 - S\u0131va \u00dcst\u00fc Sa\u00e7 Kapakl\u0131 (Ekonomik)(50x60)\u00d6L\u00c7\u00dc 50*600,80 mm DKP Sa\u00e72\" Ekonomik yang\u0131n hortumu2\" Ekonomik lans20 MT25 MT30 MTP\u0130-330P\u0130-331P\u0130-332","rel":"","context":"Article similaire","block_context":{"text":"Article similaire","link":""},"img":{"alt_text":"","src":"https:\/\/i0.wp.com\/tuzlahortum.com.tr\/wp-content\/uploads\/2019\/03\/s%C4%B1va-%C3%BCst%C3%BC-sa%C3%A7-kapakl%C4%B1-ekonomik.jpg?fit=350%2C381&ssl=1&resize=350%2C200","width":350,"height":200},"classes":[]},{"id":958,"url":"https:\/\/tuzlahortum.com.tr\/fr\/produit\/tek-kapi-bos-dolap-ekonomik\/","url_meta":{"origin":7287,"position":1},"title":"Porte simple \u2013 Armoire vide (\u00e9conomique) (50\u00d760)","author":"admin","date":"6 f\u00e9vrier 2019","format":false,"excerpt":"Tek Kap\u0131 - Bo\u015f Dolap (Ekonomik)(50x60)\u00d6L\u00c7\u00dc 50*600,80 mm DKP SacP\u0130-333","rel":"","context":"Article similaire","block_context":{"text":"Article similaire","link":""},"img":{"alt_text":"","src":"https:\/\/i0.wp.com\/tuzlahortum.com.tr\/wp-content\/uploads\/2019\/03\/s%C4%B1va-%C3%BCst%C3%BC-sa%C3%A7-kapakl%C4%B1-ekonomik.jpg?fit=350%2C381&ssl=1&resize=350%2C200","width":350,"height":200},"classes":[]},{"id":926,"url":"https:\/\/tuzlahortum.com.tr\/fr\/produit\/tek-kapi-siva-alti-cam-kapakli-sulu-sistem\/","url_meta":{"origin":7287,"position":2},"title":"Porte simple \u2013 Couvercle en verre encastr\u00e9 (syst\u00e8me d\u2019eau) (65\u00d760)","author":"admin","date":"6 f\u00e9vrier 2019","format":false,"excerpt":"Tek Kap\u0131 - S\u0131va Alt\u0131 Cam Kapakl\u0131 (Sulu Sistem)(65x60)\u00d6L\u00c7\u00dc 65*601\" TS EN 694 yar\u0131 sert kau\u00e7uk yang\u0131n hortumu1\" jet sprey lans(nozul)\u00a020 MT25 MT30 MT1\" TSE K\u00fcresel Vanal\u0131P\u0130-125P\u0130-126P\u0130-1272\" Yang\u0131n Vanal\u0131 ( 2>1'e D\u00f6n\u00fc\u015ft\u00fcr\u00fcc\u00fcl\u00fc )P\u0130-225P\u0130-226P\u0130-227","rel":"","context":"Article similaire","block_context":{"text":"Article similaire","link":""},"img":{"alt_text":"","src":"https:\/\/i0.wp.com\/tuzlahortum.com.tr\/wp-content\/uploads\/2019\/03\/s%C4%B1va-alt%C4%B1-cam-kapakl%C4%B1-ekonomik.jpg?fit=347%2C408&ssl=1&resize=350%2C200","width":350,"height":200},"classes":[]},{"id":925,"url":"https:\/\/tuzlahortum.com.tr\/fr\/produit\/tek-kapi-siva-ustu-cam-kapakli-sulu-sistem\/","url_meta":{"origin":7287,"position":3},"title":"Porte simple \u2013 Montage en surface avec couvercle en verre (syst\u00e8me d&#039;eau) (70\u00d765)","author":"admin","date":"6 f\u00e9vrier 2019","format":false,"excerpt":"Tek Kap\u0131 - S\u0131va \u00dcst\u00fc Cam Kapakl\u0131 (Sulu Sistem)(70x65)\u00d6L\u00c7\u00dc 70*651\" TS EN 694 yar\u0131 sert kau\u00e7uk yang\u0131n hortumu1\" jet sprey lans(nozul)\u00a020 MT25 MT30 MT1\" TSE K\u00fcresel Vanal\u0131P\u0130-115P\u0130-116P\u0130-1172\" Yang\u0131n Vanal\u0131 ( 2>1'e D\u00f6n\u00fc\u015ft\u00fcr\u00fcc\u00fcl\u00fc )P\u0130-215P\u0130-216P\u0130-217","rel":"","context":"Article similaire","block_context":{"text":"Article similaire","link":""},"img":{"alt_text":"","src":"https:\/\/i0.wp.com\/tuzlahortum.com.tr\/wp-content\/uploads\/2019\/03\/s%C4%B1va-alt%C4%B1-cam-kapakl%C4%B1-ekonomik-1.jpg?fit=347%2C408&ssl=1&resize=350%2C200","width":350,"height":200},"classes":[]},{"id":961,"url":"https:\/\/tuzlahortum.com.tr\/fr\/produit\/tek-kapi-siva-alti-sac-kapakli-sulu-sistem\/","url_meta":{"origin":7287,"position":4},"title":"Porte simple \u2013 Couvercle m\u00e9tallique encastr\u00e9 (syst\u00e8me d\u2019eau) (65\u00d760)","author":"admin","date":"6 f\u00e9vrier 2019","format":false,"excerpt":"Tek Kap\u0131 - S\u0131va Alt\u0131 Sa\u00e7 Kapakl\u0131 (Sulu Sistem)(65x60)\u00d6L\u00c7\u00dc 65*601\" TS EN 694 yar\u0131 sert kau\u00e7uk yang\u0131n hortumu1\" jet sprey lans(nozul)\u00a020 MT25 MT30 MT1\" TSE K\u00fcresel Vanal\u0131P\u0130-120P\u0130-121P\u0130-1222\" Yang\u0131n Vanal\u0131 ( 2>1'e D\u00f6n\u00fc\u015ft\u00fcr\u00fcc\u00fcl\u00fc )P\u0130-220P\u0130-221P\u0130-222","rel":"","context":"Article similaire","block_context":{"text":"Article similaire","link":""},"img":{"alt_text":"","src":"https:\/\/i0.wp.com\/tuzlahortum.com.tr\/wp-content\/uploads\/2019\/03\/tek-kap%C4%B1-s%C4%B1va-alt%C4%B1-sa%C3%A7-kapakl%C4%B1-sulu.jpg?fit=414%2C475&ssl=1&resize=350%2C200","width":350,"height":200},"classes":[]},{"id":781,"url":"https:\/\/tuzlahortum.com.tr\/fr\/produit\/tek-kapi-siva-alti-sac-kapakli-kuru-sistem\/","url_meta":{"origin":7287,"position":5},"title":"Porte simple - Couvercle m\u00e9tallique encastr\u00e9 (Syst\u00e8me sec) (56\u00d758)","author":"admin","date":"6 f\u00e9vrier 2019","format":false,"excerpt":"Tek Kap\u0131 - S\u0131va Alt\u0131 Sa\u00e7 Kapakl\u0131 (Kuru Sistem)(56x58)\u00d6L\u00c7\u00dc 56*582\" bez yang\u0131n hortumu (30 AT\u00dc)2\" yang\u0131n vanas\u0131(rakorlu)2\" jet lans(rakorlu)20 MT25 MT30 MTP\u0130-280P\u0130-281P\u0130-282","rel":"","context":"Article similaire","block_context":{"text":"Article similaire","link":""},"img":{"alt_text":"","src":"https:\/\/i0.wp.com\/tuzlahortum.com.tr\/wp-content\/uploads\/2019\/03\/Tek-Kap%C4%B1-S%C4%B1va-Alt%C4%B1-Sa%C3%A7-Kapakl%C4%B1-Kuru-Sistem.jpg?fit=405%2C491&ssl=1&resize=350%2C200","width":350,"height":200},"classes":[]}],"jetpack_sharing_enabled":true,"jetpack_likes_enabled":true,"_links":{"self":[{"href":"https:\/\/tuzlahortum.com.tr\/fr\/wp-json\/wp\/v2\/product\/7287","targetHints":{"allow":["GET"]}}],"collection":[{"href":"https:\/\/tuzlahortum.com.tr\/fr\/wp-json\/wp\/v2\/product"}],"about":[{"href":"https:\/\/tuzlahortum.com.tr\/fr\/wp-json\/wp\/v2\/types\/product"}],"replies":[{"embeddable":true,"href":"https:\/\/tuzlahortum.com.tr\/fr\/wp-json\/wp\/v2\/comments?post=7287"}],"wp:featuredmedia":[{"embeddable":true,"href":"https:\/\/tuzlahortum.com.tr\/fr\/wp-json\/wp\/v2\/media\/7289"}],"wp:attachment":[{"href":"https:\/\/tuzlahortum.com.tr\/fr\/wp-json\/wp\/v2\/media?parent=7287"}],"wp:term":[{"taxonomy":"product_brand","embeddable":true,"href":"https:\/\/tuzlahortum.com.tr\/fr\/wp-json\/wp\/v2\/product_brand?post=7287"},{"taxonomy":"product_cat","embeddable":true,"href":"https:\/\/tuzlahortum.com.tr\/fr\/wp-json\/wp\/v2\/product_cat?post=7287"},{"taxonomy":"product_tag","embeddable":true,"href":"https:\/\/tuzlahortum.com.tr\/fr\/wp-json\/wp\/v2\/product_tag?post=7287"}],"curies":[{"name":"wp","href":"https:\/\/api.w.org\/{rel}","templated":true}]}}