{"id":728,"date":"2019-02-06T23:52:57","date_gmt":"2019-02-06T20:52:57","guid":{"rendered":"http:\/\/hortum.com.tr\/product\/import-placeholder-for-85\/"},"modified":"2024-03-21T17:43:24","modified_gmt":"2024-03-21T14:43:24","slug":"celik-tel-orgulu-buhar-hortumlari","status":"publish","type":"product","link":"https:\/\/tuzlahortum.com.tr\/fr\/produit\/celik-tel-orgulu-buhar-hortumlari\/","title":{"rendered":"Tuyaux \u00e0 vapeur tress\u00e9s en fil d&#039;acier"},"content":{"rendered":"<h2>Tuyaux \u00e0 vapeur tress\u00e9s en fil d&#039;acier<\/h2>\n<div>DOMAINES D&#039;UTILISATION : Dans les raffineries, les chantiers navals, les usines chimiques et sid\u00e9rurgiques, les circuits de vapeur n\u00e9cessitant une pression et une chaleur \u00e9lev\u00e9es.<\/div>\n<div><\/div>\n<div>CERTIFICATS : Les flexibles sont de marque TSE. TS2149 CLASSE 1 \/ TYPE 1<\/div>\n<div><\/div>\n<div>CONSTRUCTION<\/div>\n<div>Fond : EPDM, noir, uni<\/div>\n<div>Renforcement : Renfort textile haute r\u00e9sistance et r\u00e9sistant \u00e0 la chaleur<\/div>\n<div>Dessus : EPDM, noir, capillaire perfor\u00e9<\/div>\n<div>\n<div class=\"video video-fit mb\" style=\"padding-top:56.25%;\"><p><iframe loading=\"lazy\" title=\"Confusion des mesures (pouces, doigts, brume, millim\u00e8tres)\" width=\"1020\" height=\"574\" src=\"https:\/\/www.youtube.com\/embed\/uKk6AG_AZls?feature=oembed\" frameborder=\"0\" allow=\"accelerometer; autoplay; clipboard-write; encrypted-media; gyroscope; picture-in-picture; web-share\" referrerpolicy=\"strict-origin-when-cross-origin\" allowfullscreen><\/iframe><\/p>\n<\/div>\n<div class=\"video video-fit mb\" style=\"padding-top:56.25%;\"><p>https:\/\/www.youtube.com\/watch?v=O8ZlzKEjfEQ%20<\/p>\n<\/div>\n<\/div>","protected":false},"excerpt":{"rendered":"<p>Tuyaux de vapeur en acier tress\u00e9 DOMAINES D'UTILISATION : Raffineries, chantiers navals, usines chimiques et sid\u00e9rurgiques, circuits de vapeur n\u00e9cessitant une pression et une chaleur \u00e9lev\u00e9es CERTIFICATS : Les tuyaux sont de marque TSE. CONTR\u00d4LE TS2149 CLASSE 1 \/ TYPE 1 Fond : EPDM, noir, uni Renforcement : Renfort textile \u00e0 haute r\u00e9sistance et r\u00e9sistant \u00e0 la chaleur Dessus : EPDM, noir, perfor\u00e9 par capillarit\u00e9<\/p>","protected":false},"featured_media":1723,"comment_status":"open","ping_status":"closed","template":"","meta":{"jetpack_post_was_ever_published":false},"product_brand":[],"product_cat":[154],"product_tag":[825,823,824,438],"class_list":{"0":"post-728","1":"product","2":"type-product","3":"status-publish","4":"has-post-thumbnail","6":"product_cat-buhar-hortumlari","7":"product_tag-buhar-devresi","8":"product_tag-celik-tel-orgulu-buhar-hortumlari","9":"product_tag-yuksek-basincli-buhar-hortumu","10":"product_tag-yuksek-sicaklik","12":"first","13":"instock","14":"taxable","15":"shipping-taxable","16":"product-type-variable"},"jetpack-related-posts":[],"jetpack_sharing_enabled":true,"jetpack_likes_enabled":true,"_links":{"self":[{"href":"https:\/\/tuzlahortum.com.tr\/fr\/wp-json\/wp\/v2\/product\/728","targetHints":{"allow":["GET"]}}],"collection":[{"href":"https:\/\/tuzlahortum.com.tr\/fr\/wp-json\/wp\/v2\/product"}],"about":[{"href":"https:\/\/tuzlahortum.com.tr\/fr\/wp-json\/wp\/v2\/types\/product"}],"replies":[{"embeddable":true,"href":"https:\/\/tuzlahortum.com.tr\/fr\/wp-json\/wp\/v2\/comments?post=728"}],"wp:featuredmedia":[{"embeddable":true,"href":"https:\/\/tuzlahortum.com.tr\/fr\/wp-json\/wp\/v2\/media\/1723"}],"wp:attachment":[{"href":"https:\/\/tuzlahortum.com.tr\/fr\/wp-json\/wp\/v2\/media?parent=728"}],"wp:term":[{"taxonomy":"product_brand","embeddable":true,"href":"https:\/\/tuzlahortum.com.tr\/fr\/wp-json\/wp\/v2\/product_brand?post=728"},{"taxonomy":"product_cat","embeddable":true,"href":"https:\/\/tuzlahortum.com.tr\/fr\/wp-json\/wp\/v2\/product_cat?post=728"},{"taxonomy":"product_tag","embeddable":true,"href":"https:\/\/tuzlahortum.com.tr\/fr\/wp-json\/wp\/v2\/product_tag?post=728"}],"curies":[{"name":"wp","href":"https:\/\/api.w.org\/{rel}","templated":true}]}}