{"id":727,"date":"2019-02-06T23:52:57","date_gmt":"2019-02-06T20:52:57","guid":{"rendered":"http:\/\/hortum.com.tr\/product\/import-placeholder-for-83\/"},"modified":"2024-03-21T17:43:25","modified_gmt":"2024-03-21T14:43:25","slug":"bezli-buhar-hortumlari","status":"publish","type":"product","link":"https:\/\/tuzlahortum.com.tr\/fr\/produit\/bezli-buhar-hortumlari\/","title":{"rendered":"Tuyaux Vapeur Habill\u00e9s"},"content":{"rendered":"<h2>Tuyaux Vapeur Habill\u00e9s<\/h2>\n<div>DOMAINES D&#039;UTILISATION\u00a0: Dans la construction, les chantiers navals, les machines et les circuits de vapeur, dans des processus tels que l&#039;\u00e9vacuation et le nettoyage<\/div>\n<div><\/div>\n<div>CERTIFICATS : Les flexibles sont de marque TSE. TS2149 CLASSE 1 \/ TYPE 1<\/div>\n<div><\/div>\n<div>CONSTRUCTION<\/div>\n<div>Fond : EPDM, noir, uni<\/div>\n<div>Renforcement : Cordon textile haute r\u00e9sistance<\/div>\n<div>Dessus : EPDM, noir, capillaire perfor\u00e9<\/div>\n<div>\n<div class=\"video video-fit mb\" style=\"padding-top:56.25%;\"><p><iframe loading=\"lazy\" title=\"Confusion des mesures (pouces, doigts, brume, millim\u00e8tres)\" width=\"1020\" height=\"574\" src=\"https:\/\/www.youtube.com\/embed\/uKk6AG_AZls?feature=oembed\" frameborder=\"0\" allow=\"accelerometer; autoplay; clipboard-write; encrypted-media; gyroscope; picture-in-picture; web-share\" referrerpolicy=\"strict-origin-when-cross-origin\" allowfullscreen><\/iframe><\/p>\n<\/div>\n<div class=\"video video-fit mb\" style=\"padding-top:56.25%;\"><p>https:\/\/www.youtube.com\/watch?v=O8ZlzKEjfEQ%20<\/p>\n<\/div>\n<\/div>","protected":false},"excerpt":{"rendered":"<p>Tuyaux \u00e0 vapeur en tissu DOMAINES D'UTILISATION : Construction, chantiers navals, machines et circuits de vapeur, dans des processus tels que l'\u00e9vacuation et le nettoyage CERTIFICATS : Les tuyaux sont de marque TSE. TS2149 CLASS 1 \/ TYPE 1 CONTRUCTION Fond : EPDM, noir, uni Renforcement : Tissu de cordes \u00e0 haute r\u00e9sistance Dessus : EPDM, noir, perfor\u00e9 par capillarit\u00e9<\/p>","protected":false},"featured_media":1694,"comment_status":"open","ping_status":"closed","template":"","meta":{"jetpack_post_was_ever_published":false},"product_brand":[],"product_cat":[154],"product_tag":[821,822],"class_list":{"0":"post-727","1":"product","2":"type-product","3":"status-publish","4":"has-post-thumbnail","6":"product_cat-buhar-hortumlari","7":"product_tag-bezli-buhar-hortumlari","8":"product_tag-tahliye-ve-temizlik-hortumlari","10":"first","11":"instock","12":"taxable","13":"shipping-taxable","14":"product-type-variable"},"jetpack-related-posts":[],"jetpack_sharing_enabled":true,"jetpack_likes_enabled":true,"_links":{"self":[{"href":"https:\/\/tuzlahortum.com.tr\/fr\/wp-json\/wp\/v2\/product\/727","targetHints":{"allow":["GET"]}}],"collection":[{"href":"https:\/\/tuzlahortum.com.tr\/fr\/wp-json\/wp\/v2\/product"}],"about":[{"href":"https:\/\/tuzlahortum.com.tr\/fr\/wp-json\/wp\/v2\/types\/product"}],"replies":[{"embeddable":true,"href":"https:\/\/tuzlahortum.com.tr\/fr\/wp-json\/wp\/v2\/comments?post=727"}],"wp:featuredmedia":[{"embeddable":true,"href":"https:\/\/tuzlahortum.com.tr\/fr\/wp-json\/wp\/v2\/media\/1694"}],"wp:attachment":[{"href":"https:\/\/tuzlahortum.com.tr\/fr\/wp-json\/wp\/v2\/media?parent=727"}],"wp:term":[{"taxonomy":"product_brand","embeddable":true,"href":"https:\/\/tuzlahortum.com.tr\/fr\/wp-json\/wp\/v2\/product_brand?post=727"},{"taxonomy":"product_cat","embeddable":true,"href":"https:\/\/tuzlahortum.com.tr\/fr\/wp-json\/wp\/v2\/product_cat?post=727"},{"taxonomy":"product_tag","embeddable":true,"href":"https:\/\/tuzlahortum.com.tr\/fr\/wp-json\/wp\/v2\/product_tag?post=727"}],"curies":[{"name":"wp","href":"https:\/\/api.w.org\/{rel}","templated":true}]}}