{"id":722,"date":"2019-02-06T23:52:56","date_gmt":"2019-02-06T20:52:56","guid":{"rendered":"http:\/\/hortum.com.tr\/product\/import-placeholder-for-78\/"},"modified":"2024-03-21T17:43:29","modified_gmt":"2024-03-21T14:43:29","slug":"akaryakit-verici-hortumlar","status":"publish","type":"product","link":"https:\/\/tuzlahortum.com.tr\/fr\/produit\/akaryakit-verici-hortumlar\/","title":{"rendered":"Tuyaux d&#039;alimentation en carburant"},"content":{"rendered":"<h2>Tuyaux d&#039;alimentation en carburant<\/h2>\n<div>DOMAINES D&#039;UTILISATION: Super essence, diesel, mazout et toutes sortes de travaux de distribution de carburant<\/div>\n<div><\/div>\n<div>CERTIFICATS : Les flexibles sont de marque TSE. TS3916 B TYPE 1<\/div>\n<div><\/div>\n<div>CONSTRUCTION<\/div>\n<div>Fond : NBR, noir, brillant, r\u00e9sistant \u00e0 l&#039;huile<\/div>\n<div>Renforcement\u00a0: tissu de cordon haute r\u00e9sistance, fil de cuivre conducteur<\/div>\n<div>Tige : CR, noire, brillante, bande imprim\u00e9e, r\u00e9sistante \u00e0 l&#039;abrasion et \u00e0 toutes les conditions climatiques<\/div>\n<div><\/div>\n<div>\n<div class=\"video video-fit mb\" style=\"padding-top:56.25%;\"><p><iframe loading=\"lazy\" title=\"Confusion des mesures (pouces, doigts, brume, millim\u00e8tres)\" width=\"1020\" height=\"574\" src=\"https:\/\/www.youtube.com\/embed\/uKk6AG_AZls?feature=oembed\" frameborder=\"0\" allow=\"accelerometer; autoplay; clipboard-write; encrypted-media; gyroscope; picture-in-picture; web-share\" referrerpolicy=\"strict-origin-when-cross-origin\" allowfullscreen><\/iframe><\/p>\n<\/div>\n<div class=\"video video-fit mb\" style=\"padding-top:56.25%;\"><p>https:\/\/www.youtube.com\/watch?v=O8ZlzKEjfEQ%20<\/p>\n<\/div>\n<\/div>","protected":false},"excerpt":{"rendered":"<p>Akaryak\u0131t Verici Hortumlar KULLANIM ALANLARI : S\u00fcper benzin, mazot, fuel-oil ve her nevi akaryak\u0131t da\u011f\u0131tma i\u015flerinde SERT\u0130F\u0130KALAR : Hortumlar TSE markal\u0131d\u0131r. TS3916 B T\u00dcR 1 KONTR\u00dcKS\u0130YON Alt : NBR, siyah, parlak, ya\u011fa dayan\u0131kl\u0131 Takviye : Y\u00fcksek mukavemetli kord bezi, iletken bak\u0131r tel \u00dcst : CR, siyah, parlak, bask\u0131l\u0131 \u015ferit, a\u015f\u0131nmaya ve her t\u00fcrl\u00fc iklim \u015fartlar\u0131na [&#8230;]\n","protected":false},"featured_media":1677,"comment_status":"open","ping_status":"closed","template":"","meta":{"jetpack_post_was_ever_published":false},"product_brand":[],"product_cat":[152],"product_tag":[231,232,234,243,233,241,236,237,242,246,245,235,244],"class_list":{"0":"post-722","1":"product","2":"type-product","3":"status-publish","4":"has-post-thumbnail","6":"product_cat-akaryakit-hortumlari","7":"product_tag-akaryakit-alici-hortum","8":"product_tag-akaryakit-alici-verici-hortum","9":"product_tag-akaryakit-basma","10":"product_tag-akaryakit-dagitma","11":"product_tag-akaryakit-emme","12":"product_tag-akaryakit-hortumu","13":"product_tag-akaryakit-nakil-hortumu","14":"product_tag-akaryakit-transfer-hortumu","15":"product_tag-akaryakit-verici-hortum","16":"product_tag-fuel-oil","17":"product_tag-mazot","18":"product_tag-rafineri-hortumu","19":"product_tag-super-benzin","21":"first","22":"instock","23":"taxable","24":"shipping-taxable","25":"product-type-variable"},"jetpack-related-posts":[],"jetpack_sharing_enabled":true,"jetpack_likes_enabled":true,"_links":{"self":[{"href":"https:\/\/tuzlahortum.com.tr\/fr\/wp-json\/wp\/v2\/product\/722","targetHints":{"allow":["GET"]}}],"collection":[{"href":"https:\/\/tuzlahortum.com.tr\/fr\/wp-json\/wp\/v2\/product"}],"about":[{"href":"https:\/\/tuzlahortum.com.tr\/fr\/wp-json\/wp\/v2\/types\/product"}],"replies":[{"embeddable":true,"href":"https:\/\/tuzlahortum.com.tr\/fr\/wp-json\/wp\/v2\/comments?post=722"}],"wp:featuredmedia":[{"embeddable":true,"href":"https:\/\/tuzlahortum.com.tr\/fr\/wp-json\/wp\/v2\/media\/1677"}],"wp:attachment":[{"href":"https:\/\/tuzlahortum.com.tr\/fr\/wp-json\/wp\/v2\/media?parent=722"}],"wp:term":[{"taxonomy":"product_brand","embeddable":true,"href":"https:\/\/tuzlahortum.com.tr\/fr\/wp-json\/wp\/v2\/product_brand?post=722"},{"taxonomy":"product_cat","embeddable":true,"href":"https:\/\/tuzlahortum.com.tr\/fr\/wp-json\/wp\/v2\/product_cat?post=722"},{"taxonomy":"product_tag","embeddable":true,"href":"https:\/\/tuzlahortum.com.tr\/fr\/wp-json\/wp\/v2\/product_tag?post=722"}],"curies":[{"name":"wp","href":"https:\/\/api.w.org\/{rel}","templated":true}]}}