{"id":721,"date":"2019-02-06T23:52:55","date_gmt":"2019-02-06T20:52:55","guid":{"rendered":"http:\/\/hortum.com.tr\/product\/import-placeholder-for-81\/"},"modified":"2024-03-21T17:43:30","modified_gmt":"2024-03-21T14:43:30","slug":"flansli-akaryakit-hortumlari-orta-tip","status":"publish","type":"product","link":"https:\/\/tuzlahortum.com.tr\/fr\/produit\/flansli-akaryakit-hortumlari-orta-tip\/","title":{"rendered":"Tuyaux de carburant \u00e0 bride (type moyen)"},"content":{"rendered":"<h2>Tuyaux de carburant \u00e0 bride (type moyen)<\/h2>\n<div>DOMAINES D&#039;UTILISATION: Il est utilis\u00e9 dans le remplissage et le d\u00e9chargement de produits p\u00e9troliers bruts et autres, et dans les travaux de connexion dans les camions-citernes et autres v\u00e9hicules. Les brides et le fil d&#039;acier sont connect\u00e9s au tuyau avec un syst\u00e8me sp\u00e9cial.<\/div>\n<div><\/div>\n<div>CERTIFICATS : Les flexibles sont de marque TSE. TS3916 UN TYPE 1<\/div>\n<div><\/div>\n<div>CONSTRUCTION<\/div>\n<div>Fond : NBR, noir, brides sp\u00e9cialement fusionn\u00e9es \u00e0 la couche inf\u00e9rieure,<\/div>\n<div>Renforcement : Tissu de corde, fil d&#039;acier spiral\u00e9, deux fils de cuivre tress\u00e9s en croix<\/div>\n<div>Tige : CR, noire, brillante, bande imprim\u00e9e, r\u00e9sistante \u00e0 l&#039;abrasion, au fioul, \u00e0 l&#039;eau de mer et \u00e0 toutes les conditions climatiques<\/div>\n<div><\/div>\n<div>\n<div class=\"video video-fit mb\" style=\"padding-top:56.25%;\"><p><iframe loading=\"lazy\" title=\"Confusion des mesures (pouces, doigts, brume, millim\u00e8tres)\" width=\"1020\" height=\"574\" src=\"https:\/\/www.youtube.com\/embed\/uKk6AG_AZls?feature=oembed\" frameborder=\"0\" allow=\"accelerometer; autoplay; clipboard-write; encrypted-media; gyroscope; picture-in-picture; web-share\" referrerpolicy=\"strict-origin-when-cross-origin\" allowfullscreen><\/iframe><\/p>\n<\/div>\n<div class=\"video video-fit mb\" style=\"padding-top:56.25%;\"><p>https:\/\/www.youtube.com\/watch?v=O8ZlzKEjfEQ%20<\/p>\n<\/div>\n<\/div>","protected":false},"excerpt":{"rendered":"<p>Flan\u015fl\u0131 Akaryak\u0131t Hortumlar\u0131 (Orta Tip) KULLANIM ALANLARI : Ham ve di\u011fer petrol \u00fcr\u00fcnlerinin dolum ve bo\u015falt\u0131m\u0131nda tanker ve di\u011fer ara\u00e7larda ba\u011flant\u0131 sa\u011flama i\u015flerinde kullan\u0131lmaktad\u0131r. Flan\u015flar ve \u00e7elik tel \u00f6zel bir sistemle hortuma ba\u011flanm\u0131\u015ft\u0131r. SERT\u0130F\u0130KALAR : Hortumlar TSE markal\u0131d\u0131r. TS3916 A T\u00dcR 1 KONTR\u00dcKS\u0130YON Alt : NBR, siyah, \u00f6zel bi\u00e7imde alt kata kayna\u015ft\u0131r\u0131lm\u0131\u015f flan\u015flar, Takviye : [&#8230;]\n","protected":false},"featured_media":1719,"comment_status":"open","ping_status":"closed","template":"","meta":{"jetpack_post_was_ever_published":false},"product_brand":[],"product_cat":[152],"product_tag":[231,232,234,233,236,237,238,813,240,235],"class_list":{"0":"post-721","1":"product","2":"type-product","3":"status-publish","4":"has-post-thumbnail","6":"product_cat-akaryakit-hortumlari","7":"product_tag-akaryakit-alici-hortum","8":"product_tag-akaryakit-alici-verici-hortum","9":"product_tag-akaryakit-basma","10":"product_tag-akaryakit-emme","11":"product_tag-akaryakit-nakil-hortumu","12":"product_tag-akaryakit-transfer-hortumu","13":"product_tag-flansli-akaryakit-hortumu","14":"product_tag-flansli-orta-tip-hortum","15":"product_tag-petrol-urunlerinin-dolum-ve-bosaltimi","16":"product_tag-rafineri-hortumu","18":"first","19":"instock","20":"taxable","21":"shipping-taxable","22":"product-type-variable"},"jetpack-related-posts":[],"jetpack_sharing_enabled":true,"jetpack_likes_enabled":true,"_links":{"self":[{"href":"https:\/\/tuzlahortum.com.tr\/fr\/wp-json\/wp\/v2\/product\/721","targetHints":{"allow":["GET"]}}],"collection":[{"href":"https:\/\/tuzlahortum.com.tr\/fr\/wp-json\/wp\/v2\/product"}],"about":[{"href":"https:\/\/tuzlahortum.com.tr\/fr\/wp-json\/wp\/v2\/types\/product"}],"replies":[{"embeddable":true,"href":"https:\/\/tuzlahortum.com.tr\/fr\/wp-json\/wp\/v2\/comments?post=721"}],"wp:featuredmedia":[{"embeddable":true,"href":"https:\/\/tuzlahortum.com.tr\/fr\/wp-json\/wp\/v2\/media\/1719"}],"wp:attachment":[{"href":"https:\/\/tuzlahortum.com.tr\/fr\/wp-json\/wp\/v2\/media?parent=721"}],"wp:term":[{"taxonomy":"product_brand","embeddable":true,"href":"https:\/\/tuzlahortum.com.tr\/fr\/wp-json\/wp\/v2\/product_brand?post=721"},{"taxonomy":"product_cat","embeddable":true,"href":"https:\/\/tuzlahortum.com.tr\/fr\/wp-json\/wp\/v2\/product_cat?post=721"},{"taxonomy":"product_tag","embeddable":true,"href":"https:\/\/tuzlahortum.com.tr\/fr\/wp-json\/wp\/v2\/product_tag?post=721"}],"curies":[{"name":"wp","href":"https:\/\/api.w.org\/{rel}","templated":true}]}}