{"id":717,"date":"2019-02-06T23:52:54","date_gmt":"2019-02-06T20:52:54","guid":{"rendered":"http:\/\/hortum.com.tr\/product\/import-placeholder-for-75\/"},"modified":"2024-03-21T17:43:33","modified_gmt":"2024-03-21T14:43:33","slug":"katlanabilir-silobas-hortumu","status":"publish","type":"product","link":"https:\/\/tuzlahortum.com.tr\/fr\/produit\/katlanabilir-silobas-hortumu\/","title":{"rendered":"Tuyau de camion pliable"},"content":{"rendered":"<h2>Tuyau de camion pliable<\/h2>\n<div>DOMAINES D&#039;UTILISATION : Transport pneumatique et hydraulique de mat\u00e9riaux fins, facilement transportables et abrasifs tels que le ciment, le sable<\/div>\n<div><\/div>\n<div>CONSTRUCTION<\/div>\n<div>Dessous : m\u00e9lange de caoutchouc synth\u00e9tique et naturel, r\u00e9sistant \u00e0 l&#039;abrasion, noir, uni<\/div>\n<div>Renforcement\u00a0: tissu de cordon haute r\u00e9sistance, fil de cuivre int\u00e9gr\u00e9<\/div>\n<div>Tige : SBR, noir, r\u00e9sistant \u00e0 l&#039;abrasion et aux intemp\u00e9ries<\/div>\n<div><\/div>\n<div>\n<div class=\"video video-fit mb\" style=\"padding-top:56.25%;\"><p><iframe loading=\"lazy\" title=\"Confusion des mesures (pouces, doigts, brume, millim\u00e8tres)\" width=\"1020\" height=\"574\" src=\"https:\/\/www.youtube.com\/embed\/uKk6AG_AZls?feature=oembed\" frameborder=\"0\" allow=\"accelerometer; autoplay; clipboard-write; encrypted-media; gyroscope; picture-in-picture; web-share\" referrerpolicy=\"strict-origin-when-cross-origin\" allowfullscreen><\/iframe><\/p>\n<\/div>\n<div class=\"video video-fit mb\" style=\"padding-top:56.25%;\"><p>https:\/\/www.youtube.com\/watch?v=O8ZlzKEjfEQ%20<\/p>\n<\/div>\n<\/div>","protected":false},"excerpt":{"rendered":"<p>Katlanabilir Silobas Hortumu KULLANIM ALANLARI : \u0130nce, kolay ta\u015f\u0131nabilir, \u00e7imento, kum gibi a\u015f\u0131nd\u0131r\u0131c\u0131 maddelerin pnomatik ve hidrolik naklinde KONTR\u00dcKS\u0130YON Alt : Sentetik ve do\u011fal kau\u00e7uk kar\u0131\u015f\u0131m\u0131, a\u015f\u0131nmaya dayan\u0131kl\u0131, siyah, d\u00fcz Takviye : Y\u00fcksek mukavemetli kord bezi, g\u00f6m\u00fcl\u00fc bak\u0131r tel \u00dcst : SBR, siyah, s\u00fcrt\u00fcnmeye ve iklim \u015fartlar\u0131na dayan\u0131kl\u0131<\/p>","protected":false},"featured_media":1692,"comment_status":"open","ping_status":"closed","template":"","meta":{"jetpack_post_was_ever_published":false},"product_brand":[],"product_cat":[153],"product_tag":[801,799,798,800,802],"class_list":{"0":"post-717","1":"product","2":"type-product","3":"status-publish","4":"has-post-thumbnail","6":"product_cat-beton-hortumlari","7":"product_tag-cimento","8":"product_tag-ince","9":"product_tag-katlanabilir-silobas-hortumu","10":"product_tag-kolay-tasinabilir","11":"product_tag-kum-gibi-asindirici-maddelerin-pnomatik-ve-hidrolik-naklinde","13":"first","14":"instock","15":"taxable","16":"shipping-taxable","17":"product-type-variable"},"jetpack-related-posts":[],"jetpack_sharing_enabled":true,"jetpack_likes_enabled":true,"_links":{"self":[{"href":"https:\/\/tuzlahortum.com.tr\/fr\/wp-json\/wp\/v2\/product\/717","targetHints":{"allow":["GET"]}}],"collection":[{"href":"https:\/\/tuzlahortum.com.tr\/fr\/wp-json\/wp\/v2\/product"}],"about":[{"href":"https:\/\/tuzlahortum.com.tr\/fr\/wp-json\/wp\/v2\/types\/product"}],"replies":[{"embeddable":true,"href":"https:\/\/tuzlahortum.com.tr\/fr\/wp-json\/wp\/v2\/comments?post=717"}],"wp:featuredmedia":[{"embeddable":true,"href":"https:\/\/tuzlahortum.com.tr\/fr\/wp-json\/wp\/v2\/media\/1692"}],"wp:attachment":[{"href":"https:\/\/tuzlahortum.com.tr\/fr\/wp-json\/wp\/v2\/media?parent=717"}],"wp:term":[{"taxonomy":"product_brand","embeddable":true,"href":"https:\/\/tuzlahortum.com.tr\/fr\/wp-json\/wp\/v2\/product_brand?post=717"},{"taxonomy":"product_cat","embeddable":true,"href":"https:\/\/tuzlahortum.com.tr\/fr\/wp-json\/wp\/v2\/product_cat?post=717"},{"taxonomy":"product_tag","embeddable":true,"href":"https:\/\/tuzlahortum.com.tr\/fr\/wp-json\/wp\/v2\/product_tag?post=717"}],"curies":[{"name":"wp","href":"https:\/\/api.w.org\/{rel}","templated":true}]}}