{"id":716,"date":"2019-02-06T23:52:54","date_gmt":"2019-02-06T20:52:54","guid":{"rendered":"http:\/\/hortum.com.tr\/product\/import-placeholder-for-60\/"},"modified":"2024-03-21T17:43:34","modified_gmt":"2024-03-21T14:43:34","slug":"sanayi-tipi-su-hortumlari","status":"publish","type":"product","link":"https:\/\/tuzlahortum.com.tr\/fr\/produit\/sanayi-tipi-su-hortumlari\/","title":{"rendered":"Tuyaux d&#039;eau industriels"},"content":{"rendered":"<h2>Tuyaux d&#039;eau industriels<\/h2>\n<div>DOMAINES D&#039;UTILISATION: Il peut \u00eatre utilis\u00e9 dans le transfert d&#039;eau chaude et dans tous les travaux qui attirent l&#039;\u0153il en raison de sa couleur.<\/div>\n<div><\/div>\n<div>CERTIFICATS : Les flexibles sont de marque TSE. TS2420 TYPE 2 EN ISO 1403<\/div>\n<div><\/div>\n<div>CONSTRUCTION<\/div>\n<div>Fond : SBR\/NR noir r\u00e9sistant \u00e0 l&#039;humidit\u00e9<\/div>\n<div>Renforcement : Cordon textile haute r\u00e9sistance<\/div>\n<div>Tige : SBR rouge, r\u00e9sistante \u00e0 toutes les intemp\u00e9ries et \u00e0 l&#039;abrasion<\/div>\n<div><\/div>\n<div><div class=\"video video-fit mb\" style=\"padding-top:56.25%;\"><p><iframe loading=\"lazy\" title=\"Confusion des mesures (pouces, doigts, brume, millim\u00e8tres)\" width=\"1020\" height=\"574\" src=\"https:\/\/www.youtube.com\/embed\/uKk6AG_AZls?feature=oembed\" frameborder=\"0\" allow=\"accelerometer; autoplay; clipboard-write; encrypted-media; gyroscope; picture-in-picture; web-share\" referrerpolicy=\"strict-origin-when-cross-origin\" allowfullscreen><\/iframe><\/p>\n<\/div><\/div>","protected":false},"excerpt":{"rendered":"<p>Tuyaux d'eau de type industriel DOMAINES D'UTILISATION : Il peut \u00eatre utilis\u00e9 dans le transfert d'eau chaude et dans tous les travaux qui attirent l'\u0153il par leur couleur. CERTIFICATS : Les tuyaux sont de marque TSE. TS2420 TYPE 2 EN ISO 1403 CONTRUCTION Fond : SBR\/NR noir r\u00e9sistant \u00e0 l'humidit\u00e9 Renforcement : Tissu cord\u00e9 \u00e0 haute r\u00e9sistance Dessus : SBR rouge, r\u00e9sistant \u00e0 toutes les conditions climatiques et \u00e0 l'abrasion<\/p>","protected":false},"featured_media":1674,"comment_status":"open","ping_status":"closed","template":"","meta":{"jetpack_post_was_ever_published":false},"product_brand":[],"product_cat":[163],"product_tag":[795,673,785,786,797,787,790,789,723,788,796,793,794,791,792,652],"class_list":{"0":"post-716","1":"product","2":"type-product","3":"status-publish","4":"has-post-thumbnail","6":"product_cat-su-hortumlari","7":"product_tag-bahce","8":"product_tag-basincli-su-hortumu","9":"product_tag-bezli-su-hortumlari","10":"product_tag-bezli-su-hortumu","11":"product_tag-insaat-hort","12":"product_tag-kaucuk-su-hortumu","13":"product_tag-kirmizi-su-hortumu","14":"product_tag-lastik-su-hortumu","15":"product_tag-sanayi","16":"product_tag-sargili-su-hortumu","17":"product_tag-spor-alanlari","18":"product_tag-su-basma-hortumu","19":"product_tag-su-bosaltma-hortumu","20":"product_tag-su-nakil","21":"product_tag-su-tahliye-hortumu","22":"product_tag-tarim","24":"first","25":"instock","26":"taxable","27":"shipping-taxable","28":"product-type-variable"},"jetpack-related-posts":[],"jetpack_sharing_enabled":true,"jetpack_likes_enabled":true,"_links":{"self":[{"href":"https:\/\/tuzlahortum.com.tr\/fr\/wp-json\/wp\/v2\/product\/716","targetHints":{"allow":["GET"]}}],"collection":[{"href":"https:\/\/tuzlahortum.com.tr\/fr\/wp-json\/wp\/v2\/product"}],"about":[{"href":"https:\/\/tuzlahortum.com.tr\/fr\/wp-json\/wp\/v2\/types\/product"}],"replies":[{"embeddable":true,"href":"https:\/\/tuzlahortum.com.tr\/fr\/wp-json\/wp\/v2\/comments?post=716"}],"wp:featuredmedia":[{"embeddable":true,"href":"https:\/\/tuzlahortum.com.tr\/fr\/wp-json\/wp\/v2\/media\/1674"}],"wp:attachment":[{"href":"https:\/\/tuzlahortum.com.tr\/fr\/wp-json\/wp\/v2\/media?parent=716"}],"wp:term":[{"taxonomy":"product_brand","embeddable":true,"href":"https:\/\/tuzlahortum.com.tr\/fr\/wp-json\/wp\/v2\/product_brand?post=716"},{"taxonomy":"product_cat","embeddable":true,"href":"https:\/\/tuzlahortum.com.tr\/fr\/wp-json\/wp\/v2\/product_cat?post=716"},{"taxonomy":"product_tag","embeddable":true,"href":"https:\/\/tuzlahortum.com.tr\/fr\/wp-json\/wp\/v2\/product_tag?post=716"}],"curies":[{"name":"wp","href":"https:\/\/api.w.org\/{rel}","templated":true}]}}