{"id":711,"date":"2019-02-06T23:52:52","date_gmt":"2019-02-06T20:52:52","guid":{"rendered":"http:\/\/hortum.com.tr\/product\/import-placeholder-for-59\/"},"modified":"2024-03-21T17:43:38","modified_gmt":"2024-03-21T14:43:38","slug":"kalorifer-hortumlari","status":"publish","type":"product","link":"https:\/\/tuzlahortum.com.tr\/fr\/produit\/kalorifer-hortumlari\/","title":{"rendered":"Tuyaux de chauffage"},"content":{"rendered":"<h2>Tuyaux de chauffage<\/h2>\n<div>DOMAINES D&#039;UTILISATION\u00a0: Il est utilis\u00e9 dans les syst\u00e8mes de refroidissement, de d\u00e9charge et de transport de substances telles que l&#039;eau chaude et le glycol.<\/div>\n<div><\/div>\n<div>CERTIFICATS : Les flexibles sont de marque TSE. TS 548 CLASSE B\/TYPE 2<\/div>\n<div><\/div>\n<div>CONSTRUCTION<\/div>\n<div>Fond : EPDM, noir, uni<\/div>\n<div>Renforcement : Cordon textile haute r\u00e9sistance<\/div>\n<div>Tige : EPDM uni, label imprim\u00e9, r\u00e9sistant aux frottements et \u00e0 toutes sortes de conditions climatiques<\/div>\n<div><\/div>\n<div><div class=\"video video-fit mb\" style=\"padding-top:56.25%;\"><p><iframe loading=\"lazy\" title=\"Confusion des mesures (pouces, doigts, brume, millim\u00e8tres)\" width=\"1020\" height=\"574\" src=\"https:\/\/www.youtube.com\/embed\/uKk6AG_AZls?feature=oembed\" frameborder=\"0\" allow=\"accelerometer; autoplay; clipboard-write; encrypted-media; gyroscope; picture-in-picture; web-share\" referrerpolicy=\"strict-origin-when-cross-origin\" allowfullscreen><\/iframe><\/p>\n<\/div><\/div>","protected":false},"excerpt":{"rendered":"<p>Tuyaux de chauffage DOMAINES D'UTILISATION : Il est utilis\u00e9 dans les syst\u00e8mes de refroidissement, d'\u00e9vacuation et de transport de mati\u00e8res telles que l'eau chaude et le glycol. CERTIFICATS : Les tuyaux sont de marque TSE. TS 548 CLASS B\/TIP 2 CONTRUCTION Fond : EPDM, noir, uni Renforcement : Tissu cord\u00e9 haute r\u00e9sistance Dessus : EPDM, uni, \u00e9tiquette imprim\u00e9e, r\u00e9sistant au frottement et \u00e0 toutes les conditions climatiques<\/p>","protected":false},"featured_media":1720,"comment_status":"open","ping_status":"closed","template":"","meta":{"jetpack_post_was_ever_published":false},"product_brand":[],"product_cat":[163],"product_tag":[756,757,765,763,760,754,761,762,764,755,758,759],"class_list":{"0":"post-711","1":"product","2":"type-product","3":"status-publish","4":"has-post-thumbnail","6":"product_cat-su-hortumlari","7":"product_tag-araba-hortumlari","8":"product_tag-araba-kalorifer-hortumlari","9":"product_tag-glikol-t","10":"product_tag-glikol-tahliye-hortumu","11":"product_tag-isitma-hortumu","12":"product_tag-kalorifer-hortumlari","13":"product_tag-sicak-su-hortumu","14":"product_tag-sicak-su-tahliye-hortumu","15":"product_tag-sicak-su-tasima-hortumu","16":"product_tag-sogutma-hortumlari","17":"product_tag-traktor-hortumlari","18":"product_tag-traktor-kalorifer-hortumlari","20":"first","21":"instock","22":"taxable","23":"shipping-taxable","24":"product-type-variable"},"jetpack-related-posts":[],"jetpack_sharing_enabled":true,"jetpack_likes_enabled":true,"_links":{"self":[{"href":"https:\/\/tuzlahortum.com.tr\/fr\/wp-json\/wp\/v2\/product\/711","targetHints":{"allow":["GET"]}}],"collection":[{"href":"https:\/\/tuzlahortum.com.tr\/fr\/wp-json\/wp\/v2\/product"}],"about":[{"href":"https:\/\/tuzlahortum.com.tr\/fr\/wp-json\/wp\/v2\/types\/product"}],"replies":[{"embeddable":true,"href":"https:\/\/tuzlahortum.com.tr\/fr\/wp-json\/wp\/v2\/comments?post=711"}],"wp:featuredmedia":[{"embeddable":true,"href":"https:\/\/tuzlahortum.com.tr\/fr\/wp-json\/wp\/v2\/media\/1720"}],"wp:attachment":[{"href":"https:\/\/tuzlahortum.com.tr\/fr\/wp-json\/wp\/v2\/media?parent=711"}],"wp:term":[{"taxonomy":"product_brand","embeddable":true,"href":"https:\/\/tuzlahortum.com.tr\/fr\/wp-json\/wp\/v2\/product_brand?post=711"},{"taxonomy":"product_cat","embeddable":true,"href":"https:\/\/tuzlahortum.com.tr\/fr\/wp-json\/wp\/v2\/product_cat?post=711"},{"taxonomy":"product_tag","embeddable":true,"href":"https:\/\/tuzlahortum.com.tr\/fr\/wp-json\/wp\/v2\/product_tag?post=711"}],"curies":[{"name":"wp","href":"https:\/\/api.w.org\/{rel}","templated":true}]}}