{"id":7104,"date":"2019-03-08T10:01:50","date_gmt":"2019-03-08T07:01:50","guid":{"rendered":"http:\/\/hortum.com.tr\/?post_type=product&#038;p=7104"},"modified":"2024-03-21T17:39:01","modified_gmt":"2024-03-21T14:39:01","slug":"ptfe-duz-teflon-hortum","status":"publish","type":"product","link":"https:\/\/tuzlahortum.com.tr\/fr\/produit\/ptfe-duz-teflon-hortum\/","title":{"rendered":"Tuyau droit en t\u00e9flon PTFE"},"content":{"rendered":"<h2>Tuyau droit en t\u00e9flon PTFE<\/h2>\n<p><strong>CARACT\u00c9RISTIQUES G\u00c9N\u00c9RALES<\/strong><\/p>\n<ol>\n<li>T\u00e9flon (PTFE), bobin\u00e9, haute r\u00e9sistance m\u00e9canique, di\u00e9lectrique et r\u00e9sistant au feu<\/li>\n<li>Il est utilis\u00e9 dans les compresseurs, le gaz, la vapeur, l&#039;eau, l&#039;air, le fioul, la chimie, l&#039;agroalimentaire, l&#039;industrie pharmaceutique, les solvants, les pigments et les lignes de transfert de peinture.<\/li>\n<li style=\"font-weight: 400;\">Plage de temp\u00e9rature : -40\u00b0C \u00e0 260\u00b0C<\/li>\n<\/ol>\n<div class=\"video video-fit mb\" style=\"padding-top:56.25%;\"><p><iframe loading=\"lazy\" title=\"Confusion des mesures (pouces, doigts, brume, millim\u00e8tres)\" width=\"1020\" height=\"574\" src=\"https:\/\/www.youtube.com\/embed\/uKk6AG_AZls?feature=oembed\" frameborder=\"0\" allow=\"accelerometer; autoplay; clipboard-write; encrypted-media; gyroscope; picture-in-picture; web-share\" referrerpolicy=\"strict-origin-when-cross-origin\" allowfullscreen><\/iframe><\/p>\n<\/div>","protected":false},"excerpt":{"rendered":"<p>Tuyau droit en t\u00e9flon PTFE CARACT\u00c9RISTIQUES G\u00c9N\u00c9RALES T\u00e9flon (PTFE), envelopp\u00e9, haute r\u00e9sistance m\u00e9canique, di\u00e9lectrique et r\u00e9sistant au feu Dans les compresseurs, le gaz, la vapeur, l&#039;eau, l&#039;air, le fioul, les industries chimiques, alimentaires, pharmaceutiques, les solvants, les pigments et le transfert de peinture les lignes sont utilis\u00e9es. Plage de temp\u00e9rature : -40\u00b0C \u00e0 260\u00b0C<\/p>","protected":false},"featured_media":7114,"comment_status":"open","ping_status":"closed","template":"","meta":{"jetpack_post_was_ever_published":false},"product_brand":[],"product_cat":[88],"product_tag":[2104,689,681,683,676,669,338,402,424,290,685,684,682,679,687,2107,2106,686,555,677],"class_list":{"0":"post-7104","1":"product","2":"type-product","3":"status-publish","4":"has-post-thumbnail","6":"product_cat-hidrolik-hortumlar","7":"product_tag-40c","8":"product_tag-260c","9":"product_tag-atese-dayanikli","10":"product_tag-buhar","11":"product_tag-duz","12":"product_tag-fuel-oil-2","13":"product_tag-gaz","14":"product_tag-gida","15":"product_tag-hava","16":"product_tag-hortum","17":"product_tag-ilac-endustrisinde","18":"product_tag-kimya","19":"product_tag-kompresorlerde","20":"product_tag-mekanik-direncli","21":"product_tag-pigmentlerde","22":"product_tag-ptfe","23":"product_tag-ptfe-duz-teflon-hortum","24":"product_tag-solventlerde","25":"product_tag-su","26":"product_tag-teflon","28":"first","29":"instock","30":"featured","31":"taxable","32":"shipping-taxable","33":"product-type-variable"},"jetpack-related-posts":[],"jetpack_sharing_enabled":true,"jetpack_likes_enabled":true,"_links":{"self":[{"href":"https:\/\/tuzlahortum.com.tr\/fr\/wp-json\/wp\/v2\/product\/7104","targetHints":{"allow":["GET"]}}],"collection":[{"href":"https:\/\/tuzlahortum.com.tr\/fr\/wp-json\/wp\/v2\/product"}],"about":[{"href":"https:\/\/tuzlahortum.com.tr\/fr\/wp-json\/wp\/v2\/types\/product"}],"replies":[{"embeddable":true,"href":"https:\/\/tuzlahortum.com.tr\/fr\/wp-json\/wp\/v2\/comments?post=7104"}],"wp:featuredmedia":[{"embeddable":true,"href":"https:\/\/tuzlahortum.com.tr\/fr\/wp-json\/wp\/v2\/media\/7114"}],"wp:attachment":[{"href":"https:\/\/tuzlahortum.com.tr\/fr\/wp-json\/wp\/v2\/media?parent=7104"}],"wp:term":[{"taxonomy":"product_brand","embeddable":true,"href":"https:\/\/tuzlahortum.com.tr\/fr\/wp-json\/wp\/v2\/product_brand?post=7104"},{"taxonomy":"product_cat","embeddable":true,"href":"https:\/\/tuzlahortum.com.tr\/fr\/wp-json\/wp\/v2\/product_cat?post=7104"},{"taxonomy":"product_tag","embeddable":true,"href":"https:\/\/tuzlahortum.com.tr\/fr\/wp-json\/wp\/v2\/product_tag?post=7104"}],"curies":[{"name":"wp","href":"https:\/\/api.w.org\/{rel}","templated":true}]}}