{"id":703,"date":"2019-02-06T23:52:50","date_gmt":"2019-02-06T20:52:50","guid":{"rendered":"http:\/\/hortum.com.tr\/product\/import-placeholder-for-161\/"},"modified":"2024-03-21T17:43:45","modified_gmt":"2024-03-21T14:43:45","slug":"d-tipi-aluminyum-kamlok","status":"publish","type":"product","link":"https:\/\/tuzlahortum.com.tr\/fr\/produit\/d-tipi-aluminyum-kamlok\/","title":{"rendered":"Serrure \u00e0 came en aluminium de type D"},"content":{"rendered":"<h2>Serrure \u00e0 came en aluminium de type D<\/h2>\n<p>https:\/\/www.youtube.com\/watch?v=reOpL0l36s0<\/p>\n<p><iframe loading=\"lazy\" title=\"Types de Camlock, domaines d&#039;utilisation, pi\u00e8ces de rechange\" width=\"1020\" height=\"574\" src=\"https:\/\/www.youtube.com\/embed\/O8ZlzKEjfEQ?feature=oembed\" frameborder=\"0\" allow=\"accelerometer; autoplay; clipboard-write; encrypted-media; gyroscope; picture-in-picture; web-share\" referrerpolicy=\"strict-origin-when-cross-origin\" allowfullscreen><\/iframe><\/p>\n<p>&nbsp;<\/p>\n<p>&nbsp;<\/p>\n<p>&nbsp;<\/p>\n<p>&nbsp;<\/p>","protected":false},"excerpt":{"rendered":"<p>D Tipi Al\u00fcminyum Kamlok https:\/\/www.youtube.com\/watch?v=reOpL0l36s0 &nbsp; &nbsp; &nbsp; &nbsp;<\/p>","protected":false},"featured_media":8205,"comment_status":"open","ping_status":"closed","template":"","meta":[],"product_brand":[],"product_cat":[102],"product_tag":[251,271,317,748,278,270,269,277,274,276,275],"class_list":{"0":"post-703","1":"product","2":"type-product","3":"status-publish","4":"has-post-thumbnail","6":"product_cat-aluminyum-kamloklar","7":"product_tag-aluminyum","8":"product_tag-baglanti-elemani","9":"product_tag-d-tipi","10":"product_tag-d-tipi-aluminyum","11":"product_tag-hizli-baglanti","12":"product_tag-hortum-baglantisi","13":"product_tag-kamlok","14":"product_tag-kolay-baglanti","15":"product_tag-sok","16":"product_tag-sok-tak","17":"product_tag-tak","19":"first","20":"instock","21":"taxable","22":"shipping-taxable","23":"product-type-variable"},"jetpack-related-posts":[{"id":528,"url":"https:\/\/tuzlahortum.com.tr\/fr\/produit\/a-tipi-aluminyum-kamlok\/","url_meta":{"origin":703,"position":0},"title":"raccord camlock en aluminium de type A","author":"admin","date":"6 f\u00e9vrier 2019","format":false,"excerpt":"A Tipi Al\u00fcminyum Kamlokhttps:\/\/www.youtube.com\/watch?v=reOpL0l36s0 https:\/\/www.youtube.com\/watch?v=O8ZlzKEjfEQ","rel":"","context":"Article similaire","block_context":{"text":"Article similaire","link":""},"img":{"alt_text":"","src":"https:\/\/i0.wp.com\/tuzlahortum.com.tr\/wp-content\/uploads\/2019\/03\/Type-A-Aluminium.jpg?fit=700%2C500&ssl=1&resize=350%2C200","width":350,"height":200,"srcset":"https:\/\/i0.wp.com\/tuzlahortum.com.tr\/wp-content\/uploads\/2019\/03\/Type-A-Aluminium.jpg?fit=700%2C500&ssl=1&resize=350%2C200 1x, https:\/\/i0.wp.com\/tuzlahortum.com.tr\/wp-content\/uploads\/2019\/03\/Type-A-Aluminium.jpg?fit=700%2C500&ssl=1&resize=525%2C300 1.5x, https:\/\/i0.wp.com\/tuzlahortum.com.tr\/wp-content\/uploads\/2019\/03\/Type-A-Aluminium.jpg?fit=700%2C500&ssl=1&resize=700%2C400 2x"},"classes":[]},{"id":533,"url":"https:\/\/tuzlahortum.com.tr\/fr\/produit\/reduksiyon-a-tipi-aluminyum-kamlok\/","url_meta":{"origin":703,"position":1},"title":"Serrure \u00e0 came en aluminium de type A \u00e0 r\u00e9duction","author":"admin","date":"6 f\u00e9vrier 2019","format":false,"excerpt":"Red\u00fcksiyon A Tipi Al\u00fcminyum Kamlokhttps:\/\/www.youtube.com\/watch?v=reOpL0l36s0 https:\/\/www.youtube.com\/watch?v=O8ZlzKEjfEQ","rel":"","context":"Article similaire","block_context":{"text":"Article similaire","link":""},"img":{"alt_text":"","src":"https:\/\/i0.wp.com\/tuzlahortum.com.tr\/wp-content\/uploads\/2019\/03\/Ozel-A-Tipi-Kamlok.jpg?fit=700%2C500&ssl=1&resize=350%2C200","width":350,"height":200,"srcset":"https:\/\/i0.wp.com\/tuzlahortum.com.tr\/wp-content\/uploads\/2019\/03\/Ozel-A-Tipi-Kamlok.jpg?fit=700%2C500&ssl=1&resize=350%2C200 1x, https:\/\/i0.wp.com\/tuzlahortum.com.tr\/wp-content\/uploads\/2019\/03\/Ozel-A-Tipi-Kamlok.jpg?fit=700%2C500&ssl=1&resize=525%2C300 1.5x, https:\/\/i0.wp.com\/tuzlahortum.com.tr\/wp-content\/uploads\/2019\/03\/Ozel-A-Tipi-Kamlok.jpg?fit=700%2C500&ssl=1&resize=700%2C400 2x"},"classes":[]},{"id":529,"url":"https:\/\/tuzlahortum.com.tr\/fr\/produit\/e-tipi-aluminyum-kamlok\/","url_meta":{"origin":703,"position":2},"title":"Serrure \u00e0 came en aluminium de type E","author":"admin","date":"6 f\u00e9vrier 2019","format":false,"excerpt":"E Tipi Al\u00fcminyum Kamlokhttps:\/\/www.youtube.com\/watch?v=reOpL0l36s0 https:\/\/www.youtube.com\/watch?v=O8ZlzKEjfEQ \u00a0 \u00a0 \u00a0 \u00a0","rel":"","context":"Article similaire","block_context":{"text":"Article similaire","link":""},"img":{"alt_text":"","src":"https:\/\/i0.wp.com\/tuzlahortum.com.tr\/wp-content\/uploads\/2019\/03\/Type-E-Aluminium-Coupling.jpg?fit=700%2C500&ssl=1&resize=350%2C200","width":350,"height":200,"srcset":"https:\/\/i0.wp.com\/tuzlahortum.com.tr\/wp-content\/uploads\/2019\/03\/Type-E-Aluminium-Coupling.jpg?fit=700%2C500&ssl=1&resize=350%2C200 1x, https:\/\/i0.wp.com\/tuzlahortum.com.tr\/wp-content\/uploads\/2019\/03\/Type-E-Aluminium-Coupling.jpg?fit=700%2C500&ssl=1&resize=525%2C300 1.5x, https:\/\/i0.wp.com\/tuzlahortum.com.tr\/wp-content\/uploads\/2019\/03\/Type-E-Aluminium-Coupling.jpg?fit=700%2C500&ssl=1&resize=700%2C400 2x"},"classes":[]},{"id":530,"url":"https:\/\/tuzlahortum.com.tr\/fr\/produit\/f-tipi-aluminyum-kamlok\/","url_meta":{"origin":703,"position":3},"title":"Serrure \u00e0 came en aluminium de type F","author":"admin","date":"6 f\u00e9vrier 2019","format":false,"excerpt":"F Tipi Al\u00fcminyum Kamlokhttps:\/\/www.youtube.com\/watch?v=reOpL0l36s0 https:\/\/www.youtube.com\/watch?v=O8ZlzKEjfEQ \u00a0 \u00a0 \u00a0 \u00a0 \u00a0 \u00a0","rel":"","context":"Article similaire","block_context":{"text":"Article similaire","link":""},"img":{"alt_text":"","src":"https:\/\/i0.wp.com\/tuzlahortum.com.tr\/wp-content\/uploads\/2019\/03\/Type-F-Aluminium-Coupling.jpg?fit=700%2C500&ssl=1&resize=350%2C200","width":350,"height":200,"srcset":"https:\/\/i0.wp.com\/tuzlahortum.com.tr\/wp-content\/uploads\/2019\/03\/Type-F-Aluminium-Coupling.jpg?fit=700%2C500&ssl=1&resize=350%2C200 1x, https:\/\/i0.wp.com\/tuzlahortum.com.tr\/wp-content\/uploads\/2019\/03\/Type-F-Aluminium-Coupling.jpg?fit=700%2C500&ssl=1&resize=525%2C300 1.5x, https:\/\/i0.wp.com\/tuzlahortum.com.tr\/wp-content\/uploads\/2019\/03\/Type-F-Aluminium-Coupling.jpg?fit=700%2C500&ssl=1&resize=700%2C400 2x"},"classes":[]},{"id":531,"url":"https:\/\/tuzlahortum.com.tr\/fr\/produit\/h-tipi-aluminyum-kamlok\/","url_meta":{"origin":703,"position":4},"title":"Serrure \u00e0 came en aluminium de type H","author":"admin","date":"6 f\u00e9vrier 2019","format":false,"excerpt":"H Tipi Al\u00fcminyum Kamlokhttps:\/\/www.youtube.com\/watch?v=reOpL0l36s0 https:\/\/www.youtube.com\/watch?v=O8ZlzKEjfEQ \u00a0 \u00a0 \u00a0 \u00a0 \u00a0","rel":"","context":"Article similaire","block_context":{"text":"Article similaire","link":""},"img":{"alt_text":"","src":"https:\/\/i0.wp.com\/tuzlahortum.com.tr\/wp-content\/uploads\/2019\/03\/Type-H-Aluminium-Coupling.jpg?fit=700%2C500&ssl=1&resize=350%2C200","width":350,"height":200,"srcset":"https:\/\/i0.wp.com\/tuzlahortum.com.tr\/wp-content\/uploads\/2019\/03\/Type-H-Aluminium-Coupling.jpg?fit=700%2C500&ssl=1&resize=350%2C200 1x, https:\/\/i0.wp.com\/tuzlahortum.com.tr\/wp-content\/uploads\/2019\/03\/Type-H-Aluminium-Coupling.jpg?fit=700%2C500&ssl=1&resize=525%2C300 1.5x, https:\/\/i0.wp.com\/tuzlahortum.com.tr\/wp-content\/uploads\/2019\/03\/Type-H-Aluminium-Coupling.jpg?fit=700%2C500&ssl=1&resize=700%2C400 2x"},"classes":[]},{"id":701,"url":"https:\/\/tuzlahortum.com.tr\/fr\/produit\/b-tipi-aluminyum-kamlok\/","url_meta":{"origin":703,"position":5},"title":"Serrure \u00e0 came en aluminium de type B","author":"admin","date":"6 f\u00e9vrier 2019","format":false,"excerpt":"B Tipi Al\u00fcminyum Kamlokhttps:\/\/www.youtube.com\/watch?v=reOpL0l36s0 https:\/\/www.youtube.com\/watch?v=O8ZlzKEjfEQ","rel":"","context":"Article similaire","block_context":{"text":"Article similaire","link":""},"img":{"alt_text":"","src":"https:\/\/i0.wp.com\/tuzlahortum.com.tr\/wp-content\/uploads\/2019\/03\/Type-B-Aluminium.jpg?fit=700%2C500&ssl=1&resize=350%2C200","width":350,"height":200,"srcset":"https:\/\/i0.wp.com\/tuzlahortum.com.tr\/wp-content\/uploads\/2019\/03\/Type-B-Aluminium.jpg?fit=700%2C500&ssl=1&resize=350%2C200 1x, https:\/\/i0.wp.com\/tuzlahortum.com.tr\/wp-content\/uploads\/2019\/03\/Type-B-Aluminium.jpg?fit=700%2C500&ssl=1&resize=525%2C300 1.5x, https:\/\/i0.wp.com\/tuzlahortum.com.tr\/wp-content\/uploads\/2019\/03\/Type-B-Aluminium.jpg?fit=700%2C500&ssl=1&resize=700%2C400 2x"},"classes":[]}],"jetpack_sharing_enabled":true,"jetpack_likes_enabled":true,"_links":{"self":[{"href":"https:\/\/tuzlahortum.com.tr\/fr\/wp-json\/wp\/v2\/product\/703","targetHints":{"allow":["GET"]}}],"collection":[{"href":"https:\/\/tuzlahortum.com.tr\/fr\/wp-json\/wp\/v2\/product"}],"about":[{"href":"https:\/\/tuzlahortum.com.tr\/fr\/wp-json\/wp\/v2\/types\/product"}],"replies":[{"embeddable":true,"href":"https:\/\/tuzlahortum.com.tr\/fr\/wp-json\/wp\/v2\/comments?post=703"}],"wp:featuredmedia":[{"embeddable":true,"href":"https:\/\/tuzlahortum.com.tr\/fr\/wp-json\/wp\/v2\/media\/8205"}],"wp:attachment":[{"href":"https:\/\/tuzlahortum.com.tr\/fr\/wp-json\/wp\/v2\/media?parent=703"}],"wp:term":[{"taxonomy":"product_brand","embeddable":true,"href":"https:\/\/tuzlahortum.com.tr\/fr\/wp-json\/wp\/v2\/product_brand?post=703"},{"taxonomy":"product_cat","embeddable":true,"href":"https:\/\/tuzlahortum.com.tr\/fr\/wp-json\/wp\/v2\/product_cat?post=703"},{"taxonomy":"product_tag","embeddable":true,"href":"https:\/\/tuzlahortum.com.tr\/fr\/wp-json\/wp\/v2\/product_tag?post=703"}],"curies":[{"name":"wp","href":"https:\/\/api.w.org\/{rel}","templated":true}]}}