{"id":692,"date":"2019-02-06T23:52:30","date_gmt":"2019-02-06T20:52:30","guid":{"rendered":"http:\/\/hortum.com.tr\/product\/import-placeholder-for-611\/"},"modified":"2024-03-21T17:43:50","modified_gmt":"2024-03-21T14:43:50","slug":"pulverizator-ilaclama-hortumu","status":"publish","type":"product","link":"https:\/\/tuzlahortum.com.tr\/fr\/produit\/pulverizator-ilaclama-hortumu\/","title":{"rendered":"Tuyau de pulv\u00e9risation de pulv\u00e9risateur"},"content":{"rendered":"<h2>Tuyau de pulv\u00e9risation de pulv\u00e9risateur<\/h2>\n<p><span class=\"footer_baslik\">Traits :<\/span><\/p>\n<p><span class=\"haberlink\">\u2022 Il est fabriqu\u00e9 en PVC de 1\u00e8re classe. <\/span><\/p>\n<p><span class=\"haberlink\">\u2022 Il est tr\u00e8s r\u00e9sistant \u00e0 la traction et \u00e0 l&#039;\u00e9tirement. <\/span><\/p>\n<p><span class=\"haberlink\">\u2022 R\u00e9siste \u00e0 des temp\u00e9ratures comprises entre -20\u00b0C et +60\u00b0C.<\/span><\/p>\n<p>Domaines d&#039;utilisation :<\/p>\n<p><span class=\"haberlink\">\u2022 Il est utilis\u00e9 dans l&#039;industrie agricole, les travaux de pulv\u00e9risation \u00e0 haute pression.<\/span><\/p>\n<p>&nbsp;<\/p>\n<div class=\"video video-fit mb\" style=\"padding-top:56.25%;\"><p><iframe loading=\"lazy\" title=\"Confusion des mesures (pouces, doigts, brume, millim\u00e8tres)\" width=\"1020\" height=\"574\" src=\"https:\/\/www.youtube.com\/embed\/uKk6AG_AZls?feature=oembed\" frameborder=\"0\" allow=\"accelerometer; autoplay; clipboard-write; encrypted-media; gyroscope; picture-in-picture; web-share\" referrerpolicy=\"strict-origin-when-cross-origin\" allowfullscreen><\/iframe><\/p>\n<\/div>","protected":false},"excerpt":{"rendered":"<p>Pulverizat\u00f6r \u0130la\u00e7lama Hortumu \u00d6zellikler : \u2022 1. S\u0131n\u0131f PVC\u2019 den imal edilmi\u015ftir. \u2022 \u00c7ekmeye ve gerilmeye kar\u015f\u0131 y\u00fcksek derecede dayan\u0131kl\u0131d\u0131r. \u2022 -20\u00b0C ile +60\u00b0C aras\u0131nda s\u0131cakl\u0131\u011fa dayan\u0131kl\u0131d\u0131r. Kullan\u0131m Alanlar\u0131 : \u2022 Tar\u0131m sanayinde, y\u00fcksek bas\u0131n\u00e7l\u0131 ila\u00e7lama i\u015flerinde kullan\u0131l\u0131r. &nbsp;<\/p>","protected":false},"featured_media":1527,"comment_status":"open","ping_status":"closed","template":"","meta":{"jetpack_post_was_ever_published":false},"product_brand":[],"product_cat":[158],"product_tag":[720,719,721,718,722,723,652],"class_list":{"0":"post-692","1":"product","2":"type-product","3":"status-publish","4":"has-post-thumbnail","6":"product_cat-ilaclama-hortumlari","7":"product_tag-hortumu","8":"product_tag-ilaclama","9":"product_tag-ilaclama-hortumu","10":"product_tag-pulverizator","11":"product_tag-pulverizator-hortumu","12":"product_tag-sanayi","13":"product_tag-tarim","15":"first","16":"instock","17":"featured","18":"taxable","19":"shipping-taxable","20":"product-type-variable"},"jetpack-related-posts":[{"id":12652,"url":"https:\/\/tuzlahortum.com.tr\/fr\/produit\/flow-90-bar-pulverizator-hortumu\/","url_meta":{"origin":692,"position":0},"title":"Tuyau de pulv\u00e9risation \u00e0 d\u00e9bit 90 bars","author":"admin","date":"5 septembre 2023","format":false,"excerpt":"Flow 90 Bar Pulverizat\u00f6r Hortumu\u00d6zellikler Polyester iplik takviyeli y\u00fcksek mukavemetli PVC malzemeye sahip. A\u015f\u0131nmaya ve hert\u00fcrl\u00fc hava \u015fartlar\u0131na dayan\u0131kl\u0131 \u00f6zel kar\u0131\u015f\u0131m. \u00c7ekmeye ve gerilmeye kar\u015f\u0131 y\u00fcksek derecede dayan\u0131kl\u0131d\u0131r. Kullan\u0131m Alanlar\u0131 Tar\u0131m i\u015flerinde y\u00fcksek bas\u0131n\u00e7l\u0131 ila\u00e7lama i\u015flerinde kullan\u0131l\u0131r","rel":"","context":"Article similaire","block_context":{"text":"Article similaire","link":""},"img":{"alt_text":"","src":"https:\/\/i0.wp.com\/tuzlahortum.com.tr\/wp-content\/uploads\/2023\/09\/pulverizator_hortum.jpg?fit=519%2C365&ssl=1&resize=350%2C200","width":350,"height":200},"classes":[]},{"id":21049,"url":"https:\/\/tuzlahortum.com.tr\/fr\/produit\/armadillo4sh-2\/","url_meta":{"origin":692,"position":1},"title":"ARMADILLO\u00ae4SH+","author":"admin","date":"11 ao\u00fbt 2025","format":false,"excerpt":"\u00a0 \u00dcr\u00fcn Ad\u0131: ARMADILLO 4SH+ \u00dcr\u00fcn Kodu: AD-4SH3P2 Standart: EN 856 4SH \u00dcst\u00fcn Y\u00fcksek A\u015f\u0131nmaya Dayan\u0131kl\u0131 Kaplama, 4 Kat \u00c7elik Tel Spiral, EN 856 4SH \u00dczeri Kullanim Alan\u0131 : Y\u00fcksek tepe bas\u0131n\u00e7lar\u0131na ve zorlu \u00e7al\u0131\u015fma ko\u015fullar\u0131na sahip hidrolik sistemler i\u00e7in. Alt Katman : Mineral, ester bazl\u0131 ya\u011f, bitkisel ve glikol\u2026","rel":"","context":"Article similaire","block_context":{"text":"Article similaire","link":""},"img":{"alt_text":"","src":"https:\/\/i0.wp.com\/tuzlahortum.com.tr\/wp-content\/uploads\/2025\/08\/HYD_94-1.png?fit=585%2C585&ssl=1&resize=350%2C200","width":350,"height":200,"srcset":"https:\/\/i0.wp.com\/tuzlahortum.com.tr\/wp-content\/uploads\/2025\/08\/HYD_94-1.png?fit=585%2C585&ssl=1&resize=350%2C200 1x, https:\/\/i0.wp.com\/tuzlahortum.com.tr\/wp-content\/uploads\/2025\/08\/HYD_94-1.png?fit=585%2C585&ssl=1&resize=525%2C300 1.5x"},"classes":[]},{"id":21031,"url":"https:\/\/tuzlahortum.com.tr\/fr\/produit\/tornado-6\/","url_meta":{"origin":692,"position":2},"title":"TORNADO\/6","author":"admin","date":"11 ao\u00fbt 2025","format":false,"excerpt":"\u00a0 \u00dcr\u00fcn Ad\u0131: TORNADO+6 \u00dcr\u00fcn Kodu: TOR-HWS39T Standart: ISO 18752-CC \u00dcst\u00fcn 6 Kat Y\u00fcksek Mukavemetli \u00c7elik Spiral Kullanim Alan\u0131 : Y\u00fcksek tepe bas\u0131nc\u0131na ve zorlu \u00e7al\u0131\u015fma ko\u015fullar\u0131na sahip hidrolik sistemler i\u00e7in, a\u00e7\u0131k deniz, sondaj, madencilik vb. alanlarda kullan\u0131l\u0131r. Alt Katman : Mineral, Ester, Bitkisel ve Glikol Bazl\u0131 Hidrolik Ya\u011flara Dayan\u0131kl\u0131\u2026","rel":"","context":"Article similaire","block_context":{"text":"Article similaire","link":""},"img":{"alt_text":"","src":"https:\/\/i0.wp.com\/tuzlahortum.com.tr\/wp-content\/uploads\/2025\/08\/HYD_69-1.png?fit=725%2C725&ssl=1&resize=350%2C200","width":350,"height":200,"srcset":"https:\/\/i0.wp.com\/tuzlahortum.com.tr\/wp-content\/uploads\/2025\/08\/HYD_69-1.png?fit=725%2C725&ssl=1&resize=350%2C200 1x, https:\/\/i0.wp.com\/tuzlahortum.com.tr\/wp-content\/uploads\/2025\/08\/HYD_69-1.png?fit=725%2C725&ssl=1&resize=525%2C300 1.5x, https:\/\/i0.wp.com\/tuzlahortum.com.tr\/wp-content\/uploads\/2025\/08\/HYD_69-1.png?fit=725%2C725&ssl=1&resize=700%2C400 2x"},"classes":[]},{"id":20911,"url":"https:\/\/tuzlahortum.com.tr\/fr\/produit\/wood\/","url_meta":{"origin":692,"position":3},"title":"BOIS","author":"admin","date":"11 ao\u00fbt 2025","format":false,"excerpt":"\u00a0 \u00dcr\u00fcn Ad\u0131: Wood 3 Steel Wire Braid \u00dcr\u00fcn Kodu: W3-HWB300 3 Steel Wire Braid Kullanim Alan\u0131 : Sanayi ve Tar\u0131mda Y\u00fcksek Bas\u0131n\u00e7l\u0131 Hidrolik Sistemler \u0130\u00e7in Alt Katman : Mineral, Bitkisel ve Hidrolik Ya\u011fa Dayan\u0131kl\u0131 \u00d6zel Sentetik Kau\u00e7uk Takviye Katman\u0131 : 3 Kat Y\u00fcksek Mukavemetli \u00c7elik Tel \u00d6rg\u00fc \u00dcst Katman\u2026","rel":"","context":"Article similaire","block_context":{"text":"Article similaire","link":""},"img":{"alt_text":"","src":"https:\/\/i0.wp.com\/tuzlahortum.com.tr\/wp-content\/uploads\/2025\/08\/HYD_28.png?fit=570%2C570&ssl=1&resize=350%2C200","width":350,"height":200,"srcset":"https:\/\/i0.wp.com\/tuzlahortum.com.tr\/wp-content\/uploads\/2025\/08\/HYD_28.png?fit=570%2C570&ssl=1&resize=350%2C200 1x, https:\/\/i0.wp.com\/tuzlahortum.com.tr\/wp-content\/uploads\/2025\/08\/HYD_28.png?fit=570%2C570&ssl=1&resize=525%2C300 1.5x"},"classes":[]},{"id":21034,"url":"https:\/\/tuzlahortum.com.tr\/fr\/produit\/coldstream-x-5000\/","url_meta":{"origin":692,"position":4},"title":"COLDSTREAM X-5000+","author":"admin","date":"11 ao\u00fbt 2025","format":false,"excerpt":"\u00a0 \u00dcr\u00fcn Ad\u0131: COLDSTREAM X-5000+ \u00dcr\u00fcn Kodu: GHH35C -50\u00b0C D\u00fc\u015f\u00fck S\u0131cakl\u0131k Kullanim Alan\u0131 : Y\u00fcksek Tepe Bas\u0131n\u00e7lar\u0131na ve Zorlu \u00c7al\u0131\u015fma Ko\u015fullar\u0131na Sahip Hidrolik Sistemler \u0130\u00e7in Y\u00fcksek Esneklikle Uygundur. Alt Katman : Mineral, ester bazl\u0131 ya\u011f, bitkisel ve glikol bazl\u0131 hidrolik ya\u011fa dayan\u0131kl\u0131 \u00f6zel sentetik kau\u00e7uk Takviye Katman\u0131 : 4 veya\u2026","rel":"","context":"Article similaire","block_context":{"text":"Article similaire","link":""},"img":{"alt_text":"","src":"https:\/\/i0.wp.com\/tuzlahortum.com.tr\/wp-content\/uploads\/2025\/08\/HYD_72-2.png?fit=725%2C725&ssl=1&resize=350%2C200","width":350,"height":200,"srcset":"https:\/\/i0.wp.com\/tuzlahortum.com.tr\/wp-content\/uploads\/2025\/08\/HYD_72-2.png?fit=725%2C725&ssl=1&resize=350%2C200 1x, https:\/\/i0.wp.com\/tuzlahortum.com.tr\/wp-content\/uploads\/2025\/08\/HYD_72-2.png?fit=725%2C725&ssl=1&resize=525%2C300 1.5x, https:\/\/i0.wp.com\/tuzlahortum.com.tr\/wp-content\/uploads\/2025\/08\/HYD_72-2.png?fit=725%2C725&ssl=1&resize=700%2C400 2x"},"classes":[]},{"id":21037,"url":"https:\/\/tuzlahortum.com.tr\/fr\/produit\/coldstream-x-6000\/","url_meta":{"origin":692,"position":5},"title":"COLDSTREAM X-6000+","author":"admin","date":"11 ao\u00fbt 2025","format":false,"excerpt":"\u00a0 \u00dcr\u00fcn Ad\u0131: COLDSTREAM X-6000+ \u00dcr\u00fcn Kodu: GHH42C -50\u00b0C D\u00fc\u015f\u00fck S\u0131cakl\u0131k Kullanim Alan\u0131 : Y\u00fcksek Tepe Bas\u0131n\u00e7lar\u0131na ve Zorlu \u00c7al\u0131\u015fma Ko\u015fullar\u0131na Sahip Hidrolik Sistemler \u0130\u00e7in Y\u00fcksek Esneklikle Uygundur. Alt Katman : Mineral, ester bazl\u0131 ya\u011f, bitkisel ve glikol bazl\u0131 hidrolik ya\u011fa dayan\u0131kl\u0131 \u00f6zel sentetik kau\u00e7uk Takviye Katman\u0131 : 4 veya\u2026","rel":"","context":"Article similaire","block_context":{"text":"Article similaire","link":""},"img":{"alt_text":"","src":"https:\/\/i0.wp.com\/tuzlahortum.com.tr\/wp-content\/uploads\/2025\/08\/HYD_73-1.png?fit=585%2C585&ssl=1&resize=350%2C200","width":350,"height":200,"srcset":"https:\/\/i0.wp.com\/tuzlahortum.com.tr\/wp-content\/uploads\/2025\/08\/HYD_73-1.png?fit=585%2C585&ssl=1&resize=350%2C200 1x, https:\/\/i0.wp.com\/tuzlahortum.com.tr\/wp-content\/uploads\/2025\/08\/HYD_73-1.png?fit=585%2C585&ssl=1&resize=525%2C300 1.5x"},"classes":[]}],"jetpack_sharing_enabled":true,"jetpack_likes_enabled":true,"_links":{"self":[{"href":"https:\/\/tuzlahortum.com.tr\/fr\/wp-json\/wp\/v2\/product\/692","targetHints":{"allow":["GET"]}}],"collection":[{"href":"https:\/\/tuzlahortum.com.tr\/fr\/wp-json\/wp\/v2\/product"}],"about":[{"href":"https:\/\/tuzlahortum.com.tr\/fr\/wp-json\/wp\/v2\/types\/product"}],"replies":[{"embeddable":true,"href":"https:\/\/tuzlahortum.com.tr\/fr\/wp-json\/wp\/v2\/comments?post=692"}],"wp:featuredmedia":[{"embeddable":true,"href":"https:\/\/tuzlahortum.com.tr\/fr\/wp-json\/wp\/v2\/media\/1527"}],"wp:attachment":[{"href":"https:\/\/tuzlahortum.com.tr\/fr\/wp-json\/wp\/v2\/media?parent=692"}],"wp:term":[{"taxonomy":"product_brand","embeddable":true,"href":"https:\/\/tuzlahortum.com.tr\/fr\/wp-json\/wp\/v2\/product_brand?post=692"},{"taxonomy":"product_cat","embeddable":true,"href":"https:\/\/tuzlahortum.com.tr\/fr\/wp-json\/wp\/v2\/product_cat?post=692"},{"taxonomy":"product_tag","embeddable":true,"href":"https:\/\/tuzlahortum.com.tr\/fr\/wp-json\/wp\/v2\/product_tag?post=692"}],"curies":[{"name":"wp","href":"https:\/\/api.w.org\/{rel}","templated":true}]}}