{"id":685,"date":"2019-02-06T23:52:29","date_gmt":"2019-02-06T20:52:29","guid":{"rendered":"http:\/\/hortum.com.tr\/product\/import-placeholder-for-269\/"},"modified":"2024-03-21T17:43:56","modified_gmt":"2024-03-21T14:43:56","slug":"st-2-boya-ve-tiner-hortumu","status":"publish","type":"product","link":"https:\/\/tuzlahortum.com.tr\/fr\/produit\/st-2-boya-ve-tiner-hortumu\/","title":{"rendered":"Tuyau de peinture et de diluant ST 2"},"content":{"rendered":"<h2>Tuyau de peinture et de diluant ST 2<\/h2>\n<table border=\"0\">\n<tbody>\n<tr valign=\"top\">\n<td width=\"60\">En bas<\/td>\n<td width=\"15\">:<\/td>\n<td width=\"370\">POLYAMIDE R\u00c9SISTANT AUX SOLVANTS, PEINTURES ET HUILES HYDRAULIQUES.<\/td>\n<\/tr>\n<tr valign=\"top\">\n<td width=\"60\">Renforcement<\/td>\n<td width=\"15\">:<\/td>\n<td width=\"370\">GRILLAGE EN ACIER \u00c0 HAUTE R\u00c9SISTANCE.<\/td>\n<\/tr>\n<tr valign=\"top\">\n<td width=\"60\">En haut<\/td>\n<td width=\"15\">:<\/td>\n<td width=\"370\">POLYUR\u00c9THANE R\u00c9SISTANT \u00c0 L&#039;HUILE, \u00c0 L&#039;USURE ET AUX INTEMP\u00c9RIES.<\/td>\n<\/tr>\n<tr valign=\"top\">\n<td width=\"60\">Lieu d&#039;utilisation<\/td>\n<td width=\"15\">:<\/td>\n<td width=\"370\">POUR LE VIDANGE DES SOLVANTS, PEINTURES, AIR, EAU, HUILES MIN\u00c9RALES ET HYDRAULIQUES N\u00c9CESSITANT UNE TR\u00c8S HAUTE PRESSION<\/td>\n<\/tr>\n<\/tbody>\n<\/table>\n<table class=\"table table-bordered table-striped\">\n<thead class=\"thead-light\">\n<tr>\n<th>INT\u00c9RIEUR<\/th>\n<th>OD<\/th>\n<th>BM<\/th>\n<th>BP<\/th>\n<th>KY\u00c7<\/th>\n<th>la douleur<\/th>\n<\/tr>\n<\/thead>\n<tbody>\n<tr>\n<td>pouce<\/td>\n<td>millim\u00e8tre<\/td>\n<td>bar<\/td>\n<td>bar<\/td>\n<td>millim\u00e8tre<\/td>\n<td>gr\/m<\/td>\n<\/tr>\n<tr>\n<td>1\/8\u2033<\/td>\n<td>9.8<\/td>\n<td>450<\/td>\n<td>1800<\/td>\n<td>30<\/td>\n<td>172<\/td>\n<\/tr>\n<tr>\n<td>5\/32\u2033<\/td>\n<td>10.5<\/td>\n<td>400<\/td>\n<td>1600<\/td>\n<td>30<\/td>\n<td>195<\/td>\n<\/tr>\n<tr>\n<td>3\/16\u2033<\/td>\n<td>11.3<\/td>\n<td>293<\/td>\n<td>1560<\/td>\n<td>35<\/td>\n<td>238<\/td>\n<\/tr>\n<tr>\n<td>1\/4\u2033<\/td>\n<td>13<\/td>\n<td>390<\/td>\n<td>1462<\/td>\n<td>40<\/td>\n<td>274<\/td>\n<\/tr>\n<tr>\n<td>5\/16\u2033<\/td>\n<td>15<\/td>\n<td>330<\/td>\n<td>1320<\/td>\n<td>50<\/td>\n<td>312<\/td>\n<\/tr>\n<tr>\n<td>3\/8\u2033<\/td>\n<td>17<\/td>\n<td>315<\/td>\n<td>1102<\/td>\n<td>60<\/td>\n<td>424<\/td>\n<\/tr>\n<tr>\n<td>1\/2\u2033<\/td>\n<td>20<\/td>\n<td>250<\/td>\n<td>1000<\/td>\n<td>80<\/td>\n<td>463<\/td>\n<\/tr>\n<tr>\n<td>5\/8\u2033<\/td>\n<td>23.5<\/td>\n<td>180<\/td>\n<td>875<\/td>\n<td>115<\/td>\n<td>574<\/td>\n<\/tr>\n<tr>\n<td>3\/4\u2033<\/td>\n<td>28<\/td>\n<td>180<\/td>\n<td>720<\/td>\n<td>160<\/td>\n<td>611<\/td>\n<\/tr>\n<tr>\n<td>1\u2033<\/td>\n<td>34<\/td>\n<td>160<\/td>\n<td>640<\/td>\n<td>200<\/td>\n<td>760<\/td>\n<\/tr>\n<\/tbody>\n<\/table>\n<p>&nbsp;<\/p>\n<div class=\"video video-fit mb\" style=\"padding-top:56.25%;\"><p><iframe loading=\"lazy\" title=\"Confusion des mesures (pouces, doigts, brume, millim\u00e8tres)\" width=\"1020\" height=\"574\" src=\"https:\/\/www.youtube.com\/embed\/uKk6AG_AZls?feature=oembed\" frameborder=\"0\" allow=\"accelerometer; autoplay; clipboard-write; encrypted-media; gyroscope; picture-in-picture; web-share\" referrerpolicy=\"strict-origin-when-cross-origin\" allowfullscreen><\/iframe><\/p>\n<\/div>","protected":false},"excerpt":{"rendered":"<p>ST 2 Boya Ve Tiner Hortumu Alt Kat : SOLVENTLERE, BOYALARA VE H\u0130DROL\u0130K YA\u011eLARA DAYANIKLI POL\u0130AM\u0130D. Takviye : Y\u00dcKSEK MUKAVEMETL\u0130 \u00c7EL\u0130K TEL \u00d6RG\u00dc. \u00dcst Kat : YA\u011e, A\u015eINMA VE HAVA \u015eARTLARINA DAYANIKLI POL\u0130\u00dcRETAN. Kullan\u0131m Yeri : \u00c7OK Y\u00dcKSEK BASIN\u00c7 DAYANIMI GEREKT\u0130REN SOLVENTLER, BOYALAR, HAVA, SU, M\u0130NERAL VE H\u0130DROL\u0130K YA\u011eLARIN TAHL\u0130YE \u0130\u015eLER\u0130NDE \u0130\u00c7 D\u00c7 \u00c7B PB [&#8230;]\n","protected":false},"featured_media":8419,"comment_status":"open","ping_status":"closed","template":"","meta":{"jetpack_post_was_ever_published":false},"product_brand":[],"product_cat":[157,88],"product_tag":[558,692,694,690,424,660,290,693,691,2279,2280,555,695,661],"class_list":{"0":"post-685","1":"product","2":"type-product","3":"status-publish","4":"has-post-thumbnail","6":"product_cat-hidrolik-hortum","7":"product_cat-hidrolik-hortumlar","8":"product_tag-basinc","9":"product_tag-boya","10":"product_tag-boya-hortumu","11":"product_tag-celik-orgu","12":"product_tag-hava","13":"product_tag-hidrolik-yaglara-dayanikli","14":"product_tag-hortum","15":"product_tag-mineral","16":"product_tag-solvent","17":"product_tag-st-2-boya","18":"product_tag-st-2-boya-ve-tiner-hortumu","19":"product_tag-su","20":"product_tag-tiner-hortumu","21":"product_tag-yuksek-mukavemetli","23":"first","24":"instock","25":"taxable","26":"shipping-taxable","27":"product-type-variable"},"jetpack-related-posts":[],"jetpack_sharing_enabled":true,"jetpack_likes_enabled":true,"_links":{"self":[{"href":"https:\/\/tuzlahortum.com.tr\/fr\/wp-json\/wp\/v2\/product\/685","targetHints":{"allow":["GET"]}}],"collection":[{"href":"https:\/\/tuzlahortum.com.tr\/fr\/wp-json\/wp\/v2\/product"}],"about":[{"href":"https:\/\/tuzlahortum.com.tr\/fr\/wp-json\/wp\/v2\/types\/product"}],"replies":[{"embeddable":true,"href":"https:\/\/tuzlahortum.com.tr\/fr\/wp-json\/wp\/v2\/comments?post=685"}],"wp:featuredmedia":[{"embeddable":true,"href":"https:\/\/tuzlahortum.com.tr\/fr\/wp-json\/wp\/v2\/media\/8419"}],"wp:attachment":[{"href":"https:\/\/tuzlahortum.com.tr\/fr\/wp-json\/wp\/v2\/media?parent=685"}],"wp:term":[{"taxonomy":"product_brand","embeddable":true,"href":"https:\/\/tuzlahortum.com.tr\/fr\/wp-json\/wp\/v2\/product_brand?post=685"},{"taxonomy":"product_cat","embeddable":true,"href":"https:\/\/tuzlahortum.com.tr\/fr\/wp-json\/wp\/v2\/product_cat?post=685"},{"taxonomy":"product_tag","embeddable":true,"href":"https:\/\/tuzlahortum.com.tr\/fr\/wp-json\/wp\/v2\/product_tag?post=685"}],"curies":[{"name":"wp","href":"https:\/\/api.w.org\/{rel}","templated":true}]}}