{"id":681,"date":"2019-02-06T23:52:28","date_gmt":"2019-02-06T20:52:28","guid":{"rendered":"http:\/\/hortum.com.tr\/product\/import-placeholder-for-591\/"},"modified":"2024-03-21T17:44:00","modified_gmt":"2024-03-21T14:44:00","slug":"r4-hidrolik-hortumu","status":"publish","type":"product","link":"https:\/\/tuzlahortum.com.tr\/fr\/produit\/r4-hidrolik-hortumu\/","title":{"rendered":"Tuyau hydraulique R4"},"content":{"rendered":"<h2>Tuyau hydraulique R4<\/h2>\n<table border=\"0\">\n<tbody>\n<tr>\n<td colspan=\"2\" valign=\"top\">\n<table border=\"0\">\n<tbody>\n<tr valign=\"top\">\n<td width=\"60\">En bas<\/td>\n<td width=\"15\">:<\/td>\n<td width=\"370\">CAOUTCHOUC SYNTH\u00c9TIQUE SP\u00c9CIAL R\u00c9SISTANT AUX HUILES HYDRAULIQUES ET AUX CARBURANTS.<\/td>\n<\/tr>\n<tr valign=\"top\">\n<td width=\"60\">Renforcement<\/td>\n<td width=\"15\">:<\/td>\n<td width=\"370\">TEXTILE SYNTH\u00c9TIQUE \u00c0 HAUTE R\u00c9SISTANCE ET FIL D&#039;ACIER SPIRALE.<\/td>\n<\/tr>\n<tr valign=\"top\">\n<td width=\"60\">En haut<\/td>\n<td width=\"15\">:<\/td>\n<td width=\"370\">CAOUTCHOUC SYNTH\u00c9TIQUE SP\u00c9CIAL R\u00c9SISTANT AUX HUILES, \u00c0 L&#039;OZONE, \u00c0 L&#039;ABRASION ET \u00c0 TOUTES LES CONDITIONS M\u00c9T\u00c9OROLOGIQUES.<\/td>\n<\/tr>\n<tr valign=\"top\">\n<td width=\"60\">Lieu d&#039;utilisation<\/td>\n<td width=\"15\">:<\/td>\n<td width=\"370\">DANS LES CIRCUITS DE RETOUR DES SYST\u00c8MES HYDRAULIQUES DANS LA CONSTRUCTION ET LES MACHINES AGRICOLES.<\/td>\n<\/tr>\n<\/tbody>\n<\/table>\n<\/td>\n<\/tr>\n<\/tbody>\n<\/table>\n<table border=\"1\" cellspacing=\"1\" cellpadding=\"1\" align=\"center\">\n<thead>\n<tr>\n<th colspan=\"2\" rowspan=\"1\" scope=\"col\">DIAM\u00c8TRE INT\u00c9RIEUR<\/th>\n<th scope=\"col\">DIAM\u00c8TRE EXT\u00c9RIEUR<\/th>\n<th scope=\"col\">PRESSION DE FONCTIONNEMENT<\/th>\n<th scope=\"col\">PRESSION D&#039;EXPLOSION<\/th>\n<\/tr>\n<\/thead>\n<tbody>\n<tr>\n<td><strong>pouce<\/strong><\/td>\n<td><strong>millim\u00e8tre<\/strong><\/td>\n<td><strong>millim\u00e8tre<\/strong><\/td>\n<td><strong>bar<\/strong><\/td>\n<td><strong>bar<\/strong><\/td>\n<\/tr>\n<tr>\n<td>3\/4<\/td>\n<td>19<\/td>\n<td>32<\/td>\n<td>21<\/td>\n<td>84<\/td>\n<\/tr>\n<tr>\n<td>1\u2033<\/td>\n<td>25.4<\/td>\n<td>37.4<\/td>\n<td>17<\/td>\n<td>68<\/td>\n<\/tr>\n<tr>\n<td>1 1\/4<\/td>\n<td>31.8<\/td>\n<td>45<\/td>\n<td>14<\/td>\n<td>56<\/td>\n<\/tr>\n<tr>\n<td>1 1\/2<\/td>\n<td>38.1<\/td>\n<td>52<\/td>\n<td>10<\/td>\n<td>40<\/td>\n<\/tr>\n<tr>\n<td>2\u2033<\/td>\n<td>50.8<\/td>\n<td>64<\/td>\n<td>7<\/td>\n<td>28<\/td>\n<\/tr>\n<tr>\n<td>2 1\/2<\/td>\n<td>63.5<\/td>\n<td>77<\/td>\n<td>4<\/td>\n<td>16<\/td>\n<\/tr>\n<tr>\n<td>3\u2033<\/td>\n<td>76.2<\/td>\n<td>90<\/td>\n<td>4<\/td>\n<td>16<\/td>\n<\/tr>\n<tr>\n<td>3 1\/2<\/td>\n<td>88.9<\/td>\n<td>103<\/td>\n<td>3<\/td>\n<td>12<\/td>\n<\/tr>\n<tr>\n<td>4\u2033<\/td>\n<td>101.6<\/td>\n<td>116<\/td>\n<td>2<\/td>\n<td>8<\/td>\n<\/tr>\n<\/tbody>\n<\/table>\n<p>&nbsp;<\/p>\n<div class=\"video video-fit mb\" style=\"padding-top:56.25%;\"><p><iframe loading=\"lazy\" title=\"Confusion des mesures (pouces, doigts, brume, millim\u00e8tres)\" width=\"1020\" height=\"574\" src=\"https:\/\/www.youtube.com\/embed\/uKk6AG_AZls?feature=oembed\" frameborder=\"0\" allow=\"accelerometer; autoplay; clipboard-write; encrypted-media; gyroscope; picture-in-picture; web-share\" referrerpolicy=\"strict-origin-when-cross-origin\" allowfullscreen><\/iframe><\/p>\n<\/div>","protected":false},"excerpt":{"rendered":"<p>R4 Hidrolik Hortumu Alt Kat : H\u0130DROL\u0130K YA\u011eLARA VE YAKITLARA DAYANIKLI \u00d6ZEL SENTET\u0130K KAU\u00c7UK. Takviye : Y\u00dcKSEK MUKAVEMETL\u0130 SENTET\u0130K TEKST\u0130L VE SP\u0130RAL \u00c7EL\u0130K TEL. \u00dcst Kat : YA\u011eLARA, OZONA, A\u015eINMAYA VE HER T\u00dcRL\u00dc HAVA \u015eARTLARINA DAYANIKLI \u00d6ZEL SENTET\u0130K KAU\u00c7UK. Kullan\u0131m Yeri : \u0130\u015e VE TARIM MAK\u0130NELER\u0130NDE H\u0130DROL\u0130K S\u0130STEMLER\u0130N D\u00d6N\u00dc\u015e DEVRELER\u0130NDE. \u0130\u00c7 \u00c7API DI\u015e \u00c7API \u00c7ALI\u015eMA [&#8230;]\n","protected":false},"featured_media":8420,"comment_status":"open","ping_status":"closed","template":"","meta":{"jetpack_post_was_ever_published":false},"product_brand":[],"product_cat":[157,88],"product_tag":[658,657,660,662,2285,659,663,661],"class_list":{"0":"post-681","1":"product","2":"type-product","3":"status-publish","4":"has-post-thumbnail","6":"product_cat-hidrolik-hortum","7":"product_cat-hidrolik-hortumlar","8":"product_tag-hidrolik-hortum","9":"product_tag-hidrolik-sistemlerde","10":"product_tag-hidrolik-yaglara-dayanikli","11":"product_tag-is","12":"product_tag-r4-hidrolik","13":"product_tag-sentetik-kaucuk","14":"product_tag-tarim-makinelerinde","15":"product_tag-yuksek-mukavemetli","17":"first","18":"instock","19":"taxable","20":"shipping-taxable","21":"product-type-variable"},"jetpack-related-posts":[],"jetpack_sharing_enabled":true,"jetpack_likes_enabled":true,"_links":{"self":[{"href":"https:\/\/tuzlahortum.com.tr\/fr\/wp-json\/wp\/v2\/product\/681","targetHints":{"allow":["GET"]}}],"collection":[{"href":"https:\/\/tuzlahortum.com.tr\/fr\/wp-json\/wp\/v2\/product"}],"about":[{"href":"https:\/\/tuzlahortum.com.tr\/fr\/wp-json\/wp\/v2\/types\/product"}],"replies":[{"embeddable":true,"href":"https:\/\/tuzlahortum.com.tr\/fr\/wp-json\/wp\/v2\/comments?post=681"}],"wp:featuredmedia":[{"embeddable":true,"href":"https:\/\/tuzlahortum.com.tr\/fr\/wp-json\/wp\/v2\/media\/8420"}],"wp:attachment":[{"href":"https:\/\/tuzlahortum.com.tr\/fr\/wp-json\/wp\/v2\/media?parent=681"}],"wp:term":[{"taxonomy":"product_brand","embeddable":true,"href":"https:\/\/tuzlahortum.com.tr\/fr\/wp-json\/wp\/v2\/product_brand?post=681"},{"taxonomy":"product_cat","embeddable":true,"href":"https:\/\/tuzlahortum.com.tr\/fr\/wp-json\/wp\/v2\/product_cat?post=681"},{"taxonomy":"product_tag","embeddable":true,"href":"https:\/\/tuzlahortum.com.tr\/fr\/wp-json\/wp\/v2\/product_tag?post=681"}],"curies":[{"name":"wp","href":"https:\/\/api.w.org\/{rel}","templated":true}]}}