{"id":675,"date":"2019-02-06T23:52:26","date_gmt":"2019-02-06T20:52:26","guid":{"rendered":"http:\/\/hortum.com.tr\/product\/import-placeholder-for-310\/"},"modified":"2024-03-21T17:44:05","modified_gmt":"2024-03-21T14:44:05","slug":"hidrolik-kuresel-vana","status":"publish","type":"product","link":"https:\/\/tuzlahortum.com.tr\/fr\/produit\/hidrolik-kuresel-vana\/","title":{"rendered":"Vanne \u00e0 bille hydraulique"},"content":{"rendered":"<h2>Vanne \u00e0 bille hydraulique<\/h2>\n<p>Les vannes \u00e0 bille hydrauliques \u00e0 2 voies de la s\u00e9rie Bv2 sont utilis\u00e9es pour l&#039;ouverture et l&#039;\u00e9tranglement du fluide. Pouvoir s&#039;ouvrir et se fermer facilement garantit que le passage du fluide est confortable. En raison de leur structure volum\u00e9trique, ils fonctionnent rapidement et efficacement et \u00e9vitent les cavitations qui peuvent se produire dans le fluide. Si vous le souhaitez, ils peuvent \u00eatre verrouill\u00e9s en position ouverte ou ferm\u00e9e \u00e0 l&#039;aide de la rondelle de blocage sur la goupille carr\u00e9e.\u00a0<br \/>Dans les vannes \u00e0 bille hydrauliques \u00e0 2 voies de la s\u00e9rie BV2, la sph\u00e8re int\u00e9rieure est en acier, plaqu\u00e9e de chrome dur et assise en delrin (POM).\u00a0<br \/>Les vannes \u00e0 bille hydrauliques \u00e0 2 voies de la s\u00e9rie BV2 sont utilis\u00e9es dans le passage du mazout, du GPL, du GNC et d&#039;autres gaz ainsi que des huiles hydrauliques et autres huiles industrielles.<\/p>\n<p>\u00a0<\/p>\n<table border=\"0\" width=\"1022\">\n<tbody>\n<tr>\n<td width=\"578\">Mat\u00e9riau du corps\u00a0<\/td>\n<td width=\"444\">Acier de coupe libre<\/td>\n<\/tr>\n<tr>\n<td>Mat\u00e9riau de la sph\u00e8re\u00a0<\/td>\n<td>Acier chrom\u00e9 dur<\/td>\n<\/tr>\n<tr>\n<td>Taille de vis<\/td>\n<td>BSP, NPT<\/td>\n<\/tr>\n<tr>\n<td>Roulement sph\u00e9rique\u00a0<\/td>\n<td>Delrin (POM)<\/td>\n<\/tr>\n<tr>\n<td>Scellage<\/td>\n<td>Joint torique en nitrile (NBR)<\/td>\n<\/tr>\n<tr>\n<td>Temp\u00e9rature de fonctionnement\u00a0<\/td>\n<td>-30 \u00b0C \u00e0 +110 \u00b0C<\/td>\n<\/tr>\n<tr>\n<td>Couvrant<\/td>\n<td>Galvanis\u00e9 (passivation Chrome III)<\/td>\n<\/tr>\n<tr>\n<td>Dans des circonstances particuli\u00e8res<\/td>\n<td>VITON<\/td>\n<\/tr>\n<tr>\n<td>Zone d&#039;utilisation<\/td>\n<td>Machines d&#039;excavation, machines de moulage par emboutissage de plastique,\u00a0<\/td>\n<\/tr>\n<tr>\n<td>\u00a0<\/td>\n<td>usines de production chimique, grues,\u00a0<\/td>\n<\/tr>\n<tr>\n<td>\u00a0<\/td>\n<td>camions et applications hydrauliques g\u00e9n\u00e9rales<\/td>\n<\/tr>\n<\/tbody>\n<\/table>","protected":false},"excerpt":{"rendered":"<p>Hidrolik K\u00fcresel Vana Bv2 Serisi Hidrolik 2 Yollu K\u00fcresel Vanalar, ak\u0131\u015fkan\u0131n a\u00e7ma ve k\u0131s\u0131lmas\u0131nda kullan\u0131l\u0131rlar. Kolayca a\u00e7\u0131l\u0131p kapanabilmeleri ak\u0131\u015fkan ge\u00e7i\u015finin rahat olmas\u0131n\u0131 sa\u011flar. Volumetrik yap\u0131lar\u0131ndan dolay\u0131 h\u0131zl\u0131 ve verimli \u00e7al\u0131\u015f\u0131rlar ve ak\u0131\u015fkanda olu\u015fabilecek kavitasyonlar\u0131 engellerler. \u0130stenildi\u011finde kare pim \u00fczerindeki kilitleme pulu yard\u0131m\u0131yla a\u00e7\u0131k veya kapal\u0131 olarak kilitlenebilirler.\u00a0BV2 Serisi Hidrolik 2 Yollu K\u00fcresel Vanalarda i\u00e7teki k\u00fcre [&#8230;]\n","protected":false},"featured_media":2879,"comment_status":"open","ping_status":"closed","template":"","meta":{"jetpack_post_was_ever_published":false},"product_brand":[],"product_cat":[91],"product_tag":[647,2270,672,965,331],"class_list":{"0":"post-675","1":"product","2":"type-product","3":"status-publish","4":"has-post-thumbnail","6":"product_cat-hidrolik-baglanti-elemanlari","7":"product_tag-hidrolik","8":"product_tag-hidrolik-kuresel-vana","9":"product_tag-kuresel","10":"product_tag-kuresel-vana","11":"product_tag-vana","13":"first","14":"instock","15":"taxable","16":"shipping-taxable","17":"product-type-variable"},"jetpack-related-posts":[],"jetpack_sharing_enabled":true,"jetpack_likes_enabled":true,"_links":{"self":[{"href":"https:\/\/tuzlahortum.com.tr\/fr\/wp-json\/wp\/v2\/product\/675","targetHints":{"allow":["GET"]}}],"collection":[{"href":"https:\/\/tuzlahortum.com.tr\/fr\/wp-json\/wp\/v2\/product"}],"about":[{"href":"https:\/\/tuzlahortum.com.tr\/fr\/wp-json\/wp\/v2\/types\/product"}],"replies":[{"embeddable":true,"href":"https:\/\/tuzlahortum.com.tr\/fr\/wp-json\/wp\/v2\/comments?post=675"}],"wp:featuredmedia":[{"embeddable":true,"href":"https:\/\/tuzlahortum.com.tr\/fr\/wp-json\/wp\/v2\/media\/2879"}],"wp:attachment":[{"href":"https:\/\/tuzlahortum.com.tr\/fr\/wp-json\/wp\/v2\/media?parent=675"}],"wp:term":[{"taxonomy":"product_brand","embeddable":true,"href":"https:\/\/tuzlahortum.com.tr\/fr\/wp-json\/wp\/v2\/product_brand?post=675"},{"taxonomy":"product_cat","embeddable":true,"href":"https:\/\/tuzlahortum.com.tr\/fr\/wp-json\/wp\/v2\/product_cat?post=675"},{"taxonomy":"product_tag","embeddable":true,"href":"https:\/\/tuzlahortum.com.tr\/fr\/wp-json\/wp\/v2\/product_tag?post=675"}],"curies":[{"name":"wp","href":"https:\/\/api.w.org\/{rel}","templated":true}]}}