{"id":674,"date":"2019-02-06T23:52:26","date_gmt":"2019-02-06T20:52:26","guid":{"rendered":"http:\/\/hortum.com.tr\/product\/import-placeholder-for-102\/"},"modified":"2024-03-21T17:44:06","modified_gmt":"2024-03-21T14:44:06","slug":"r1-hidrolik-hortumu","status":"publish","type":"product","link":"https:\/\/tuzlahortum.com.tr\/fr\/produit\/r1-hidrolik-hortumu\/","title":{"rendered":"Tuyau hydraulique R1"},"content":{"rendered":"<h2>Tuyau hydraulique R1<\/h2>\n<table border=\"0\" width=\"570\">\n<tbody>\n<tr>\n<td colspan=\"2\" valign=\"top\">\n<table border=\"0\" width=\"100%\">\n<tbody>\n<tr valign=\"top\">\n<td width=\"60\">En bas<\/td>\n<td width=\"15\">:<\/td>\n<td width=\"370\">CAOUTCHOUC SYNTH\u00c9TIQUE SP\u00c9CIAL R\u00c9SISTANT AUX HUILES HYDRAULIQUES.<\/td>\n<\/tr>\n<tr valign=\"top\">\n<td width=\"60\">Renforcement<\/td>\n<td width=\"15\">:<\/td>\n<td width=\"370\">TREILLIS D&#039;ACIER MONOCOUCHE HAUTE R\u00c9SISTANCE.<\/td>\n<\/tr>\n<tr valign=\"top\">\n<td width=\"60\">En haut<\/td>\n<td width=\"15\">:<\/td>\n<td width=\"370\">CAOUTCHOUC SYNTH\u00c9TIQUE SP\u00c9CIAL ENVELOPP\u00c9 R\u00c9SISTANT AUX HUILES, \u00c0 L&#039;USURE ET \u00c0 TOUTES LES CONDITIONS M\u00c9T\u00c9OROLOGIQUES.<\/td>\n<\/tr>\n<tr valign=\"top\">\n<td width=\"60\">Lieu d&#039;utilisation<\/td>\n<td width=\"15\">:<\/td>\n<td width=\"370\">DANS LES CIRCUITS HYDRAULIQUES DEMANDANT UNE HAUTE PRESSION DANS LES MACHINES DE CONSTRUCTION ET AGRICOLES.<\/td>\n<\/tr>\n<\/tbody>\n<\/table>\n<\/td>\n<\/tr>\n<\/tbody>\n<\/table>\n<table border=\"1\" cellspacing=\"1\" cellpadding=\"1\" align=\"center\">\n<thead>\n<tr>\n<th colspan=\"2\" rowspan=\"1\" scope=\"col\">DIAM\u00c8TRE INT\u00c9RIEUR<\/th>\n<th scope=\"col\">DIAM\u00c8TRE EXT\u00c9RIEUR<\/th>\n<th scope=\"col\">PRESSION DE FONCTIONNEMENT<\/th>\n<th scope=\"col\">PRESSION D&#039;EXPLOSION<\/th>\n<\/tr>\n<\/thead>\n<tbody>\n<tr>\n<td><strong>pouce<\/strong><\/td>\n<td><strong>millim\u00e8tre<\/strong><\/td>\n<td><strong>millim\u00e8tre<\/strong><\/td>\n<td><strong>bar<\/strong><\/td>\n<td><strong>bar<\/strong><\/td>\n<\/tr>\n<tr>\n<td>3\/16<\/td>\n<td>4.8<\/td>\n<td>11.6<\/td>\n<td>250<\/td>\n<td>1000<\/td>\n<\/tr>\n<tr>\n<td>1\/4<\/td>\n<td>6.4<\/td>\n<td>13.2<\/td>\n<td>225<\/td>\n<td>900<\/td>\n<\/tr>\n<tr>\n<td>5\/16<\/td>\n<td>8<\/td>\n<td>14.8<\/td>\n<td>215<\/td>\n<td>850<\/td>\n<\/tr>\n<tr>\n<td>3\/8<\/td>\n<td>9.5<\/td>\n<td>17.2<\/td>\n<td>180<\/td>\n<td>720<\/td>\n<\/tr>\n<tr>\n<td>1\/2<\/td>\n<td>12.7<\/td>\n<td>20.4<\/td>\n<td>160<\/td>\n<td>640<\/td>\n<\/tr>\n<tr>\n<td>5\/8<\/td>\n<td>16<\/td>\n<td>23.5<\/td>\n<td>130<\/td>\n<td>520<\/td>\n<\/tr>\n<tr>\n<td>3\/4<\/td>\n<td>19<\/td>\n<td>27.5<\/td>\n<td>105<\/td>\n<td>420<\/td>\n<\/tr>\n<tr>\n<td>1\u2033<\/td>\n<td>25.4<\/td>\n<td>35.4<\/td>\n<td>88<\/td>\n<td>350<\/td>\n<\/tr>\n<tr>\n<td>1 1\/4<\/td>\n<td>31.8<\/td>\n<td>43.5<\/td>\n<td>63<\/td>\n<td>250<\/td>\n<\/tr>\n<tr>\n<td>1 1\/2<\/td>\n<td>38.1<\/td>\n<td>50<\/td>\n<td>50<\/td>\n<td>200<\/td>\n<\/tr>\n<tr>\n<td>2\u2033<\/td>\n<td>50.8<\/td>\n<td>63.6<\/td>\n<td>40<\/td>\n<td>160<\/td>\n<\/tr>\n<tr>\n<td>2 1\/2<\/td>\n<td>63.5<\/td>\n<td>76.5<\/td>\n<td>40<\/td>\n<td>160<\/td>\n<\/tr>\n<tr>\n<td>3\u2033<\/td>\n<td>76.2<\/td>\n<td>88.5<\/td>\n<td>35<\/td>\n<td>140<\/td>\n<\/tr>\n<\/tbody>\n<\/table>\n<p>&nbsp;<\/p>\n<div class=\"video video-fit mb\" style=\"padding-top:56.25%;\"><p><iframe loading=\"lazy\" title=\"Confusion des mesures (pouces, doigts, brume, millim\u00e8tres)\" width=\"1020\" height=\"574\" src=\"https:\/\/www.youtube.com\/embed\/uKk6AG_AZls?feature=oembed\" frameborder=\"0\" allow=\"accelerometer; autoplay; clipboard-write; encrypted-media; gyroscope; picture-in-picture; web-share\" referrerpolicy=\"strict-origin-when-cross-origin\" allowfullscreen><\/iframe><\/p>\n<\/div>","protected":false},"excerpt":{"rendered":"<p>R1 Hidrolik Hortumu Alt Kat : H\u0130DROL\u0130K YA\u011eLARA DAYANIKLI \u00d6ZEL SENTET\u0130K KAU\u00c7UK. Takviye : Y\u00dcKSEK MUKAVEMETL\u0130 TEK KAT \u00c7EL\u0130K TEL \u00d6RG\u00dc. \u00dcst Kat : YA\u011eLARA, A\u015eINMAYA VE HER T\u00dcRL\u00dc HAVA \u015eARTLARINA DAYANIKLI SARGILI \u00d6ZEL SENTET\u0130K KAU\u00c7UK. Kullan\u0131m Yeri : \u0130\u015e VE TARIM MAK\u0130NELER\u0130NDE Y\u00dcKSEK BASIN\u00c7 GEREKT\u0130REN H\u0130DROL\u0130K DEVRELERDE. \u0130\u00c7 \u00c7API DI\u015e \u00c7API \u00c7ALI\u015eMA BASINCI PATLAMA [&#8230;]\n","protected":false},"featured_media":8410,"comment_status":"open","ping_status":"closed","template":"","meta":[],"product_brand":[],"product_cat":[157,88],"product_tag":[664,658,660,662,2286,659,663,661],"class_list":{"0":"post-674","1":"product","2":"type-product","3":"status-publish","4":"has-post-thumbnail","6":"product_cat-hidrolik-hortum","7":"product_cat-hidrolik-hortumlar","8":"product_tag-atese-dayaniklilik","9":"product_tag-hidrolik-hortum","10":"product_tag-hidrolik-yaglara-dayanikli","11":"product_tag-is","12":"product_tag-r1-hidrolik","13":"product_tag-sentetik-kaucuk","14":"product_tag-tarim-makinelerinde","15":"product_tag-yuksek-mukavemetli","17":"first","18":"instock","19":"taxable","20":"shipping-taxable","21":"product-type-variable"},"jetpack-related-posts":[{"id":683,"url":"https:\/\/tuzlahortum.com.tr\/fr\/produit\/r9-sh-hidrolik-hortumu\/","url_meta":{"origin":674,"position":0},"title":"Flexible hydraulique R9 SH","author":"admin","date":"6 f\u00e9vrier 2019","format":false,"excerpt":"R9 SH Hidrolik Hortumu Alt Kat : M\u0130NERAL, NEBAT\u0130 VE GL\u0130KOL BAZLI H\u0130DROL\u0130K YA\u011eLARA DAYANIKLI \u00d6ZEL SENTET\u0130K KAU\u00c7UK. Takviye : 4 KAT \u00c7OK Y\u00dcKSEK MUKAVEMETL\u0130 SP\u0130RAL \u00c7EL\u0130K TEL. \u00dcst Kat : YA\u011eLARA, A\u015eINMAYA VE HER T\u00dcRL\u00dc HAVA \u015eARTLARINA DAYANIKLI SARGILI \u00d6ZEL SENTET\u0130K KAU\u00c7UK. Kullan\u0131m Yeri : \u00c7OK Y\u00dcKSEK P\u0130K BASIN\u00c7LARA\u2026","rel":"","context":"Article similaire","block_context":{"text":"Article similaire","link":""},"img":{"alt_text":"","src":"https:\/\/i0.wp.com\/tuzlahortum.com.tr\/wp-content\/uploads\/2019\/03\/powerstream-r9sh-hortum.png?fit=512%2C512&ssl=1&resize=350%2C200","width":350,"height":200},"classes":[]},{"id":682,"url":"https:\/\/tuzlahortum.com.tr\/fr\/produit\/r9-sp-hidrolik-hortumu\/","url_meta":{"origin":674,"position":1},"title":"Flexible hydraulique R9 SP","author":"admin","date":"6 f\u00e9vrier 2019","format":false,"excerpt":"R9 SP Hidrolik Hortumu Alt Kat : M\u0130NERAL, NEBAT\u0130 VE GL\u0130KOL BAZLI H\u0130DROL\u0130K YA\u011eLARA DAYANIKLI \u00d6ZEL SENTET\u0130K KAU\u00c7UK. Takviye : 4 KAT \u00c7OK Y\u00dcKSEK MUKAVEMETL\u0130 SP\u0130RAL \u00c7EL\u0130K TEL. \u00dcst Kat : YA\u011eLARA, A\u015eINMAYA VE HER T\u00dcRL\u00dc HAVA \u015eARTLARINA DAYANIKLI SARGILI \u00d6ZEL SENTET\u0130K KAU\u00c7UK. Kullan\u0131m Yeri : \u00c7OK Y\u00dcKSEK P\u0130K BASIN\u00c7LARA\u2026","rel":"","context":"Article similaire","block_context":{"text":"Article similaire","link":""},"img":{"alt_text":"","src":"https:\/\/i0.wp.com\/tuzlahortum.com.tr\/wp-content\/uploads\/2019\/03\/powerstream-r9sp-hortum.png?fit=512%2C512&ssl=1&resize=350%2C200","width":350,"height":200},"classes":[]},{"id":673,"url":"https:\/\/tuzlahortum.com.tr\/fr\/produit\/r6-hidrolik-hortumu\/","url_meta":{"origin":674,"position":2},"title":"Tuyau hydraulique R6","author":"admin","date":"6 f\u00e9vrier 2019","format":false,"excerpt":"R6 Hidrolik Hortumu Alt Kat : H\u0130DROL\u0130K YA\u011eLARA DAYANIKLI \u00d6ZEL SENTET\u0130K KAU\u00c7UK. Takviye : Y\u00dcKSEK MUKAVEMETL\u0130 TEK KAT SENTET\u0130K TEKST\u0130L \u00d6RG\u00dc. \u00dcst Kat : YA\u011eLARA, OZONA, A\u015eINMAYA VE HER T\u00dcRL\u00dc HAVA \u015eARTLARINA DAYANIKLI SENTET\u0130K \u00dcST KAT. Kullan\u0131m Yeri : H\u0130DROL\u0130K KONTROLL\u00dc \u00dcN\u0130TELERDE Y\u00dcKSEK BASIN\u00c7LI H\u0130DROL\u0130K YA\u011e, FUEL-OIL, GRES YA\u011eI, SU\u2026","rel":"","context":"Article similaire","block_context":{"text":"Article similaire","link":""},"img":{"alt_text":"","src":"https:\/\/i0.wp.com\/tuzlahortum.com.tr\/wp-content\/uploads\/2019\/03\/seltex-r6-hortum.png?fit=512%2C512&ssl=1&resize=350%2C200","width":350,"height":200},"classes":[]},{"id":686,"url":"https:\/\/tuzlahortum.com.tr\/fr\/produit\/r2-hidrolik-hortumu\/","url_meta":{"origin":674,"position":3},"title":"Flexible hydraulique R2","author":"admin","date":"6 f\u00e9vrier 2019","format":false,"excerpt":"R2 Hidrolik Hortumu Alt Kat : H\u0130DROL\u0130K YA\u011eLARA DAYANIKLI \u00d6ZEL SENTET\u0130K KAU\u00c7UK. Takviye : Y\u00dcKSEK MUKAVEMETL\u0130 2 KAT \u00c7EL\u0130K TEL \u00d6RG\u00dc. \u00dcst Kat : YA\u011eLARA, A\u015eINMAYA VE HER T\u00dcRL\u00dc HAVA \u015eARTLARINA DAYANIKLI SARGILI \u00d6ZEL SENTET\u0130K KAU\u00c7UK. Kullan\u0131m Yeri : \u0130\u015e VE TARIM MAK\u0130NELER\u0130NDE Y\u00dcKSEK BASIN\u00c7 GEREKT\u0130REN H\u0130DROL\u0130K DEVRELERDE. \u0130\u00c7 \u00c7API\u2026","rel":"","context":"Article similaire","block_context":{"text":"Article similaire","link":""},"img":{"alt_text":"","src":"https:\/\/i0.wp.com\/tuzlahortum.com.tr\/wp-content\/uploads\/2019\/03\/forcestream-r2at-hortum.png?fit=512%2C512&ssl=1&resize=350%2C200","width":350,"height":200},"classes":[]},{"id":681,"url":"https:\/\/tuzlahortum.com.tr\/fr\/produit\/r4-hidrolik-hortumu\/","url_meta":{"origin":674,"position":4},"title":"Tuyau hydraulique R4","author":"admin","date":"6 f\u00e9vrier 2019","format":false,"excerpt":"R4 Hidrolik Hortumu Alt Kat : H\u0130DROL\u0130K YA\u011eLARA VE YAKITLARA DAYANIKLI \u00d6ZEL SENTET\u0130K KAU\u00c7UK. Takviye : Y\u00dcKSEK MUKAVEMETL\u0130 SENTET\u0130K TEKST\u0130L VE SP\u0130RAL \u00c7EL\u0130K TEL. \u00dcst Kat : YA\u011eLARA, OZONA, A\u015eINMAYA VE HER T\u00dcRL\u00dc HAVA \u015eARTLARINA DAYANIKLI \u00d6ZEL SENTET\u0130K KAU\u00c7UK. Kullan\u0131m Yeri : \u0130\u015e VE TARIM MAK\u0130NELER\u0130NDE H\u0130DROL\u0130K S\u0130STEMLER\u0130N D\u00d6N\u00dc\u015e DEVRELER\u0130NDE.\u2026","rel":"","context":"Article similaire","block_context":{"text":"Article similaire","link":""},"img":{"alt_text":"","src":"https:\/\/i0.wp.com\/tuzlahortum.com.tr\/wp-content\/uploads\/2019\/03\/seltex-r4-hortum.png?fit=512%2C512&ssl=1&resize=350%2C200","width":350,"height":200},"classes":[]},{"id":20938,"url":"https:\/\/tuzlahortum.com.tr\/fr\/produit\/coldstream-1sn\/","url_meta":{"origin":674,"position":5},"title":"COLDSTREAM 1SN","author":"admin","date":"11 ao\u00fbt 2025","format":false,"excerpt":"\u00a0 \u00dcr\u00fcn Ad\u0131: COLDSTREAM 1SN \u00dcr\u00fcn Kodu: CS-HWB313 Standart: EN 853 1SN - SAE 100 R1 AT Tek Kat \u00c7elik Tel \u00d6rg\u00fc - D\u00fc\u015f\u00fck S\u0131cakl\u0131k -50\u00b0C Kullanim Alan\u0131 : Sanayi ve tar\u0131mda a\u015f\u0131r\u0131 d\u00fc\u015f\u00fck s\u0131cakl\u0131klarda d\u00fc\u015f\u00fck-orta bas\u0131n\u00e7l\u0131 hidrolik sistemler i\u00e7in. Alt Katman : Mineral, Bitkisel ve Hidrolik Ya\u011fa Dayan\u0131kl\u0131 \u00d6zel\u2026","rel":"","context":"Article similaire","block_context":{"text":"Article similaire","link":""},"img":{"alt_text":"","src":"https:\/\/i0.wp.com\/tuzlahortum.com.tr\/wp-content\/uploads\/2025\/08\/HYD_44.png?fit=572%2C572&ssl=1&resize=350%2C200","width":350,"height":200,"srcset":"https:\/\/i0.wp.com\/tuzlahortum.com.tr\/wp-content\/uploads\/2025\/08\/HYD_44.png?fit=572%2C572&ssl=1&resize=350%2C200 1x, https:\/\/i0.wp.com\/tuzlahortum.com.tr\/wp-content\/uploads\/2025\/08\/HYD_44.png?fit=572%2C572&ssl=1&resize=525%2C300 1.5x"},"classes":[]}],"jetpack_sharing_enabled":true,"jetpack_likes_enabled":true,"_links":{"self":[{"href":"https:\/\/tuzlahortum.com.tr\/fr\/wp-json\/wp\/v2\/product\/674","targetHints":{"allow":["GET"]}}],"collection":[{"href":"https:\/\/tuzlahortum.com.tr\/fr\/wp-json\/wp\/v2\/product"}],"about":[{"href":"https:\/\/tuzlahortum.com.tr\/fr\/wp-json\/wp\/v2\/types\/product"}],"replies":[{"embeddable":true,"href":"https:\/\/tuzlahortum.com.tr\/fr\/wp-json\/wp\/v2\/comments?post=674"}],"wp:featuredmedia":[{"embeddable":true,"href":"https:\/\/tuzlahortum.com.tr\/fr\/wp-json\/wp\/v2\/media\/8410"}],"wp:attachment":[{"href":"https:\/\/tuzlahortum.com.tr\/fr\/wp-json\/wp\/v2\/media?parent=674"}],"wp:term":[{"taxonomy":"product_brand","embeddable":true,"href":"https:\/\/tuzlahortum.com.tr\/fr\/wp-json\/wp\/v2\/product_brand?post=674"},{"taxonomy":"product_cat","embeddable":true,"href":"https:\/\/tuzlahortum.com.tr\/fr\/wp-json\/wp\/v2\/product_cat?post=674"},{"taxonomy":"product_tag","embeddable":true,"href":"https:\/\/tuzlahortum.com.tr\/fr\/wp-json\/wp\/v2\/product_tag?post=674"}],"curies":[{"name":"wp","href":"https:\/\/api.w.org\/{rel}","templated":true}]}}