{"id":672,"date":"2019-02-06T23:52:25","date_gmt":"2019-02-06T20:52:25","guid":{"rendered":"http:\/\/hortum.com.tr\/product\/import-placeholder-for-275\/"},"modified":"2024-03-21T17:44:08","modified_gmt":"2024-03-21T14:44:08","slug":"paslanmaz-hidrolik-otomatik-rekor","status":"publish","type":"product","link":"https:\/\/tuzlahortum.com.tr\/fr\/produit\/paslanmaz-hidrolik-otomatik-rekor\/","title":{"rendered":"Union automatique hydraulique en acier inoxydable"},"content":{"rendered":"<h2>Union automatique hydraulique en acier inoxydable<\/h2>\n<p>Les raccords automatiques de la s\u00e9rie QCSS, enti\u00e8rement fabriqu\u00e9s en acier inoxydable de qualit\u00e9 AISI 316-L, ont une excellente r\u00e9sistance \u00e0 toutes sortes de produits chimiques et \u00e0 la corrosion.<br \/>Dans la s\u00e9rie QCSS, o\u00f9 l&#039;\u00e9tanch\u00e9it\u00e9 VITON est utilis\u00e9e en standard, des ressorts sp\u00e9ciaux r\u00e9sistants aux temp\u00e9ratures \u00e9lev\u00e9es sont utilis\u00e9s.<\/p>\n<p>\u00a0<\/p>\n<table border=\"0\" width=\"1022\">\n<tbody>\n<tr>\n<td width=\"578\">Compatibilit\u00e9<\/td>\n<td width=\"444\">ISO 7241-A<\/td>\n<\/tr>\n<tr>\n<td width=\"578\">Syst\u00e8me de soupape<\/td>\n<td width=\"444\">\u00e9pingl\u00e9<\/td>\n<\/tr>\n<tr>\n<td width=\"578\">Mat\u00e9riel\u00a0<\/td>\n<td width=\"444\">Inox 316-L<\/td>\n<\/tr>\n<tr>\n<td width=\"578\">Taille de vis\u00a0<\/td>\n<td width=\"444\">BSP (en option\u00a0: NPT, m\u00e9trique)<\/td>\n<\/tr>\n<tr>\n<td width=\"578\">Scellage\u00a0<\/td>\n<td width=\"444\">VITON<\/td>\n<\/tr>\n<tr>\n<td width=\"578\">Temp\u00e9rature de fonctionnement\u00a0<\/td>\n<td width=\"444\">-30 \u00b0C \u00e0 +225 \u00b0C<\/td>\n<\/tr>\n<tr>\n<td width=\"578\">Syst\u00e8me d&#039;accueil\u00a0<\/td>\n<td width=\"444\">L&#039;anneau est tir\u00e9 en arri\u00e8re<\/td>\n<\/tr>\n<tr>\n<td width=\"578\">Syst\u00e8me d&#039;extraction\u00a0<\/td>\n<td width=\"444\">L&#039;anneau est tir\u00e9 en arri\u00e8re<\/td>\n<\/tr>\n<tr>\n<td width=\"578\">Enfichable sous pression<\/td>\n<td width=\"444\">ne peut pas \u00eatre fait<\/td>\n<\/tr>\n<tr>\n<td width=\"578\">Amovible sous pression<\/td>\n<td width=\"444\">ne peut pas \u00eatre fait<\/td>\n<\/tr>\n<tr>\n<td width=\"578\">Dans des circonstances particuli\u00e8res<\/td>\n<td width=\"444\">EPDM (Sp\u00e9cial pour les applications Vapeur), Polyur\u00e9thane (PU), Silicone (MVQ)\u00a0<\/td>\n<\/tr>\n<tr>\n<td width=\"578\">Zone d&#039;utilisation<\/td>\n<td width=\"444\">Marine, alimentaire, pharmaceutique, m\u00e9dicale, chimique, irrigation, papier, peinture, textile, gaz, aviation<\/td>\n<\/tr>\n<\/tbody>\n<\/table>","protected":false},"excerpt":{"rendered":"<p>Paslanmaz Hidrolik Otomatik Rekor Komple olarak AISI 316-L kalite paslanmaz \u00e7elikten imal edilen QCSS Serisi Otomatik Rekorlar her t\u00fcrl\u00fc kimyasal ve korozyona kar\u015f\u0131 m\u00fckemmel dirence sahiptir.Standart olarak V\u0130TON s\u0131zd\u0131rmazl\u0131k kullan\u0131lan QCSS serisinde y\u00fcksek \u0131s\u0131ya dayan\u0131kl\u0131 \u00f6zel yaylar kullan\u0131lmaktad\u0131r. \u00a0 Uyumluluk ISO 7241-A Valf Sistemi Pimli Malzeme\u00a0 316-L kalite paslanmaz \u00e7elik Vida \u00d6l\u00e7\u00fcs\u00fc\u00a0 BSP (\u0130ste\u011fe Ba\u011fl\u0131: [&#8230;]\n","protected":false},"featured_media":2882,"comment_status":"open","ping_status":"closed","template":"","meta":{"jetpack_post_was_ever_published":false},"product_brand":[],"product_cat":[91],"product_tag":[646,649,647,648,666,667,252],"class_list":{"0":"post-672","1":"product","2":"type-product","3":"status-publish","4":"has-post-thumbnail","6":"product_cat-hidrolik-baglanti-elemanlari","7":"product_tag-celik","8":"product_tag-galvaniz-kaplama","9":"product_tag-hidrolik","10":"product_tag-otomatik-rekor","11":"product_tag-paslanmaz","12":"product_tag-paslanmaz-hidrolik-otomatik-rekor","13":"product_tag-rekor","15":"first","16":"instock","17":"taxable","18":"shipping-taxable","19":"product-type-variable"},"jetpack-related-posts":[{"id":669,"url":"https:\/\/tuzlahortum.com.tr\/fr\/produit\/hidrolik-bilya-gobekli-otomatik-rekor\/","url_meta":{"origin":672,"position":0},"title":"Union automatique de centre de boule hydraulique","author":"admin","date":"6 f\u00e9vrier 2019","format":false,"excerpt":"Hidrolik Bilya G\u00f6bekli Otomatik RekorBT Serisi Hidrolik Bilya G\u00f6bekli Otomatik Rekorlar pek\u00e7ok end\u00fcstriyel alanda hidrolik \u00e7abuk ba\u011flant\u0131 eleman\u0131 olarak kullan\u0131lmaktad\u0131rlar.\u00a0BT Serisi'nde erkek u\u00e7lar \u0131s\u0131l i\u015flem uygulanarak sertle\u015ftirilmi\u015ftir.Valf SistemiBilyal\u0131Malzeme\u00a0Otomat \u00c7eli\u011fiVida \u00d6l\u00e7\u00fcs\u00fc\u00a0BSP (\u0130ste\u011fe Ba\u011fl\u0131: NPT, Metrik)S\u0131zd\u0131rmazl\u0131k\u00a0Nitril O-ring (NBR)\u00c7al\u0131\u015fma S\u0131cakl\u0131\u011f\u0131\u00a0-30 \u00b0C ile +110 \u00b0CKaplama\u00a0Galvaniz (Chrome III pasivasyon)Is\u0131l \u0130\u015flemOtomatik Erkek RekorTakma SistemiY\u00fcz\u00fck geri \u00e7ekilerek\u00c7\u0131karma\u2026","rel":"","context":"Article similaire","block_context":{"text":"Article similaire","link":""},"img":{"alt_text":"","src":"https:\/\/i0.wp.com\/tuzlahortum.com.tr\/wp-content\/uploads\/2019\/02\/Hidrolik-Bilya-G%C3%B6bekli-Otomatik-Rekor.jpg?fit=400%2C400&ssl=1&resize=350%2C200","width":350,"height":200},"classes":[]},{"id":874,"url":"https:\/\/tuzlahortum.com.tr\/fr\/produit\/hidrolik-otomatik-rekor\/","url_meta":{"origin":672,"position":1},"title":"Enregistrement automatique hydraulique","author":"admin","date":"6 f\u00e9vrier 2019","format":false,"excerpt":"Hidrolik Otomatik RekorQC Serisi Hidrolik Otomatik Rekorlar pek \u00e7ok tar\u0131msal ve end\u00fcstriyel alanda hidrolik \u00e7abuk\u00a0ba\u011flant\u0131 eleman\u0131 olarak kullan\u0131lmaktad\u0131rlar.QC Serisi'nde erkek u\u00e7lar \u0131s\u0131l i\u015flem uygulanarak sertle\u015ftirilmi\u015ftir.UyumlulukISO 7241-AValf SistemiPimliMalzemeOtomat \u00c7eli\u011fiVida \u00d6l\u00e7\u00fcs\u00fcBSP (\u0130ste\u011fe Ba\u011fl\u0131: Metrik)S\u0131zd\u0131rmazl\u0131kNitril O-ring (NBR)\u00c7al\u0131\u015fma S\u0131cakl\u0131\u011f\u0131-30 \u00b0C ile +110 \u00b0CKaplamaGalvaniz (Chrome III pasivasyon)Is\u0131l \u0130\u015flemOtomatik Erkek RekorTakma SistemiY\u00fcz\u00fck geri \u00e7ekilerek\u00c7\u0131karma SistemiY\u00fcz\u00fck geri\u2026","rel":"","context":"Article similaire","block_context":{"text":"Article similaire","link":""},"img":{"alt_text":"","src":"https:\/\/i0.wp.com\/tuzlahortum.com.tr\/wp-content\/uploads\/2019\/02\/Hidrolik-Otomatik-Rekor.jpg?fit=400%2C400&ssl=1&resize=350%2C200","width":350,"height":200},"classes":[]},{"id":7222,"url":"https:\/\/tuzlahortum.com.tr\/fr\/produit\/hava-jak-cesitleri-hortumgovde-uc\/","url_meta":{"origin":672,"position":2},"title":"Types de prise d&#039;air (tuyau, extr\u00e9mit\u00e9 du corps)","author":"\u0130smail \u00c7elik","date":"8 mars 2019","format":false,"excerpt":"Hava Jak \u00c7e\u015fitleri (Hortum,G\u00f6vde-U\u00e7)PN25 Serisi Pn\u00f6matik Otomatik Rekorlar bas\u0131n\u00e7 alt\u0131nda tek elle s\u00f6k\u00fcl\u00fcp tak\u0131labilme \u00f6zelli\u011fine sahiptir. PN25 serisinde yaylar krom nikeldir.\u00a0 Pn25 Serisi Pn\u00f6matik Otomatik Rekorlar, sa\u011flam ve dayan\u0131kl\u0131 yap\u0131lar\u0131, y\u00fcksek hava ak\u0131m kapasiteleri ve kullan\u0131m kolayl\u0131\u011f\u0131 sayesinde t\u00fcm sanayide bas\u0131n\u00e7l\u0131 hava hatlar\u0131nda g\u00fcvenle kullan\u0131lmaktad\u0131r. Uyumluluk Rectus 26 (Avrupa Standard\u0131)\u2026","rel":"","context":"Article similaire","block_context":{"text":"Article similaire","link":""},"img":{"alt_text":"","src":"https:\/\/i0.wp.com\/tuzlahortum.com.tr\/wp-content\/uploads\/2019\/03\/hava-jak-%C3%A7e%C5%9Fitleri.jpg?fit=502%2C570&ssl=1&resize=350%2C200","width":350,"height":200},"classes":[]},{"id":875,"url":"https:\/\/tuzlahortum.com.tr\/fr\/produit\/hava-jak-cesitleri-erkek-disigovde-uc\/","url_meta":{"origin":672,"position":3},"title":"Types de prise d&#039;air (m\u00e2le-femelle, corps-pointe)","author":"admin","date":"6 f\u00e9vrier 2019","format":false,"excerpt":"Hava Jak \u00c7e\u015fitleri (Erkek-Di\u015fi,G\u00f6vde-U\u00e7)PN25 Serisi Pn\u00f6matik Otomatik Rekorlar bas\u0131n\u00e7 alt\u0131nda tek elle s\u00f6k\u00fcl\u00fcp tak\u0131labilme \u00f6zelli\u011fine sahiptir. PN25 serisinde yaylar krom nikeldir.\u00a0 Pn25 Serisi Pn\u00f6matik Otomatik Rekorlar, sa\u011flam ve dayan\u0131kl\u0131 yap\u0131lar\u0131, y\u00fcksek hava ak\u0131m kapasiteleri ve kullan\u0131m kolayl\u0131\u011f\u0131 sayesinde t\u00fcm sanayide bas\u0131n\u00e7l\u0131 hava hatlar\u0131nda g\u00fcvenle kullan\u0131lmaktad\u0131r. Uyumluluk Rectus 26 (Avrupa Standard\u0131)\u2026","rel":"","context":"Article similaire","block_context":{"text":"Article similaire","link":""},"img":{"alt_text":"","src":"https:\/\/i0.wp.com\/tuzlahortum.com.tr\/wp-content\/uploads\/2019\/03\/hava-jak-%C3%A7e%C5%9Fitleri.jpg?fit=502%2C570&ssl=1&resize=350%2C200","width":350,"height":200},"classes":[]},{"id":1013,"url":"https:\/\/tuzlahortum.com.tr\/fr\/produit\/semiafs-inox\/","url_meta":{"origin":672,"position":4},"title":"SEMIAFS-INOX","author":"admin","date":"7 f\u00e9vrier 2019","format":false,"excerpt":"SEMIAFS-INOXPaslanmaz \u00e7elik yar\u0131 esnek hava kanallar\u0131 Genel \u00d6zellikler Flexible Kanal Konstr\u00fcksiyonu 1 kat Paslanmaz \u00c7elik (316 L) (koruge) Flexible Kanal Nominal Kal\u0131nl\u0131\u011f\u0131 100 mikron \u00c7ap Aral\u0131\u011f\u0131 80 mm - 800 mm \u00c7al\u0131\u015fma S\u0131cakl\u0131\u011f\u0131 Aral\u0131\u011f\u0131 -30 \u00b0C \/ +800 \u00b0C Hava Ak\u0131\u015f H\u0131z\u0131 30 m\/s (maksimum) \u00c7al\u0131\u015fma Bas\u0131nc\u0131 3000 Pa (maksimum)\u2026","rel":"","context":"Article similaire","block_context":{"text":"Article similaire","link":""},"img":{"alt_text":"","src":"https:\/\/i0.wp.com\/tuzlahortum.com.tr\/wp-content\/uploads\/urunler\/afs\/SEMIAFS-INOX.png?fit=550%2C410&ssl=1&resize=350%2C200","width":350,"height":200,"srcset":"https:\/\/i0.wp.com\/tuzlahortum.com.tr\/wp-content\/uploads\/urunler\/afs\/SEMIAFS-INOX.png?fit=550%2C410&ssl=1&resize=350%2C200 1x, https:\/\/i0.wp.com\/tuzlahortum.com.tr\/wp-content\/uploads\/urunler\/afs\/SEMIAFS-INOX.png?fit=550%2C410&ssl=1&resize=525%2C300 1.5x"},"classes":[]},{"id":801,"url":"https:\/\/tuzlahortum.com.tr\/fr\/produit\/paslanmaz-flex-hortum\/","url_meta":{"origin":672,"position":5},"title":"Tuyau flexible en acier inoxydable","author":"admin","date":"6 f\u00e9vrier 2019","format":false,"excerpt":"Paslanmaz Flex Hortum\u00d6ZEL S\u0130PAR\u0130\u015eLER HORTUM U\u00c7LARINA REKOR VE FLAN\u015e YAPILIR 1. Hortum k\u00f6r\u00fc\u011f\u00fc :AISI 304, tel \u00f6rg\u00fcs\u00fc AISI 304\u00a0kalite paslanmaz \u00e7elik. 2. S\u0131cakl\u0131k aral\u0131\u011f\u0131 : -250\u00b0C\u00a0\u00a0ile +500\u00b0C 3. Y\u00fcksek fiziksel gerilme ve hafiflik 4. Korozyon onleyici 5. Ate\u015fe, neme, a\u015f\u0131nmaya ve panetran s\u0131v\u0131ya dayan\u0131kl\u0131 6. Pompa, Kompres\u00f6r, Motor vb. makinelarin\u2026","rel":"","context":"Article similaire","block_context":{"text":"Article similaire","link":""},"img":{"alt_text":"Paslanmaz Flex Hortum","src":"https:\/\/i0.wp.com\/tuzlahortum.com.tr\/wp-content\/uploads\/2019\/02\/Paslanmaz-Flex-Hortum.jpg?fit=800%2C579&ssl=1&resize=350%2C200","width":350,"height":200,"srcset":"https:\/\/i0.wp.com\/tuzlahortum.com.tr\/wp-content\/uploads\/2019\/02\/Paslanmaz-Flex-Hortum.jpg?fit=800%2C579&ssl=1&resize=350%2C200 1x, https:\/\/i0.wp.com\/tuzlahortum.com.tr\/wp-content\/uploads\/2019\/02\/Paslanmaz-Flex-Hortum.jpg?fit=800%2C579&ssl=1&resize=525%2C300 1.5x, https:\/\/i0.wp.com\/tuzlahortum.com.tr\/wp-content\/uploads\/2019\/02\/Paslanmaz-Flex-Hortum.jpg?fit=800%2C579&ssl=1&resize=700%2C400 2x"},"classes":[]}],"jetpack_sharing_enabled":true,"jetpack_likes_enabled":true,"_links":{"self":[{"href":"https:\/\/tuzlahortum.com.tr\/fr\/wp-json\/wp\/v2\/product\/672","targetHints":{"allow":["GET"]}}],"collection":[{"href":"https:\/\/tuzlahortum.com.tr\/fr\/wp-json\/wp\/v2\/product"}],"about":[{"href":"https:\/\/tuzlahortum.com.tr\/fr\/wp-json\/wp\/v2\/types\/product"}],"replies":[{"embeddable":true,"href":"https:\/\/tuzlahortum.com.tr\/fr\/wp-json\/wp\/v2\/comments?post=672"}],"wp:featuredmedia":[{"embeddable":true,"href":"https:\/\/tuzlahortum.com.tr\/fr\/wp-json\/wp\/v2\/media\/2882"}],"wp:attachment":[{"href":"https:\/\/tuzlahortum.com.tr\/fr\/wp-json\/wp\/v2\/media?parent=672"}],"wp:term":[{"taxonomy":"product_brand","embeddable":true,"href":"https:\/\/tuzlahortum.com.tr\/fr\/wp-json\/wp\/v2\/product_brand?post=672"},{"taxonomy":"product_cat","embeddable":true,"href":"https:\/\/tuzlahortum.com.tr\/fr\/wp-json\/wp\/v2\/product_cat?post=672"},{"taxonomy":"product_tag","embeddable":true,"href":"https:\/\/tuzlahortum.com.tr\/fr\/wp-json\/wp\/v2\/product_tag?post=672"}],"curies":[{"name":"wp","href":"https:\/\/api.w.org\/{rel}","templated":true}]}}