{"id":669,"date":"2019-02-06T23:52:24","date_gmt":"2019-02-06T20:52:24","guid":{"rendered":"http:\/\/hortum.com.tr\/product\/import-placeholder-for-274\/"},"modified":"2024-03-21T17:44:10","modified_gmt":"2024-03-21T14:44:10","slug":"hidrolik-bilya-gobekli-otomatik-rekor","status":"publish","type":"product","link":"https:\/\/tuzlahortum.com.tr\/fr\/produit\/hidrolik-bilya-gobekli-otomatik-rekor\/","title":{"rendered":"Union automatique de centre de boule hydraulique"},"content":{"rendered":"<h2>Union automatique de centre de boule hydraulique<\/h2>\n<p>Les raccords automatiques hydrauliques \u00e0 centre sph\u00e9rique de la s\u00e9rie BT sont utilis\u00e9s comme raccords rapides hydrauliques dans de nombreux domaines industriels.\u00a0<br \/>Dans la s\u00e9rie BT, les extr\u00e9mit\u00e9s m\u00e2les sont durcies par traitement thermique.<\/p>\n<p><img data-recalc-dims=\"1\" loading=\"lazy\" decoding=\"async\" class=\"alignnone size-full wp-image-2878\" src=\"https:\/\/i0.wp.com\/hortum.com.tr\/wp-content\/uploads\/2019\/02\/Hidrolik-Bilya-G%C3%B6bekli-Otomatik-Rekor2.jpg?resize=463%2C219\" alt=\"\" width=\"463\" height=\"219\" title=\"\"><\/p>\n<table border=\"0\" width=\"1022\">\n<tbody>\n<tr>\n<td width=\"578\">Syst\u00e8me de soupape<\/td>\n<td width=\"444\">roulement \u00e0 billes<\/td>\n<\/tr>\n<tr>\n<td>Mat\u00e9riel\u00a0<\/td>\n<td>Acier de coupe libre<\/td>\n<\/tr>\n<tr>\n<td>Taille de vis\u00a0<\/td>\n<td>BSP (en option\u00a0: NPT, m\u00e9trique)<\/td>\n<\/tr>\n<tr>\n<td>Scellage\u00a0<\/td>\n<td>Joint torique en nitrile (NBR)<\/td>\n<\/tr>\n<tr>\n<td>Temp\u00e9rature de fonctionnement\u00a0<\/td>\n<td>-30 \u00b0C \u00e0 +110 \u00b0C<\/td>\n<\/tr>\n<tr>\n<td>Couvrant\u00a0<\/td>\n<td>Galvanis\u00e9 (passivation Chrome III)<\/td>\n<\/tr>\n<tr>\n<td>Traitement thermique<\/td>\n<td>Enregistrement masculin automatique<\/td>\n<\/tr>\n<tr>\n<td>Syst\u00e8me d&#039;accueil<\/td>\n<td>L&#039;anneau est tir\u00e9 en arri\u00e8re<\/td>\n<\/tr>\n<tr>\n<td>Syst\u00e8me d&#039;extraction<\/td>\n<td>L&#039;anneau est tir\u00e9 en arri\u00e8re<\/td>\n<\/tr>\n<tr>\n<td>Enfichable sous pression<\/td>\n<td>ne peut pas \u00eatre fait<\/td>\n<\/tr>\n<tr>\n<td>Amovible sous pression<\/td>\n<td>ne peut pas \u00eatre fait<\/td>\n<\/tr>\n<tr>\n<td>Dans des circonstances particuli\u00e8res<\/td>\n<td>VITON &amp; Ressort sp\u00e9cial r\u00e9sistant \u00e0 la chaleur (-30 \u00b0C \u00e0 +225 \u00b0C)<\/td>\n<\/tr>\n<tr>\n<td>Zone d&#039;utilisation<\/td>\n<td>Applications industrielles g\u00e9n\u00e9rales<\/td>\n<\/tr>\n<\/tbody>\n<\/table>\n<p>\u00a0<\/p>\n<p>\u00a0<\/p>\n<p>\u00a0<\/p>\n<p>\u00a0<\/p>\n<p>\u00a0<\/p>\n<p>\u00a0<\/p>\n<p>\u00a0<\/p>\n<p>\u00a0<\/p>\n<p>\u00a0<\/p>\n<p>\u00a0<\/p>","protected":false},"excerpt":{"rendered":"<p>Hidrolik Bilya G\u00f6bekli Otomatik Rekor BT Serisi Hidrolik Bilya G\u00f6bekli Otomatik Rekorlar pek\u00e7ok end\u00fcstriyel alanda hidrolik \u00e7abuk ba\u011flant\u0131 eleman\u0131 olarak kullan\u0131lmaktad\u0131rlar.\u00a0BT Serisi&#8217;nde erkek u\u00e7lar \u0131s\u0131l i\u015flem uygulanarak sertle\u015ftirilmi\u015ftir. Valf Sistemi Bilyal\u0131 Malzeme\u00a0 Otomat \u00c7eli\u011fi Vida \u00d6l\u00e7\u00fcs\u00fc\u00a0 BSP (\u0130ste\u011fe Ba\u011fl\u0131: NPT, Metrik) S\u0131zd\u0131rmazl\u0131k\u00a0 Nitril O-ring (NBR) \u00c7al\u0131\u015fma S\u0131cakl\u0131\u011f\u0131\u00a0 -30 \u00b0C ile +110 \u00b0C Kaplama\u00a0 Galvaniz (Chrome [&#8230;]\n","protected":false},"featured_media":2877,"comment_status":"open","ping_status":"closed","template":"","meta":{"jetpack_post_was_ever_published":false},"product_brand":[],"product_cat":[91],"product_tag":[650,651,646,649,653,647,2271,2272,657,655,648,296,652,656,654],"class_list":{"0":"post-669","1":"product","2":"type-product","3":"status-publish","4":"has-post-thumbnail","6":"product_cat-hidrolik-baglanti-elemanlari","7":"product_tag-30-c","8":"product_tag-110-c","9":"product_tag-celik","10":"product_tag-galvaniz-kaplama","11":"product_tag-havacilik","12":"product_tag-hidrolik","13":"product_tag-hidrolik-bilya-gobekli","14":"product_tag-hidrolik-bilya-gobekli-otomatik-rekor","15":"product_tag-hidrolik-sistemlerde","16":"product_tag-makine","17":"product_tag-otomatik-rekor","18":"product_tag-otomotiv","19":"product_tag-tarim","20":"product_tag-techizat","21":"product_tag-yapi-ve-savunma","23":"first","24":"instock","25":"taxable","26":"shipping-taxable","27":"product-type-variable"},"jetpack-related-posts":[{"id":874,"url":"https:\/\/tuzlahortum.com.tr\/fr\/produit\/hidrolik-otomatik-rekor\/","url_meta":{"origin":669,"position":0},"title":"Enregistrement automatique hydraulique","author":"admin","date":"6 f\u00e9vrier 2019","format":false,"excerpt":"Hidrolik Otomatik RekorQC Serisi Hidrolik Otomatik Rekorlar pek \u00e7ok tar\u0131msal ve end\u00fcstriyel alanda hidrolik \u00e7abuk\u00a0ba\u011flant\u0131 eleman\u0131 olarak kullan\u0131lmaktad\u0131rlar.QC Serisi'nde erkek u\u00e7lar \u0131s\u0131l i\u015flem uygulanarak sertle\u015ftirilmi\u015ftir.UyumlulukISO 7241-AValf SistemiPimliMalzemeOtomat \u00c7eli\u011fiVida \u00d6l\u00e7\u00fcs\u00fcBSP (\u0130ste\u011fe Ba\u011fl\u0131: Metrik)S\u0131zd\u0131rmazl\u0131kNitril O-ring (NBR)\u00c7al\u0131\u015fma S\u0131cakl\u0131\u011f\u0131-30 \u00b0C ile +110 \u00b0CKaplamaGalvaniz (Chrome III pasivasyon)Is\u0131l \u0130\u015flemOtomatik Erkek RekorTakma SistemiY\u00fcz\u00fck geri \u00e7ekilerek\u00c7\u0131karma SistemiY\u00fcz\u00fck geri\u2026","rel":"","context":"Article similaire","block_context":{"text":"Article similaire","link":""},"img":{"alt_text":"","src":"https:\/\/i0.wp.com\/tuzlahortum.com.tr\/wp-content\/uploads\/2019\/02\/Hidrolik-Otomatik-Rekor.jpg?fit=400%2C400&ssl=1&resize=350%2C200","width":350,"height":200},"classes":[]},{"id":875,"url":"https:\/\/tuzlahortum.com.tr\/fr\/produit\/hava-jak-cesitleri-erkek-disigovde-uc\/","url_meta":{"origin":669,"position":1},"title":"Types de prise d&#039;air (m\u00e2le-femelle, corps-pointe)","author":"admin","date":"6 f\u00e9vrier 2019","format":false,"excerpt":"Hava Jak \u00c7e\u015fitleri (Erkek-Di\u015fi,G\u00f6vde-U\u00e7)PN25 Serisi Pn\u00f6matik Otomatik Rekorlar bas\u0131n\u00e7 alt\u0131nda tek elle s\u00f6k\u00fcl\u00fcp tak\u0131labilme \u00f6zelli\u011fine sahiptir. PN25 serisinde yaylar krom nikeldir.\u00a0 Pn25 Serisi Pn\u00f6matik Otomatik Rekorlar, sa\u011flam ve dayan\u0131kl\u0131 yap\u0131lar\u0131, y\u00fcksek hava ak\u0131m kapasiteleri ve kullan\u0131m kolayl\u0131\u011f\u0131 sayesinde t\u00fcm sanayide bas\u0131n\u00e7l\u0131 hava hatlar\u0131nda g\u00fcvenle kullan\u0131lmaktad\u0131r. Uyumluluk Rectus 26 (Avrupa Standard\u0131)\u2026","rel":"","context":"Article similaire","block_context":{"text":"Article similaire","link":""},"img":{"alt_text":"","src":"https:\/\/i0.wp.com\/tuzlahortum.com.tr\/wp-content\/uploads\/2019\/03\/hava-jak-%C3%A7e%C5%9Fitleri.jpg?fit=502%2C570&ssl=1&resize=350%2C200","width":350,"height":200},"classes":[]},{"id":672,"url":"https:\/\/tuzlahortum.com.tr\/fr\/produit\/paslanmaz-hidrolik-otomatik-rekor\/","url_meta":{"origin":669,"position":2},"title":"Union automatique hydraulique en acier inoxydable","author":"admin","date":"6 f\u00e9vrier 2019","format":false,"excerpt":"Paslanmaz Hidrolik Otomatik RekorKomple olarak AISI 316-L kalite paslanmaz \u00e7elikten imal edilen QCSS Serisi Otomatik Rekorlar her t\u00fcrl\u00fc kimyasal ve korozyona kar\u015f\u0131 m\u00fckemmel dirence sahiptir.Standart olarak V\u0130TON s\u0131zd\u0131rmazl\u0131k kullan\u0131lan QCSS serisinde y\u00fcksek \u0131s\u0131ya dayan\u0131kl\u0131 \u00f6zel yaylar kullan\u0131lmaktad\u0131r.\u00a0UyumlulukISO 7241-AValf SistemiPimliMalzeme\u00a0316-L kalite paslanmaz \u00e7elikVida \u00d6l\u00e7\u00fcs\u00fc\u00a0BSP (\u0130ste\u011fe Ba\u011fl\u0131: NPT, Metrik)S\u0131zd\u0131rmazl\u0131k\u00a0V\u0130TON\u00c7al\u0131\u015fma S\u0131cakl\u0131\u011f\u0131\u00a0-30 \u00b0C ile\u2026","rel":"","context":"Article similaire","block_context":{"text":"Article similaire","link":""},"img":{"alt_text":"","src":"https:\/\/i0.wp.com\/tuzlahortum.com.tr\/wp-content\/uploads\/2019\/02\/Paslanmaz-Hidrolik-Otomatik-Rekor.jpg?fit=400%2C400&ssl=1&resize=350%2C200","width":350,"height":200},"classes":[]},{"id":7222,"url":"https:\/\/tuzlahortum.com.tr\/fr\/produit\/hava-jak-cesitleri-hortumgovde-uc\/","url_meta":{"origin":669,"position":3},"title":"Types de prise d&#039;air (tuyau, extr\u00e9mit\u00e9 du corps)","author":"\u0130smail \u00c7elik","date":"8 mars 2019","format":false,"excerpt":"Hava Jak \u00c7e\u015fitleri (Hortum,G\u00f6vde-U\u00e7)PN25 Serisi Pn\u00f6matik Otomatik Rekorlar bas\u0131n\u00e7 alt\u0131nda tek elle s\u00f6k\u00fcl\u00fcp tak\u0131labilme \u00f6zelli\u011fine sahiptir. PN25 serisinde yaylar krom nikeldir.\u00a0 Pn25 Serisi Pn\u00f6matik Otomatik Rekorlar, sa\u011flam ve dayan\u0131kl\u0131 yap\u0131lar\u0131, y\u00fcksek hava ak\u0131m kapasiteleri ve kullan\u0131m kolayl\u0131\u011f\u0131 sayesinde t\u00fcm sanayide bas\u0131n\u00e7l\u0131 hava hatlar\u0131nda g\u00fcvenle kullan\u0131lmaktad\u0131r. Uyumluluk Rectus 26 (Avrupa Standard\u0131)\u2026","rel":"","context":"Article similaire","block_context":{"text":"Article similaire","link":""},"img":{"alt_text":"","src":"https:\/\/i0.wp.com\/tuzlahortum.com.tr\/wp-content\/uploads\/2019\/03\/hava-jak-%C3%A7e%C5%9Fitleri.jpg?fit=502%2C570&ssl=1&resize=350%2C200","width":350,"height":200},"classes":[]},{"id":675,"url":"https:\/\/tuzlahortum.com.tr\/fr\/produit\/hidrolik-kuresel-vana\/","url_meta":{"origin":669,"position":4},"title":"Vanne \u00e0 bille hydraulique","author":"admin","date":"6 f\u00e9vrier 2019","format":false,"excerpt":"Hidrolik K\u00fcresel VanaBv2 Serisi Hidrolik 2 Yollu K\u00fcresel Vanalar, ak\u0131\u015fkan\u0131n a\u00e7ma ve k\u0131s\u0131lmas\u0131nda kullan\u0131l\u0131rlar. Kolayca a\u00e7\u0131l\u0131p kapanabilmeleri ak\u0131\u015fkan ge\u00e7i\u015finin rahat olmas\u0131n\u0131 sa\u011flar. Volumetrik yap\u0131lar\u0131ndan dolay\u0131 h\u0131zl\u0131 ve verimli \u00e7al\u0131\u015f\u0131rlar ve ak\u0131\u015fkanda olu\u015fabilecek kavitasyonlar\u0131 engellerler. \u0130stenildi\u011finde kare pim \u00fczerindeki kilitleme pulu yard\u0131m\u0131yla a\u00e7\u0131k veya kapal\u0131 olarak kilitlenebilirler.\u00a0BV2 Serisi Hidrolik 2 Yollu\u2026","rel":"","context":"Article similaire","block_context":{"text":"Article similaire","link":""},"img":{"alt_text":"","src":"https:\/\/i0.wp.com\/tuzlahortum.com.tr\/wp-content\/uploads\/2019\/02\/Hidrolik-K%C3%BCresel-Vana.jpg?fit=400%2C400&ssl=1&resize=350%2C200","width":350,"height":200},"classes":[]},{"id":801,"url":"https:\/\/tuzlahortum.com.tr\/fr\/produit\/paslanmaz-flex-hortum\/","url_meta":{"origin":669,"position":5},"title":"Tuyau flexible en acier inoxydable","author":"admin","date":"6 f\u00e9vrier 2019","format":false,"excerpt":"Paslanmaz Flex Hortum\u00d6ZEL S\u0130PAR\u0130\u015eLER HORTUM U\u00c7LARINA REKOR VE FLAN\u015e YAPILIR 1. Hortum k\u00f6r\u00fc\u011f\u00fc :AISI 304, tel \u00f6rg\u00fcs\u00fc AISI 304\u00a0kalite paslanmaz \u00e7elik. 2. S\u0131cakl\u0131k aral\u0131\u011f\u0131 : -250\u00b0C\u00a0\u00a0ile +500\u00b0C 3. Y\u00fcksek fiziksel gerilme ve hafiflik 4. Korozyon onleyici 5. Ate\u015fe, neme, a\u015f\u0131nmaya ve panetran s\u0131v\u0131ya dayan\u0131kl\u0131 6. Pompa, Kompres\u00f6r, Motor vb. makinelarin\u2026","rel":"","context":"Article similaire","block_context":{"text":"Article similaire","link":""},"img":{"alt_text":"Paslanmaz Flex Hortum","src":"https:\/\/i0.wp.com\/tuzlahortum.com.tr\/wp-content\/uploads\/2019\/02\/Paslanmaz-Flex-Hortum.jpg?fit=800%2C579&ssl=1&resize=350%2C200","width":350,"height":200,"srcset":"https:\/\/i0.wp.com\/tuzlahortum.com.tr\/wp-content\/uploads\/2019\/02\/Paslanmaz-Flex-Hortum.jpg?fit=800%2C579&ssl=1&resize=350%2C200 1x, https:\/\/i0.wp.com\/tuzlahortum.com.tr\/wp-content\/uploads\/2019\/02\/Paslanmaz-Flex-Hortum.jpg?fit=800%2C579&ssl=1&resize=525%2C300 1.5x, https:\/\/i0.wp.com\/tuzlahortum.com.tr\/wp-content\/uploads\/2019\/02\/Paslanmaz-Flex-Hortum.jpg?fit=800%2C579&ssl=1&resize=700%2C400 2x"},"classes":[]}],"jetpack_sharing_enabled":true,"jetpack_likes_enabled":true,"_links":{"self":[{"href":"https:\/\/tuzlahortum.com.tr\/fr\/wp-json\/wp\/v2\/product\/669","targetHints":{"allow":["GET"]}}],"collection":[{"href":"https:\/\/tuzlahortum.com.tr\/fr\/wp-json\/wp\/v2\/product"}],"about":[{"href":"https:\/\/tuzlahortum.com.tr\/fr\/wp-json\/wp\/v2\/types\/product"}],"replies":[{"embeddable":true,"href":"https:\/\/tuzlahortum.com.tr\/fr\/wp-json\/wp\/v2\/comments?post=669"}],"wp:featuredmedia":[{"embeddable":true,"href":"https:\/\/tuzlahortum.com.tr\/fr\/wp-json\/wp\/v2\/media\/2877"}],"wp:attachment":[{"href":"https:\/\/tuzlahortum.com.tr\/fr\/wp-json\/wp\/v2\/media?parent=669"}],"wp:term":[{"taxonomy":"product_brand","embeddable":true,"href":"https:\/\/tuzlahortum.com.tr\/fr\/wp-json\/wp\/v2\/product_brand?post=669"},{"taxonomy":"product_cat","embeddable":true,"href":"https:\/\/tuzlahortum.com.tr\/fr\/wp-json\/wp\/v2\/product_cat?post=669"},{"taxonomy":"product_tag","embeddable":true,"href":"https:\/\/tuzlahortum.com.tr\/fr\/wp-json\/wp\/v2\/product_tag?post=669"}],"curies":[{"name":"wp","href":"https:\/\/api.w.org\/{rel}","templated":true}]}}