{"id":668,"date":"2019-02-06T23:52:06","date_gmt":"2019-02-06T20:52:06","guid":{"rendered":"http:\/\/hortum.com.tr\/product\/import-placeholder-for-246\/"},"modified":"2024-03-21T17:44:11","modified_gmt":"2024-03-21T14:44:11","slug":"tc-25","status":"publish","type":"product","link":"https:\/\/tuzlahortum.com.tr\/fr\/produit\/tc-25\/","title":{"rendered":"CT 25"},"content":{"rendered":"<h2>CT 25<\/h2>\n<div>MAT\u00c9RIEL:<\/div>\n<div>Paroi du tuyau : tissu enduit de PVC<\/div>\n<div>\u2022 Poids : 850 gr\/m2<\/div>\n<div>\u2022 R\u00e9sistance \u00e0 la traction : 320 \/ 300 kg.F<\/div>\n<div>\u2022 R\u00e9sistance \u00e0 la d\u00e9chirure : 37 \/ 45 kg.F<\/div>\n<div>\u2022 \u00c9paisseur\u00a0: 0,65\u00a0mm<\/div>\n<div>\u2022 Couleur : Jaune \u2013 Gris<\/div>\n<div>\u2022 Perm\u00e9abilit\u00e9 \u00e0 l&#039;eau\u00a0: 2\u00a0000\u00a0mmWG<\/div>\n<div>Spirale ext\u00e9rieure : Acier galvanis\u00e9<\/div>\n<div><\/div>\n<div><div class=\"video video-fit mb\" style=\"padding-top:56.25%;\"><p><iframe loading=\"lazy\" title=\"Confusion des mesures (pouces, doigts, brume, millim\u00e8tres)\" width=\"1020\" height=\"574\" src=\"https:\/\/www.youtube.com\/embed\/uKk6AG_AZls?feature=oembed\" frameborder=\"0\" allow=\"accelerometer; autoplay; clipboard-write; encrypted-media; gyroscope; picture-in-picture; web-share\" referrerpolicy=\"strict-origin-when-cross-origin\" allowfullscreen><\/iframe><\/p>\n<\/div><\/div>\n<div><\/div>\n<div>APPLICATIONS:<\/div>\n<div>\u2022 Ventilation<\/div>\n<div>\u2022 Prise d&#039;air<\/div>\n<div>\u2022 \u00c9vacuation a\u00e9rienne et transfert<\/div>\n<div>\u2022 Applications de soufflerie<\/div>\n<div>\u2022 Syst\u00e8mes d&#039;extraction des fum\u00e9es de soudage<\/div>\n<div>\u2022 Applications basse et moyenne pression<\/div>\n<div>\u2022 Applications sous vide faible et moyen<\/div>\n<div>\u2022 Ventilation du navire<\/div>\n<div>\u2022 Filtres pour usines d&#039;asphalte<\/div>\n<div>\u2022 Impression\u00a0\u2013\u00a0Transfert de papier dans les imprimeries<\/div>\n<div>\u2022 Tunnel \u2013 Ventilation de la mine<\/div>\n<div>CARACT\u00c9RISTIQUES:<\/div>\n<div>\u2022 R\u00e9sistance m\u00e9canique exceptionnelle<\/div>\n<div>\u2022 Exceptionnellement puissant<\/div>\n<div>\u2022 Taux de compression 1:3<\/div>\n<div>\u2022 Spirale ext\u00e9rieure galvanis\u00e9e contre l&#039;abrasion<\/div>\n<div>\u2022 Production avec une technique d&#039;assemblage m\u00e9canique solide<\/div>\n<div>\u2022 Mat\u00e9riau en tissu plus r\u00e9sistant que TechniConnect 02<\/div>\n<div>\u2022 Haute r\u00e9sistance \u00e0 la traction et \u00e0 la torsion<\/div>","protected":false},"excerpt":{"rendered":"<p>TC 25 MATERYAL: Hortum duvar\u0131 : PVC Kapl\u0131 Kuma\u015f \u2022 A\u011f\u0131rl\u0131k : 850 gr\/m2 \u2022 \u00c7ekme dayan\u0131m\u0131 : 320 \/ 300 kg.F \u2022 Y\u0131rt\u0131lma dayan\u0131m\u0131 : 37 \/ 45 kg.F \u2022 Kal\u0131nl\u0131k : 0.65 mm \u2022 Renk : Sar\u0131 &#8211; Gri \u2022 Su Ge\u00e7irgenli\u011fi : 2000 mmWG D\u0131\u015f Spiral : Galvaniz \u00e7elik UYGULAMALAR: \u2022 \u00a0Havaland\u0131rma [&#8230;]\n","protected":false},"featured_media":6342,"comment_status":"open","ping_status":"closed","template":"","meta":{"jetpack_post_was_ever_published":false},"product_brand":[],"product_cat":[144,150],"product_tag":[490,644,481,230,369,488,484,465],"class_list":{"0":"post-668","1":"product","2":"type-product","3":"status-publish","4":"has-post-thumbnail","6":"product_cat-havalandirma-ve-kaynak-hortumlari","7":"product_cat-tarim-sektoru-hortumlari","8":"product_tag-asfalt-plentleri","9":"product_tag-blower-uygulamalarinda","10":"product_tag-galvaniz-celik-dis-spiral","11":"product_tag-gri","12":"product_tag-havalandirma","13":"product_tag-mekanik-dayanim","14":"product_tag-pvc-kapli-kumas","15":"product_tag-sari","17":"first","18":"instock","19":"taxable","20":"shipping-taxable","21":"product-type-variable"},"jetpack-related-posts":[],"jetpack_sharing_enabled":true,"jetpack_likes_enabled":true,"_links":{"self":[{"href":"https:\/\/tuzlahortum.com.tr\/fr\/wp-json\/wp\/v2\/product\/668","targetHints":{"allow":["GET"]}}],"collection":[{"href":"https:\/\/tuzlahortum.com.tr\/fr\/wp-json\/wp\/v2\/product"}],"about":[{"href":"https:\/\/tuzlahortum.com.tr\/fr\/wp-json\/wp\/v2\/types\/product"}],"replies":[{"embeddable":true,"href":"https:\/\/tuzlahortum.com.tr\/fr\/wp-json\/wp\/v2\/comments?post=668"}],"wp:featuredmedia":[{"embeddable":true,"href":"https:\/\/tuzlahortum.com.tr\/fr\/wp-json\/wp\/v2\/media\/6342"}],"wp:attachment":[{"href":"https:\/\/tuzlahortum.com.tr\/fr\/wp-json\/wp\/v2\/media?parent=668"}],"wp:term":[{"taxonomy":"product_brand","embeddable":true,"href":"https:\/\/tuzlahortum.com.tr\/fr\/wp-json\/wp\/v2\/product_brand?post=668"},{"taxonomy":"product_cat","embeddable":true,"href":"https:\/\/tuzlahortum.com.tr\/fr\/wp-json\/wp\/v2\/product_cat?post=668"},{"taxonomy":"product_tag","embeddable":true,"href":"https:\/\/tuzlahortum.com.tr\/fr\/wp-json\/wp\/v2\/product_tag?post=668"}],"curies":[{"name":"wp","href":"https:\/\/api.w.org\/{rel}","templated":true}]}}