{"id":666,"date":"2019-02-06T23:52:05","date_gmt":"2019-02-06T20:52:05","guid":{"rendered":"http:\/\/hortum.com.tr\/product\/import-placeholder-for-255\/"},"modified":"2024-03-21T17:44:13","modified_gmt":"2024-03-21T14:44:13","slug":"tn-81","status":"publish","type":"product","link":"https:\/\/tuzlahortum.com.tr\/fr\/produit\/tn-81\/","title":{"rendered":"AMT 81"},"content":{"rendered":"<h2>AMT 81<\/h2>\n<div>MAT\u00c9RIEL:<\/div>\n<div>Mur en tissu\u00a0: tissu en fibre de verre enduit de n\u00e9opr\u00e8ne, double couche<\/div>\n<div>\u2022 Longueur standard\u00a0: 4\u00a0m<\/div>\n<div>\u2022 La couleur noire<\/div>\n<div>Spirale externe : Fil d&#039;acier en spirale<\/div>\n<div><\/div>\n<div><div class=\"video video-fit mb\" style=\"padding-top:56.25%;\"><p><iframe loading=\"lazy\" title=\"Confusion des mesures (pouces, doigts, brume, millim\u00e8tres)\" width=\"1020\" height=\"574\" src=\"https:\/\/www.youtube.com\/embed\/uKk6AG_AZls?feature=oembed\" frameborder=\"0\" allow=\"accelerometer; autoplay; clipboard-write; encrypted-media; gyroscope; picture-in-picture; web-share\" referrerpolicy=\"strict-origin-when-cross-origin\" allowfullscreen><\/iframe><\/p>\n<\/div><\/div>\n<div><\/div>\n<div>APPLICATIONS:<\/div>\n<div>\u2022 Dans la construction a\u00e9ronautique<\/div>\n<div>\u2022 Mat\u00e9riaux chauds contenant du fluide gazeux<\/div>\n<div>dans les transports<\/div>\n<div>\u2022 Dans la construction de v\u00e9hicules<\/div>\n<div>\u2022 Dans l&#039;industrie chimique<\/div>\n<div>\u2022 Dans les chantiers navals<\/div>\n<div>\u2022 Ing\u00e9nierie g\u00e9n\u00e9rale et construction de moteurs<\/div>\n<div>\u2022 Installations de combustion<\/div>\n<div>\u2022 Dans l&#039;industrie du plastique<\/div>\n<div>\u2022 Transport d&#039;air chaud pour les s\u00e9choirs \u00e0 granul\u00e9s<\/div>\n<div>tuyau<\/div>\n<div>CARACT\u00c9RISTIQUES:<\/div>\n<div>\u2022 Faible rayon de courbure<\/div>\n<div>\u2022 Extr\u00eamement flexible<\/div>\n<div>\u2022 Auto-aplatissant une fois lib\u00e9r\u00e9<\/div>\n<div>\u2022 Bonne r\u00e9sistance chimique<\/div>\n<div>\u2022 Lumi\u00e8re<\/div>\n<div>\u2022 Surface int\u00e9rieure lisse<\/div>\n<div>\u2022 Pliage sym\u00e9trique<\/div>\n<div>\u2022 Paroi de tuyau vulcanis\u00e9e stable et<\/div>\n<div>spirale en acier<\/div>","protected":false},"excerpt":{"rendered":"<p>TN 81 MATERYAL: Kuma\u015f Duvar\u0131 : Neopren kapl\u0131 cam elyaf kuma\u015f, \u00e7ift katl\u0131 \u2022 Standart Uzunluk : 4 mt \u2022 Renk : Siyah D\u0131\u015f Spiral : Spiral \u00e7elik tel UYGULAMALAR: \u2022 U\u00e7ak yap\u0131m\u0131nda \u2022 Gaz ak\u0131\u015fkan ihtiva eden s\u0131cak materyallerin ta\u015f\u0131nmas\u0131nda \u2022 Ta\u015f\u0131t yap\u0131m\u0131nda \u2022 Kimya sekt\u00f6r\u00fcnde \u2022 Tersanelerde \u2022 Genel m\u00fchendislik ve motor yap\u0131m\u0131nda [&#8230;]\n","protected":false},"featured_media":6353,"comment_status":"open","ping_status":"closed","template":"","meta":{"jetpack_post_was_ever_published":false},"product_brand":[],"product_cat":[143,145,146],"product_tag":[500,498,503,640,506,454,502,504,501,505],"class_list":{"0":"post-666","1":"product","2":"type-product","3":"status-publish","4":"has-post-thumbnail","6":"product_cat-havacilik-endustrisi-hortumlari","7":"product_cat-isiya-dayanikli-hortumlar","8":"product_cat-kimyasal-hortumlar","9":"product_tag-celik-dis-spiral","10":"product_tag-isiya-dayanikli","11":"product_tag-kimya-sektorunde","12":"product_tag-neopren-kapli-cam-elyaf-kumas","13":"product_tag-plastik-sanayinde","14":"product_tag-siyah","15":"product_tag-tasit-yapiminda","16":"product_tag-tersanelerde","17":"product_tag-ucak-yapiminda","18":"product_tag-yakma-tesisleri","20":"first","21":"instock","22":"taxable","23":"shipping-taxable","24":"product-type-variable"},"jetpack-related-posts":[{"id":621,"url":"https:\/\/tuzlahortum.com.tr\/fr\/produit\/tn-80\/","url_meta":{"origin":666,"position":0},"title":"NE 80","author":"admin","date":"6 f\u00e9vrier 2019","format":false,"excerpt":"TN 80MATERYAL: Kuma\u015f Duvar\u0131 : Neoprene kapl\u0131 Cam elyaf kuma\u015f, tek katl\u0131 \u2022 Standart Uzunluk : 4 mt \u2022 Renk : Siyah D\u0131\u015f Spiral : Spiral \u00e7elik tel UYGULAMALAR: \u2022 U\u00e7ak yap\u0131m\u0131nda \u2022 Gaz ak\u0131\u015fkan ihtiva eden s\u0131cak materyallerin ta\u015f\u0131nmas\u0131nda \u2022 Ta\u015f\u0131t yap\u0131m\u0131nda \u2022 Kimya sekt\u00f6r\u00fcnde \u2022 Tersanelerde \u2022 Genel\u2026","rel":"","context":"Article similaire","block_context":{"text":"Article similaire","link":""},"img":{"alt_text":"","src":"https:\/\/i0.wp.com\/tuzlahortum.com.tr\/wp-content\/uploads\/2019\/03\/TN-80.jpg?fit=600%2C450&ssl=1&resize=350%2C200","width":350,"height":200,"srcset":"https:\/\/i0.wp.com\/tuzlahortum.com.tr\/wp-content\/uploads\/2019\/03\/TN-80.jpg?fit=600%2C450&ssl=1&resize=350%2C200 1x, https:\/\/i0.wp.com\/tuzlahortum.com.tr\/wp-content\/uploads\/2019\/03\/TN-80.jpg?fit=600%2C450&ssl=1&resize=525%2C300 1.5x"},"classes":[]},{"id":623,"url":"https:\/\/tuzlahortum.com.tr\/fr\/produit\/ts-41\/","url_meta":{"origin":666,"position":1},"title":"TS 41","author":"admin","date":"6 f\u00e9vrier 2019","format":false,"excerpt":"TS 41MATERYAL: Kuma\u015f Duvar\u0131 : Silikon kapl\u0131 Cam elyaf kuma\u015f, \u00e7ift katl\u0131 \u2022 Standart Uzunluk : 4 mt. \u2022 Renk : K\u0131rm\u0131z\u0131 D\u0131\u015f Spiral : Helisel \u00e7elik tel UYGULAMALAR: \u2022 Tersanelerde \u2022 Gaz ak\u0131\u015fkan ihtiva eden s\u0131cak materyallerin ta\u015f\u0131nmas\u0131nda \u2022 Ta\u015f\u0131t yap\u0131m\u0131nda \u2022 Gran\u00fcl kurutucular i\u00e7in s\u0131cak hava ta\u015f\u0131ma hortumu\u2026","rel":"","context":"Article similaire","block_context":{"text":"Article similaire","link":""},"img":{"alt_text":"","src":"https:\/\/i0.wp.com\/tuzlahortum.com.tr\/wp-content\/uploads\/2019\/03\/TS-41.jpg?fit=600%2C450&ssl=1&resize=350%2C200","width":350,"height":200,"srcset":"https:\/\/i0.wp.com\/tuzlahortum.com.tr\/wp-content\/uploads\/2019\/03\/TS-41.jpg?fit=600%2C450&ssl=1&resize=350%2C200 1x, https:\/\/i0.wp.com\/tuzlahortum.com.tr\/wp-content\/uploads\/2019\/03\/TS-41.jpg?fit=600%2C450&ssl=1&resize=525%2C300 1.5x"},"classes":[]},{"id":749,"url":"https:\/\/tuzlahortum.com.tr\/fr\/produit\/ts-40\/","url_meta":{"origin":666,"position":2},"title":"TS 40","author":"admin","date":"6 f\u00e9vrier 2019","format":false,"excerpt":"TS 40MATERYAL: Kuma\u015f Duvar\u0131 : Silikon kapl\u0131 Cam elyaf kuma\u015f, Tek katl\u0131 \u2022 Standart Uzunluk : 4 mt. \u2022 Renk : K\u0131rm\u0131z\u0131 D\u0131\u015f Spiral : Helisel \u00e7elik tel UYGULAMALAR: \u2022 Tersanelerde \u2022 Gaz ak\u0131\u015fkan ihtiva eden s\u0131cak materyallerin ta\u015f\u0131nmas\u0131nda \u2022 Ta\u015f\u0131t yap\u0131m\u0131nda \u2022 Gran\u00fcl kurutucular i\u00e7in s\u0131cak hava ta\u015f\u0131ma hortumu\u2026","rel":"","context":"Article similaire","block_context":{"text":"Article similaire","link":""},"img":{"alt_text":"","src":"https:\/\/i0.wp.com\/tuzlahortum.com.tr\/wp-content\/uploads\/2019\/03\/TS-40.jpg?fit=600%2C450&ssl=1&resize=350%2C200","width":350,"height":200,"srcset":"https:\/\/i0.wp.com\/tuzlahortum.com.tr\/wp-content\/uploads\/2019\/03\/TS-40.jpg?fit=600%2C450&ssl=1&resize=350%2C200 1x, https:\/\/i0.wp.com\/tuzlahortum.com.tr\/wp-content\/uploads\/2019\/03\/TS-40.jpg?fit=600%2C450&ssl=1&resize=525%2C300 1.5x"},"classes":[]},{"id":690,"url":"https:\/\/tuzlahortum.com.tr\/fr\/produit\/tc-21\/","url_meta":{"origin":666,"position":3},"title":"CT 21","author":"admin","date":"6 f\u00e9vrier 2019","format":false,"excerpt":"TC 21MATERYAL: Kuma\u015f Duvar\u0131 : 3 katl\u0131 \u00f6zel kapl\u0131 \u0131s\u0131 bariyerli y\u00fcksek \u0131s\u0131 kuma\u015f\u0131 \u2022 A\u011f\u0131rl\u0131k : 1250 gr\/m2 \u2022 \u00c7ekme Dayan\u0131m\u0131 : 35 \/ 25 daN\/cm \u2022 Renk : Gri D\u0131\u015f Spiral : Galvanizli veya paslanmaz \u00e7elik Cr-Ni UYGULAMALAR: \u2022 S\u0131cak hava transferi \u2022 Savunma sanayinde \u2022 Cam elyaf\u2026","rel":"","context":"Article similaire","block_context":{"text":"Article similaire","link":""},"img":{"alt_text":"","src":"https:\/\/i0.wp.com\/tuzlahortum.com.tr\/wp-content\/uploads\/2019\/03\/TC-21-20.jpg?fit=600%2C450&ssl=1&resize=350%2C200","width":350,"height":200,"srcset":"https:\/\/i0.wp.com\/tuzlahortum.com.tr\/wp-content\/uploads\/2019\/03\/TC-21-20.jpg?fit=600%2C450&ssl=1&resize=350%2C200 1x, https:\/\/i0.wp.com\/tuzlahortum.com.tr\/wp-content\/uploads\/2019\/03\/TC-21-20.jpg?fit=600%2C450&ssl=1&resize=525%2C300 1.5x"},"classes":[]},{"id":688,"url":"https:\/\/tuzlahortum.com.tr\/fr\/produit\/tc-12\/","url_meta":{"origin":666,"position":4},"title":"CT 12","author":"admin","date":"6 f\u00e9vrier 2019","format":false,"excerpt":"TC 12MATERYAL: Kuma\u015f Duvar\u0131 : Hypalon kapl\u0131 cam elyaf kuma\u015f \u2022 A\u011f\u0131rl\u0131k : 400 gr\/m2 \u2022 \u00c7ekme Dayan\u0131m\u0131 : Warp : 180 daN\/5cm Weft : 150 daN\/5cm \u2022 Ek Kal\u0131nl\u0131\u011f\u0131 : 0,40 mm \u2022 Standart Uzunluk : 5 mt. - 10 mt. \u2022 Renk : Siyah D\u0131\u015f Spiral : Galvaniz\u2026","rel":"","context":"Article similaire","block_context":{"text":"Article similaire","link":""},"img":{"alt_text":"","src":"https:\/\/i0.wp.com\/tuzlahortum.com.tr\/wp-content\/uploads\/2019\/03\/TC-11-12.jpg?fit=600%2C450&ssl=1&resize=350%2C200","width":350,"height":200,"srcset":"https:\/\/i0.wp.com\/tuzlahortum.com.tr\/wp-content\/uploads\/2019\/03\/TC-11-12.jpg?fit=600%2C450&ssl=1&resize=350%2C200 1x, https:\/\/i0.wp.com\/tuzlahortum.com.tr\/wp-content\/uploads\/2019\/03\/TC-11-12.jpg?fit=600%2C450&ssl=1&resize=525%2C300 1.5x"},"classes":[]},{"id":667,"url":"https:\/\/tuzlahortum.com.tr\/fr\/produit\/tc-10\/","url_meta":{"origin":666,"position":5},"title":"CT 10","author":"admin","date":"6 f\u00e9vrier 2019","format":false,"excerpt":"TC 10MATERYAL: Kuma\u015f duvar\u0131 : PVC Kapl\u0131 Canvas \u2022 A\u011f\u0131rl\u0131k : 600 gr\/m2 \u2022 \u00c7ekme Dayan\u0131m\u0131 : 150 \/ 75 kg \/ 5cm \u2022 Ek Kal\u0131nl\u0131\u011f\u0131 : 0,90 mm \u2022 Renk : Siyah D\u0131\u015f Spiral : Galvaniz \u00c7elik UYGULAMALAR: \u2022 S\u0131cak hava transferi \u2022 G\u0131da tanelerinin tahliyesinde \u2022 D\u00fc\u015f\u00fck bas\u0131n\u00e7l\u0131\u2026","rel":"","context":"Article similaire","block_context":{"text":"Article similaire","link":""},"img":{"alt_text":"","src":"https:\/\/i0.wp.com\/tuzlahortum.com.tr\/wp-content\/uploads\/2019\/03\/TC-10.jpg?fit=600%2C450&ssl=1&resize=350%2C200","width":350,"height":200,"srcset":"https:\/\/i0.wp.com\/tuzlahortum.com.tr\/wp-content\/uploads\/2019\/03\/TC-10.jpg?fit=600%2C450&ssl=1&resize=350%2C200 1x, https:\/\/i0.wp.com\/tuzlahortum.com.tr\/wp-content\/uploads\/2019\/03\/TC-10.jpg?fit=600%2C450&ssl=1&resize=525%2C300 1.5x"},"classes":[]}],"jetpack_sharing_enabled":true,"jetpack_likes_enabled":true,"_links":{"self":[{"href":"https:\/\/tuzlahortum.com.tr\/fr\/wp-json\/wp\/v2\/product\/666","targetHints":{"allow":["GET"]}}],"collection":[{"href":"https:\/\/tuzlahortum.com.tr\/fr\/wp-json\/wp\/v2\/product"}],"about":[{"href":"https:\/\/tuzlahortum.com.tr\/fr\/wp-json\/wp\/v2\/types\/product"}],"replies":[{"embeddable":true,"href":"https:\/\/tuzlahortum.com.tr\/fr\/wp-json\/wp\/v2\/comments?post=666"}],"wp:featuredmedia":[{"embeddable":true,"href":"https:\/\/tuzlahortum.com.tr\/fr\/wp-json\/wp\/v2\/media\/6353"}],"wp:attachment":[{"href":"https:\/\/tuzlahortum.com.tr\/fr\/wp-json\/wp\/v2\/media?parent=666"}],"wp:term":[{"taxonomy":"product_brand","embeddable":true,"href":"https:\/\/tuzlahortum.com.tr\/fr\/wp-json\/wp\/v2\/product_brand?post=666"},{"taxonomy":"product_cat","embeddable":true,"href":"https:\/\/tuzlahortum.com.tr\/fr\/wp-json\/wp\/v2\/product_cat?post=666"},{"taxonomy":"product_tag","embeddable":true,"href":"https:\/\/tuzlahortum.com.tr\/fr\/wp-json\/wp\/v2\/product_tag?post=666"}],"curies":[{"name":"wp","href":"https:\/\/api.w.org\/{rel}","templated":true}]}}