{"id":665,"date":"2019-02-06T23:52:05","date_gmt":"2019-02-06T20:52:05","guid":{"rendered":"http:\/\/hortum.com.tr\/product\/import-placeholder-for-259\/"},"modified":"2024-03-21T17:44:14","modified_gmt":"2024-03-21T14:44:14","slug":"tc-28","status":"publish","type":"product","link":"https:\/\/tuzlahortum.com.tr\/fr\/produit\/tc-28\/","title":{"rendered":"CT 28"},"content":{"rendered":"<h2>CT 28<\/h2>\n<p>MAT\u00c9RIEL:<br \/>\nParoi du tuyau\u00a0: fibre de verre E avec rev\u00eatement sp\u00e9cial<br \/>\n\u2022 Poids\u00a0: 490\u00a0gr\/m2<br \/>\n\u2022 R\u00e9sistance \u00e0 la traction\u00a0: cha\u00eene 1\u00a0100\u00a0N\/cm, trame 700\u00a0N\/cm<br \/>\n\u2022 \u00c9paisseur\u00a0: 0,45\u00a0mm<br \/>\n\u2022 Couleur : Gris<br \/>\n\u2022 Enduction : Enduction polyur\u00e9thane gris double face 30 gr\/m2<br \/>\n\u2022 Classe de flamme : DIN 66083<br \/>\nSpirale ext\u00e9rieure : Acier galvanis\u00e9<\/p>\n<div class=\"video video-fit mb\" style=\"padding-top:56.25%;\"><p><iframe loading=\"lazy\" title=\"Confusion des mesures (pouces, doigts, brume, millim\u00e8tres)\" width=\"1020\" height=\"574\" src=\"https:\/\/www.youtube.com\/embed\/uKk6AG_AZls?feature=oembed\" frameborder=\"0\" allow=\"accelerometer; autoplay; clipboard-write; encrypted-media; gyroscope; picture-in-picture; web-share\" referrerpolicy=\"strict-origin-when-cross-origin\" allowfullscreen><\/iframe><\/p>\n<\/div>\n<p>APPLICATIONS:<br \/>\n\u2022 Transfert d&#039;air chaud<br \/>\n\u2022 Transfert d&#039;\u00e9chappement<br \/>\n\u2022 Applications de transfert de chaleur dans l&#039;industrie de la d\u00e9fense<br \/>\n\u2022 Secteur de la fabrication du verre<br \/>\n\u2022 Applications basse pression<br \/>\n\u2022 Four industriel - Fabrication de fours<br \/>\n\u2022 Industrie sid\u00e9rurgique<br \/>\n\u2022 Fonderies<br \/>\nCARACT\u00c9RISTIQUES:<br \/>\n\u2022 R\u00e9sistance tr\u00e8s haute temp\u00e9rature (400C en continu)<br \/>\n\u2022 Faible rayon de courbure<br \/>\n\u2022 Bon taux de compression\u00a0: 1:7<br \/>\n\u2022 Spirale en acier galvanis\u00e9 contre l&#039;usure externe<br \/>\n\u2022 Production avec une technique d&#039;assemblage m\u00e9canique solide<br \/>\n\u2022 Sans silicone<\/p>","protected":false},"excerpt":{"rendered":"<p>TC 28 MATERYAL: Hortum Cidar\u0131 : \u00d6zel kaplamal\u0131 E-Camelyaf \u2022 A\u011f\u0131rl\u0131k : 490 gr\/m2 \u2022 \u00c7ekme Dayan\u0131m\u0131: Warp 1100 N\/cm, Weft 700 N\/cm \u2022 Kal\u0131nl\u0131k : 0.45 mm \u2022 Renk : Gri \u2022 Kaplama : \u00c7ift taraf\u0131 30 gr\/m2 Gri poli\u00fcretan kaplama \u2022 Alev S\u0131n\u0131f\u0131 : DIN 66083 D\u0131\u015f Spiaral : Galvaniz \u00e7elik UYGULAMALAR: \u2022 [&#8230;]\n","protected":false},"featured_media":6351,"comment_status":"open","ping_status":"closed","template":"","meta":{"jetpack_post_was_ever_published":false},"product_brand":[],"product_cat":[143,145],"product_tag":[499,637,639,393,636,638,481,230,498,635],"class_list":{"0":"post-665","1":"product","2":"type-product","3":"status-publish","4":"has-post-thumbnail","6":"product_cat-havacilik-endustrisi-hortumlari","7":"product_cat-isiya-dayanikli-hortumlar","8":"product_tag-cam-elyaf-kumas","9":"product_tag-cam-imalat-sektoru","10":"product_tag-demir-ve-celik-endustrisi","11":"product_tag-dokumhaneler","12":"product_tag-egzoz-transferi","13":"product_tag-endustriyel-firin-ocak-imalatlari","14":"product_tag-galvaniz-celik-dis-spiral","15":"product_tag-gri","16":"product_tag-isiya-dayanikli","17":"product_tag-sicak-hava-transferi","19":"first","20":"instock","21":"taxable","22":"shipping-taxable","23":"product-type-variable"},"jetpack-related-posts":[{"id":687,"url":"https:\/\/tuzlahortum.com.tr\/fr\/produit\/tc-04\/","url_meta":{"origin":665,"position":0},"title":"CT 04","author":"admin","date":"6 f\u00e9vrier 2019","format":false,"excerpt":"TC 04MATERYAL: Hortum Duvar\u0131 : Silikon kapl\u0131 E-Camelyaf kuma\u015f \u2022 A\u011f\u0131rl\u0131k : 590 gr\/m2 \u2022 \u00c7ek. dayan\u0131m\u0131 : Warp 4277 N\/5cm, Weft 2757 N\/5cm \u2022 Kal\u0131nl\u0131k : 0.45 mm \u2022 Renk : Gri \u2022 Kaplama : \u00c7ift tarafl\u0131 80\/80 gr\/m2 gri silikon \u2022 Alev s\u0131n\u0131f\u0131 : DIN 66083, TNO 3883\u2026","rel":"","context":"Article similaire","block_context":{"text":"Article similaire","link":""},"img":{"alt_text":"","src":"https:\/\/i0.wp.com\/tuzlahortum.com.tr\/wp-content\/uploads\/2019\/03\/TC-04.jpg?fit=600%2C450&ssl=1&resize=350%2C200","width":350,"height":200,"srcset":"https:\/\/i0.wp.com\/tuzlahortum.com.tr\/wp-content\/uploads\/2019\/03\/TC-04.jpg?fit=600%2C450&ssl=1&resize=350%2C200 1x, https:\/\/i0.wp.com\/tuzlahortum.com.tr\/wp-content\/uploads\/2019\/03\/TC-04.jpg?fit=600%2C450&ssl=1&resize=525%2C300 1.5x"},"classes":[]},{"id":689,"url":"https:\/\/tuzlahortum.com.tr\/fr\/produit\/tc-20\/","url_meta":{"origin":665,"position":1},"title":"CT 20","author":"admin","date":"6 f\u00e9vrier 2019","format":false,"excerpt":"TC 20MATERYAL: Hortum Duvar\u0131 : Silisyum oksit ve poli\u00fcretan kapl\u0131 E-Camelyaf kuma\u015f \u2022 A\u011f\u0131rl\u0131k : 1250 gr\/m2 \u2022 \u00c7ekme dayan\u0131m\u0131 : Warp: 35 daN\/cm, Weft: 25 daN\/cm \u2022 Kal\u0131nl\u0131k : Yakla\u015f\u0131k 2 mm \u2022 Renk : Gri D\u0131\u015f Spiral : Galvaniz veya Cr-Ni \u00e7elik UYGULAMALAR: \u2022 S\u0131cak hava transferi \u2022\u2026","rel":"","context":"Article similaire","block_context":{"text":"Article similaire","link":""},"img":{"alt_text":"","src":"https:\/\/i0.wp.com\/tuzlahortum.com.tr\/wp-content\/uploads\/2019\/03\/TC-21-20.jpg?fit=600%2C450&ssl=1&resize=350%2C200","width":350,"height":200,"srcset":"https:\/\/i0.wp.com\/tuzlahortum.com.tr\/wp-content\/uploads\/2019\/03\/TC-21-20.jpg?fit=600%2C450&ssl=1&resize=350%2C200 1x, https:\/\/i0.wp.com\/tuzlahortum.com.tr\/wp-content\/uploads\/2019\/03\/TC-21-20.jpg?fit=600%2C450&ssl=1&resize=525%2C300 1.5x"},"classes":[]},{"id":616,"url":"https:\/\/tuzlahortum.com.tr\/fr\/produit\/tc-02as\/","url_meta":{"origin":665,"position":2},"title":"TC 02AS","author":"admin","date":"6 f\u00e9vrier 2019","format":false,"excerpt":"TC 02ASMATERYAL: Kuma\u015f Duvar : Antistatik \u2264 10^8Ohm \u2022 A\u011f\u0131rl\u0131k : 570 gr\/m2 DIN EN ISO 2286-2 \u2022 \u00c7ekme Dayan\u0131m\u0131 : 2200 \/ 2200 N\/5 cm \u2022 Y\u0131rt\u0131lma Dayan\u0131m\u0131 : 310 \/ 350 N \u2022 Ek Kal\u0131nl\u0131\u011f\u0131 : 0,55 mm \u2022 Renk : Siyah D\u0131\u015f Spiral : Galvaniz \u00c7elik UYGULAMALAR:\u2026","rel":"","context":"Article similaire","block_context":{"text":"Article similaire","link":""},"img":{"alt_text":"","src":"https:\/\/i0.wp.com\/tuzlahortum.com.tr\/wp-content\/uploads\/2019\/03\/TC-02AS.jpg?fit=600%2C450&ssl=1&resize=350%2C200","width":350,"height":200,"srcset":"https:\/\/i0.wp.com\/tuzlahortum.com.tr\/wp-content\/uploads\/2019\/03\/TC-02AS.jpg?fit=600%2C450&ssl=1&resize=350%2C200 1x, https:\/\/i0.wp.com\/tuzlahortum.com.tr\/wp-content\/uploads\/2019\/03\/TC-02AS.jpg?fit=600%2C450&ssl=1&resize=525%2C300 1.5x"},"classes":[]},{"id":691,"url":"https:\/\/tuzlahortum.com.tr\/fr\/produit\/tc-24\/","url_meta":{"origin":665,"position":3},"title":"CT 24","author":"admin","date":"6 f\u00e9vrier 2019","format":false,"excerpt":"TC 24MATERYAL: Hortum Cidar\u0131 : PTFE (Teflon) Kapl\u0131 kuma\u015f \u2022 A\u011f\u0131rl\u0131k : 155 - 270 gr\/m2 \u00c7apa g\u00f6re de\u011fi\u015fmektedir \u2022 \u00c7ekme dayan\u0131m\u0131 : Warp: 800 N\/5cm, Weft: 1200 N\/5cm \u2022 Renk : Gri D\u0131\u015f Spiaral : Galvaniz \u00e7elik UYGULAMALAR: \u2022 S\u0131cak hava transferi \u2022 Egzoz transferi \u2022 Savunma sanayi \u0131s\u0131\u2026","rel":"","context":"Article similaire","block_context":{"text":"Article similaire","link":""},"img":{"alt_text":"","src":"https:\/\/i0.wp.com\/tuzlahortum.com.tr\/wp-content\/uploads\/2019\/03\/TC-24.jpg?fit=600%2C450&ssl=1&resize=350%2C200","width":350,"height":200,"srcset":"https:\/\/i0.wp.com\/tuzlahortum.com.tr\/wp-content\/uploads\/2019\/03\/TC-24.jpg?fit=600%2C450&ssl=1&resize=350%2C200 1x, https:\/\/i0.wp.com\/tuzlahortum.com.tr\/wp-content\/uploads\/2019\/03\/TC-24.jpg?fit=600%2C450&ssl=1&resize=525%2C300 1.5x"},"classes":[]},{"id":614,"url":"https:\/\/tuzlahortum.com.tr\/fr\/produit\/tc-01fr\/","url_meta":{"origin":665,"position":4},"title":"TC 01FR","author":"admin","date":"6 f\u00e9vrier 2019","format":false,"excerpt":"TC 01FRMATERYAL: Kuma\u015f Duvar\u0131 : PVC Kapl\u0131 Kuma\u015f, Alev Y\u00fcr\u00fcmez \u00d6zellikte \u2022 A\u011f\u0131rl\u0131k : 430 gr\/m2 \u2022 \u00c7ekme Dayan\u0131m\u0131 : 100\/100 kg.F \u2022 Y\u0131rt\u0131lma Dayan\u0131m\u0131 : 5\/6 kg.F \u2022 Renk : Sar\u0131 - Siyah - Gri D\u0131\u015f Spiral : Galvaniz \u00c7elik UYGULAMALAR: \u2022 Klima \u2022 Havaland\u0131rma \u2022 Emi\u015f uygulamas\u0131 \u2022\u2026","rel":"","context":"Article similaire","block_context":{"text":"Article similaire","link":""},"img":{"alt_text":"","src":"https:\/\/i0.wp.com\/tuzlahortum.com.tr\/wp-content\/uploads\/2019\/03\/TC-02FR-01FR-TC25.jpg?fit=600%2C450&ssl=1&resize=350%2C200","width":350,"height":200,"srcset":"https:\/\/i0.wp.com\/tuzlahortum.com.tr\/wp-content\/uploads\/2019\/03\/TC-02FR-01FR-TC25.jpg?fit=600%2C450&ssl=1&resize=350%2C200 1x, https:\/\/i0.wp.com\/tuzlahortum.com.tr\/wp-content\/uploads\/2019\/03\/TC-02FR-01FR-TC25.jpg?fit=600%2C450&ssl=1&resize=525%2C300 1.5x"},"classes":[]},{"id":617,"url":"https:\/\/tuzlahortum.com.tr\/fr\/produit\/tc-02fr\/","url_meta":{"origin":665,"position":5},"title":"TC 02FR","author":"admin","date":"6 f\u00e9vrier 2019","format":false,"excerpt":"TC 02FRMATERYAL: Kuma\u015f Duvar\u0131 : PVC Kapl\u0131 kuma\u015f, Alev Y\u00fcr\u00fcmez \u00d6zellikte \u2022 A\u011f\u0131rl\u0131k : 630 gr\/m2 \u2022 \u00c7ekme Dayan\u0131m\u0131 : Warp 200 kg.F, Weft 200 kg.F \u2022 Kuma\u015f Dayan\u0131m\u0131 : Warp 25 kg.F, Weft 25 kg.F \u2022 Kal\u0131nl\u0131k : 0,55 mm \u2022 Renk : Sar\u0131 \u2013 Siyah \u2013 Gri -\u2026","rel":"","context":"Article similaire","block_context":{"text":"Article similaire","link":""},"img":{"alt_text":"","src":"https:\/\/i0.wp.com\/tuzlahortum.com.tr\/wp-content\/uploads\/2019\/03\/TC-02FR-01FR-TC25.jpg?fit=600%2C450&ssl=1&resize=350%2C200","width":350,"height":200,"srcset":"https:\/\/i0.wp.com\/tuzlahortum.com.tr\/wp-content\/uploads\/2019\/03\/TC-02FR-01FR-TC25.jpg?fit=600%2C450&ssl=1&resize=350%2C200 1x, https:\/\/i0.wp.com\/tuzlahortum.com.tr\/wp-content\/uploads\/2019\/03\/TC-02FR-01FR-TC25.jpg?fit=600%2C450&ssl=1&resize=525%2C300 1.5x"},"classes":[]}],"jetpack_sharing_enabled":true,"jetpack_likes_enabled":true,"_links":{"self":[{"href":"https:\/\/tuzlahortum.com.tr\/fr\/wp-json\/wp\/v2\/product\/665","targetHints":{"allow":["GET"]}}],"collection":[{"href":"https:\/\/tuzlahortum.com.tr\/fr\/wp-json\/wp\/v2\/product"}],"about":[{"href":"https:\/\/tuzlahortum.com.tr\/fr\/wp-json\/wp\/v2\/types\/product"}],"replies":[{"embeddable":true,"href":"https:\/\/tuzlahortum.com.tr\/fr\/wp-json\/wp\/v2\/comments?post=665"}],"wp:featuredmedia":[{"embeddable":true,"href":"https:\/\/tuzlahortum.com.tr\/fr\/wp-json\/wp\/v2\/media\/6351"}],"wp:attachment":[{"href":"https:\/\/tuzlahortum.com.tr\/fr\/wp-json\/wp\/v2\/media?parent=665"}],"wp:term":[{"taxonomy":"product_brand","embeddable":true,"href":"https:\/\/tuzlahortum.com.tr\/fr\/wp-json\/wp\/v2\/product_brand?post=665"},{"taxonomy":"product_cat","embeddable":true,"href":"https:\/\/tuzlahortum.com.tr\/fr\/wp-json\/wp\/v2\/product_cat?post=665"},{"taxonomy":"product_tag","embeddable":true,"href":"https:\/\/tuzlahortum.com.tr\/fr\/wp-json\/wp\/v2\/product_tag?post=665"}],"curies":[{"name":"wp","href":"https:\/\/api.w.org\/{rel}","templated":true}]}}