{"id":661,"date":"2019-02-06T23:52:04","date_gmt":"2019-02-06T20:52:04","guid":{"rendered":"http:\/\/hortum.com.tr\/product\/import-placeholder-for-483\/"},"modified":"2024-03-21T17:44:16","modified_gmt":"2024-03-21T14:44:16","slug":"trelleborg-supermines","status":"publish","type":"product","link":"https:\/\/tuzlahortum.com.tr\/fr\/produit\/trelleborg-supermines\/","title":{"rendered":"Trelleborg SURMINES"},"content":{"rendered":"<h2>Trelleborg SURMINES<\/h2>\n<p>Applications air\/air comprim\u00e9<\/p>\n<p>Chantiers de construction, projets de construction, mines, etc. Tuyau de compresseur pour conditions tr\u00e8s difficiles.<\/p>\n<p>Avantages<\/p>\n<p>* Haute r\u00e9sistance \u00e0 la fatigue, \u00e0 la rupture et \u00e0 la flexion.<\/p>\n<p>*Excellente r\u00e9sistance \u00e0 l&#039;abrasion, aux conditions atmosph\u00e9riques et \u00e0 la tra\u00een\u00e9e sur les surfaces rugueuses et huileuses.<\/p>\n<p>*Bonne souplesse \u00e0 froid.<\/p>\n<p>*Convient pour l&#039;\u00e9vacuation de l&#039;oxyg\u00e8ne (IN \u226425mm uniquement).<\/p>\n<p>*Rev\u00eatement transparent (jaune).<\/p>\n<p>description technique<\/p>\n<p>Chambre \u00e0 air : SBR, noire, droite.<\/p>\n<p>Renforcement : textile synth\u00e9tique.<\/p>\n<p>Rev\u00eatement : SBR, jaune, uni pour DIA\u226425mm, aspect textile pour DIA&gt;25mm.<\/p>\n<p>Plage de temp\u00e9rature : -30\u00b0C \u00e0 +70\u00b0C.<\/p>\n<div class=\"video video-fit mb\" style=\"padding-top:56.25%;\"><p><iframe loading=\"lazy\" title=\"Confusion des mesures (pouces, doigts, brume, millim\u00e8tres)\" width=\"1020\" height=\"574\" src=\"https:\/\/www.youtube.com\/embed\/uKk6AG_AZls?feature=oembed\" frameborder=\"0\" allow=\"accelerometer; autoplay; clipboard-write; encrypted-media; gyroscope; picture-in-picture; web-share\" referrerpolicy=\"strict-origin-when-cross-origin\" allowfullscreen><\/iframe><\/p>\n<\/div>\n<div class=\"video video-fit mb\" style=\"padding-top:56.25%;\"><p>https:\/\/www.youtube.com\/watch?v=O8ZlzKEjfEQ%20<\/p>\n<\/div>\n<p><img data-recalc-dims=\"1\" loading=\"lazy\" decoding=\"async\" class=\"alignnone size-medium wp-image-2082\" src=\"https:\/\/i0.wp.com\/hortum.com.tr\/wp-content\/uploads\/urunler\/trelleborg\/Trelleborg-SUPERMINES-800x218.jpg?resize=800%2C218\" alt=\"\" width=\"800\" height=\"218\" title=\"\" srcset=\"https:\/\/i0.wp.com\/tuzlahortum.com.tr\/wp-content\/uploads\/urunler\/trelleborg\/Trelleborg-SUPERMINES.jpg?resize=800%2C218&amp;ssl=1 800w, https:\/\/i0.wp.com\/tuzlahortum.com.tr\/wp-content\/uploads\/urunler\/trelleborg\/Trelleborg-SUPERMINES.jpg?resize=768%2C209&amp;ssl=1 768w, https:\/\/i0.wp.com\/tuzlahortum.com.tr\/wp-content\/uploads\/urunler\/trelleborg\/Trelleborg-SUPERMINES.jpg?resize=600%2C163&amp;ssl=1 600w, https:\/\/i0.wp.com\/tuzlahortum.com.tr\/wp-content\/uploads\/urunler\/trelleborg\/Trelleborg-SUPERMINES.jpg?w=849&amp;ssl=1 849w\" sizes=\"auto, (max-width: 800px) 100vw, 800px\" \/><\/p>","protected":false},"excerpt":{"rendered":"<p>Trelleborg SUPERMINES Hava\/Bas\u0131n\u00e7l\u0131 hava uygulamalar\u0131 \u015eantiyeler, in\u015faat projeleri, maden ocaklar\u0131, vs. i\u00e7in ekstra a\u011f\u0131r ko\u015fullara uygun kompres\u00f6r\u00a0hortumu. Avantajlar *Yorulma, k\u0131r\u0131lma ve b\u00fck\u00fclmeye kar\u015f\u0131 y\u00fcksek dayan\u0131m. *A\u015f\u0131nma, atmosfer ko\u015fullar\u0131 ve engebeli ve ya\u011fl\u0131 y\u00fczeyler \u00fczerinde s\u00fcr\u00fcklemeye kar\u015f\u0131\u00a0m\u00fckemmel dayan\u0131m. *\u0130yi so\u011fuk esneklik. *Oksijen tahliyesi i\u00e7in uygun (sadece \u0130\u00c7\u226425mm). *\u015eeffaf kaplama (sar\u0131 renkte). Teknik a\u00e7\u0131klama \u0130\u00e7 t\u00fcp :\u00a0SBR, [&#8230;]\n","protected":false},"featured_media":2675,"comment_status":"open","ping_status":"closed","template":"","meta":[],"product_brand":[],"product_cat":[178],"product_tag":[558,294,424,290,628,598,629,627],"class_list":{"0":"post-661","1":"product","2":"type-product","3":"status-publish","4":"has-post-thumbnail","6":"product_cat-hava-basincli-hava-hortumlari","7":"product_tag-basinc","8":"product_tag-dayanikli","9":"product_tag-hava","10":"product_tag-hortum","11":"product_tag-insaat-projeleri","12":"product_tag-kompresor-hortumu","13":"product_tag-maden-ocaklari","14":"product_tag-santiye","16":"first","17":"instock","18":"taxable","19":"shipping-taxable","20":"product-type-variable"},"jetpack-related-posts":[{"id":918,"url":"https:\/\/tuzlahortum.com.tr\/fr\/produit\/trelleborg-redwater\/","url_meta":{"origin":661,"position":0},"title":"EAU ROUGE Trelleborg","author":"admin","date":"6 f\u00e9vrier 2019","format":false,"excerpt":"Trelleborg REDWATERSu\/Temizlik ve y\u0131kama End\u00fcstriyel alanlarda veya \u015fehirlerde bas\u0131n\u00e7 alt\u0131nda su tahliyesi. Avantajlar *Dayan\u0131kl\u0131 hortum. *Et kal\u0131nl\u0131\u011f\u0131 sayesinde a\u015f\u0131nmaya kar\u015f\u0131 y\u00fcksek dayan\u0131m. Teknik a\u00e7\u0131klama \u0130\u00e7 t\u00fcp :\u00a0\u0130\u00c7\u226425mm i\u00e7in SBR, \u0130\u00c7>25mm i\u00e7in EPDM, siyah, d\u00fcz. Takviye :\u00a0sentetik tekstil. Kaplama :\u00a0SBR, k\u0131rm\u0131z\u0131, \u0130\u00c7>25mm i\u00e7in kuma\u015f g\u00f6r\u00fcn\u00fcml\u00fc, \u0130\u00c7\u226425mm i\u00e7in d\u00fcz. S\u0131cakl\u0131k aral\u0131\u011f\u0131 :\u00a0-25\u00b0C\u2026","rel":"","context":"Article similaire","block_context":{"text":"Article similaire","link":""},"img":{"alt_text":"","src":"https:\/\/i0.wp.com\/tuzlahortum.com.tr\/wp-content\/uploads\/2019\/02\/RED-WATER.jpg?fit=800%2C800&ssl=1&resize=350%2C200","width":350,"height":200,"srcset":"https:\/\/i0.wp.com\/tuzlahortum.com.tr\/wp-content\/uploads\/2019\/02\/RED-WATER.jpg?fit=800%2C800&ssl=1&resize=350%2C200 1x, https:\/\/i0.wp.com\/tuzlahortum.com.tr\/wp-content\/uploads\/2019\/02\/RED-WATER.jpg?fit=800%2C800&ssl=1&resize=525%2C300 1.5x, https:\/\/i0.wp.com\/tuzlahortum.com.tr\/wp-content\/uploads\/2019\/02\/RED-WATER.jpg?fit=800%2C800&ssl=1&resize=700%2C400 2x"},"classes":[]},{"id":659,"url":"https:\/\/tuzlahortum.com.tr\/fr\/produit\/trelleborg-maxair\/","url_meta":{"origin":661,"position":1},"title":"Trelleborg MAXAIR","author":"admin","date":"6 f\u00e9vrier 2019","format":false,"excerpt":"Trelleborg MAXAIRAir\/applications d'air comprim\u00e9 Tuyau d'air comprim\u00e9 pour les applications industrielles et autres, pour les outils pneumatiques et les usages g\u00e9n\u00e9raux. Convient \u00e0 l'air comprim\u00e9 pour toutes les applications, \u00e0 l'oxyg\u00e8ne (POI\u226425mm uniquement) et aux gaz inertes argon, azote et dioxyde de carbone pour le soudage \u00e0 l'arc. Egalement pour les solutions aqueuses ou les \u00e9mulsions utilis\u00e9es dans la pulv\u00e9risation agricole d'eau industrielle, le blanchiment, la d\u00e9sinfection, les acides et...","rel":"","context":"Article similaire","block_context":{"text":"Article similaire","link":""},"img":{"alt_text":"","src":"https:\/\/i0.wp.com\/tuzlahortum.com.tr\/wp-content\/uploads\/2019\/02\/MAXAIR.jpg?fit=800%2C800&ssl=1&resize=350%2C200","width":350,"height":200,"srcset":"https:\/\/i0.wp.com\/tuzlahortum.com.tr\/wp-content\/uploads\/2019\/02\/MAXAIR.jpg?fit=800%2C800&ssl=1&resize=350%2C200 1x, https:\/\/i0.wp.com\/tuzlahortum.com.tr\/wp-content\/uploads\/2019\/02\/MAXAIR.jpg?fit=800%2C800&ssl=1&resize=525%2C300 1.5x, https:\/\/i0.wp.com\/tuzlahortum.com.tr\/wp-content\/uploads\/2019\/02\/MAXAIR.jpg?fit=800%2C800&ssl=1&resize=700%2C400 2x"},"classes":[]},{"id":660,"url":"https:\/\/tuzlahortum.com.tr\/fr\/produit\/trelleborg-normines-ii\/","url_meta":{"origin":661,"position":2},"title":"Trelleborg NORMINES II","author":"admin","date":"6 f\u00e9vrier 2019","format":false,"excerpt":"Trelleborg NORMINES IIHava\/Bas\u0131n\u00e7l\u0131 hava uygulamalar\u0131 Kaya deliciler, a\u015f\u0131nd\u0131r\u0131c\u0131 ve slot makinesi, per\u00e7in ve \u00e7apak temizleme \u00e7eki\u00e7leri, vs. gibi pn\u00f6matik makinelerde kullan\u0131lan ekstra a\u011f\u0131r \u00e7al\u0131\u015fma ko\u015fullar\u0131na uygun hava hortumu. Madencilik end\u00fcstrisi, in\u015faat, imalat end\u00fcstrisi ve di\u011ferlerinde kullan\u0131lan \u00e7ok ama\u00e7l\u0131 bas\u0131n\u00e7l\u0131\u00a0hava hortumu. T\u00fcm uygulamalara y\u00f6nelik s\u0131k\u0131\u015ft\u0131r\u0131lm\u0131\u015f hava, oksijen (sadece \u0130\u00c7\u226425mm) ve ark\u2026","rel":"","context":"Article similaire","block_context":{"text":"Article similaire","link":""},"img":{"alt_text":"","src":"https:\/\/i0.wp.com\/tuzlahortum.com.tr\/wp-content\/uploads\/2019\/02\/NORMINES-II.jpg?fit=800%2C800&ssl=1&resize=350%2C200","width":350,"height":200,"srcset":"https:\/\/i0.wp.com\/tuzlahortum.com.tr\/wp-content\/uploads\/2019\/02\/NORMINES-II.jpg?fit=800%2C800&ssl=1&resize=350%2C200 1x, https:\/\/i0.wp.com\/tuzlahortum.com.tr\/wp-content\/uploads\/2019\/02\/NORMINES-II.jpg?fit=800%2C800&ssl=1&resize=525%2C300 1.5x, https:\/\/i0.wp.com\/tuzlahortum.com.tr\/wp-content\/uploads\/2019\/02\/NORMINES-II.jpg?fit=800%2C800&ssl=1&resize=700%2C400 2x"},"classes":[]},{"id":909,"url":"https:\/\/tuzlahortum.com.tr\/fr\/produit\/trelleborg-cascade\/","url_meta":{"origin":661,"position":3},"title":"Trelleborg CASCADE","author":"admin","date":"6 f\u00e9vrier 2019","format":false,"excerpt":"Trelleborg CASCADESu\/Temizlik ve y\u0131kama End\u00fcstriyel alanlar veya \u015fehirlerde su tahliyesi ve binalar veya bay\u0131nd\u0131rl\u0131k hizmetlerinde su tahliye uygulamalar\u0131. Avantajlar *Eskime ve atmosfer ko\u015fullar\u0131na kar\u015f\u0131 son derece dayan\u0131kl\u0131. *Y\u00fcksek esneklik ve kavramay\u0131 kolayla\u015ft\u0131ran oluklu kaplama. Teknik a\u00e7\u0131klama \u0130\u00e7 t\u00fcp :\u00a0SBR, siyah, d\u00fcz. Takviye :\u00a0sentetik tekstil. Kaplama :\u00a0EPDM, ye\u015fil, oluklu. S\u0131cakl\u0131k aral\u0131\u011f\u0131\u2026","rel":"","context":"Article similaire","block_context":{"text":"Article similaire","link":""},"img":{"alt_text":"","src":"https:\/\/i0.wp.com\/tuzlahortum.com.tr\/wp-content\/uploads\/2019\/02\/CASCADE.jpg?fit=800%2C800&ssl=1&resize=350%2C200","width":350,"height":200,"srcset":"https:\/\/i0.wp.com\/tuzlahortum.com.tr\/wp-content\/uploads\/2019\/02\/CASCADE.jpg?fit=800%2C800&ssl=1&resize=350%2C200 1x, https:\/\/i0.wp.com\/tuzlahortum.com.tr\/wp-content\/uploads\/2019\/02\/CASCADE.jpg?fit=800%2C800&ssl=1&resize=525%2C300 1.5x, https:\/\/i0.wp.com\/tuzlahortum.com.tr\/wp-content\/uploads\/2019\/02\/CASCADE.jpg?fit=800%2C800&ssl=1&resize=700%2C400 2x"},"classes":[]},{"id":946,"url":"https:\/\/tuzlahortum.com.tr\/fr\/produit\/trelleborg-boat-fuel-hose-iso-7840-a1\/","url_meta":{"origin":661,"position":4},"title":"TUYAU DE CARBURANT POUR BATEAU Trelleborg ISO 7840 A1","author":"admin","date":"6 f\u00e9vrier 2019","format":false,"excerpt":"Trelleborg BOAT FUEL HOSE ISO 7840 A1Oil Tuyau de carburant r\u00e9sistant \u00e0 la combustion pour les applications nautiques. Conforme aux exigences CEN pour les bateaux de sport. Avantages * R\u00e9pond aux normes les plus strictes en mati\u00e8re de r\u00e9sistance \u00e0 la perm\u00e9ation. *Certifi\u00e9 par l'International Marine Certification Institute. Description technique Tube int\u00e9rieur : NBR, noir, lisse. Renforcement : Maille textile synth\u00e9tique avec h\u00e9lice en acier incorpor\u00e9e pour INNER&gt;25mm....","rel":"","context":"Article similaire","block_context":{"text":"Article similaire","link":""},"img":{"alt_text":"","src":"https:\/\/i0.wp.com\/tuzlahortum.com.tr\/wp-content\/uploads\/2019\/02\/BOAT-FUEL-HOSE-ISO-7840-A1.jpg?fit=800%2C800&ssl=1&resize=350%2C200","width":350,"height":200,"srcset":"https:\/\/i0.wp.com\/tuzlahortum.com.tr\/wp-content\/uploads\/2019\/02\/BOAT-FUEL-HOSE-ISO-7840-A1.jpg?fit=800%2C800&ssl=1&resize=350%2C200 1x, https:\/\/i0.wp.com\/tuzlahortum.com.tr\/wp-content\/uploads\/2019\/02\/BOAT-FUEL-HOSE-ISO-7840-A1.jpg?fit=800%2C800&ssl=1&resize=525%2C300 1.5x, https:\/\/i0.wp.com\/tuzlahortum.com.tr\/wp-content\/uploads\/2019\/02\/BOAT-FUEL-HOSE-ISO-7840-A1.jpg?fit=800%2C800&ssl=1&resize=700%2C400 2x"},"classes":[]},{"id":913,"url":"https:\/\/tuzlahortum.com.tr\/fr\/produit\/trelleborg-osm-ii\/","url_meta":{"origin":661,"position":5},"title":"Trelleborg OSM II","author":"admin","date":"6 f\u00e9vrier 2019","format":false,"excerpt":"Trelleborg OSM IISu\/Vakum uygulamalar\u0131 Evsel su, end\u00fcstriyel su, deniz suyu ve at\u0131k sular\u0131n \u00e7ekilmesi ve tahliyesi. Avantajlar *\u0130ste\u011fe g\u00f6re \u00e7e\u015fitli uzunluklarda kesilerek teslim edilebilir. *Ezilmeye kar\u015f\u0131 \u00e7ok y\u00fcksek diren\u00e7. *Hortumdaki \u00fc\u00e7 katl\u0131 paralel helisler \u00e7e\u015fitli ba\u011flant\u0131 par\u00e7alar\u0131 ile daha kolay d\u00f6\u015fenmesi i\u00e7in yumu\u015fak bir yap\u0131 kazand\u0131r\u0131r. Teknik a\u00e7\u0131klama \u0130\u00e7 t\u00fcp\u2026","rel":"","context":"Article similaire","block_context":{"text":"Article similaire","link":""},"img":{"alt_text":"","src":"https:\/\/i0.wp.com\/tuzlahortum.com.tr\/wp-content\/uploads\/2019\/02\/OSM-II.jpg?fit=800%2C800&ssl=1&resize=350%2C200","width":350,"height":200,"srcset":"https:\/\/i0.wp.com\/tuzlahortum.com.tr\/wp-content\/uploads\/2019\/02\/OSM-II.jpg?fit=800%2C800&ssl=1&resize=350%2C200 1x, https:\/\/i0.wp.com\/tuzlahortum.com.tr\/wp-content\/uploads\/2019\/02\/OSM-II.jpg?fit=800%2C800&ssl=1&resize=525%2C300 1.5x, https:\/\/i0.wp.com\/tuzlahortum.com.tr\/wp-content\/uploads\/2019\/02\/OSM-II.jpg?fit=800%2C800&ssl=1&resize=700%2C400 2x"},"classes":[]}],"jetpack_sharing_enabled":true,"jetpack_likes_enabled":true,"_links":{"self":[{"href":"https:\/\/tuzlahortum.com.tr\/fr\/wp-json\/wp\/v2\/product\/661","targetHints":{"allow":["GET"]}}],"collection":[{"href":"https:\/\/tuzlahortum.com.tr\/fr\/wp-json\/wp\/v2\/product"}],"about":[{"href":"https:\/\/tuzlahortum.com.tr\/fr\/wp-json\/wp\/v2\/types\/product"}],"replies":[{"embeddable":true,"href":"https:\/\/tuzlahortum.com.tr\/fr\/wp-json\/wp\/v2\/comments?post=661"}],"wp:featuredmedia":[{"embeddable":true,"href":"https:\/\/tuzlahortum.com.tr\/fr\/wp-json\/wp\/v2\/media\/2675"}],"wp:attachment":[{"href":"https:\/\/tuzlahortum.com.tr\/fr\/wp-json\/wp\/v2\/media?parent=661"}],"wp:term":[{"taxonomy":"product_brand","embeddable":true,"href":"https:\/\/tuzlahortum.com.tr\/fr\/wp-json\/wp\/v2\/product_brand?post=661"},{"taxonomy":"product_cat","embeddable":true,"href":"https:\/\/tuzlahortum.com.tr\/fr\/wp-json\/wp\/v2\/product_cat?post=661"},{"taxonomy":"product_tag","embeddable":true,"href":"https:\/\/tuzlahortum.com.tr\/fr\/wp-json\/wp\/v2\/product_tag?post=661"}],"curies":[{"name":"wp","href":"https:\/\/api.w.org\/{rel}","templated":true}]}}