{"id":659,"date":"2019-02-06T23:52:03","date_gmt":"2019-02-06T20:52:03","guid":{"rendered":"http:\/\/hortum.com.tr\/product\/import-placeholder-for-481\/"},"modified":"2024-03-21T17:44:18","modified_gmt":"2024-03-21T14:44:18","slug":"trelleborg-maxair","status":"publish","type":"product","link":"https:\/\/tuzlahortum.com.tr\/fr\/produit\/trelleborg-maxair\/","title":{"rendered":"Trelleborg MAXAIR"},"content":{"rendered":"<h2>Trelleborg MAXAIR<\/h2>\n<div>Applications air\/air comprim\u00e9<\/div>\n<div>Tuyau d&#039;air comprim\u00e9 pour applications industrielles et autres pour outils pneumatiques et usages g\u00e9n\u00e9raux.<\/div>\n<div>Air comprim\u00e9 pour toutes les applications, oxyg\u00e8ne (IN\u226425mm uniquement) et soudage \u00e0 l&#039;arc<\/div>\n<div>Il convient aux gaz inertes utilis\u00e9s, argon, azote et dioxyde de carbone.<\/div>\n<div>De plus, les solutions ou \u00e9mulsions aqueuses utilis\u00e9es dans les eaux industrielles de pulv\u00e9risation agricole, badigeon, d\u00e9sinfection,<\/div>\n<div>Convient \u00e9galement \u00e0 d&#039;autres fluides (sous certaines conditions) tels que les acides et les alcalis.<\/div>\n<div>Avantages<\/div>\n<div>*Haute r\u00e9sistance \u00e0 l&#039;abrasion.<\/div>\n<div>*Bonne souplesse \u00e0 froid.<\/div>\n<div>* Grande vari\u00e9t\u00e9 de diam\u00e8tres et de tailles.<\/div>\n<div>*Facteur de s\u00e9curit\u00e9 \u00e9lev\u00e9.<\/div>\n<div>description technique<\/div>\n<div>Chambre \u00e0 air : SBR, noire, droite.<\/div>\n<div>Renforcement : textile synth\u00e9tique.<\/div>\n<div>Rev\u00eatement : SBR, noir, aspect tissu pour DIA&gt;25mm, uni pour DIA \u226425mm.<\/div>\n<div>Plage de temp\u00e9rature : -40\u00b0C \u00e0 +70\u00b0C.<\/div>\n<div>Propri\u00e9t\u00e9s \u00e9lectriques : chambre \u00e0 air et rev\u00eatement conducteurs, R&lt;106\u03a9\/m.<\/div>\n<div>\n<div class=\"video video-fit mb\" style=\"padding-top:56.25%;\"><p><iframe loading=\"lazy\" title=\"Confusion des mesures (pouces, doigts, brume, millim\u00e8tres)\" width=\"1020\" height=\"574\" src=\"https:\/\/www.youtube.com\/embed\/uKk6AG_AZls?feature=oembed\" frameborder=\"0\" allow=\"accelerometer; autoplay; clipboard-write; encrypted-media; gyroscope; picture-in-picture; web-share\" referrerpolicy=\"strict-origin-when-cross-origin\" allowfullscreen><\/iframe><\/p>\n<\/div>\n<div class=\"video video-fit mb\" style=\"padding-top:56.25%;\"><p>https:\/\/www.youtube.com\/watch?v=O8ZlzKEjfEQ%20<\/p>\n<\/div>\n<\/div>\n<p><img data-recalc-dims=\"1\" loading=\"lazy\" decoding=\"async\" class=\"alignnone size-medium wp-image-2099\" src=\"https:\/\/i0.wp.com\/hortum.com.tr\/wp-content\/uploads\/urunler\/trelleborg\/Trelleborg-MAXAIR-800x381.jpg?resize=800%2C381\" alt=\"\" width=\"800\" height=\"381\" title=\"\" srcset=\"https:\/\/i0.wp.com\/tuzlahortum.com.tr\/wp-content\/uploads\/urunler\/trelleborg\/Trelleborg-MAXAIR.jpg?resize=800%2C381&amp;ssl=1 800w, https:\/\/i0.wp.com\/tuzlahortum.com.tr\/wp-content\/uploads\/urunler\/trelleborg\/Trelleborg-MAXAIR.jpg?resize=768%2C366&amp;ssl=1 768w, https:\/\/i0.wp.com\/tuzlahortum.com.tr\/wp-content\/uploads\/urunler\/trelleborg\/Trelleborg-MAXAIR.jpg?resize=600%2C286&amp;ssl=1 600w, https:\/\/i0.wp.com\/tuzlahortum.com.tr\/wp-content\/uploads\/urunler\/trelleborg\/Trelleborg-MAXAIR.jpg?w=844&amp;ssl=1 844w\" sizes=\"auto, (max-width: 800px) 100vw, 800px\" \/><\/p>","protected":false},"excerpt":{"rendered":"<p>Trelleborg MAXAIR Hava\/Bas\u0131n\u00e7l\u0131 hava uygulamalar\u0131 Pn\u00f6matik aletler ve genel ama\u00e7lar i\u00e7in end\u00fcstriyel ve di\u011fer uygulamalara y\u00f6nelik bas\u0131n\u00e7l\u0131 hava\u00a0hortumu. T\u00fcm uygulamalara y\u00f6nelik s\u0131k\u0131\u015ft\u0131r\u0131lm\u0131\u015f hava, oksijen (sadece \u0130\u00c7\u226425mm) ve ark kayna\u011f\u0131nda kullan\u0131lan asal gazlardan argon, nitrojen ve karbondioksit i\u00e7in uygundur. Ayr\u0131ca end\u00fcstriyel su\u00a0tar\u0131msal spreylemede kullan\u0131lan sulu \u00e7\u00f6zeltiler veya em\u00fclsiyonlar, badana, dezenfeksiyon, asitler ve alkaliler gibi di\u011fer ortamlar [&#8230;]\n","protected":false},"featured_media":2654,"comment_status":"open","ping_status":"closed","template":"","meta":{"jetpack_post_was_ever_published":false},"product_brand":[],"product_cat":[178],"product_tag":[363,558,294,424,290],"class_list":{"0":"post-659","1":"product","2":"type-product","3":"status-publish","4":"has-post-thumbnail","6":"product_cat-hava-basincli-hava-hortumlari","7":"product_tag-asinmaya-dayanikli","8":"product_tag-basinc","9":"product_tag-dayanikli","10":"product_tag-hava","11":"product_tag-hortum","13":"first","14":"instock","15":"taxable","16":"shipping-taxable","17":"product-type-variable"},"jetpack-related-posts":[{"id":660,"url":"https:\/\/tuzlahortum.com.tr\/fr\/produit\/trelleborg-normines-ii\/","url_meta":{"origin":659,"position":0},"title":"Trelleborg NORMINES II","author":"admin","date":"6 f\u00e9vrier 2019","format":false,"excerpt":"Trelleborg NORMINES IIHava\/Bas\u0131n\u00e7l\u0131 hava uygulamalar\u0131 Kaya deliciler, a\u015f\u0131nd\u0131r\u0131c\u0131 ve slot makinesi, per\u00e7in ve \u00e7apak temizleme \u00e7eki\u00e7leri, vs. gibi pn\u00f6matik makinelerde kullan\u0131lan ekstra a\u011f\u0131r \u00e7al\u0131\u015fma ko\u015fullar\u0131na uygun hava hortumu. Madencilik end\u00fcstrisi, in\u015faat, imalat end\u00fcstrisi ve di\u011ferlerinde kullan\u0131lan \u00e7ok ama\u00e7l\u0131 bas\u0131n\u00e7l\u0131\u00a0hava hortumu. T\u00fcm uygulamalara y\u00f6nelik s\u0131k\u0131\u015ft\u0131r\u0131lm\u0131\u015f hava, oksijen (sadece \u0130\u00c7\u226425mm) ve ark\u2026","rel":"","context":"Article similaire","block_context":{"text":"Article similaire","link":""},"img":{"alt_text":"","src":"https:\/\/i0.wp.com\/tuzlahortum.com.tr\/wp-content\/uploads\/2019\/02\/NORMINES-II.jpg?fit=800%2C800&ssl=1&resize=350%2C200","width":350,"height":200,"srcset":"https:\/\/i0.wp.com\/tuzlahortum.com.tr\/wp-content\/uploads\/2019\/02\/NORMINES-II.jpg?fit=800%2C800&ssl=1&resize=350%2C200 1x, https:\/\/i0.wp.com\/tuzlahortum.com.tr\/wp-content\/uploads\/2019\/02\/NORMINES-II.jpg?fit=800%2C800&ssl=1&resize=525%2C300 1.5x, https:\/\/i0.wp.com\/tuzlahortum.com.tr\/wp-content\/uploads\/2019\/02\/NORMINES-II.jpg?fit=800%2C800&ssl=1&resize=700%2C400 2x"},"classes":[]},{"id":661,"url":"https:\/\/tuzlahortum.com.tr\/fr\/produit\/trelleborg-supermines\/","url_meta":{"origin":659,"position":1},"title":"Trelleborg SURMINES","author":"admin","date":"6 f\u00e9vrier 2019","format":false,"excerpt":"Trelleborg SUPERMINESHava\/Bas\u0131n\u00e7l\u0131 hava uygulamalar\u0131 \u015eantiyeler, in\u015faat projeleri, maden ocaklar\u0131, vs. i\u00e7in ekstra a\u011f\u0131r ko\u015fullara uygun kompres\u00f6r\u00a0hortumu. Avantajlar *Yorulma, k\u0131r\u0131lma ve b\u00fck\u00fclmeye kar\u015f\u0131 y\u00fcksek dayan\u0131m. *A\u015f\u0131nma, atmosfer ko\u015fullar\u0131 ve engebeli ve ya\u011fl\u0131 y\u00fczeyler \u00fczerinde s\u00fcr\u00fcklemeye kar\u015f\u0131\u00a0m\u00fckemmel dayan\u0131m. *\u0130yi so\u011fuk esneklik. *Oksijen tahliyesi i\u00e7in uygun (sadece \u0130\u00c7\u226425mm). *\u015eeffaf kaplama (sar\u0131 renkte). Teknik\u2026","rel":"","context":"Article similaire","block_context":{"text":"Article similaire","link":""},"img":{"alt_text":"","src":"https:\/\/i0.wp.com\/tuzlahortum.com.tr\/wp-content\/uploads\/2019\/02\/SUPERMINES.jpg?fit=800%2C800&ssl=1&resize=350%2C200","width":350,"height":200,"srcset":"https:\/\/i0.wp.com\/tuzlahortum.com.tr\/wp-content\/uploads\/2019\/02\/SUPERMINES.jpg?fit=800%2C800&ssl=1&resize=350%2C200 1x, https:\/\/i0.wp.com\/tuzlahortum.com.tr\/wp-content\/uploads\/2019\/02\/SUPERMINES.jpg?fit=800%2C800&ssl=1&resize=525%2C300 1.5x, https:\/\/i0.wp.com\/tuzlahortum.com.tr\/wp-content\/uploads\/2019\/02\/SUPERMINES.jpg?fit=800%2C800&ssl=1&resize=700%2C400 2x"},"classes":[]},{"id":918,"url":"https:\/\/tuzlahortum.com.tr\/fr\/produit\/trelleborg-redwater\/","url_meta":{"origin":659,"position":2},"title":"EAU ROUGE Trelleborg","author":"admin","date":"6 f\u00e9vrier 2019","format":false,"excerpt":"Trelleborg REDWATERSu\/Temizlik ve y\u0131kama End\u00fcstriyel alanlarda veya \u015fehirlerde bas\u0131n\u00e7 alt\u0131nda su tahliyesi. Avantajlar *Dayan\u0131kl\u0131 hortum. *Et kal\u0131nl\u0131\u011f\u0131 sayesinde a\u015f\u0131nmaya kar\u015f\u0131 y\u00fcksek dayan\u0131m. Teknik a\u00e7\u0131klama \u0130\u00e7 t\u00fcp :\u00a0\u0130\u00c7\u226425mm i\u00e7in SBR, \u0130\u00c7>25mm i\u00e7in EPDM, siyah, d\u00fcz. Takviye :\u00a0sentetik tekstil. Kaplama :\u00a0SBR, k\u0131rm\u0131z\u0131, \u0130\u00c7>25mm i\u00e7in kuma\u015f g\u00f6r\u00fcn\u00fcml\u00fc, \u0130\u00c7\u226425mm i\u00e7in d\u00fcz. S\u0131cakl\u0131k aral\u0131\u011f\u0131 :\u00a0-25\u00b0C\u2026","rel":"","context":"Article similaire","block_context":{"text":"Article similaire","link":""},"img":{"alt_text":"","src":"https:\/\/i0.wp.com\/tuzlahortum.com.tr\/wp-content\/uploads\/2019\/02\/RED-WATER.jpg?fit=800%2C800&ssl=1&resize=350%2C200","width":350,"height":200,"srcset":"https:\/\/i0.wp.com\/tuzlahortum.com.tr\/wp-content\/uploads\/2019\/02\/RED-WATER.jpg?fit=800%2C800&ssl=1&resize=350%2C200 1x, https:\/\/i0.wp.com\/tuzlahortum.com.tr\/wp-content\/uploads\/2019\/02\/RED-WATER.jpg?fit=800%2C800&ssl=1&resize=525%2C300 1.5x, https:\/\/i0.wp.com\/tuzlahortum.com.tr\/wp-content\/uploads\/2019\/02\/RED-WATER.jpg?fit=800%2C800&ssl=1&resize=700%2C400 2x"},"classes":[]},{"id":654,"url":"https:\/\/tuzlahortum.com.tr\/fr\/produit\/trelleborg-airflat\/","url_meta":{"origin":659,"position":3},"title":"Trelleborg AIRFLAT","author":"admin","date":"6 f\u00e9vrier 2019","format":false,"excerpt":"Trelleborg AIRFLATHava\/Bas\u0131n\u00e7l\u0131 hava uygulamalar\u0131 Bay\u0131nd\u0131rl\u0131k hizmetleri, tar\u0131m ve t\u00fcm end\u00fcstrilerde \u00e7ok ama\u00e7l\u0131 uygulamalara y\u00f6nelik hafif, d\u00fcz\u00a0hortum. \u00d6zellikle y\u00fcksek uzunluk ve hafif a\u011f\u0131rl\u0131klara ihtiya\u00e7 duyuldu\u011funda ve eri\u015fimin kolay olmad\u0131\u011f\u0131 alanlarda s\u0131v\u0131 ve benzeri s\u0131v\u0131lar\u0131n yan\u0131 s\u0131ra bas\u0131n\u00e7l\u0131 hava pompalanmas\u0131 ve ta\u015f\u0131nmas\u0131 i\u00e7in\u00a0tasarlanm\u0131\u015ft\u0131r. Avantajlar *Ta\u015f\u0131mas\u0131 ve depolanmas\u0131 kolayd\u0131r, \u00e7ok d\u00fc\u015f\u00fck a\u011f\u0131rl\u0131k, sar\u0131labilir.\u2026","rel":"","context":"Article similaire","block_context":{"text":"Article similaire","link":""},"img":{"alt_text":"","src":"https:\/\/i0.wp.com\/tuzlahortum.com.tr\/wp-content\/uploads\/2019\/02\/AIRFLAT.jpg?fit=800%2C800&ssl=1&resize=350%2C200","width":350,"height":200,"srcset":"https:\/\/i0.wp.com\/tuzlahortum.com.tr\/wp-content\/uploads\/2019\/02\/AIRFLAT.jpg?fit=800%2C800&ssl=1&resize=350%2C200 1x, https:\/\/i0.wp.com\/tuzlahortum.com.tr\/wp-content\/uploads\/2019\/02\/AIRFLAT.jpg?fit=800%2C800&ssl=1&resize=525%2C300 1.5x, https:\/\/i0.wp.com\/tuzlahortum.com.tr\/wp-content\/uploads\/2019\/02\/AIRFLAT.jpg?fit=800%2C800&ssl=1&resize=700%2C400 2x"},"classes":[]},{"id":948,"url":"https:\/\/tuzlahortum.com.tr\/fr\/produit\/trelleborg-hydrok\/","url_meta":{"origin":659,"position":4},"title":"Trelleborg HYDRO\u2019K","author":"admin","date":"6 f\u00e9vrier 2019","format":false,"excerpt":"Trelleborg HYDRO'KYa\u011f ve petrol End\u00fcstriyel kullan\u0131ma y\u00f6nelik \u00e7ok ama\u00e7l\u0131 hortum Dizel ya\u011f\u0131, mineral ya\u011f ve aromatik i\u00e7eri\u011fi \u2264%50 olan gres i\u00e7indir. Hidrolik sistem ve tar\u0131m makinelerinde d\u00f6n\u00fc\u015f hortumu. Deniz suyu (motor so\u011futma) ve sulu\u00a0\u00e7\u00f6zeltiler. Ya\u011f, su, bas\u0131n\u00e7l\u0131 hava, gres, vs. i\u00e7in \u00e7ok ama\u00e7l\u0131 hortum. Avantajlar *Stok ihtiyac\u0131n\u0131 en aza indirgeyen\u2026","rel":"","context":"Article similaire","block_context":{"text":"Article similaire","link":""},"img":{"alt_text":"","src":"https:\/\/i0.wp.com\/tuzlahortum.com.tr\/wp-content\/uploads\/2019\/02\/HYDROK.jpg?fit=800%2C800&ssl=1&resize=350%2C200","width":350,"height":200,"srcset":"https:\/\/i0.wp.com\/tuzlahortum.com.tr\/wp-content\/uploads\/2019\/02\/HYDROK.jpg?fit=800%2C800&ssl=1&resize=350%2C200 1x, https:\/\/i0.wp.com\/tuzlahortum.com.tr\/wp-content\/uploads\/2019\/02\/HYDROK.jpg?fit=800%2C800&ssl=1&resize=525%2C300 1.5x, https:\/\/i0.wp.com\/tuzlahortum.com.tr\/wp-content\/uploads\/2019\/02\/HYDROK.jpg?fit=800%2C800&ssl=1&resize=700%2C400 2x"},"classes":[]},{"id":946,"url":"https:\/\/tuzlahortum.com.tr\/fr\/produit\/trelleborg-boat-fuel-hose-iso-7840-a1\/","url_meta":{"origin":659,"position":5},"title":"TUYAU DE CARBURANT POUR BATEAU Trelleborg ISO 7840 A1","author":"admin","date":"6 f\u00e9vrier 2019","format":false,"excerpt":"Trelleborg BOAT FUEL HOSE ISO 7840 A1Oil Tuyau de carburant r\u00e9sistant \u00e0 la combustion pour les applications nautiques. Conforme aux exigences CEN pour les bateaux de sport. Avantages * R\u00e9pond aux normes les plus strictes en mati\u00e8re de r\u00e9sistance \u00e0 la perm\u00e9ation. *Certifi\u00e9 par l'International Marine Certification Institute. Description technique Tube int\u00e9rieur : NBR, noir, lisse. Renforcement : Maille textile synth\u00e9tique avec h\u00e9lice en acier incorpor\u00e9e pour INNER&gt;25mm....","rel":"","context":"Article similaire","block_context":{"text":"Article similaire","link":""},"img":{"alt_text":"","src":"https:\/\/i0.wp.com\/tuzlahortum.com.tr\/wp-content\/uploads\/2019\/02\/BOAT-FUEL-HOSE-ISO-7840-A1.jpg?fit=800%2C800&ssl=1&resize=350%2C200","width":350,"height":200,"srcset":"https:\/\/i0.wp.com\/tuzlahortum.com.tr\/wp-content\/uploads\/2019\/02\/BOAT-FUEL-HOSE-ISO-7840-A1.jpg?fit=800%2C800&ssl=1&resize=350%2C200 1x, https:\/\/i0.wp.com\/tuzlahortum.com.tr\/wp-content\/uploads\/2019\/02\/BOAT-FUEL-HOSE-ISO-7840-A1.jpg?fit=800%2C800&ssl=1&resize=525%2C300 1.5x, https:\/\/i0.wp.com\/tuzlahortum.com.tr\/wp-content\/uploads\/2019\/02\/BOAT-FUEL-HOSE-ISO-7840-A1.jpg?fit=800%2C800&ssl=1&resize=700%2C400 2x"},"classes":[]}],"jetpack_sharing_enabled":true,"jetpack_likes_enabled":true,"_links":{"self":[{"href":"https:\/\/tuzlahortum.com.tr\/fr\/wp-json\/wp\/v2\/product\/659","targetHints":{"allow":["GET"]}}],"collection":[{"href":"https:\/\/tuzlahortum.com.tr\/fr\/wp-json\/wp\/v2\/product"}],"about":[{"href":"https:\/\/tuzlahortum.com.tr\/fr\/wp-json\/wp\/v2\/types\/product"}],"replies":[{"embeddable":true,"href":"https:\/\/tuzlahortum.com.tr\/fr\/wp-json\/wp\/v2\/comments?post=659"}],"wp:featuredmedia":[{"embeddable":true,"href":"https:\/\/tuzlahortum.com.tr\/fr\/wp-json\/wp\/v2\/media\/2654"}],"wp:attachment":[{"href":"https:\/\/tuzlahortum.com.tr\/fr\/wp-json\/wp\/v2\/media?parent=659"}],"wp:term":[{"taxonomy":"product_brand","embeddable":true,"href":"https:\/\/tuzlahortum.com.tr\/fr\/wp-json\/wp\/v2\/product_brand?post=659"},{"taxonomy":"product_cat","embeddable":true,"href":"https:\/\/tuzlahortum.com.tr\/fr\/wp-json\/wp\/v2\/product_cat?post=659"},{"taxonomy":"product_tag","embeddable":true,"href":"https:\/\/tuzlahortum.com.tr\/fr\/wp-json\/wp\/v2\/product_tag?post=659"}],"curies":[{"name":"wp","href":"https:\/\/api.w.org\/{rel}","templated":true}]}}