{"id":654,"date":"2019-02-06T23:52:02","date_gmt":"2019-02-06T20:52:02","guid":{"rendered":"http:\/\/hortum.com.tr\/product\/import-placeholder-for-484\/"},"modified":"2024-03-21T17:44:19","modified_gmt":"2024-03-21T14:44:19","slug":"trelleborg-airflat","status":"publish","type":"product","link":"https:\/\/tuzlahortum.com.tr\/fr\/produit\/trelleborg-airflat\/","title":{"rendered":"Trelleborg AIRFLAT"},"content":{"rendered":"<h2>Trelleborg AIRFLAT<\/h2>\n<p>Applications air\/air comprim\u00e9<\/p>\n<p>Tuyau l\u00e9ger et droit pour des applications polyvalentes dans les travaux publics, l&#039;agriculture et toutes les industries.<\/p>\n<p>Surtout lorsqu&#039;une grande longueur et des poids l\u00e9gers sont requis et que l&#039;acc\u00e8s n&#039;est pas facile.<\/p>\n<p>Il est con\u00e7u pour pomper et transporter de l&#039;air comprim\u00e9 ainsi que des liquides et liquides similaires dans des locaux.<\/p>\n<p>Avantages<\/p>\n<p>* Facile \u00e0 transporter et \u00e0 ranger, tr\u00e8s l\u00e9ger, peut \u00eatre enroul\u00e9.<\/p>\n<p>*Haute r\u00e9sistance \u00e0 la traction et excellente adh\u00e9rence entre le caoutchouc et le textile.<\/p>\n<p>*Pour des longueurs jusqu&#039;\u00e0 200m.<\/p>\n<p>*R\u00e9sistance \u00e0 l&#039;huile et aux produits chimiques.<\/p>\n<p>*Grande flexibilit\u00e9 sous pression.<\/p>\n<p>*Le tuyau r\u00e9siste au transport dans des conditions difficiles, mais en cas de dommage<\/p>\n<p>passer un raccord de tuyau de m\u00eame diam\u00e8tre sur la partie endommag\u00e9e du tuyau (de la pression<\/p>\n<p>l&#039;expansion r\u00e9sultante emp\u00eachera les fuites).<\/p>\n<p>description technique<\/p>\n<p>Tube int\u00e9rieur : NBR r\u00e9sistant \u00e0 l&#039;huile, noir, uni.<\/p>\n<p>Renforcement : textile synth\u00e9tique, maille.<\/p>\n<p>Rev\u00eatement : NBR \u00e0 dispersion d&#039;ozone et d&#039;huile, noir, ondul\u00e9 longitudinalement.<\/p>\n<p>Plage de temp\u00e9rature : -20\u00b0C \u00e0 +80\u00b0C.<\/p>\n<p>Propri\u00e9t\u00e9s \u00e9lectriques : non conducteur.<\/p>\n<p>Unions\/Raccords<\/p>\n<p>Union \u00e0 griffes avec collier de serrage \u00e0 double boulon par raccord.<\/p>\n<p>Un c\u00e2ble anti-n\u0153uds est recommand\u00e9, en particulier dans les applications d&#039;air comprim\u00e9.<\/p>\n<p>Des raccords sp\u00e9ciaux sont recommand\u00e9s pour les tailles sup\u00e9rieures \u00e0 25 mm.<\/p>\n<p>Informations Compl\u00e9mentaires<\/p>\n<p>Dans les applications d&#039;air comprim\u00e9, il n&#039;est pas recommand\u00e9 d&#039;utiliser des tuyaux avec un diam\u00e8tre int\u00e9rieur sup\u00e9rieur \u00e0 65 mm.<\/p>\n<div class=\"video video-fit mb\" style=\"padding-top:56.25%;\"><p><iframe loading=\"lazy\" title=\"Confusion des mesures (pouces, doigts, brume, millim\u00e8tres)\" width=\"1020\" height=\"574\" src=\"https:\/\/www.youtube.com\/embed\/uKk6AG_AZls?feature=oembed\" frameborder=\"0\" allow=\"accelerometer; autoplay; clipboard-write; encrypted-media; gyroscope; picture-in-picture; web-share\" referrerpolicy=\"strict-origin-when-cross-origin\" allowfullscreen><\/iframe><\/p>\n<\/div>\n<div class=\"video video-fit mb\" style=\"padding-top:56.25%;\"><p>https:\/\/www.youtube.com\/watch?v=O8ZlzKEjfEQ%20<\/p>\n<\/div>\n<p><img data-recalc-dims=\"1\" loading=\"lazy\" decoding=\"async\" class=\"alignnone size-medium wp-image-2142\" src=\"https:\/\/i0.wp.com\/hortum.com.tr\/wp-content\/uploads\/urunler\/trelleborg\/Trelleborg-AIRFLAT-800x149.jpg?resize=800%2C149\" alt=\"\" width=\"800\" height=\"149\" title=\"\" srcset=\"https:\/\/i0.wp.com\/tuzlahortum.com.tr\/wp-content\/uploads\/urunler\/trelleborg\/Trelleborg-AIRFLAT.jpg?resize=800%2C149&amp;ssl=1 800w, https:\/\/i0.wp.com\/tuzlahortum.com.tr\/wp-content\/uploads\/urunler\/trelleborg\/Trelleborg-AIRFLAT.jpg?resize=768%2C143&amp;ssl=1 768w, https:\/\/i0.wp.com\/tuzlahortum.com.tr\/wp-content\/uploads\/urunler\/trelleborg\/Trelleborg-AIRFLAT.jpg?resize=600%2C111&amp;ssl=1 600w, https:\/\/i0.wp.com\/tuzlahortum.com.tr\/wp-content\/uploads\/urunler\/trelleborg\/Trelleborg-AIRFLAT.jpg?w=905&amp;ssl=1 905w\" sizes=\"auto, (max-width: 800px) 100vw, 800px\" \/><\/p>","protected":false},"excerpt":{"rendered":"<p>Trelleborg AIRFLAT Hava\/Bas\u0131n\u00e7l\u0131 hava uygulamalar\u0131 Bay\u0131nd\u0131rl\u0131k hizmetleri, tar\u0131m ve t\u00fcm end\u00fcstrilerde \u00e7ok ama\u00e7l\u0131 uygulamalara y\u00f6nelik hafif, d\u00fcz\u00a0hortum. \u00d6zellikle y\u00fcksek uzunluk ve hafif a\u011f\u0131rl\u0131klara ihtiya\u00e7 duyuldu\u011funda ve eri\u015fimin kolay olmad\u0131\u011f\u0131 alanlarda s\u0131v\u0131 ve benzeri s\u0131v\u0131lar\u0131n yan\u0131 s\u0131ra bas\u0131n\u00e7l\u0131 hava pompalanmas\u0131 ve ta\u015f\u0131nmas\u0131 i\u00e7in\u00a0tasarlanm\u0131\u015ft\u0131r. Avantajlar *Ta\u015f\u0131mas\u0131 ve depolanmas\u0131 kolayd\u0131r, \u00e7ok d\u00fc\u015f\u00fck a\u011f\u0131rl\u0131k, sar\u0131labilir. *Y\u00fcksek \u00e7ekme dayan\u0131m\u0131 ve [&#8230;]\n","protected":false},"featured_media":2614,"comment_status":"open","ping_status":"closed","template":"","meta":{"jetpack_post_was_ever_published":false},"product_brand":[],"product_cat":[178],"product_tag":[558,294,424,290],"class_list":{"0":"post-654","1":"product","2":"type-product","3":"status-publish","4":"has-post-thumbnail","6":"product_cat-hava-basincli-hava-hortumlari","7":"product_tag-basinc","8":"product_tag-dayanikli","9":"product_tag-hava","10":"product_tag-hortum","12":"first","13":"instock","14":"taxable","15":"shipping-taxable","16":"product-type-variable"},"jetpack-related-posts":[{"id":920,"url":"https:\/\/tuzlahortum.com.tr\/fr\/produit\/trelleborg-trelljet-560\/","url_meta":{"origin":654,"position":0},"title":"Trelleborg TRELLJET 560","author":"admin","date":"6 f\u00e9vrier 2019","format":false,"excerpt":"Trelleborg TRELLJET 560Su\/Y\u00fcksek bas\u0131n\u00e7l\u0131 p\u00fcsk\u00fcrtme \u00d6zel olarak profesyonel ve end\u00fcstriyel y\u00fcksek bas\u0131n\u00e7l\u0131 temizlik i\u00e7in tasarlanm\u0131\u015ft\u0131r. Makineler, ara\u00e7lar, zeminler, kamu alanlar\u0131, cepheler, vs. i\u00e7in etkilidir. Mobil bas\u0131n\u00e7l\u0131 y\u0131kay\u0131c\u0131lar, sabit tesisatlar ve tekerlek \u00fczerine monte uygulamalar i\u00e7in uygundur. Avantajlar *D\u00fcz kaplama. *Ya\u011fa, deterjana, a\u015f\u0131nmaya ve eskimeye dayan\u0131kl\u0131. *Y\u00fcksek \u00e7al\u0131\u015fma bas\u0131nc\u0131. *Y\u00fcksek s\u0131cakl\u0131k\u2026","rel":"","context":"Article similaire","block_context":{"text":"Article similaire","link":""},"img":{"alt_text":"","src":"https:\/\/i0.wp.com\/tuzlahortum.com.tr\/wp-content\/uploads\/2019\/02\/TRELLJET-560.jpg?fit=800%2C800&ssl=1&resize=350%2C200","width":350,"height":200,"srcset":"https:\/\/i0.wp.com\/tuzlahortum.com.tr\/wp-content\/uploads\/2019\/02\/TRELLJET-560.jpg?fit=800%2C800&ssl=1&resize=350%2C200 1x, https:\/\/i0.wp.com\/tuzlahortum.com.tr\/wp-content\/uploads\/2019\/02\/TRELLJET-560.jpg?fit=800%2C800&ssl=1&resize=525%2C300 1.5x, https:\/\/i0.wp.com\/tuzlahortum.com.tr\/wp-content\/uploads\/2019\/02\/TRELLJET-560.jpg?fit=800%2C800&ssl=1&resize=700%2C400 2x"},"classes":[]},{"id":921,"url":"https:\/\/tuzlahortum.com.tr\/fr\/produit\/trelleborg-trelljet-561\/","url_meta":{"origin":654,"position":1},"title":"Trelleborg TRELJET 561","author":"admin","date":"6 f\u00e9vrier 2019","format":false,"excerpt":"Trelleborg TRELLJET 561Su\/Y\u00fcksek bas\u0131n\u00e7l\u0131 p\u00fcsk\u00fcrtme \u00d6zel olarak profesyonel ve end\u00fcstriyel y\u00fcksek bas\u0131n\u00e7l\u0131 temizlik i\u00e7in tasarlanm\u0131\u015ft\u0131r. Makineler, ara\u00e7lar, zeminler, kamu alanlar\u0131, cepheler, vs. i\u00e7in etkilidir. Mobil bas\u0131n\u00e7l\u0131 y\u0131kay\u0131c\u0131lar, sabit tesisatlar ve tekerlek \u00fczerine monte uygulamalar i\u00e7in uygundur. Avantajlar *D\u00fcz kaplama. *Ya\u011fa, deterjana, a\u015f\u0131nmaya ve eskimeye dayan\u0131kl\u0131. *Y\u00fcksek s\u0131cakl\u0131k dayan\u0131m\u0131. *Hafif, esnek\u2026","rel":"","context":"Article similaire","block_context":{"text":"Article similaire","link":""},"img":{"alt_text":"","src":"https:\/\/i0.wp.com\/tuzlahortum.com.tr\/wp-content\/uploads\/2019\/02\/TRELLJET-561.jpg?fit=800%2C800&ssl=1&resize=350%2C200","width":350,"height":200,"srcset":"https:\/\/i0.wp.com\/tuzlahortum.com.tr\/wp-content\/uploads\/2019\/02\/TRELLJET-561.jpg?fit=800%2C800&ssl=1&resize=350%2C200 1x, https:\/\/i0.wp.com\/tuzlahortum.com.tr\/wp-content\/uploads\/2019\/02\/TRELLJET-561.jpg?fit=800%2C800&ssl=1&resize=525%2C300 1.5x, https:\/\/i0.wp.com\/tuzlahortum.com.tr\/wp-content\/uploads\/2019\/02\/TRELLJET-561.jpg?fit=800%2C800&ssl=1&resize=700%2C400 2x"},"classes":[]},{"id":949,"url":"https:\/\/tuzlahortum.com.tr\/fr\/produit\/trelleborg-polyoil\/","url_meta":{"origin":654,"position":2},"title":"Trelleborg POLYOIL","author":"admin","date":"6 f\u00e9vrier 2019","format":false,"excerpt":"Trelleborg POLYOILOil et p\u00e9trole transport de produits p\u00e9troliers sous haute pression et basse pression syst\u00e8mes d'entra\u00eenement hydraulique et retour d'huile. Transport \u00e9galement de d\u00e9riv\u00e9s du p\u00e9trole l\u00e9ger et lourd, de produits chimiques et d'antigels, d'air comprim\u00e9 contenant de l'huile, d'alcalins industriels et de saumure. Avantages * Excellente r\u00e9sistance aux intemp\u00e9ries, aux conditions atmosph\u00e9riques et \u00e0 l'ozone. *Tr\u00e8s haute r\u00e9sistance \u00e0 la pression...","rel":"","context":"Article similaire","block_context":{"text":"Article similaire","link":""},"img":{"alt_text":"","src":"https:\/\/i0.wp.com\/tuzlahortum.com.tr\/wp-content\/uploads\/2019\/02\/POLYOIL.jpg?fit=800%2C800&ssl=1&resize=350%2C200","width":350,"height":200,"srcset":"https:\/\/i0.wp.com\/tuzlahortum.com.tr\/wp-content\/uploads\/2019\/02\/POLYOIL.jpg?fit=800%2C800&ssl=1&resize=350%2C200 1x, https:\/\/i0.wp.com\/tuzlahortum.com.tr\/wp-content\/uploads\/2019\/02\/POLYOIL.jpg?fit=800%2C800&ssl=1&resize=525%2C300 1.5x, https:\/\/i0.wp.com\/tuzlahortum.com.tr\/wp-content\/uploads\/2019\/02\/POLYOIL.jpg?fit=800%2C800&ssl=1&resize=700%2C400 2x"},"classes":[]},{"id":922,"url":"https:\/\/tuzlahortum.com.tr\/fr\/produit\/trelleborg-trelljet-580\/","url_meta":{"origin":654,"position":3},"title":"Trelleborg TRELJET 580","author":"admin","date":"6 f\u00e9vrier 2019","format":false,"excerpt":"Trelleborg TRELLJET 580Su\/Y\u00fcksek bas\u0131n\u00e7l\u0131 p\u00fcsk\u00fcrtme \u00d6zel olarak profesyonel ve end\u00fcstriyel y\u00fcksek bas\u0131n\u00e7l\u0131 temizlik i\u00e7in tasarlanm\u0131\u015ft\u0131r. Makineler, ara\u00e7lar, zeminler, kamu alanlar\u0131, cepheler, vs. i\u00e7in etkilidir. Leke tutmayan kaplama ayn\u0131 zamanda g\u0131da end\u00fcstrisi ve umuma a\u00e7\u0131k banyolarda kullan\u0131m a\u00e7\u0131s\u0131ndan avantajl\u0131d\u0131r. Mobil bas\u0131n\u00e7l\u0131 y\u0131kay\u0131c\u0131lar, sabit tesisatlar ve tekerlek \u00fczerine monte uygulamalar i\u00e7in uygundur.\u2026","rel":"","context":"Article similaire","block_context":{"text":"Article similaire","link":""},"img":{"alt_text":"","src":"https:\/\/i0.wp.com\/tuzlahortum.com.tr\/wp-content\/uploads\/2019\/02\/TRELLJET-580.jpg?fit=800%2C800&ssl=1&resize=350%2C200","width":350,"height":200,"srcset":"https:\/\/i0.wp.com\/tuzlahortum.com.tr\/wp-content\/uploads\/2019\/02\/TRELLJET-580.jpg?fit=800%2C800&ssl=1&resize=350%2C200 1x, https:\/\/i0.wp.com\/tuzlahortum.com.tr\/wp-content\/uploads\/2019\/02\/TRELLJET-580.jpg?fit=800%2C800&ssl=1&resize=525%2C300 1.5x, https:\/\/i0.wp.com\/tuzlahortum.com.tr\/wp-content\/uploads\/2019\/02\/TRELLJET-580.jpg?fit=800%2C800&ssl=1&resize=700%2C400 2x"},"classes":[]},{"id":923,"url":"https:\/\/tuzlahortum.com.tr\/fr\/produit\/trelleborg-trelljet-581\/","url_meta":{"origin":654,"position":4},"title":"Trelleborg TRELJET 581","author":"admin","date":"6 f\u00e9vrier 2019","format":false,"excerpt":"Trelleborg TRELLJET 581Su\/Y\u00fcksek bas\u0131n\u00e7l\u0131 p\u00fcsk\u00fcrtme \u00d6zel olarak profesyonel ve end\u00fcstriyel y\u00fcksek bas\u0131n\u00e7l\u0131 temizlik i\u00e7in tasarlanm\u0131\u015ft\u0131r. Makineler, ara\u00e7lar, zeminler, kamu alanlar\u0131, cepheler, vs. i\u00e7in etkilidir. Leke tutmayan kaplama ayn\u0131 zamanda g\u0131da end\u00fcstrisi ve umuma a\u00e7\u0131k banyolarda kullan\u0131m\u00a0a\u00e7\u0131s\u0131ndan avantajl\u0131d\u0131r. Mobil bas\u0131n\u00e7l\u0131 y\u0131kay\u0131c\u0131lar, sabit tesisatlar ve tekerlek \u00fczerine monte uygulamalar i\u00e7in uygundur. Avantajlar\u2026","rel":"","context":"Article similaire","block_context":{"text":"Article similaire","link":""},"img":{"alt_text":"","src":"https:\/\/i0.wp.com\/tuzlahortum.com.tr\/wp-content\/uploads\/2019\/02\/TRELLJET-581.jpg?fit=800%2C800&ssl=1&resize=350%2C200","width":350,"height":200,"srcset":"https:\/\/i0.wp.com\/tuzlahortum.com.tr\/wp-content\/uploads\/2019\/02\/TRELLJET-581.jpg?fit=800%2C800&ssl=1&resize=350%2C200 1x, https:\/\/i0.wp.com\/tuzlahortum.com.tr\/wp-content\/uploads\/2019\/02\/TRELLJET-581.jpg?fit=800%2C800&ssl=1&resize=525%2C300 1.5x, https:\/\/i0.wp.com\/tuzlahortum.com.tr\/wp-content\/uploads\/2019\/02\/TRELLJET-581.jpg?fit=800%2C800&ssl=1&resize=700%2C400 2x"},"classes":[]},{"id":659,"url":"https:\/\/tuzlahortum.com.tr\/fr\/produit\/trelleborg-maxair\/","url_meta":{"origin":654,"position":5},"title":"Trelleborg MAXAIR","author":"admin","date":"6 f\u00e9vrier 2019","format":false,"excerpt":"Trelleborg MAXAIRAir\/applications d'air comprim\u00e9 Tuyau d'air comprim\u00e9 pour les applications industrielles et autres, pour les outils pneumatiques et les usages g\u00e9n\u00e9raux. Convient \u00e0 l'air comprim\u00e9 pour toutes les applications, \u00e0 l'oxyg\u00e8ne (POI\u226425mm uniquement) et aux gaz inertes argon, azote et dioxyde de carbone pour le soudage \u00e0 l'arc. Egalement pour les solutions aqueuses ou les \u00e9mulsions utilis\u00e9es dans la pulv\u00e9risation agricole d'eau industrielle, le blanchiment, la d\u00e9sinfection, les acides et...","rel":"","context":"Article similaire","block_context":{"text":"Article similaire","link":""},"img":{"alt_text":"","src":"https:\/\/i0.wp.com\/tuzlahortum.com.tr\/wp-content\/uploads\/2019\/02\/MAXAIR.jpg?fit=800%2C800&ssl=1&resize=350%2C200","width":350,"height":200,"srcset":"https:\/\/i0.wp.com\/tuzlahortum.com.tr\/wp-content\/uploads\/2019\/02\/MAXAIR.jpg?fit=800%2C800&ssl=1&resize=350%2C200 1x, https:\/\/i0.wp.com\/tuzlahortum.com.tr\/wp-content\/uploads\/2019\/02\/MAXAIR.jpg?fit=800%2C800&ssl=1&resize=525%2C300 1.5x, https:\/\/i0.wp.com\/tuzlahortum.com.tr\/wp-content\/uploads\/2019\/02\/MAXAIR.jpg?fit=800%2C800&ssl=1&resize=700%2C400 2x"},"classes":[]}],"jetpack_sharing_enabled":true,"jetpack_likes_enabled":true,"_links":{"self":[{"href":"https:\/\/tuzlahortum.com.tr\/fr\/wp-json\/wp\/v2\/product\/654","targetHints":{"allow":["GET"]}}],"collection":[{"href":"https:\/\/tuzlahortum.com.tr\/fr\/wp-json\/wp\/v2\/product"}],"about":[{"href":"https:\/\/tuzlahortum.com.tr\/fr\/wp-json\/wp\/v2\/types\/product"}],"replies":[{"embeddable":true,"href":"https:\/\/tuzlahortum.com.tr\/fr\/wp-json\/wp\/v2\/comments?post=654"}],"wp:featuredmedia":[{"embeddable":true,"href":"https:\/\/tuzlahortum.com.tr\/fr\/wp-json\/wp\/v2\/media\/2614"}],"wp:attachment":[{"href":"https:\/\/tuzlahortum.com.tr\/fr\/wp-json\/wp\/v2\/media?parent=654"}],"wp:term":[{"taxonomy":"product_brand","embeddable":true,"href":"https:\/\/tuzlahortum.com.tr\/fr\/wp-json\/wp\/v2\/product_brand?post=654"},{"taxonomy":"product_cat","embeddable":true,"href":"https:\/\/tuzlahortum.com.tr\/fr\/wp-json\/wp\/v2\/product_cat?post=654"},{"taxonomy":"product_tag","embeddable":true,"href":"https:\/\/tuzlahortum.com.tr\/fr\/wp-json\/wp\/v2\/product_tag?post=654"}],"curies":[{"name":"wp","href":"https:\/\/api.w.org\/{rel}","templated":true}]}}