{"id":653,"date":"2019-02-06T23:52:02","date_gmt":"2019-02-06T20:52:02","guid":{"rendered":"http:\/\/hortum.com.tr\/product\/import-placeholder-for-68\/"},"modified":"2024-03-21T17:44:20","modified_gmt":"2024-03-21T14:44:20","slug":"toz-ve-hava-emis-hortumlari","status":"publish","type":"product","link":"https:\/\/tuzlahortum.com.tr\/fr\/produit\/toz-ve-hava-emis-hortumlari\/","title":{"rendered":"Tuyaux d&#039;aspiration de poussi\u00e8re et d&#039;air"},"content":{"rendered":"<h2>Tuyaux d&#039;aspiration de poussi\u00e8re et d&#039;air<\/h2>\n<div>DOMAINES D&#039;UTILISATION: C&#039;est le tuyau d&#039;aspiration utilis\u00e9 dans les travaux d&#039;aspiration de poussi\u00e8re et d&#039;air pollu\u00e9 dans l&#039;agriculture, les mines et les usines.<\/div>\n<div><\/div>\n<div>CONSTRUCTION<\/div>\n<div>Fond : SBR\/NR, noir, antistatique et r\u00e9sistant \u00e0 l&#039;abrasion<\/div>\n<div>Renforcement\u00a0: tissu de corde, fil d&#039;acier spiral\u00e9 entre les couches<\/div>\n<div>Tige : SBR\/NR, noir, r\u00e9sistant \u00e0 l&#039;abrasion et \u00e0 toutes les conditions climatiques<\/div>\n<div><\/div>\n<div><div class=\"video video-fit mb\" style=\"padding-top:56.25%;\"><p><iframe loading=\"lazy\" title=\"Confusion des mesures (pouces, doigts, brume, millim\u00e8tres)\" width=\"1020\" height=\"574\" src=\"https:\/\/www.youtube.com\/embed\/uKk6AG_AZls?feature=oembed\" frameborder=\"0\" allow=\"accelerometer; autoplay; clipboard-write; encrypted-media; gyroscope; picture-in-picture; web-share\" referrerpolicy=\"strict-origin-when-cross-origin\" allowfullscreen><\/iframe><\/p>\n<\/div><\/div>","protected":false},"excerpt":{"rendered":"<p>Tuyaux d'aspiration de poussi\u00e8re et d'air DOMAINES D'UTILISATION : Tuyau absorbant pour l'aspiration de poussi\u00e8res et d'air contamin\u00e9 dans l'agriculture, les mines et les usines CONSTRUCTION Fond : SBR\/NR, noir, antistatique et r\u00e9sistant \u00e0 l'abrasion Renforcement : Tissu en corde, fil d'acier en spirale entre les couches Dessus : SBR\/NR, noir, r\u00e9sistant \u00e0 la friction et \u00e0 toutes les conditions climatiques<\/p>","protected":false},"featured_media":1688,"comment_status":"open","ping_status":"closed","template":"","meta":{"jetpack_post_was_ever_published":false},"product_brand":[],"product_cat":[156],"product_tag":[611,615,613,612,614,610,617,616],"class_list":{"0":"post-653","1":"product","2":"type-product","3":"status-publish","4":"has-post-thumbnail","6":"product_cat-hava-hortumlari","7":"product_tag-emici-hortum","8":"product_tag-kirlenmis-hava-hortumu","9":"product_tag-maden-toz-hortumu","10":"product_tag-marangoz-talas-hortumu","11":"product_tag-tarim-hortumu","12":"product_tag-toz-ve-hava-emis-hortumlari","13":"product_tag-tunel-havalandirma-hortumu","14":"product_tag-tunel-hortumu","16":"first","17":"instock","18":"taxable","19":"shipping-taxable","20":"product-type-variable"},"jetpack-related-posts":[],"jetpack_sharing_enabled":true,"jetpack_likes_enabled":true,"_links":{"self":[{"href":"https:\/\/tuzlahortum.com.tr\/fr\/wp-json\/wp\/v2\/product\/653","targetHints":{"allow":["GET"]}}],"collection":[{"href":"https:\/\/tuzlahortum.com.tr\/fr\/wp-json\/wp\/v2\/product"}],"about":[{"href":"https:\/\/tuzlahortum.com.tr\/fr\/wp-json\/wp\/v2\/types\/product"}],"replies":[{"embeddable":true,"href":"https:\/\/tuzlahortum.com.tr\/fr\/wp-json\/wp\/v2\/comments?post=653"}],"wp:featuredmedia":[{"embeddable":true,"href":"https:\/\/tuzlahortum.com.tr\/fr\/wp-json\/wp\/v2\/media\/1688"}],"wp:attachment":[{"href":"https:\/\/tuzlahortum.com.tr\/fr\/wp-json\/wp\/v2\/media?parent=653"}],"wp:term":[{"taxonomy":"product_brand","embeddable":true,"href":"https:\/\/tuzlahortum.com.tr\/fr\/wp-json\/wp\/v2\/product_brand?post=653"},{"taxonomy":"product_cat","embeddable":true,"href":"https:\/\/tuzlahortum.com.tr\/fr\/wp-json\/wp\/v2\/product_cat?post=653"},{"taxonomy":"product_tag","embeddable":true,"href":"https:\/\/tuzlahortum.com.tr\/fr\/wp-json\/wp\/v2\/product_tag?post=653"}],"curies":[{"name":"wp","href":"https:\/\/api.w.org\/{rel}","templated":true}]}}