{"id":651,"date":"2019-02-06T23:52:01","date_gmt":"2019-02-06T20:52:01","guid":{"rendered":"http:\/\/hortum.com.tr\/product\/import-placeholder-for-63\/"},"modified":"2024-03-21T17:44:22","modified_gmt":"2024-03-21T14:44:22","slug":"celik-tel-orgulu-hava-hortumlari","status":"publish","type":"product","link":"https:\/\/tuzlahortum.com.tr\/fr\/produit\/celik-tel-orgulu-hava-hortumlari\/","title":{"rendered":"Tuyaux d&#039;air tress\u00e9s en fil d&#039;acier"},"content":{"rendered":"<h2>Tuyaux d&#039;air tress\u00e9s en fil d&#039;acier<\/h2>\n<div>DOMAINES D&#039;UTILISATION\u00a0: ce sont des tuyaux durables et durables utilis\u00e9s dans les mines et les applications n\u00e9cessitant une haute pression et un service maximal.<\/div>\n<div><\/div>\n<div>CONSTRUCTION<\/div>\n<div>Dessous : SBR, noir, r\u00e9sistant \u00e0 l&#039;huile, caoutchouc nitrile synth\u00e9tique<\/div>\n<div>Renforcement : Tresse en fil d&#039;acier \u00e0 haute r\u00e9sistance<\/div>\n<div>Tige : SBR, jaune, r\u00e9sistante aux frottements, \u00e0 l&#039;abrasion et \u00e0 toutes sortes de conditions climatiques<\/div>\n<div><\/div>\n<div><div class=\"video video-fit mb\" style=\"padding-top:56.25%;\"><p><iframe loading=\"lazy\" title=\"Confusion des mesures (pouces, doigts, brume, millim\u00e8tres)\" width=\"1020\" height=\"574\" src=\"https:\/\/www.youtube.com\/embed\/uKk6AG_AZls?feature=oembed\" frameborder=\"0\" allow=\"accelerometer; autoplay; clipboard-write; encrypted-media; gyroscope; picture-in-picture; web-share\" referrerpolicy=\"strict-origin-when-cross-origin\" allowfullscreen><\/iframe><\/p>\n<\/div><\/div>","protected":false},"excerpt":{"rendered":"<p>Tuyaux d'air tress\u00e9s en fil d'acier DOMAINES D'UTILISATION : Tuyaux robustes \u00e0 longue dur\u00e9e de vie utilis\u00e9s dans les mines et les applications exigeant une pression \u00e9lev\u00e9e et un service maximal. CONTR\u00d4LE Fond : SBR, noir, r\u00e9sistant \u00e0 l'huile, caoutchouc nitrile synth\u00e9tique Renforcement : Tresse en fil d'acier haute r\u00e9sistance Dessus : SBR, jaune, r\u00e9sistant \u00e0 la friction, \u00e0 l'abrasion et \u00e0 toutes les conditions climatiques<\/p>","protected":false},"featured_media":1722,"comment_status":"open","ping_status":"closed","template":"","meta":{"jetpack_post_was_ever_published":false},"product_brand":[],"product_cat":[156],"product_tag":[603,2305,2306,606,599,604,605,602],"class_list":{"0":"post-651","1":"product","2":"type-product","3":"status-publish","4":"has-post-thumbnail","6":"product_cat-hava-hortumlari","7":"product_tag-azami-servis-gerektiren-uygulamalarda-kullanilan-hortum","8":"product_tag-celik-tel-orgulu","9":"product_tag-celik-tel-orgulu-hava-hortumlari","10":"product_tag-dayanikli-hortum","11":"product_tag-maden-ocaklarinda-kullanilan-hortum","12":"product_tag-saglam-hortum","13":"product_tag-uzun-omurlu-hortum","14":"product_tag-yuksek-basinc-gerektiren-uygulamalarda-kullanilan-hortum","16":"first","17":"instock","18":"taxable","19":"shipping-taxable","20":"product-type-variable"},"jetpack-related-posts":[],"jetpack_sharing_enabled":true,"jetpack_likes_enabled":true,"_links":{"self":[{"href":"https:\/\/tuzlahortum.com.tr\/fr\/wp-json\/wp\/v2\/product\/651","targetHints":{"allow":["GET"]}}],"collection":[{"href":"https:\/\/tuzlahortum.com.tr\/fr\/wp-json\/wp\/v2\/product"}],"about":[{"href":"https:\/\/tuzlahortum.com.tr\/fr\/wp-json\/wp\/v2\/types\/product"}],"replies":[{"embeddable":true,"href":"https:\/\/tuzlahortum.com.tr\/fr\/wp-json\/wp\/v2\/comments?post=651"}],"wp:featuredmedia":[{"embeddable":true,"href":"https:\/\/tuzlahortum.com.tr\/fr\/wp-json\/wp\/v2\/media\/1722"}],"wp:attachment":[{"href":"https:\/\/tuzlahortum.com.tr\/fr\/wp-json\/wp\/v2\/media?parent=651"}],"wp:term":[{"taxonomy":"product_brand","embeddable":true,"href":"https:\/\/tuzlahortum.com.tr\/fr\/wp-json\/wp\/v2\/product_brand?post=651"},{"taxonomy":"product_cat","embeddable":true,"href":"https:\/\/tuzlahortum.com.tr\/fr\/wp-json\/wp\/v2\/product_cat?post=651"},{"taxonomy":"product_tag","embeddable":true,"href":"https:\/\/tuzlahortum.com.tr\/fr\/wp-json\/wp\/v2\/product_tag?post=651"}],"curies":[{"name":"wp","href":"https:\/\/api.w.org\/{rel}","templated":true}]}}