{"id":645,"date":"2019-02-06T23:51:59","date_gmt":"2019-02-06T20:51:59","guid":{"rendered":"http:\/\/hortum.com.tr\/product\/import-placeholder-for-529\/"},"modified":"2024-03-21T17:44:28","modified_gmt":"2024-03-21T14:44:28","slug":"trelleborg-trelljet-681-antimicrobial-protection","status":"publish","type":"product","link":"https:\/\/tuzlahortum.com.tr\/fr\/produit\/trelleborg-trelljet-681-antimicrobial-protection\/","title":{"rendered":"Trelleborg TRELLJET 681 Protection antimicrobienne"},"content":{"rendered":"<h2>Trelleborg TRELLJET 681 Protection antimicrobienne<\/h2>\n<div>Agro-alimentaire\/Pulv\u00e9risation haute pression<\/div>\n<div>Sp\u00e9cialement con\u00e7u pour le nettoyage haute pression professionnel et industriel.<\/div>\n<div>Antimicrobien TRELLJET 681 pour tous les environnements avec croissance bact\u00e9rienne<\/div>\n<div>convient pour : entreprises de nettoyage, industries alimentaires, pharmaceutiques, emballage\/embouteillage, soins de sant\u00e9<\/div>\n<div>installations, \u00e9coles, etc. Les nettoyeurs haute pression mobiles conviennent aux installations fixes et aux applications mont\u00e9es sur roues.<\/div>\n<div>Avantages<\/div>\n<div>* R\u00e9sistant \u00e0 l&#039;\u00e9crasement.<\/div>\n<div>* Protection antimicrobienne : pr\u00e9vient la casse due aux odeurs, taches, d\u00e9t\u00e9riorations et attaques bact\u00e9riennes.<\/div>\n<div>*Rev\u00eatement lisse anti-taches.<\/div>\n<div>* Rev\u00eatement lisse non tachant.<\/div>\n<div>*R\u00e9sistance aux hautes temp\u00e9ratures.<\/div>\n<div>*Haute flexibilit\u00e9 et r\u00e9sistance aux plis.<\/div>\n<div>*Longue dur\u00e9e de vie.<\/div>\n<div>description technique<\/div>\n<div>Tube int\u00e9rieur : NBR\/SBR, noir, droit.<\/div>\n<div>Renforcement : textile synth\u00e9tique.<\/div>\n<div>Rev\u00eatement : NBR\/SBR, bleu, uni.<\/div>\n<div>Plage de temp\u00e9rature : -40\u00b0C \u00e0 +120\u00b0C.<\/div>\n<div>Norme\/Agr\u00e9ment :<\/div>\n<div>Protection antimicrobienne conforme aux normes suivantes :<\/div>\n<div>\u2013 ISO 22196:2007 (Analyse quantitative de la croissance bact\u00e9rienne)<\/div>\n<div>\u2013 AATCC 30-2004 (Analyse qualitative pour l&#039;\u00e9valuation de l&#039;activit\u00e9 antimicrobienne des fongicides).<\/div>\n<div>Unions\/Raccords<\/div>\n<div>Des raccords sp\u00e9cialement con\u00e7us sont disponibles pour obtenir des connexions optimales<\/div>\n<div>Contactez-nous pour plus d&#039;informations sur.<\/div>\n<div>Informations Compl\u00e9mentaires<\/div>\n<div>Disponible en longueurs al\u00e9atoires : 10\/-95m.<\/div>\n<div>Her teslimat hacminin %50&#8217;si rastgele uzunluklarda olacak, en k\u0131sa uzunluk 10m, en az %50<\/div>\n<div>doit \u00eatre de longueur fixe sp\u00e9cifi\u00e9e dans le tableau.<\/div>\n<div><\/div>\n<div>\n<div class=\"video video-fit mb\" style=\"padding-top:56.25%;\"><p><iframe loading=\"lazy\" title=\"Quel tuyau alimentaire choisir ?\" width=\"1020\" height=\"574\" src=\"https:\/\/www.youtube.com\/embed\/1RIgy8WF1Ao?feature=oembed\" frameborder=\"0\" allow=\"accelerometer; autoplay; clipboard-write; encrypted-media; gyroscope; picture-in-picture; web-share\" referrerpolicy=\"strict-origin-when-cross-origin\" allowfullscreen><\/iframe><\/p>\n<\/div>\n<div class=\"video video-fit mb\" style=\"padding-top:56.25%;\"><p><iframe loading=\"lazy\" title=\"Confusion des mesures (pouces, doigts, brume, millim\u00e8tres)\" width=\"1020\" height=\"574\" src=\"https:\/\/www.youtube.com\/embed\/uKk6AG_AZls?feature=oembed\" frameborder=\"0\" allow=\"accelerometer; autoplay; clipboard-write; encrypted-media; gyroscope; picture-in-picture; web-share\" referrerpolicy=\"strict-origin-when-cross-origin\" allowfullscreen><\/iframe><\/p>\n<\/div>\n<\/div>\n<p><img data-recalc-dims=\"1\" loading=\"lazy\" decoding=\"async\" class=\"alignnone size-medium wp-image-2077\" src=\"https:\/\/i0.wp.com\/hortum.com.tr\/wp-content\/uploads\/urunler\/trelleborg\/Trelleborg-TRELLJET-681-Antimicrobial-Protection-800x88.jpg?resize=800%2C88\" alt=\"\" width=\"800\" height=\"88\" title=\"\" srcset=\"https:\/\/i0.wp.com\/tuzlahortum.com.tr\/wp-content\/uploads\/urunler\/trelleborg\/Trelleborg-TRELLJET-681-Antimicrobial-Protection.jpg?resize=800%2C88&amp;ssl=1 800w, https:\/\/i0.wp.com\/tuzlahortum.com.tr\/wp-content\/uploads\/urunler\/trelleborg\/Trelleborg-TRELLJET-681-Antimicrobial-Protection.jpg?resize=768%2C84&amp;ssl=1 768w, https:\/\/i0.wp.com\/tuzlahortum.com.tr\/wp-content\/uploads\/urunler\/trelleborg\/Trelleborg-TRELLJET-681-Antimicrobial-Protection.jpg?resize=600%2C66&amp;ssl=1 600w, https:\/\/i0.wp.com\/tuzlahortum.com.tr\/wp-content\/uploads\/urunler\/trelleborg\/Trelleborg-TRELLJET-681-Antimicrobial-Protection.jpg?w=855&amp;ssl=1 855w\" sizes=\"auto, (max-width: 800px) 100vw, 800px\" \/><\/p>","protected":false},"excerpt":{"rendered":"<p>Trelleborg TRELLJET 681 Antimicrobial Protection G\u0131da End\u00fcstrisi\/Y\u00fcksek bas\u0131n\u00e7l\u0131 p\u00fcsk\u00fcrtme \u00d6zel olarak profesyonel ve end\u00fcstriyel y\u00fcksek bas\u0131n\u00e7l\u0131 temizlik i\u00e7in tasarlanm\u0131\u015ft\u0131r. Antimikrobiyel TRELLJET 681 bakteri \u00fcremesinin s\u00f6z konusu oldu\u011fu t\u00fcm ortamlar i\u00e7in uygundur: temizlik \u015firketleri, g\u0131da end\u00fcstrileri, farmas\u00f6tik, ambalajlama\/\u015fi\u015feleme, sa\u011fl\u0131k tesisleri, okullar, vs. Mobil bas\u0131n\u00e7l\u0131 y\u0131kay\u0131c\u0131lar, sabit tesisatlar ve tekerle\u011fe monte uygulamalar\u00a0i\u00e7in uygundur. Avantajlar *Ezilmeye kar\u015f\u0131 dayan\u0131kl\u0131d\u0131r. [&#8230;]\n","protected":false},"featured_media":2680,"comment_status":"open","ping_status":"closed","template":"","meta":{"jetpack_post_was_ever_published":false},"product_brand":[],"product_cat":[194],"product_tag":[563,567,556,568,558,561,560,565,559,566,564,555,525,562,557],"class_list":{"0":"post-645","1":"product","2":"type-product","3":"status-publish","4":"has-post-thumbnail","6":"product_cat-gida-endustrisi-yuksek-basincli-puskurtme-hortumlari","7":"product_tag-ambalajlama","8":"product_tag-antimikrobiyel","9":"product_tag-asinmaya-yuksek-dayanim","10":"product_tag-bakteri","11":"product_tag-basinc","12":"product_tag-farmasotik","13":"product_tag-gida-endustrisi","14":"product_tag-okullar","15":"product_tag-puskurtme","16":"product_tag-saglik-tesisleri","17":"product_tag-siseleme","18":"product_tag-su","19":"product_tag-temizlik","20":"product_tag-temizlik-sirketleri","21":"product_tag-yuksek","23":"first","24":"instock","25":"taxable","26":"shipping-taxable","27":"product-type-variable"},"jetpack-related-posts":[],"jetpack_sharing_enabled":true,"jetpack_likes_enabled":true,"_links":{"self":[{"href":"https:\/\/tuzlahortum.com.tr\/fr\/wp-json\/wp\/v2\/product\/645","targetHints":{"allow":["GET"]}}],"collection":[{"href":"https:\/\/tuzlahortum.com.tr\/fr\/wp-json\/wp\/v2\/product"}],"about":[{"href":"https:\/\/tuzlahortum.com.tr\/fr\/wp-json\/wp\/v2\/types\/product"}],"replies":[{"embeddable":true,"href":"https:\/\/tuzlahortum.com.tr\/fr\/wp-json\/wp\/v2\/comments?post=645"}],"wp:featuredmedia":[{"embeddable":true,"href":"https:\/\/tuzlahortum.com.tr\/fr\/wp-json\/wp\/v2\/media\/2680"}],"wp:attachment":[{"href":"https:\/\/tuzlahortum.com.tr\/fr\/wp-json\/wp\/v2\/media?parent=645"}],"wp:term":[{"taxonomy":"product_brand","embeddable":true,"href":"https:\/\/tuzlahortum.com.tr\/fr\/wp-json\/wp\/v2\/product_brand?post=645"},{"taxonomy":"product_cat","embeddable":true,"href":"https:\/\/tuzlahortum.com.tr\/fr\/wp-json\/wp\/v2\/product_cat?post=645"},{"taxonomy":"product_tag","embeddable":true,"href":"https:\/\/tuzlahortum.com.tr\/fr\/wp-json\/wp\/v2\/product_tag?post=645"}],"curies":[{"name":"wp","href":"https:\/\/api.w.org\/{rel}","templated":true}]}}