{"id":641,"date":"2019-02-06T23:51:58","date_gmt":"2019-02-06T20:51:58","guid":{"rendered":"http:\/\/hortum.com.tr\/product\/import-placeholder-for-537\/"},"modified":"2024-03-21T17:44:31","modified_gmt":"2024-03-21T14:44:31","slug":"trelleborg-trellvin","status":"publish","type":"product","link":"https:\/\/tuzlahortum.com.tr\/fr\/produit\/trelleborg-trellvin\/","title":{"rendered":"Trelleborg TRELLVIN"},"content":{"rendered":"<h2>Trelleborg TRELLVIN<\/h2>\n<div>Agro-alimentaire\/Transfert<\/div>\n<div>\u015earap, bira ve s\u00fct, ya\u011f, elma \u015f\u0131ras\u0131, meyve suyu ve %96&#8217;ya kadar olan alkol gibi s\u0131v\u0131 g\u0131da\u00a0maddelerinin \u00e7ekilmesi ve tahliyesi.<\/div>\n<div>Sp\u00e9cialement con\u00e7u pour les installations de production de vin, les transferts de citernes dans les zones de d\u00e9chargement et les citernes de liquides alimentaires.<\/div>\n<div>Avantages<\/div>\n<div>*Chambre \u00e0 air polyvalente avec une surface lisse adapt\u00e9e \u00e0 une utilisation alimentaire, sans joints, emp\u00eache la formation de bact\u00e9ries.<\/div>\n<div>*Pliable : reprend sa forme d&#039;origine apr\u00e8s \u00e9crasement.<\/div>\n<div>* Il est l\u00e9ger et facile \u00e0 transporter.<\/div>\n<div>*Excellente r\u00e9sistance \u00e0 la casse.<\/div>\n<div>*En raison de la qualit\u00e9 du compos\u00e9 de caoutchouc, les changements de temp\u00e9rature ont peu d&#039;effet.<\/div>\n<div>*R\u00e9siste au nettoyage au d\u00e9tergent \u00e0 des temp\u00e9ratures jusqu&#039;\u00e0 130\u00b0C (pendant quelques minutes).<\/div>\n<div>* Rev\u00eatement non marquant et r\u00e9sistant \u00e0 l&#039;usure.<\/div>\n<div>* Ne contient pas de phtalates.<\/div>\n<div>description technique<\/div>\n<div>Tube int\u00e9rieur : EPDM qualit\u00e9 alimentaire, blanc, uni.<\/div>\n<div>Renforcement : textile synth\u00e9tique avec ressort en acier int\u00e9gr\u00e9.<\/div>\n<div>Rev\u00eatement : EPDM r\u00e9sistant aux intemp\u00e9ries, rouge vin, aspect tissu.<\/div>\n<div>Plage de temp\u00e9rature : -30\u00b0C \u00e0 +100\u00b0C.<\/div>\n<div>Norme\/Agr\u00e9ment : R\u00e8glements EU 1935\/2004 et 2023\/2006 R\u00e8glement FDA 21 CFR 177.2600.<\/div>\n<div>L\u00e9gislation fran\u00e7aise.<\/div>\n<div>Tous les tests de r\u00e9ussite pertinents (France et FDA) ont \u00e9t\u00e9 men\u00e9s et approuv\u00e9s par l&#039;institut fran\u00e7ais de Poitiers (IANESCO).<\/div>\n<div>Unions\/Raccords<\/div>\n<div>Des raccords sp\u00e9cialement con\u00e7us sont disponibles pour obtenir des connexions optimales<\/div>\n<div>Contactez-nous pour plus d&#039;informations sur.<\/div>\n<div><\/div>\n<div>\n<div class=\"video video-fit mb\" style=\"padding-top:56.25%;\"><p><iframe loading=\"lazy\" title=\"Quel tuyau alimentaire choisir ?\" width=\"1020\" height=\"574\" src=\"https:\/\/www.youtube.com\/embed\/1RIgy8WF1Ao?feature=oembed\" frameborder=\"0\" allow=\"accelerometer; autoplay; clipboard-write; encrypted-media; gyroscope; picture-in-picture; web-share\" referrerpolicy=\"strict-origin-when-cross-origin\" allowfullscreen><\/iframe><\/p>\n<\/div>\n<div class=\"video video-fit mb\" style=\"padding-top:56.25%;\"><p><iframe loading=\"lazy\" title=\"Confusion des mesures (pouces, doigts, brume, millim\u00e8tres)\" width=\"1020\" height=\"574\" src=\"https:\/\/www.youtube.com\/embed\/uKk6AG_AZls?feature=oembed\" frameborder=\"0\" allow=\"accelerometer; autoplay; clipboard-write; encrypted-media; gyroscope; picture-in-picture; web-share\" referrerpolicy=\"strict-origin-when-cross-origin\" allowfullscreen><\/iframe><\/p>\n<\/div>\n<\/div>\n<p><img data-recalc-dims=\"1\" loading=\"lazy\" decoding=\"async\" class=\"alignnone size-medium wp-image-2686\" src=\"https:\/\/i0.wp.com\/hortum.com.tr\/wp-content\/uploads\/2019\/02\/Trelleborg-TRELLVIN-800x127.jpg?resize=800%2C127\" alt=\"\" width=\"800\" height=\"127\" title=\"\" srcset=\"https:\/\/i0.wp.com\/tuzlahortum.com.tr\/wp-content\/uploads\/2019\/02\/Trelleborg-TRELLVIN.jpg?resize=800%2C127&amp;ssl=1 800w, https:\/\/i0.wp.com\/tuzlahortum.com.tr\/wp-content\/uploads\/2019\/02\/Trelleborg-TRELLVIN.jpg?resize=768%2C122&amp;ssl=1 768w, https:\/\/i0.wp.com\/tuzlahortum.com.tr\/wp-content\/uploads\/2019\/02\/Trelleborg-TRELLVIN.jpg?resize=600%2C95&amp;ssl=1 600w, https:\/\/i0.wp.com\/tuzlahortum.com.tr\/wp-content\/uploads\/2019\/02\/Trelleborg-TRELLVIN.jpg?w=849&amp;ssl=1 849w\" sizes=\"auto, (max-width: 800px) 100vw, 800px\" \/><\/p>","protected":false},"excerpt":{"rendered":"<p>Trelleborg TRELLVIN G\u0131da End\u00fcstrisi\/Transfer \u015earap, bira ve s\u00fct, ya\u011f, elma \u015f\u0131ras\u0131, meyve suyu ve %96&#8217;ya kadar olan alkol gibi s\u0131v\u0131 g\u0131da\u00a0maddelerinin \u00e7ekilmesi ve tahliyesi. \u00d6zellikle \u015farap \u00fcretim tesisi, bo\u015faltma alanlar\u0131ndaki tank transferleri ve s\u0131v\u0131 g\u0131da maddesi\u00a0tankerleri i\u00e7in tasarlanm\u0131\u015ft\u0131r. Avantajlar *G\u0131dada kullan\u0131ma uygun d\u00fczg\u00fcn y\u00fczeyli, eksiz, \u00e7ok ama\u00e7l\u0131 i\u00e7 lastik bakteri olu\u015fumunu\u00a0engeller. *Katlanabilir: ezilme sonras\u0131nda eski [&#8230;]\n","protected":false},"featured_media":2681,"comment_status":"open","ping_status":"closed","template":"","meta":[],"product_brand":[],"product_cat":[193],"product_tag":[547,537,294,541,402,290,533,542,540,549,539,343,535,532,534,548,536],"class_list":{"0":"post-641","1":"product","2":"type-product","3":"status-publish","4":"has-post-thumbnail","6":"product_cat-gida-endustrisi-transfer-hortumlari","7":"product_tag-bira","8":"product_tag-bosaltma","9":"product_tag-dayanikli","10":"product_tag-elma-sirasi","11":"product_tag-gida","12":"product_tag-hortum","13":"product_tag-icecekler","14":"product_tag-meyve-suyu","15":"product_tag-sarap","16":"product_tag-sivi-gida","17":"product_tag-sut","18":"product_tag-tahliye","19":"product_tag-tesis","20":"product_tag-transfer","21":"product_tag-uretim","22":"product_tag-yag","23":"product_tag-yukleme","25":"first","26":"instock","27":"taxable","28":"shipping-taxable","29":"product-type-variable"},"jetpack-related-posts":[{"id":637,"url":"https:\/\/tuzlahortum.com.tr\/fr\/produit\/trelleborg-alikler-g2\/","url_meta":{"origin":641,"position":0},"title":"Trelleborg ACHETEURS G2","author":"admin","date":"6 f\u00e9vrier 2019","format":false,"excerpt":"Trelleborg ALIKLER G2G\u0131da End\u00fcstrisi\/Transfer \u015earap, bira, s\u00fct, ya\u011f, elma \u015f\u0131ras\u0131, meyve suyu ve %96'ya kadar olan alkol gibi s\u0131v\u0131 g\u0131da\u00a0maddelerinin \u00e7ekilmesi ve tahliyesi. Bo\u015faltma alanlar\u0131, i\u015fleme ve doldurma tesisleri ve s\u0131v\u0131 g\u0131da maddesi tankerleri +120\u00b0C'ye kadar olan s\u0131cakl\u0131klarda d\u00f6kme toz \u00fcr\u00fcnler ta\u015f\u0131yan karayolu tankerlerindeki ek hava hatt\u0131 (bas\u0131n\u00e7l\u0131\u00a0olmayan). Avantajlar *Geli\u015fmi\u015f\u2026","rel":"","context":"Article similaire","block_context":{"text":"Article similaire","link":""},"img":{"alt_text":"","src":"https:\/\/i0.wp.com\/tuzlahortum.com.tr\/wp-content\/uploads\/2019\/02\/ALIKLER-G2.jpg?fit=800%2C800&ssl=1&resize=350%2C200","width":350,"height":200,"srcset":"https:\/\/i0.wp.com\/tuzlahortum.com.tr\/wp-content\/uploads\/2019\/02\/ALIKLER-G2.jpg?fit=800%2C800&ssl=1&resize=350%2C200 1x, https:\/\/i0.wp.com\/tuzlahortum.com.tr\/wp-content\/uploads\/2019\/02\/ALIKLER-G2.jpg?fit=800%2C800&ssl=1&resize=525%2C300 1.5x, https:\/\/i0.wp.com\/tuzlahortum.com.tr\/wp-content\/uploads\/2019\/02\/ALIKLER-G2.jpg?fit=800%2C800&ssl=1&resize=700%2C400 2x"},"classes":[]},{"id":636,"url":"https:\/\/tuzlahortum.com.tr\/fr\/produit\/trelleborg-alikler-d\/","url_meta":{"origin":641,"position":1},"title":"Trelleborg ACHETEURS D","author":"admin","date":"6 f\u00e9vrier 2019","format":false,"excerpt":"Trelleborg ALIKLER DG\u0131da End\u00fcstrisi\/Transfer Bira, s\u00fct, ya\u011f, elma \u015f\u0131ras\u0131, meyve suyu ve %96'ya kadar olan alkol gibi s\u0131v\u0131 g\u0131da maddelerinin\u00a0y\u00fcksek bas\u0131n\u00e7l\u0131 tahliyesi. Mand\u0131ralarda bo\u015faltma alanlar\u0131nda \u00e7ekme. \u0130\u015fleme ve doldurma tesislerinde kullan\u0131lan ekipman ve s\u0131v\u0131 g\u0131da maddesi tankerleri. Avantajlar *G\u0131dada kullan\u0131ma uygun d\u00fczg\u00fcn y\u00fczeyli, eksiz, \u00e7ok ama\u00e7l\u0131 i\u00e7 lastik bakteri olu\u015fumunu\u00a0engeller.\u2026","rel":"","context":"Article similaire","block_context":{"text":"Article similaire","link":""},"img":{"alt_text":"","src":"https:\/\/i0.wp.com\/tuzlahortum.com.tr\/wp-content\/uploads\/2019\/02\/ALIKLER-D.jpg?fit=800%2C800&ssl=1&resize=350%2C200","width":350,"height":200,"srcset":"https:\/\/i0.wp.com\/tuzlahortum.com.tr\/wp-content\/uploads\/2019\/02\/ALIKLER-D.jpg?fit=800%2C800&ssl=1&resize=350%2C200 1x, https:\/\/i0.wp.com\/tuzlahortum.com.tr\/wp-content\/uploads\/2019\/02\/ALIKLER-D.jpg?fit=800%2C800&ssl=1&resize=525%2C300 1.5x, https:\/\/i0.wp.com\/tuzlahortum.com.tr\/wp-content\/uploads\/2019\/02\/ALIKLER-D.jpg?fit=800%2C800&ssl=1&resize=700%2C400 2x"},"classes":[]},{"id":638,"url":"https:\/\/tuzlahortum.com.tr\/fr\/produit\/trelleborg-citerdial\/","url_meta":{"origin":641,"position":2},"title":"CITERDIAL de Trelleborg","author":"admin","date":"6 f\u00e9vrier 2019","format":false,"excerpt":"Trelleborg CITERDIALG\u0131da End\u00fcstrisi\/Transfer S\u00fct ta\u015f\u0131mak i\u00e7in: s\u00fct toplamak ve ta\u015f\u0131mak i\u00e7in kullan\u0131lan tankerler, s\u00fct \u00fcr\u00fcnleri bo\u015faltma\u00a0alanlar\u0131 ve sabit ekipman, i\u015fleme ve doldurma tesisi. Ya\u011fl\u0131 g\u0131da maddeleri ve ya\u011flar hari\u00e7\u00a0\u015farap, elma \u015f\u0131ras\u0131, meyve suyu, sirke ve %96'ya kadar alkol gibi di\u011fer s\u0131v\u0131 g\u0131da maddelerinin\u00a0ta\u015f\u0131nmas\u0131. Avantajlar *K\u0131r\u0131lma olmaks\u0131z\u0131n en k\u00fc\u00e7\u00fck k\u0131vr\u0131lma yar\u0131\u00e7aplar\u0131n\u0131\u2026","rel":"","context":"Article similaire","block_context":{"text":"Article similaire","link":""},"img":{"alt_text":"","src":"https:\/\/i0.wp.com\/tuzlahortum.com.tr\/wp-content\/uploads\/2019\/02\/CITERDIAL.jpg?fit=800%2C800&ssl=1&resize=350%2C200","width":350,"height":200,"srcset":"https:\/\/i0.wp.com\/tuzlahortum.com.tr\/wp-content\/uploads\/2019\/02\/CITERDIAL.jpg?fit=800%2C800&ssl=1&resize=350%2C200 1x, https:\/\/i0.wp.com\/tuzlahortum.com.tr\/wp-content\/uploads\/2019\/02\/CITERDIAL.jpg?fit=800%2C800&ssl=1&resize=525%2C300 1.5x, https:\/\/i0.wp.com\/tuzlahortum.com.tr\/wp-content\/uploads\/2019\/02\/CITERDIAL.jpg?fit=800%2C800&ssl=1&resize=700%2C400 2x"},"classes":[]},{"id":643,"url":"https:\/\/tuzlahortum.com.tr\/fr\/produit\/trelleborg-vendange\/","url_meta":{"origin":641,"position":3},"title":"Trelleborg VENDANGE","author":"admin","date":"6 f\u00e9vrier 2019","format":false,"excerpt":"Trelleborg VENDANGEG\u0131da End\u00fcstrisi\/Transfer \u015earap \u00fcretim end\u00fcstrilerinde taze \u00fcz\u00fcm\u00fcn aktar\u0131lmas\u0131 i\u00e7in \u00f6zel olarak tasarlanm\u0131\u015ft\u0131r. Avantajlar *Benzersiz esneklik ve kolay ta\u015f\u0131ma. *P\u00fcr\u00fczs\u00fcz kaplamadan dolay\u0131 \u00e7ekme esnas\u0131nda d\u00fc\u015f\u00fck kuvvet gerektirir. *G\u0131dada kullan\u0131ma uygun d\u00fczg\u00fcn y\u00fczeyli, eksiz i\u00e7 lastik bakteri olu\u015fumunu engeller. *Deterjanlar veya 110\u00b0C'ye kadar olan s\u0131cakl\u0131klardaki buhar ile (maksimum 10 dakika)\u00a0yap\u0131lan temizlikte\u2026","rel":"","context":"Article similaire","block_context":{"text":"Article similaire","link":""},"img":{"alt_text":"","src":"https:\/\/i0.wp.com\/tuzlahortum.com.tr\/wp-content\/uploads\/2019\/02\/VENDANGE.jpg?fit=800%2C800&ssl=1&resize=350%2C200","width":350,"height":200,"srcset":"https:\/\/i0.wp.com\/tuzlahortum.com.tr\/wp-content\/uploads\/2019\/02\/VENDANGE.jpg?fit=800%2C800&ssl=1&resize=350%2C200 1x, https:\/\/i0.wp.com\/tuzlahortum.com.tr\/wp-content\/uploads\/2019\/02\/VENDANGE.jpg?fit=800%2C800&ssl=1&resize=525%2C300 1.5x, https:\/\/i0.wp.com\/tuzlahortum.com.tr\/wp-content\/uploads\/2019\/02\/VENDANGE.jpg?fit=800%2C800&ssl=1&resize=700%2C400 2x"},"classes":[]},{"id":917,"url":"https:\/\/tuzlahortum.com.tr\/fr\/produit\/trelleborg-osx\/","url_meta":{"origin":641,"position":4},"title":"Trelleborg OSX","author":"admin","date":"6 f\u00e9vrier 2019","format":false,"excerpt":"Trelleborg OSXSu\/Vakum uygulamalar\u0131 \u00c7e\u015fitli s\u0131v\u0131lar ve genel end\u00fcstride kullan\u0131lan orta derecede a\u015f\u0131nd\u0131r\u0131c\u0131 kat\u0131lar\u0131n \u00e7ekilmesi ve\u00a0tahliyesi. Tohum ekme, drenaj, kanalizasyon ve su ta\u015f\u0131ma gibi tar\u0131msal uygulamalar Ayr\u0131ca itfaiye ve tesis ekipman\u0131nda (yeralt\u0131 suyunun pompalanmas\u0131) i\u00e7in kullan\u0131l\u0131r. Avantajlar *\u015eeffaf PVC, y\u00fcksek \u00e7ekme dayan\u0131m\u0131na sahip \u00e7elik helisli \u00e7ekme ve tahliye hortumu. *D\u00fczg\u00fcn u\u00e7.\u2026","rel":"","context":"Article similaire","block_context":{"text":"Article similaire","link":""},"img":{"alt_text":"","src":"https:\/\/i0.wp.com\/tuzlahortum.com.tr\/wp-content\/uploads\/2019\/02\/OSX.jpg?fit=800%2C800&ssl=1&resize=350%2C200","width":350,"height":200,"srcset":"https:\/\/i0.wp.com\/tuzlahortum.com.tr\/wp-content\/uploads\/2019\/02\/OSX.jpg?fit=800%2C800&ssl=1&resize=350%2C200 1x, https:\/\/i0.wp.com\/tuzlahortum.com.tr\/wp-content\/uploads\/2019\/02\/OSX.jpg?fit=800%2C800&ssl=1&resize=525%2C300 1.5x, https:\/\/i0.wp.com\/tuzlahortum.com.tr\/wp-content\/uploads\/2019\/02\/OSX.jpg?fit=800%2C800&ssl=1&resize=700%2C400 2x"},"classes":[]},{"id":644,"url":"https:\/\/tuzlahortum.com.tr\/fr\/produit\/trelleborg-vinitrell\/","url_meta":{"origin":641,"position":5},"title":"Trelleborg VIITRELL","author":"admin","date":"6 f\u00e9vrier 2019","format":false,"excerpt":"Trelleborg VINITRELLG\u0131da End\u00fcstrisi\/Transfer \u015earap \u00fcretim end\u00fcstrilerinde \u015farab\u0131n aktar\u0131lmas\u0131 i\u00e7in \u00f6zel olarak tasarlanm\u0131\u015ft\u0131r. Ya\u011fl\u0131 s\u0131v\u0131lar\u00a0d\u0131\u015f\u0131ndaki t\u00fcm g\u0131da maddelerinin \u00e7ekilmesi ve tahliyesi. Avantajlar *En y\u00fcksek seviyede kullan\u0131c\u0131 dostu hortum: p\u00fcr\u00fczs\u00fcz kaplama sayesinde benzersiz esneklik\u00a0ve kolay ta\u015f\u0131ma, d\u00fc\u015f\u00fck \u00e7ekme g\u00fcc\u00fc. *G\u0131dada kullan\u0131ma uygun olan beyaz i\u00e7 lastik g\u0131da maddelerinin ta\u015f\u0131nmas\u0131na y\u00f6nelik en kat\u0131\u00a0Avrupa\u2026","rel":"","context":"Article similaire","block_context":{"text":"Article similaire","link":""},"img":{"alt_text":"","src":"https:\/\/i0.wp.com\/tuzlahortum.com.tr\/wp-content\/uploads\/2019\/02\/VINITRELL.jpg?fit=800%2C800&ssl=1&resize=350%2C200","width":350,"height":200,"srcset":"https:\/\/i0.wp.com\/tuzlahortum.com.tr\/wp-content\/uploads\/2019\/02\/VINITRELL.jpg?fit=800%2C800&ssl=1&resize=350%2C200 1x, https:\/\/i0.wp.com\/tuzlahortum.com.tr\/wp-content\/uploads\/2019\/02\/VINITRELL.jpg?fit=800%2C800&ssl=1&resize=525%2C300 1.5x, https:\/\/i0.wp.com\/tuzlahortum.com.tr\/wp-content\/uploads\/2019\/02\/VINITRELL.jpg?fit=800%2C800&ssl=1&resize=700%2C400 2x"},"classes":[]}],"jetpack_sharing_enabled":true,"jetpack_likes_enabled":true,"_links":{"self":[{"href":"https:\/\/tuzlahortum.com.tr\/fr\/wp-json\/wp\/v2\/product\/641","targetHints":{"allow":["GET"]}}],"collection":[{"href":"https:\/\/tuzlahortum.com.tr\/fr\/wp-json\/wp\/v2\/product"}],"about":[{"href":"https:\/\/tuzlahortum.com.tr\/fr\/wp-json\/wp\/v2\/types\/product"}],"replies":[{"embeddable":true,"href":"https:\/\/tuzlahortum.com.tr\/fr\/wp-json\/wp\/v2\/comments?post=641"}],"wp:featuredmedia":[{"embeddable":true,"href":"https:\/\/tuzlahortum.com.tr\/fr\/wp-json\/wp\/v2\/media\/2681"}],"wp:attachment":[{"href":"https:\/\/tuzlahortum.com.tr\/fr\/wp-json\/wp\/v2\/media?parent=641"}],"wp:term":[{"taxonomy":"product_brand","embeddable":true,"href":"https:\/\/tuzlahortum.com.tr\/fr\/wp-json\/wp\/v2\/product_brand?post=641"},{"taxonomy":"product_cat","embeddable":true,"href":"https:\/\/tuzlahortum.com.tr\/fr\/wp-json\/wp\/v2\/product_cat?post=641"},{"taxonomy":"product_tag","embeddable":true,"href":"https:\/\/tuzlahortum.com.tr\/fr\/wp-json\/wp\/v2\/product_tag?post=641"}],"curies":[{"name":"wp","href":"https:\/\/api.w.org\/{rel}","templated":true}]}}