{"id":639,"date":"2019-02-06T23:51:58","date_gmt":"2019-02-06T20:51:58","guid":{"rendered":"http:\/\/hortum.com.tr\/product\/import-placeholder-for-534\/"},"modified":"2024-03-21T17:44:32","modified_gmt":"2024-03-21T14:44:32","slug":"trelleborg-lactadial","status":"publish","type":"product","link":"https:\/\/tuzlahortum.com.tr\/fr\/produit\/trelleborg-lactadial\/","title":{"rendered":"Trelleborg LACTADIAL"},"content":{"rendered":"<h2>Trelleborg LACTADIAL<\/h2>\n<div>Agro-alimentaire\/Transfert<\/div>\n<div>Collecte du lait : \u00e9quipement des cuves de collecte du lait.<\/div>\n<div>Avantages<\/div>\n<div>* Il est extr\u00eamement flexible et facile \u00e0 transporter car il est l\u00e9ger.<\/div>\n<div>* Il reprend sa forme d&#039;origine apr\u00e8s \u00e9crasement.<\/div>\n<div>* Il poss\u00e8de une chambre \u00e0 air blanche, plate et sans soudure qui ne permet pas la formation de bact\u00e9ries et convient aux denr\u00e9es alimentaires.<\/div>\n<div>Il respecte les normes fran\u00e7aises, europ\u00e9ennes et am\u00e9ricaines les plus strictes en mati\u00e8re de transport.<\/div>\n<div>*En raison de la qualit\u00e9 du compos\u00e9 de caoutchouc, les changements de temp\u00e9rature n&#039;ont aucun effet.<\/div>\n<div>*Avec d\u00e9tergents ou vapeur \u00e0 des temp\u00e9ratures jusqu&#039;\u00e0 110\u00b0C (10 minutes maximum)<\/div>\n<div>Il offre une durabilit\u00e9 dans les travaux de nettoyage g\u00e9n\u00e9raux.<\/div>\n<div>* Rev\u00eatement r\u00e9sistant \u00e0 l&#039;usure et non marquant.<\/div>\n<div>*Ne contient pas de phtalates.<\/div>\n<div>description technique<\/div>\n<div>Chambre \u00e0 air : Qualit\u00e9 alimentaire, NR, blanche, droite.<\/div>\n<div>Renforcement : textile synth\u00e9tique avec ressort en acier int\u00e9gr\u00e9.<\/div>\n<div>Rev\u00eatement : NR, bleu, aspect tissu, r\u00e9sistant au vieillissement et \u00e0 l&#039;usure.<\/div>\n<div>Plage de temp\u00e9rature : -30\u00b0C \u00e0 +80\u00b0C.<\/div>\n<div>Norme\/Agr\u00e9ment :<\/div>\n<div>R\u00e8glements UE 1935\/2004 et 2023\/2006 R\u00e8glement FDA 21 CFR 177.2600.<\/div>\n<div>L\u00e9gislation fran\u00e7aise.<\/div>\n<div>Tous les tests de r\u00e9ussite pertinents (France et FDA) par l&#039;institut fran\u00e7ais de Poitiers (IANESCO)<\/div>\n<div>a \u00e9t\u00e9 faite et sa pertinence a \u00e9t\u00e9 confirm\u00e9e.<\/div>\n<div>Unions\/Raccords<\/div>\n<div>Des raccords sp\u00e9cialement con\u00e7us sont disponibles pour obtenir des connexions optimales<\/div>\n<div>Contactez-nous pour plus d&#039;informations sur.<\/div>\n<div><\/div>\n<div>\n<div class=\"video video-fit mb\" style=\"padding-top:56.25%;\"><p><iframe loading=\"lazy\" title=\"Quel tuyau alimentaire choisir ?\" width=\"1020\" height=\"574\" src=\"https:\/\/www.youtube.com\/embed\/1RIgy8WF1Ao?feature=oembed\" frameborder=\"0\" allow=\"accelerometer; autoplay; clipboard-write; encrypted-media; gyroscope; picture-in-picture; web-share\" referrerpolicy=\"strict-origin-when-cross-origin\" allowfullscreen><\/iframe><\/p>\n<\/div>\n<div class=\"video video-fit mb\" style=\"padding-top:56.25%;\"><p><iframe loading=\"lazy\" title=\"Confusion des mesures (pouces, doigts, brume, millim\u00e8tres)\" width=\"1020\" height=\"574\" src=\"https:\/\/www.youtube.com\/embed\/uKk6AG_AZls?feature=oembed\" frameborder=\"0\" allow=\"accelerometer; autoplay; clipboard-write; encrypted-media; gyroscope; picture-in-picture; web-share\" referrerpolicy=\"strict-origin-when-cross-origin\" allowfullscreen><\/iframe><\/p>\n<\/div>\n<\/div>\n<p><img data-recalc-dims=\"1\" loading=\"lazy\" decoding=\"async\" class=\"alignnone size-medium wp-image-2687\" src=\"https:\/\/i0.wp.com\/hortum.com.tr\/wp-content\/uploads\/2019\/02\/Trelleborg-LACTADIAL-800x128.jpg?resize=800%2C128\" alt=\"\" width=\"800\" height=\"128\" title=\"\" srcset=\"https:\/\/i0.wp.com\/tuzlahortum.com.tr\/wp-content\/uploads\/2019\/02\/Trelleborg-LACTADIAL.jpg?resize=800%2C128&amp;ssl=1 800w, https:\/\/i0.wp.com\/tuzlahortum.com.tr\/wp-content\/uploads\/2019\/02\/Trelleborg-LACTADIAL.jpg?resize=768%2C123&amp;ssl=1 768w, https:\/\/i0.wp.com\/tuzlahortum.com.tr\/wp-content\/uploads\/2019\/02\/Trelleborg-LACTADIAL.jpg?resize=600%2C96&amp;ssl=1 600w, https:\/\/i0.wp.com\/tuzlahortum.com.tr\/wp-content\/uploads\/2019\/02\/Trelleborg-LACTADIAL.jpg?w=845&amp;ssl=1 845w\" sizes=\"auto, (max-width: 800px) 100vw, 800px\" \/><\/p>","protected":false},"excerpt":{"rendered":"<p>Trelleborg LACTADIAL G\u0131da End\u00fcstrisi\/Transfer S\u00fct toplama: s\u00fct toplama tanklar\u0131 ekipman\u0131. Avantajlar *Son derece esnektir ve hafif oldu\u011fundan kolay ta\u015f\u0131n\u0131r. *Ezilme sonras\u0131nda eski \u015fekline geri d\u00f6ner. *Bakteri olu\u015fumuna izin vermeyen d\u00fcz, eksiz, beyaz i\u00e7 lastik bulunur ve g\u0131da maddelerinin ta\u015f\u0131nmas\u0131na y\u00f6nelik en kat\u0131 Frans\u0131z, Avrupa ve Amerikan standartlar\u0131na uygundur. *Kau\u00e7uk bile\u015fi\u011finin kalitesinden dolay\u0131 s\u0131cakl\u0131k de\u011fi\u015fimlerinin herhangi [&#8230;]\n","protected":false},"featured_media":2653,"comment_status":"open","ping_status":"closed","template":"","meta":{"jetpack_post_was_ever_published":false},"product_brand":[],"product_cat":[193],"product_tag":[537,294,402,290,533,538,535,532,534,536],"class_list":{"0":"post-639","1":"product","2":"type-product","3":"status-publish","4":"has-post-thumbnail","6":"product_cat-gida-endustrisi-transfer-hortumlari","7":"product_tag-bosaltma","8":"product_tag-dayanikli","9":"product_tag-gida","10":"product_tag-hortum","11":"product_tag-icecekler","12":"product_tag-sut-toplama","13":"product_tag-tesis","14":"product_tag-transfer","15":"product_tag-uretim","16":"product_tag-yukleme","18":"first","19":"instock","20":"taxable","21":"shipping-taxable","22":"product-type-variable"},"jetpack-related-posts":[{"id":638,"url":"https:\/\/tuzlahortum.com.tr\/fr\/produit\/trelleborg-citerdial\/","url_meta":{"origin":639,"position":0},"title":"CITERDIAL de Trelleborg","author":"admin","date":"6 f\u00e9vrier 2019","format":false,"excerpt":"Trelleborg CITERDIALG\u0131da End\u00fcstrisi\/Transfer S\u00fct ta\u015f\u0131mak i\u00e7in: s\u00fct toplamak ve ta\u015f\u0131mak i\u00e7in kullan\u0131lan tankerler, s\u00fct \u00fcr\u00fcnleri bo\u015faltma\u00a0alanlar\u0131 ve sabit ekipman, i\u015fleme ve doldurma tesisi. Ya\u011fl\u0131 g\u0131da maddeleri ve ya\u011flar hari\u00e7\u00a0\u015farap, elma \u015f\u0131ras\u0131, meyve suyu, sirke ve %96'ya kadar alkol gibi di\u011fer s\u0131v\u0131 g\u0131da maddelerinin\u00a0ta\u015f\u0131nmas\u0131. Avantajlar *K\u0131r\u0131lma olmaks\u0131z\u0131n en k\u00fc\u00e7\u00fck k\u0131vr\u0131lma yar\u0131\u00e7aplar\u0131n\u0131\u2026","rel":"","context":"Article similaire","block_context":{"text":"Article similaire","link":""},"img":{"alt_text":"","src":"https:\/\/i0.wp.com\/tuzlahortum.com.tr\/wp-content\/uploads\/2019\/02\/CITERDIAL.jpg?fit=800%2C800&ssl=1&resize=350%2C200","width":350,"height":200,"srcset":"https:\/\/i0.wp.com\/tuzlahortum.com.tr\/wp-content\/uploads\/2019\/02\/CITERDIAL.jpg?fit=800%2C800&ssl=1&resize=350%2C200 1x, https:\/\/i0.wp.com\/tuzlahortum.com.tr\/wp-content\/uploads\/2019\/02\/CITERDIAL.jpg?fit=800%2C800&ssl=1&resize=525%2C300 1.5x, https:\/\/i0.wp.com\/tuzlahortum.com.tr\/wp-content\/uploads\/2019\/02\/CITERDIAL.jpg?fit=800%2C800&ssl=1&resize=700%2C400 2x"},"classes":[]},{"id":635,"url":"https:\/\/tuzlahortum.com.tr\/fr\/produit\/trelleborg-alcodial\/","url_meta":{"origin":639,"position":1},"title":"Trelleborg ALCODIAL","author":"admin","date":"6 f\u00e9vrier 2019","format":false,"excerpt":"Trelleborg ALCODIALG\u0131da End\u00fcstrisi\/Transfer \u00d6zellikle %99'a kadar olan alkol\u00fcn ta\u015f\u0131nmas\u0131 i\u00e7in uyarlanm\u0131\u015ft\u0131r. \u015earap, bira, brandy ve alkoll\u00fc i\u00e7ecekler, meyve suyu, s\u00fct, vs. dahil t\u00fcm i\u00e7ecekler i\u00e7in uygundur. - \u00dcretim tesislerinde (dam\u0131tma, alkoll\u00fc i\u00e7ecek ve lik\u00f6r \u00fcreticileri, vs.), - karayolu ve demiryolu tankerleri y\u00fckleme ve bo\u015faltma alanlar\u0131nda kullan\u0131lan ekipmanlar i\u00e7in\u00a0tasarlanm\u0131\u015ft\u0131r. Avantajlar *Olduk\u00e7a\u2026","rel":"","context":"Article similaire","block_context":{"text":"Article similaire","link":""},"img":{"alt_text":"","src":"https:\/\/i0.wp.com\/tuzlahortum.com.tr\/wp-content\/uploads\/2019\/02\/ALCODIAL.jpg?fit=800%2C800&ssl=1&resize=350%2C200","width":350,"height":200,"srcset":"https:\/\/i0.wp.com\/tuzlahortum.com.tr\/wp-content\/uploads\/2019\/02\/ALCODIAL.jpg?fit=800%2C800&ssl=1&resize=350%2C200 1x, https:\/\/i0.wp.com\/tuzlahortum.com.tr\/wp-content\/uploads\/2019\/02\/ALCODIAL.jpg?fit=800%2C800&ssl=1&resize=525%2C300 1.5x, https:\/\/i0.wp.com\/tuzlahortum.com.tr\/wp-content\/uploads\/2019\/02\/ALCODIAL.jpg?fit=800%2C800&ssl=1&resize=700%2C400 2x"},"classes":[]},{"id":641,"url":"https:\/\/tuzlahortum.com.tr\/fr\/produit\/trelleborg-trellvin\/","url_meta":{"origin":639,"position":2},"title":"Trelleborg TRELLVIN","author":"admin","date":"6 f\u00e9vrier 2019","format":false,"excerpt":"Trelleborg TRELLVING\u0131da End\u00fcstrisi\/Transfer \u015earap, bira ve s\u00fct, ya\u011f, elma \u015f\u0131ras\u0131, meyve suyu ve %96'ya kadar olan alkol gibi s\u0131v\u0131 g\u0131da\u00a0maddelerinin \u00e7ekilmesi ve tahliyesi. \u00d6zellikle \u015farap \u00fcretim tesisi, bo\u015faltma alanlar\u0131ndaki tank transferleri ve s\u0131v\u0131 g\u0131da maddesi\u00a0tankerleri i\u00e7in tasarlanm\u0131\u015ft\u0131r. Avantajlar *G\u0131dada kullan\u0131ma uygun d\u00fczg\u00fcn y\u00fczeyli, eksiz, \u00e7ok ama\u00e7l\u0131 i\u00e7 lastik bakteri olu\u015fumunu\u00a0engeller.\u2026","rel":"","context":"Article similaire","block_context":{"text":"Article similaire","link":""},"img":{"alt_text":"","src":"https:\/\/i0.wp.com\/tuzlahortum.com.tr\/wp-content\/uploads\/2019\/02\/TRELLVIN.jpg?fit=800%2C800&ssl=1&resize=350%2C200","width":350,"height":200,"srcset":"https:\/\/i0.wp.com\/tuzlahortum.com.tr\/wp-content\/uploads\/2019\/02\/TRELLVIN.jpg?fit=800%2C800&ssl=1&resize=350%2C200 1x, https:\/\/i0.wp.com\/tuzlahortum.com.tr\/wp-content\/uploads\/2019\/02\/TRELLVIN.jpg?fit=800%2C800&ssl=1&resize=525%2C300 1.5x, https:\/\/i0.wp.com\/tuzlahortum.com.tr\/wp-content\/uploads\/2019\/02\/TRELLVIN.jpg?fit=800%2C800&ssl=1&resize=700%2C400 2x"},"classes":[]},{"id":644,"url":"https:\/\/tuzlahortum.com.tr\/fr\/produit\/trelleborg-vinitrell\/","url_meta":{"origin":639,"position":3},"title":"Trelleborg VIITRELL","author":"admin","date":"6 f\u00e9vrier 2019","format":false,"excerpt":"Trelleborg VINITRELLG\u0131da End\u00fcstrisi\/Transfer \u015earap \u00fcretim end\u00fcstrilerinde \u015farab\u0131n aktar\u0131lmas\u0131 i\u00e7in \u00f6zel olarak tasarlanm\u0131\u015ft\u0131r. Ya\u011fl\u0131 s\u0131v\u0131lar\u00a0d\u0131\u015f\u0131ndaki t\u00fcm g\u0131da maddelerinin \u00e7ekilmesi ve tahliyesi. Avantajlar *En y\u00fcksek seviyede kullan\u0131c\u0131 dostu hortum: p\u00fcr\u00fczs\u00fcz kaplama sayesinde benzersiz esneklik\u00a0ve kolay ta\u015f\u0131ma, d\u00fc\u015f\u00fck \u00e7ekme g\u00fcc\u00fc. *G\u0131dada kullan\u0131ma uygun olan beyaz i\u00e7 lastik g\u0131da maddelerinin ta\u015f\u0131nmas\u0131na y\u00f6nelik en kat\u0131\u00a0Avrupa\u2026","rel":"","context":"Article similaire","block_context":{"text":"Article similaire","link":""},"img":{"alt_text":"","src":"https:\/\/i0.wp.com\/tuzlahortum.com.tr\/wp-content\/uploads\/2019\/02\/VINITRELL.jpg?fit=800%2C800&ssl=1&resize=350%2C200","width":350,"height":200,"srcset":"https:\/\/i0.wp.com\/tuzlahortum.com.tr\/wp-content\/uploads\/2019\/02\/VINITRELL.jpg?fit=800%2C800&ssl=1&resize=350%2C200 1x, https:\/\/i0.wp.com\/tuzlahortum.com.tr\/wp-content\/uploads\/2019\/02\/VINITRELL.jpg?fit=800%2C800&ssl=1&resize=525%2C300 1.5x, https:\/\/i0.wp.com\/tuzlahortum.com.tr\/wp-content\/uploads\/2019\/02\/VINITRELL.jpg?fit=800%2C800&ssl=1&resize=700%2C400 2x"},"classes":[]},{"id":643,"url":"https:\/\/tuzlahortum.com.tr\/fr\/produit\/trelleborg-vendange\/","url_meta":{"origin":639,"position":4},"title":"Trelleborg VENDANGE","author":"admin","date":"6 f\u00e9vrier 2019","format":false,"excerpt":"Trelleborg VENDANGEG\u0131da End\u00fcstrisi\/Transfer \u015earap \u00fcretim end\u00fcstrilerinde taze \u00fcz\u00fcm\u00fcn aktar\u0131lmas\u0131 i\u00e7in \u00f6zel olarak tasarlanm\u0131\u015ft\u0131r. Avantajlar *Benzersiz esneklik ve kolay ta\u015f\u0131ma. *P\u00fcr\u00fczs\u00fcz kaplamadan dolay\u0131 \u00e7ekme esnas\u0131nda d\u00fc\u015f\u00fck kuvvet gerektirir. *G\u0131dada kullan\u0131ma uygun d\u00fczg\u00fcn y\u00fczeyli, eksiz i\u00e7 lastik bakteri olu\u015fumunu engeller. *Deterjanlar veya 110\u00b0C'ye kadar olan s\u0131cakl\u0131klardaki buhar ile (maksimum 10 dakika)\u00a0yap\u0131lan temizlikte\u2026","rel":"","context":"Article similaire","block_context":{"text":"Article similaire","link":""},"img":{"alt_text":"","src":"https:\/\/i0.wp.com\/tuzlahortum.com.tr\/wp-content\/uploads\/2019\/02\/VENDANGE.jpg?fit=800%2C800&ssl=1&resize=350%2C200","width":350,"height":200,"srcset":"https:\/\/i0.wp.com\/tuzlahortum.com.tr\/wp-content\/uploads\/2019\/02\/VENDANGE.jpg?fit=800%2C800&ssl=1&resize=350%2C200 1x, https:\/\/i0.wp.com\/tuzlahortum.com.tr\/wp-content\/uploads\/2019\/02\/VENDANGE.jpg?fit=800%2C800&ssl=1&resize=525%2C300 1.5x, https:\/\/i0.wp.com\/tuzlahortum.com.tr\/wp-content\/uploads\/2019\/02\/VENDANGE.jpg?fit=800%2C800&ssl=1&resize=700%2C400 2x"},"classes":[]},{"id":637,"url":"https:\/\/tuzlahortum.com.tr\/fr\/produit\/trelleborg-alikler-g2\/","url_meta":{"origin":639,"position":5},"title":"Trelleborg ACHETEURS G2","author":"admin","date":"6 f\u00e9vrier 2019","format":false,"excerpt":"Trelleborg ALIKLER G2G\u0131da End\u00fcstrisi\/Transfer \u015earap, bira, s\u00fct, ya\u011f, elma \u015f\u0131ras\u0131, meyve suyu ve %96'ya kadar olan alkol gibi s\u0131v\u0131 g\u0131da\u00a0maddelerinin \u00e7ekilmesi ve tahliyesi. Bo\u015faltma alanlar\u0131, i\u015fleme ve doldurma tesisleri ve s\u0131v\u0131 g\u0131da maddesi tankerleri +120\u00b0C'ye kadar olan s\u0131cakl\u0131klarda d\u00f6kme toz \u00fcr\u00fcnler ta\u015f\u0131yan karayolu tankerlerindeki ek hava hatt\u0131 (bas\u0131n\u00e7l\u0131\u00a0olmayan). Avantajlar *Geli\u015fmi\u015f\u2026","rel":"","context":"Article similaire","block_context":{"text":"Article similaire","link":""},"img":{"alt_text":"","src":"https:\/\/i0.wp.com\/tuzlahortum.com.tr\/wp-content\/uploads\/2019\/02\/ALIKLER-G2.jpg?fit=800%2C800&ssl=1&resize=350%2C200","width":350,"height":200,"srcset":"https:\/\/i0.wp.com\/tuzlahortum.com.tr\/wp-content\/uploads\/2019\/02\/ALIKLER-G2.jpg?fit=800%2C800&ssl=1&resize=350%2C200 1x, https:\/\/i0.wp.com\/tuzlahortum.com.tr\/wp-content\/uploads\/2019\/02\/ALIKLER-G2.jpg?fit=800%2C800&ssl=1&resize=525%2C300 1.5x, https:\/\/i0.wp.com\/tuzlahortum.com.tr\/wp-content\/uploads\/2019\/02\/ALIKLER-G2.jpg?fit=800%2C800&ssl=1&resize=700%2C400 2x"},"classes":[]}],"jetpack_sharing_enabled":true,"jetpack_likes_enabled":true,"_links":{"self":[{"href":"https:\/\/tuzlahortum.com.tr\/fr\/wp-json\/wp\/v2\/product\/639","targetHints":{"allow":["GET"]}}],"collection":[{"href":"https:\/\/tuzlahortum.com.tr\/fr\/wp-json\/wp\/v2\/product"}],"about":[{"href":"https:\/\/tuzlahortum.com.tr\/fr\/wp-json\/wp\/v2\/types\/product"}],"replies":[{"embeddable":true,"href":"https:\/\/tuzlahortum.com.tr\/fr\/wp-json\/wp\/v2\/comments?post=639"}],"wp:featuredmedia":[{"embeddable":true,"href":"https:\/\/tuzlahortum.com.tr\/fr\/wp-json\/wp\/v2\/media\/2653"}],"wp:attachment":[{"href":"https:\/\/tuzlahortum.com.tr\/fr\/wp-json\/wp\/v2\/media?parent=639"}],"wp:term":[{"taxonomy":"product_brand","embeddable":true,"href":"https:\/\/tuzlahortum.com.tr\/fr\/wp-json\/wp\/v2\/product_brand?post=639"},{"taxonomy":"product_cat","embeddable":true,"href":"https:\/\/tuzlahortum.com.tr\/fr\/wp-json\/wp\/v2\/product_cat?post=639"},{"taxonomy":"product_tag","embeddable":true,"href":"https:\/\/tuzlahortum.com.tr\/fr\/wp-json\/wp\/v2\/product_tag?post=639"}],"curies":[{"name":"wp","href":"https:\/\/api.w.org\/{rel}","templated":true}]}}