{"id":630,"date":"2019-02-06T23:46:52","date_gmt":"2019-02-06T20:46:52","guid":{"rendered":"http:\/\/hortum.com.tr\/product\/import-placeholder-for-477\/"},"modified":"2024-03-21T17:44:40","modified_gmt":"2024-03-21T14:44:40","slug":"trelleborg-vulpane","status":"publish","type":"product","link":"https:\/\/tuzlahortum.com.tr\/fr\/produit\/trelleborg-vulpane\/","title":{"rendered":"Trelleborg VULPANE"},"content":{"rendered":"<h2>Trelleborg VULPANE<\/h2>\n<p>Gaz et soudage<\/p>\n<p>Tuyau en caoutchouc pour GPL (bouteilles de gaz, r\u00e9chauffeurs, lignes de soudage et GPL).<\/p>\n<p>Avantages<\/p>\n<p>* Faible poids pour un transport flexible et facile.<\/p>\n<p>* Dur\u00e9e de vie longue et s\u00fbre.<\/p>\n<p>*En particulier, le rev\u00eatement du tuyau r\u00e9siste aux conditions atmosph\u00e9riques (ozone et r\u00e9gions chaudes).<\/p>\n<p>*Compos\u00e9s de caoutchouc sp\u00e9ciaux de haute qualit\u00e9.<\/p>\n<p>*Renfort textile tr\u00e8s r\u00e9sistant offrant un facteur de s\u00e9curit\u00e9 \u00e9lev\u00e9.<\/p>\n<p>*Marquage clair avec symbole de gaz et date de fabrication.<\/p>\n<p>description technique<\/p>\n<p>Tube int\u00e9rieur : NBR\/SBR, noir, droit.<\/p>\n<p>Renforcement : textile synth\u00e9tique.<\/p>\n<p>Rev\u00eatement : EPDM, orange, uni.<\/p>\n<p>Plage de temp\u00e9rature : -30\u00b0C \u00e0 +80\u00b0C.<\/p>\n<p>Norme\/Agr\u00e9ment : EN 559, ISO 3821, DG 3910.<\/p>\n<div class=\"video video-fit mb\" style=\"padding-top:56.25%;\"><p><iframe loading=\"lazy\" title=\"Confusion des mesures (pouces, doigts, brume, millim\u00e8tres)\" width=\"1020\" height=\"574\" src=\"https:\/\/www.youtube.com\/embed\/uKk6AG_AZls?feature=oembed\" frameborder=\"0\" allow=\"accelerometer; autoplay; clipboard-write; encrypted-media; gyroscope; picture-in-picture; web-share\" referrerpolicy=\"strict-origin-when-cross-origin\" allowfullscreen><\/iframe><\/p>\n<\/div>\n<p><img data-recalc-dims=\"1\" loading=\"lazy\" decoding=\"async\" class=\"alignnone size-medium wp-image-2072\" src=\"https:\/\/i0.wp.com\/hortum.com.tr\/wp-content\/uploads\/urunler\/trelleborg\/Trelleborg-VULPANE-800x150.jpg?resize=800%2C150\" alt=\"\" width=\"800\" height=\"150\" title=\"\" srcset=\"https:\/\/i0.wp.com\/tuzlahortum.com.tr\/wp-content\/uploads\/urunler\/trelleborg\/Trelleborg-VULPANE.jpg?resize=800%2C150&amp;ssl=1 800w, https:\/\/i0.wp.com\/tuzlahortum.com.tr\/wp-content\/uploads\/urunler\/trelleborg\/Trelleborg-VULPANE.jpg?resize=768%2C144&amp;ssl=1 768w, https:\/\/i0.wp.com\/tuzlahortum.com.tr\/wp-content\/uploads\/urunler\/trelleborg\/Trelleborg-VULPANE.jpg?resize=600%2C113&amp;ssl=1 600w, https:\/\/i0.wp.com\/tuzlahortum.com.tr\/wp-content\/uploads\/urunler\/trelleborg\/Trelleborg-VULPANE.jpg?w=922&amp;ssl=1 922w\" sizes=\"auto, (max-width: 800px) 100vw, 800px\" \/><\/p>","protected":false},"excerpt":{"rendered":"<p>Trelleborg VULPANE Gaz ve kaynak LPG i\u00e7in kau\u00e7uk hortum (gaz t\u00fcpleri, \u0131s\u0131t\u0131c\u0131lar, kaynak ve LPG hatlar\u0131). Avantajlar *Esnek ve kolay ta\u015f\u0131ma sa\u011flayan d\u00fc\u015f\u00fck a\u011f\u0131rl\u0131k. *Uzun, g\u00fcvenli hizmet \u00f6mr\u00fc. *\u00d6zellikle hortum kaplamas\u0131 atmosfer ko\u015fullar\u0131na kar\u015f\u0131 dayan\u0131kl\u0131d\u0131r (ozon ve s\u0131cak b\u00f6lgeler). *\u00d6zel, y\u00fcksek kalitede kau\u00e7uk bile\u015fikler. *Y\u00fcksek emniyet katsay\u0131s\u0131 kazand\u0131ran olduk\u00e7a g\u00fc\u00e7l\u00fc tekstil takviye. *Gaz sembol\u00fc ve [&#8230;]\n","protected":false},"featured_media":2685,"comment_status":"open","ping_status":"closed","template":"","meta":{"jetpack_post_was_ever_published":false},"product_brand":[],"product_cat":[177],"product_tag":[294,523,524,518,516,520],"class_list":{"0":"post-630","1":"product","2":"type-product","3":"status-publish","4":"has-post-thumbnail","6":"product_cat-gaz-ve-kaynak-hortumlari","7":"product_tag-dayanikli","8":"product_tag-hortumugaz","9":"product_tag-isitici","10":"product_tag-kaucuk","11":"product_tag-kaynak","12":"product_tag-lpg","14":"first","15":"instock","16":"taxable","17":"shipping-taxable","18":"product-type-variable"},"jetpack-related-posts":[{"id":628,"url":"https:\/\/tuzlahortum.com.tr\/fr\/produit\/trelleborg-pluton-2g\/","url_meta":{"origin":630,"position":0},"title":"Trelleborg PLUTON 2G","author":"admin","date":"6 f\u00e9vrier 2019","format":false,"excerpt":"Trelleborg PLUTON 2GGaz ve kaynak LPG (gaz t\u00fcpleri, \u0131s\u0131t\u0131c\u0131lar, kaynak ve LPG hatlar\u0131) ve kaynak gaz beslemesinde asetilen i\u00e7in\u00a0kau\u00e7uk hortum. Avantajlar *Esnek ve kolay ta\u015f\u0131ma sa\u011flayan d\u00fc\u015f\u00fck a\u011f\u0131rl\u0131k. *Uzun, g\u00fcvenli hizmet \u00f6mr\u00fc. *\u00d6zellikle kaplama atmosfer ko\u015fullar\u0131na kar\u015f\u0131 dayan\u0131kl\u0131d\u0131r (ozon ve s\u0131cak b\u00f6lgeler). *Alev tepmesi durumunda alev dayan\u0131m\u0131. *Y\u00fcksek emniyet katsay\u0131s\u0131\u2026","rel":"","context":"Article similaire","block_context":{"text":"Article similaire","link":""},"img":{"alt_text":"","src":"https:\/\/i0.wp.com\/tuzlahortum.com.tr\/wp-content\/uploads\/2019\/02\/PLUTON-2G.jpg?fit=800%2C800&ssl=1&resize=350%2C200","width":350,"height":200,"srcset":"https:\/\/i0.wp.com\/tuzlahortum.com.tr\/wp-content\/uploads\/2019\/02\/PLUTON-2G.jpg?fit=800%2C800&ssl=1&resize=350%2C200 1x, https:\/\/i0.wp.com\/tuzlahortum.com.tr\/wp-content\/uploads\/2019\/02\/PLUTON-2G.jpg?fit=800%2C800&ssl=1&resize=525%2C300 1.5x, https:\/\/i0.wp.com\/tuzlahortum.com.tr\/wp-content\/uploads\/2019\/02\/PLUTON-2G.jpg?fit=800%2C800&ssl=1&resize=700%2C400 2x"},"classes":[]},{"id":626,"url":"https:\/\/tuzlahortum.com.tr\/fr\/produit\/trelleborg-pluton-20-blue\/","url_meta":{"origin":630,"position":1},"title":"Trelleborg PLUTON 20 BLEU","author":"admin","date":"6 f\u00e9vrier 2019","format":false,"excerpt":"Trelleborg PLUTON 20 BLUEGaz ve kaynak Kaynak uygulamas\u0131nda oksijen beslemesinde kullan\u0131lan kau\u00e7uk hortum. Avantajlar *Esnek ve kolay ta\u015f\u0131ma sa\u011flayan d\u00fc\u015f\u00fck a\u011f\u0131rl\u0131k. *Uzun, g\u00fcvenli hizmet \u00f6mr\u00fc. *\u00d6zellikle kaplama atmosfer ko\u015fullar\u0131na kar\u015f\u0131 dayan\u0131kl\u0131d\u0131r (ozon ve s\u0131cak b\u00f6lgeler). *Alev tepmesi durumunda alev dayan\u0131m\u0131. *Y\u00fcksek emniyet katsay\u0131s\u0131 kazand\u0131ran olduk\u00e7a g\u00fc\u00e7l\u00fc tekstil takviye. *Gaz sembol\u00fc\u2026","rel":"","context":"Article similaire","block_context":{"text":"Article similaire","link":""},"img":{"alt_text":"","src":"https:\/\/i0.wp.com\/tuzlahortum.com.tr\/wp-content\/uploads\/2019\/02\/PLUTON-BLUE.jpg?fit=800%2C800&ssl=1&resize=350%2C200","width":350,"height":200,"srcset":"https:\/\/i0.wp.com\/tuzlahortum.com.tr\/wp-content\/uploads\/2019\/02\/PLUTON-BLUE.jpg?fit=800%2C800&ssl=1&resize=350%2C200 1x, https:\/\/i0.wp.com\/tuzlahortum.com.tr\/wp-content\/uploads\/2019\/02\/PLUTON-BLUE.jpg?fit=800%2C800&ssl=1&resize=525%2C300 1.5x, https:\/\/i0.wp.com\/tuzlahortum.com.tr\/wp-content\/uploads\/2019\/02\/PLUTON-BLUE.jpg?fit=800%2C800&ssl=1&resize=700%2C400 2x"},"classes":[]},{"id":627,"url":"https:\/\/tuzlahortum.com.tr\/fr\/produit\/trelleborg-pluton-20-red\/","url_meta":{"origin":630,"position":2},"title":"Trelleborg PLUTON 20 ROUGE","author":"admin","date":"6 f\u00e9vrier 2019","format":false,"excerpt":"Trelleborg PLUTON 20 REDGaz ve kaynak Kaynak uygulamas\u0131nda asetilen beslemesinde kullan\u0131lan kau\u00e7uk hortum. Avantajlar *Esnek ve kolay ta\u015f\u0131ma sa\u011flayan d\u00fc\u015f\u00fck a\u011f\u0131rl\u0131k. *Uzun, g\u00fcvenli hizmet \u00f6mr\u00fc. *\u00d6zellikle kaplama atmosfer ko\u015fullar\u0131na kar\u015f\u0131 dayan\u0131kl\u0131d\u0131r (ozon ve s\u0131cak b\u00f6lgeler). *Alev tepmesi durumunda alev dayan\u0131m\u0131. *Y\u00fcksek emniyet katsay\u0131s\u0131 kazand\u0131ran olduk\u00e7a g\u00fc\u00e7l\u00fc tekstil takviye. *Gaz sembol\u00fc\u2026","rel":"","context":"Article similaire","block_context":{"text":"Article similaire","link":""},"img":{"alt_text":"","src":"https:\/\/i0.wp.com\/tuzlahortum.com.tr\/wp-content\/uploads\/2019\/02\/PLUTON-RED.jpg?fit=800%2C800&ssl=1&resize=350%2C200","width":350,"height":200,"srcset":"https:\/\/i0.wp.com\/tuzlahortum.com.tr\/wp-content\/uploads\/2019\/02\/PLUTON-RED.jpg?fit=800%2C800&ssl=1&resize=350%2C200 1x, https:\/\/i0.wp.com\/tuzlahortum.com.tr\/wp-content\/uploads\/2019\/02\/PLUTON-RED.jpg?fit=800%2C800&ssl=1&resize=525%2C300 1.5x, https:\/\/i0.wp.com\/tuzlahortum.com.tr\/wp-content\/uploads\/2019\/02\/PLUTON-RED.jpg?fit=800%2C800&ssl=1&resize=700%2C400 2x"},"classes":[]},{"id":629,"url":"https:\/\/tuzlahortum.com.tr\/fr\/produit\/trelleborg-pluton-twin\/","url_meta":{"origin":630,"position":3},"title":"Trelleborg PLUTON TWIN","author":"admin","date":"6 f\u00e9vrier 2019","format":false,"excerpt":"Trelleborg PLUTON TWINGaz ve kaynak Kaynak gaz beslemesi i\u00e7in \u00e7ift hatl\u0131 kau\u00e7uk hortum. Avantajlar *Esnek ve kolay ta\u015f\u0131ma sa\u011flayan d\u00fc\u015f\u00fck a\u011f\u0131rl\u0131k. \u00c7ift hat olmas\u0131 ba\u011flant\u0131 sistemleri gereklili\u011fini\u00a0ortadan kald\u0131r\u0131r. *Uzun, g\u00fcvenli hizmet \u00f6mr\u00fc. *\u00d6zellikle kaplama atmosfer ko\u015fullar\u0131na kar\u015f\u0131 dayan\u0131kl\u0131d\u0131r (ozon ve s\u0131cak b\u00f6lgeler). *Alev tepmesi durumunda alev dayan\u0131m\u0131. *Y\u00fcksek emniyet katsay\u0131s\u0131\u2026","rel":"","context":"Article similaire","block_context":{"text":"Article similaire","link":""},"img":{"alt_text":"","src":"https:\/\/i0.wp.com\/tuzlahortum.com.tr\/wp-content\/uploads\/2019\/02\/PLUTON-TWIN.jpg?fit=800%2C800&ssl=1&resize=350%2C200","width":350,"height":200,"srcset":"https:\/\/i0.wp.com\/tuzlahortum.com.tr\/wp-content\/uploads\/2019\/02\/PLUTON-TWIN.jpg?fit=800%2C800&ssl=1&resize=350%2C200 1x, https:\/\/i0.wp.com\/tuzlahortum.com.tr\/wp-content\/uploads\/2019\/02\/PLUTON-TWIN.jpg?fit=800%2C800&ssl=1&resize=525%2C300 1.5x, https:\/\/i0.wp.com\/tuzlahortum.com.tr\/wp-content\/uploads\/2019\/02\/PLUTON-TWIN.jpg?fit=800%2C800&ssl=1&resize=700%2C400 2x"},"classes":[]},{"id":21335,"url":"https:\/\/tuzlahortum.com.tr\/fr\/produit\/uranus\/","url_meta":{"origin":630,"position":4},"title":"URANUS","author":"admin","date":"11 ao\u00fbt 2025","format":false,"excerpt":"\u00a0 \u00dcr\u00fcn Ad\u0131: URANUS \u00dcr\u00fcn Kodu: LPGW270 LPG Kaynak Kullanim Alan\u0131 : LPG ile Kaynak \u0130\u00e7in. Alt Katman : Siyah LPG ve Propan Dayan\u0131kl\u0131 \u00d6zel Sentetik Kau\u00e7uk. Takviye Katman\u0131 : Y\u00fcksek Mukavemetli Sentetik Tekstil. \u00dcst Katman : A\u015f\u0131nmaya, Alev, Oksijen, Hava ve Ya\u011fa Dayan\u0131kl\u0131 \u00d6zel Sentetik Kau\u00e7uk. -30\u00b0C \/ +80\u00b0C\u2026","rel":"","context":"Article similaire","block_context":{"text":"Article similaire","link":""},"img":{"alt_text":"","src":"https:\/\/i0.wp.com\/tuzlahortum.com.tr\/wp-content\/uploads\/2025\/08\/uranus-p.png?fit=523%2C523&ssl=1&resize=350%2C200","width":350,"height":200},"classes":[]},{"id":659,"url":"https:\/\/tuzlahortum.com.tr\/fr\/produit\/trelleborg-maxair\/","url_meta":{"origin":630,"position":5},"title":"Trelleborg MAXAIR","author":"admin","date":"6 f\u00e9vrier 2019","format":false,"excerpt":"Trelleborg MAXAIRAir\/applications d'air comprim\u00e9 Tuyau d'air comprim\u00e9 pour les applications industrielles et autres, pour les outils pneumatiques et les usages g\u00e9n\u00e9raux. Convient \u00e0 l'air comprim\u00e9 pour toutes les applications, \u00e0 l'oxyg\u00e8ne (POI\u226425mm uniquement) et aux gaz inertes argon, azote et dioxyde de carbone pour le soudage \u00e0 l'arc. Egalement pour les solutions aqueuses ou les \u00e9mulsions utilis\u00e9es dans la pulv\u00e9risation agricole d'eau industrielle, le blanchiment, la d\u00e9sinfection, les acides et...","rel":"","context":"Article similaire","block_context":{"text":"Article similaire","link":""},"img":{"alt_text":"","src":"https:\/\/i0.wp.com\/tuzlahortum.com.tr\/wp-content\/uploads\/2019\/02\/MAXAIR.jpg?fit=800%2C800&ssl=1&resize=350%2C200","width":350,"height":200,"srcset":"https:\/\/i0.wp.com\/tuzlahortum.com.tr\/wp-content\/uploads\/2019\/02\/MAXAIR.jpg?fit=800%2C800&ssl=1&resize=350%2C200 1x, https:\/\/i0.wp.com\/tuzlahortum.com.tr\/wp-content\/uploads\/2019\/02\/MAXAIR.jpg?fit=800%2C800&ssl=1&resize=525%2C300 1.5x, https:\/\/i0.wp.com\/tuzlahortum.com.tr\/wp-content\/uploads\/2019\/02\/MAXAIR.jpg?fit=800%2C800&ssl=1&resize=700%2C400 2x"},"classes":[]}],"jetpack_sharing_enabled":true,"jetpack_likes_enabled":true,"_links":{"self":[{"href":"https:\/\/tuzlahortum.com.tr\/fr\/wp-json\/wp\/v2\/product\/630","targetHints":{"allow":["GET"]}}],"collection":[{"href":"https:\/\/tuzlahortum.com.tr\/fr\/wp-json\/wp\/v2\/product"}],"about":[{"href":"https:\/\/tuzlahortum.com.tr\/fr\/wp-json\/wp\/v2\/types\/product"}],"replies":[{"embeddable":true,"href":"https:\/\/tuzlahortum.com.tr\/fr\/wp-json\/wp\/v2\/comments?post=630"}],"wp:featuredmedia":[{"embeddable":true,"href":"https:\/\/tuzlahortum.com.tr\/fr\/wp-json\/wp\/v2\/media\/2685"}],"wp:attachment":[{"href":"https:\/\/tuzlahortum.com.tr\/fr\/wp-json\/wp\/v2\/media?parent=630"}],"wp:term":[{"taxonomy":"product_brand","embeddable":true,"href":"https:\/\/tuzlahortum.com.tr\/fr\/wp-json\/wp\/v2\/product_brand?post=630"},{"taxonomy":"product_cat","embeddable":true,"href":"https:\/\/tuzlahortum.com.tr\/fr\/wp-json\/wp\/v2\/product_cat?post=630"},{"taxonomy":"product_tag","embeddable":true,"href":"https:\/\/tuzlahortum.com.tr\/fr\/wp-json\/wp\/v2\/product_tag?post=630"}],"curies":[{"name":"wp","href":"https:\/\/api.w.org\/{rel}","templated":true}]}}