{"id":629,"date":"2019-02-06T23:46:51","date_gmt":"2019-02-06T20:46:51","guid":{"rendered":"http:\/\/hortum.com.tr\/product\/import-placeholder-for-475\/"},"modified":"2024-03-21T17:44:41","modified_gmt":"2024-03-21T14:44:41","slug":"trelleborg-pluton-twin","status":"publish","type":"product","link":"https:\/\/tuzlahortum.com.tr\/fr\/produit\/trelleborg-pluton-twin\/","title":{"rendered":"Trelleborg PLUTON TWIN"},"content":{"rendered":"<h2>Trelleborg PLUTON TWIN<\/h2>\n<p>Gaz et soudage<\/p>\n<p>Tuyau en caoutchouc \u00e0 double conduite pour l&#039;alimentation en gaz de soudage.<\/p>\n<p>Avantages<\/p>\n<p>* Faible poids pour un transport flexible et facile. Avoir une double ligne \u00e9limine le besoin de syst\u00e8mes de connexion.<\/p>\n<p>* Dur\u00e9e de vie longue et s\u00fbre.<\/p>\n<p>* En particulier, le rev\u00eatement est r\u00e9sistant aux conditions atmosph\u00e9riques (ozone et r\u00e9gions chaudes).<\/p>\n<p>*R\u00e9sistance \u00e0 la flamme en cas de retour de flamme.<\/p>\n<p>*Renfort textile tr\u00e8s r\u00e9sistant offrant un facteur de s\u00e9curit\u00e9 \u00e9lev\u00e9.<\/p>\n<p>*Marquage clair avec symbole de gaz et date de fabrication.<\/p>\n<p>description technique<\/p>\n<p>Chambre \u00e0 air : SBR\/NR, noir, droit.<\/p>\n<p>Renforcement : textile synth\u00e9tique.<\/p>\n<p>Rev\u00eatement : EPDM, rouge pour l&#039;ac\u00e9tyl\u00e8ne, bleu pour l&#039;oxyg\u00e8ne, uni.<\/p>\n<p>Plage de temp\u00e9rature : -30\u00b0C \u00e0 +80\u00b0C.<\/p>\n<p>Norme\/Agr\u00e9ment : EN 559, ISO 3821.<\/p>\n<p>Informations Compl\u00e9mentaires<\/p>\n<p>Il est produit en longueurs de 80 et 120 mm sur demande. Les flexibles sont combin\u00e9s \u00e0 un pont \u00e9lastique en caoutchouc.<\/p>\n<div class=\"video video-fit mb\" style=\"padding-top:56.25%;\"><p><iframe loading=\"lazy\" title=\"Confusion des mesures (pouces, doigts, brume, millim\u00e8tres)\" width=\"1020\" height=\"574\" src=\"https:\/\/www.youtube.com\/embed\/uKk6AG_AZls?feature=oembed\" frameborder=\"0\" allow=\"accelerometer; autoplay; clipboard-write; encrypted-media; gyroscope; picture-in-picture; web-share\" referrerpolicy=\"strict-origin-when-cross-origin\" allowfullscreen><\/iframe><\/p>\n<\/div>\n<p><img data-recalc-dims=\"1\" loading=\"lazy\" decoding=\"async\" class=\"alignnone size-medium wp-image-2087\" src=\"https:\/\/i0.wp.com\/hortum.com.tr\/wp-content\/uploads\/urunler\/trelleborg\/Trelleborg-PLUTON-TWIN-800x110.jpg?resize=800%2C110\" alt=\"\" width=\"800\" height=\"110\" title=\"\" srcset=\"https:\/\/i0.wp.com\/tuzlahortum.com.tr\/wp-content\/uploads\/urunler\/trelleborg\/Trelleborg-PLUTON-TWIN.jpg?resize=800%2C110&amp;ssl=1 800w, https:\/\/i0.wp.com\/tuzlahortum.com.tr\/wp-content\/uploads\/urunler\/trelleborg\/Trelleborg-PLUTON-TWIN.jpg?resize=768%2C106&amp;ssl=1 768w, https:\/\/i0.wp.com\/tuzlahortum.com.tr\/wp-content\/uploads\/urunler\/trelleborg\/Trelleborg-PLUTON-TWIN.jpg?resize=600%2C83&amp;ssl=1 600w, https:\/\/i0.wp.com\/tuzlahortum.com.tr\/wp-content\/uploads\/urunler\/trelleborg\/Trelleborg-PLUTON-TWIN.jpg?w=915&amp;ssl=1 915w\" sizes=\"auto, (max-width: 800px) 100vw, 800px\" \/><\/p>","protected":false},"excerpt":{"rendered":"<p>Trelleborg PLUTON TWIN Gaz ve kaynak Kaynak gaz beslemesi i\u00e7in \u00e7ift hatl\u0131 kau\u00e7uk hortum. Avantajlar *Esnek ve kolay ta\u015f\u0131ma sa\u011flayan d\u00fc\u015f\u00fck a\u011f\u0131rl\u0131k. \u00c7ift hat olmas\u0131 ba\u011flant\u0131 sistemleri gereklili\u011fini\u00a0ortadan kald\u0131r\u0131r. *Uzun, g\u00fcvenli hizmet \u00f6mr\u00fc. *\u00d6zellikle kaplama atmosfer ko\u015fullar\u0131na kar\u015f\u0131 dayan\u0131kl\u0131d\u0131r (ozon ve s\u0131cak b\u00f6lgeler). *Alev tepmesi durumunda alev dayan\u0131m\u0131. *Y\u00fcksek emniyet katsay\u0131s\u0131 kazand\u0131ran olduk\u00e7a g\u00fc\u00e7l\u00fc tekstil [&#8230;]\n","protected":false},"featured_media":2666,"comment_status":"open","ping_status":"closed","template":"","meta":{"jetpack_post_was_ever_published":false},"product_brand":[],"product_cat":[177],"product_tag":[521,294,338,290,522,518,516],"class_list":{"0":"post-629","1":"product","2":"type-product","3":"status-publish","4":"has-post-thumbnail","6":"product_cat-gaz-ve-kaynak-hortumlari","7":"product_tag-cift","8":"product_tag-dayanikli","9":"product_tag-gaz","10":"product_tag-hortum","11":"product_tag-kat","12":"product_tag-kaucuk","13":"product_tag-kaynak","15":"first","16":"instock","17":"taxable","18":"shipping-taxable","19":"product-type-variable"},"jetpack-related-posts":[],"jetpack_sharing_enabled":true,"jetpack_likes_enabled":true,"_links":{"self":[{"href":"https:\/\/tuzlahortum.com.tr\/fr\/wp-json\/wp\/v2\/product\/629","targetHints":{"allow":["GET"]}}],"collection":[{"href":"https:\/\/tuzlahortum.com.tr\/fr\/wp-json\/wp\/v2\/product"}],"about":[{"href":"https:\/\/tuzlahortum.com.tr\/fr\/wp-json\/wp\/v2\/types\/product"}],"replies":[{"embeddable":true,"href":"https:\/\/tuzlahortum.com.tr\/fr\/wp-json\/wp\/v2\/comments?post=629"}],"wp:featuredmedia":[{"embeddable":true,"href":"https:\/\/tuzlahortum.com.tr\/fr\/wp-json\/wp\/v2\/media\/2666"}],"wp:attachment":[{"href":"https:\/\/tuzlahortum.com.tr\/fr\/wp-json\/wp\/v2\/media?parent=629"}],"wp:term":[{"taxonomy":"product_brand","embeddable":true,"href":"https:\/\/tuzlahortum.com.tr\/fr\/wp-json\/wp\/v2\/product_brand?post=629"},{"taxonomy":"product_cat","embeddable":true,"href":"https:\/\/tuzlahortum.com.tr\/fr\/wp-json\/wp\/v2\/product_cat?post=629"},{"taxonomy":"product_tag","embeddable":true,"href":"https:\/\/tuzlahortum.com.tr\/fr\/wp-json\/wp\/v2\/product_tag?post=629"}],"curies":[{"name":"wp","href":"https:\/\/api.w.org\/{rel}","templated":true}]}}