{"id":628,"date":"2019-02-06T23:46:51","date_gmt":"2019-02-06T20:46:51","guid":{"rendered":"http:\/\/hortum.com.tr\/product\/import-placeholder-for-476\/"},"modified":"2024-03-21T17:44:42","modified_gmt":"2024-03-21T14:44:42","slug":"trelleborg-pluton-2g","status":"publish","type":"product","link":"https:\/\/tuzlahortum.com.tr\/fr\/produit\/trelleborg-pluton-2g\/","title":{"rendered":"Trelleborg PLUTON 2G"},"content":{"rendered":"<h2>Trelleborg PLUTON 2G<\/h2>\n<p>Gaz et soudage<\/p>\n<p>Tuyau en caoutchouc pour GPL (bouteilles de gaz, r\u00e9chauffeurs, lignes de soudage et GPL) et ac\u00e9tyl\u00e8ne dans l&#039;alimentation en gaz de soudage.<\/p>\n<p>Avantages<\/p>\n<p>* Faible poids pour un transport flexible et facile.<\/p>\n<p>* Dur\u00e9e de vie longue et s\u00fbre.<\/p>\n<p>* En particulier, le rev\u00eatement est r\u00e9sistant aux conditions atmosph\u00e9riques (ozone et r\u00e9gions chaudes).<\/p>\n<p>*R\u00e9sistance \u00e0 la flamme en cas de retour de flamme.<\/p>\n<p>*Renfort textile tr\u00e8s r\u00e9sistant offrant un facteur de s\u00e9curit\u00e9 \u00e9lev\u00e9.<\/p>\n<p>*Marquage clair avec symbole de gaz et date de fabrication.<\/p>\n<p>description technique<\/p>\n<p>Chambre \u00e0 air : SBR\/NR, noir, droit.<\/p>\n<p>Renforcement : textile synth\u00e9tique.<\/p>\n<p>Rev\u00eatement : EPDM, rouge et orange, uni.<\/p>\n<p>Plage de temp\u00e9rature : -30\u00b0C \u00e0 +80\u00b0C.<\/p>\n<p>Norme\/Agr\u00e9ment : ISO 3821.<\/p>\n<div class=\"video video-fit mb\" style=\"padding-top:56.25%;\"><p><iframe loading=\"lazy\" title=\"Confusion des mesures (pouces, doigts, brume, millim\u00e8tres)\" width=\"1020\" height=\"574\" src=\"https:\/\/www.youtube.com\/embed\/uKk6AG_AZls?feature=oembed\" frameborder=\"0\" allow=\"accelerometer; autoplay; clipboard-write; encrypted-media; gyroscope; picture-in-picture\" allowfullscreen><\/iframe><\/p>\n<\/div>\n<p><img data-recalc-dims=\"1\" loading=\"lazy\" decoding=\"async\" class=\"alignnone size-medium wp-image-2088\" src=\"https:\/\/i0.wp.com\/hortum.com.tr\/wp-content\/uploads\/urunler\/trelleborg\/Trelleborg-PLUTON-2G-800x113.jpg?resize=800%2C113\" alt=\"\" width=\"800\" height=\"113\" title=\"\" srcset=\"https:\/\/i0.wp.com\/tuzlahortum.com.tr\/wp-content\/uploads\/urunler\/trelleborg\/Trelleborg-PLUTON-2G.jpg?resize=800%2C113&amp;ssl=1 800w, https:\/\/i0.wp.com\/tuzlahortum.com.tr\/wp-content\/uploads\/urunler\/trelleborg\/Trelleborg-PLUTON-2G.jpg?resize=768%2C108&amp;ssl=1 768w, https:\/\/i0.wp.com\/tuzlahortum.com.tr\/wp-content\/uploads\/urunler\/trelleborg\/Trelleborg-PLUTON-2G.jpg?resize=600%2C84&amp;ssl=1 600w, https:\/\/i0.wp.com\/tuzlahortum.com.tr\/wp-content\/uploads\/urunler\/trelleborg\/Trelleborg-PLUTON-2G.jpg?w=902&amp;ssl=1 902w\" sizes=\"auto, (max-width: 800px) 100vw, 800px\" \/><\/p>","protected":false},"excerpt":{"rendered":"<p>Trelleborg PLUTON 2G Gaz ve kaynak LPG (gaz t\u00fcpleri, \u0131s\u0131t\u0131c\u0131lar, kaynak ve LPG hatlar\u0131) ve kaynak gaz beslemesinde asetilen i\u00e7in\u00a0kau\u00e7uk hortum. Avantajlar *Esnek ve kolay ta\u015f\u0131ma sa\u011flayan d\u00fc\u015f\u00fck a\u011f\u0131rl\u0131k. *Uzun, g\u00fcvenli hizmet \u00f6mr\u00fc. *\u00d6zellikle kaplama atmosfer ko\u015fullar\u0131na kar\u015f\u0131 dayan\u0131kl\u0131d\u0131r (ozon ve s\u0131cak b\u00f6lgeler). *Alev tepmesi durumunda alev dayan\u0131m\u0131. *Y\u00fcksek emniyet katsay\u0131s\u0131 kazand\u0131ran olduk\u00e7a g\u00fc\u00e7l\u00fc tekstil [&#8230;]\n","protected":false},"featured_media":2663,"comment_status":"open","ping_status":"closed","template":"","meta":{"jetpack_post_was_ever_published":false},"product_brand":[],"product_cat":[177],"product_tag":[294,338,290,518,516,520],"class_list":{"0":"post-628","1":"product","2":"type-product","3":"status-publish","4":"has-post-thumbnail","6":"product_cat-gaz-ve-kaynak-hortumlari","7":"product_tag-dayanikli","8":"product_tag-gaz","9":"product_tag-hortum","10":"product_tag-kaucuk","11":"product_tag-kaynak","12":"product_tag-lpg","14":"first","15":"instock","16":"taxable","17":"shipping-taxable","18":"product-type-variable"},"jetpack-related-posts":[],"jetpack_sharing_enabled":true,"jetpack_likes_enabled":true,"_links":{"self":[{"href":"https:\/\/tuzlahortum.com.tr\/fr\/wp-json\/wp\/v2\/product\/628","targetHints":{"allow":["GET"]}}],"collection":[{"href":"https:\/\/tuzlahortum.com.tr\/fr\/wp-json\/wp\/v2\/product"}],"about":[{"href":"https:\/\/tuzlahortum.com.tr\/fr\/wp-json\/wp\/v2\/types\/product"}],"replies":[{"embeddable":true,"href":"https:\/\/tuzlahortum.com.tr\/fr\/wp-json\/wp\/v2\/comments?post=628"}],"wp:featuredmedia":[{"embeddable":true,"href":"https:\/\/tuzlahortum.com.tr\/fr\/wp-json\/wp\/v2\/media\/2663"}],"wp:attachment":[{"href":"https:\/\/tuzlahortum.com.tr\/fr\/wp-json\/wp\/v2\/media?parent=628"}],"wp:term":[{"taxonomy":"product_brand","embeddable":true,"href":"https:\/\/tuzlahortum.com.tr\/fr\/wp-json\/wp\/v2\/product_brand?post=628"},{"taxonomy":"product_cat","embeddable":true,"href":"https:\/\/tuzlahortum.com.tr\/fr\/wp-json\/wp\/v2\/product_cat?post=628"},{"taxonomy":"product_tag","embeddable":true,"href":"https:\/\/tuzlahortum.com.tr\/fr\/wp-json\/wp\/v2\/product_tag?post=628"}],"curies":[{"name":"wp","href":"https:\/\/api.w.org\/{rel}","templated":true}]}}