{"id":623,"date":"2019-02-06T23:46:50","date_gmt":"2019-02-06T20:46:50","guid":{"rendered":"http:\/\/hortum.com.tr\/product\/import-placeholder-for-253\/"},"modified":"2024-03-21T17:44:45","modified_gmt":"2024-03-21T14:44:45","slug":"ts-41","status":"publish","type":"product","link":"https:\/\/tuzlahortum.com.tr\/fr\/produit\/ts-41\/","title":{"rendered":"TS 41"},"content":{"rendered":"<h2>TS 41<\/h2>\n<div>MAT\u00c9RIEL:<\/div>\n<div>Mur en tissu\u00a0: tissu en fibre de verre enduit de silicone, double couche<\/div>\n<div>\u2022 Longueur standard : 4 m.<\/div>\n<div>\u2022 La couleur rouge<\/div>\n<div>Spirale externe : Fil d&#039;acier h\u00e9lico\u00efdal<\/div>\n<div><\/div>\n<div><div class=\"video video-fit mb\" style=\"padding-top:56.25%;\"><p><iframe loading=\"lazy\" title=\"Confusion des mesures (pouces, doigts, brume, millim\u00e8tres)\" width=\"1020\" height=\"574\" src=\"https:\/\/www.youtube.com\/embed\/uKk6AG_AZls?feature=oembed\" frameborder=\"0\" allow=\"accelerometer; autoplay; clipboard-write; encrypted-media; gyroscope; picture-in-picture; web-share\" referrerpolicy=\"strict-origin-when-cross-origin\" allowfullscreen><\/iframe><\/p>\n<\/div><\/div>\n<div><\/div>\n<div>APPLICATIONS:<\/div>\n<div>\u2022 Dans les chantiers navals<\/div>\n<div>\u2022 Mat\u00e9riaux chauds contenant du fluide gazeux<\/div>\n<div>dans les transports<\/div>\n<div>\u2022 Dans la construction de v\u00e9hicules<\/div>\n<div>\u2022 Tuyau de transport d&#039;air chaud pour s\u00e9choirs \u00e0 granul\u00e9s<\/div>\n<div>\u2022 Dans l&#039;industrie du plastique<\/div>\n<div>\u2022 Dans la construction a\u00e9ronautique<\/div>\n<div>\u2022 Ing\u00e9nierie g\u00e9n\u00e9rale et construction de moteurs<\/div>\n<div>CARACT\u00c9RISTIQUES:<\/div>\n<div>\u2022 Extr\u00eamement flexible<\/div>\n<div>\u2022 Lumi\u00e8re<\/div>\n<div>\u2022 Paroi de tuyau vulcanis\u00e9 stable et spirale en acier<\/div>\n<div>\u2022 Auto-aplatissant une fois lib\u00e9r\u00e9<\/div>\n<div>\u2022 La surface int\u00e9rieure est lisse<\/div>\n<div>\u2022 Faible rayon de courbure<\/div>\n<div>\u2022 Bonne r\u00e9sistance chimique<\/div>\n<div>\u2022 Pliage sym\u00e9trique<\/div>\n<div>\u2022 Sans halog\u00e8ne<\/div>","protected":false},"excerpt":{"rendered":"<p>TS 41 MATERYAL: Kuma\u015f Duvar\u0131 : Silikon kapl\u0131 Cam elyaf kuma\u015f, \u00e7ift katl\u0131 \u2022 Standart Uzunluk : 4 mt. \u2022 Renk : K\u0131rm\u0131z\u0131 D\u0131\u015f Spiral : Helisel \u00e7elik tel UYGULAMALAR: \u2022 Tersanelerde \u2022 Gaz ak\u0131\u015fkan ihtiva eden s\u0131cak materyallerin ta\u015f\u0131nmas\u0131nda \u2022 Ta\u015f\u0131t yap\u0131m\u0131nda \u2022 Gran\u00fcl kurutucular i\u00e7in s\u0131cak hava ta\u015f\u0131ma hortumu \u2022 Plastik sanayinde \u2022 [&#8230;]\n","protected":false},"featured_media":6355,"comment_status":"open","ping_status":"closed","template":"","meta":{"jetpack_post_was_ever_published":false},"product_brand":[],"product_cat":[143,145,146],"product_tag":[514,492,498,513,506,512,502,504,501],"class_list":{"0":"post-623","1":"product","2":"type-product","3":"status-publish","4":"has-post-thumbnail","6":"product_cat-havacilik-endustrisi-hortumlari","7":"product_cat-isiya-dayanikli-hortumlar","8":"product_cat-kimyasal-hortumlar","9":"product_tag-halojensiz","10":"product_tag-helisel-celik-dis-spiral","11":"product_tag-isiya-dayanikli","12":"product_tag-kirmizi","13":"product_tag-plastik-sanayinde","14":"product_tag-slikon-kapli-cam-elyaf-kumas","15":"product_tag-tasit-yapiminda","16":"product_tag-tersanelerde","17":"product_tag-ucak-yapiminda","19":"first","20":"instock","21":"taxable","22":"shipping-taxable","23":"product-type-variable"},"jetpack-related-posts":[{"id":749,"url":"https:\/\/tuzlahortum.com.tr\/fr\/produit\/ts-40\/","url_meta":{"origin":623,"position":0},"title":"TS 40","author":"admin","date":"6 f\u00e9vrier 2019","format":false,"excerpt":"TS 40MATERYAL: Kuma\u015f Duvar\u0131 : Silikon kapl\u0131 Cam elyaf kuma\u015f, Tek katl\u0131 \u2022 Standart Uzunluk : 4 mt. \u2022 Renk : K\u0131rm\u0131z\u0131 D\u0131\u015f Spiral : Helisel \u00e7elik tel UYGULAMALAR: \u2022 Tersanelerde \u2022 Gaz ak\u0131\u015fkan ihtiva eden s\u0131cak materyallerin ta\u015f\u0131nmas\u0131nda \u2022 Ta\u015f\u0131t yap\u0131m\u0131nda \u2022 Gran\u00fcl kurutucular i\u00e7in s\u0131cak hava ta\u015f\u0131ma hortumu\u2026","rel":"","context":"Article similaire","block_context":{"text":"Article similaire","link":""},"img":{"alt_text":"","src":"https:\/\/i0.wp.com\/tuzlahortum.com.tr\/wp-content\/uploads\/2019\/03\/TS-40.jpg?fit=600%2C450&ssl=1&resize=350%2C200","width":350,"height":200,"srcset":"https:\/\/i0.wp.com\/tuzlahortum.com.tr\/wp-content\/uploads\/2019\/03\/TS-40.jpg?fit=600%2C450&ssl=1&resize=350%2C200 1x, https:\/\/i0.wp.com\/tuzlahortum.com.tr\/wp-content\/uploads\/2019\/03\/TS-40.jpg?fit=600%2C450&ssl=1&resize=525%2C300 1.5x"},"classes":[]},{"id":621,"url":"https:\/\/tuzlahortum.com.tr\/fr\/produit\/tn-80\/","url_meta":{"origin":623,"position":1},"title":"NE 80","author":"admin","date":"6 f\u00e9vrier 2019","format":false,"excerpt":"TN 80MATERYAL: Kuma\u015f Duvar\u0131 : Neoprene kapl\u0131 Cam elyaf kuma\u015f, tek katl\u0131 \u2022 Standart Uzunluk : 4 mt \u2022 Renk : Siyah D\u0131\u015f Spiral : Spiral \u00e7elik tel UYGULAMALAR: \u2022 U\u00e7ak yap\u0131m\u0131nda \u2022 Gaz ak\u0131\u015fkan ihtiva eden s\u0131cak materyallerin ta\u015f\u0131nmas\u0131nda \u2022 Ta\u015f\u0131t yap\u0131m\u0131nda \u2022 Kimya sekt\u00f6r\u00fcnde \u2022 Tersanelerde \u2022 Genel\u2026","rel":"","context":"Article similaire","block_context":{"text":"Article similaire","link":""},"img":{"alt_text":"","src":"https:\/\/i0.wp.com\/tuzlahortum.com.tr\/wp-content\/uploads\/2019\/03\/TN-80.jpg?fit=600%2C450&ssl=1&resize=350%2C200","width":350,"height":200,"srcset":"https:\/\/i0.wp.com\/tuzlahortum.com.tr\/wp-content\/uploads\/2019\/03\/TN-80.jpg?fit=600%2C450&ssl=1&resize=350%2C200 1x, https:\/\/i0.wp.com\/tuzlahortum.com.tr\/wp-content\/uploads\/2019\/03\/TN-80.jpg?fit=600%2C450&ssl=1&resize=525%2C300 1.5x"},"classes":[]},{"id":666,"url":"https:\/\/tuzlahortum.com.tr\/fr\/produit\/tn-81\/","url_meta":{"origin":623,"position":2},"title":"AMT 81","author":"admin","date":"6 f\u00e9vrier 2019","format":false,"excerpt":"TN 81MATERYAL: Kuma\u015f Duvar\u0131 : Neopren kapl\u0131 cam elyaf kuma\u015f, \u00e7ift katl\u0131 \u2022 Standart Uzunluk : 4 mt \u2022 Renk : Siyah D\u0131\u015f Spiral : Spiral \u00e7elik tel UYGULAMALAR: \u2022 U\u00e7ak yap\u0131m\u0131nda \u2022 Gaz ak\u0131\u015fkan ihtiva eden s\u0131cak materyallerin ta\u015f\u0131nmas\u0131nda \u2022 Ta\u015f\u0131t yap\u0131m\u0131nda \u2022 Kimya sekt\u00f6r\u00fcnde \u2022 Tersanelerde \u2022 Genel\u2026","rel":"","context":"Article similaire","block_context":{"text":"Article similaire","link":""},"img":{"alt_text":"","src":"https:\/\/i0.wp.com\/tuzlahortum.com.tr\/wp-content\/uploads\/2019\/03\/TN-81.jpg?fit=600%2C450&ssl=1&resize=350%2C200","width":350,"height":200,"srcset":"https:\/\/i0.wp.com\/tuzlahortum.com.tr\/wp-content\/uploads\/2019\/03\/TN-81.jpg?fit=600%2C450&ssl=1&resize=350%2C200 1x, https:\/\/i0.wp.com\/tuzlahortum.com.tr\/wp-content\/uploads\/2019\/03\/TN-81.jpg?fit=600%2C450&ssl=1&resize=525%2C300 1.5x"},"classes":[]},{"id":690,"url":"https:\/\/tuzlahortum.com.tr\/fr\/produit\/tc-21\/","url_meta":{"origin":623,"position":3},"title":"CT 21","author":"admin","date":"6 f\u00e9vrier 2019","format":false,"excerpt":"TC 21MATERYAL: Kuma\u015f Duvar\u0131 : 3 katl\u0131 \u00f6zel kapl\u0131 \u0131s\u0131 bariyerli y\u00fcksek \u0131s\u0131 kuma\u015f\u0131 \u2022 A\u011f\u0131rl\u0131k : 1250 gr\/m2 \u2022 \u00c7ekme Dayan\u0131m\u0131 : 35 \/ 25 daN\/cm \u2022 Renk : Gri D\u0131\u015f Spiral : Galvanizli veya paslanmaz \u00e7elik Cr-Ni UYGULAMALAR: \u2022 S\u0131cak hava transferi \u2022 Savunma sanayinde \u2022 Cam elyaf\u2026","rel":"","context":"Article similaire","block_context":{"text":"Article similaire","link":""},"img":{"alt_text":"","src":"https:\/\/i0.wp.com\/tuzlahortum.com.tr\/wp-content\/uploads\/2019\/03\/TC-21-20.jpg?fit=600%2C450&ssl=1&resize=350%2C200","width":350,"height":200,"srcset":"https:\/\/i0.wp.com\/tuzlahortum.com.tr\/wp-content\/uploads\/2019\/03\/TC-21-20.jpg?fit=600%2C450&ssl=1&resize=350%2C200 1x, https:\/\/i0.wp.com\/tuzlahortum.com.tr\/wp-content\/uploads\/2019\/03\/TC-21-20.jpg?fit=600%2C450&ssl=1&resize=525%2C300 1.5x"},"classes":[]},{"id":688,"url":"https:\/\/tuzlahortum.com.tr\/fr\/produit\/tc-12\/","url_meta":{"origin":623,"position":4},"title":"CT 12","author":"admin","date":"6 f\u00e9vrier 2019","format":false,"excerpt":"TC 12MATERYAL: Kuma\u015f Duvar\u0131 : Hypalon kapl\u0131 cam elyaf kuma\u015f \u2022 A\u011f\u0131rl\u0131k : 400 gr\/m2 \u2022 \u00c7ekme Dayan\u0131m\u0131 : Warp : 180 daN\/5cm Weft : 150 daN\/5cm \u2022 Ek Kal\u0131nl\u0131\u011f\u0131 : 0,40 mm \u2022 Standart Uzunluk : 5 mt. - 10 mt. \u2022 Renk : Siyah D\u0131\u015f Spiral : Galvaniz\u2026","rel":"","context":"Article similaire","block_context":{"text":"Article similaire","link":""},"img":{"alt_text":"","src":"https:\/\/i0.wp.com\/tuzlahortum.com.tr\/wp-content\/uploads\/2019\/03\/TC-11-12.jpg?fit=600%2C450&ssl=1&resize=350%2C200","width":350,"height":200,"srcset":"https:\/\/i0.wp.com\/tuzlahortum.com.tr\/wp-content\/uploads\/2019\/03\/TC-11-12.jpg?fit=600%2C450&ssl=1&resize=350%2C200 1x, https:\/\/i0.wp.com\/tuzlahortum.com.tr\/wp-content\/uploads\/2019\/03\/TC-11-12.jpg?fit=600%2C450&ssl=1&resize=525%2C300 1.5x"},"classes":[]},{"id":687,"url":"https:\/\/tuzlahortum.com.tr\/fr\/produit\/tc-04\/","url_meta":{"origin":623,"position":5},"title":"CT 04","author":"admin","date":"6 f\u00e9vrier 2019","format":false,"excerpt":"TC 04MATERYAL: Hortum Duvar\u0131 : Silikon kapl\u0131 E-Camelyaf kuma\u015f \u2022 A\u011f\u0131rl\u0131k : 590 gr\/m2 \u2022 \u00c7ek. dayan\u0131m\u0131 : Warp 4277 N\/5cm, Weft 2757 N\/5cm \u2022 Kal\u0131nl\u0131k : 0.45 mm \u2022 Renk : Gri \u2022 Kaplama : \u00c7ift tarafl\u0131 80\/80 gr\/m2 gri silikon \u2022 Alev s\u0131n\u0131f\u0131 : DIN 66083, TNO 3883\u2026","rel":"","context":"Article similaire","block_context":{"text":"Article similaire","link":""},"img":{"alt_text":"","src":"https:\/\/i0.wp.com\/tuzlahortum.com.tr\/wp-content\/uploads\/2019\/03\/TC-04.jpg?fit=600%2C450&ssl=1&resize=350%2C200","width":350,"height":200,"srcset":"https:\/\/i0.wp.com\/tuzlahortum.com.tr\/wp-content\/uploads\/2019\/03\/TC-04.jpg?fit=600%2C450&ssl=1&resize=350%2C200 1x, https:\/\/i0.wp.com\/tuzlahortum.com.tr\/wp-content\/uploads\/2019\/03\/TC-04.jpg?fit=600%2C450&ssl=1&resize=525%2C300 1.5x"},"classes":[]}],"jetpack_sharing_enabled":true,"jetpack_likes_enabled":true,"_links":{"self":[{"href":"https:\/\/tuzlahortum.com.tr\/fr\/wp-json\/wp\/v2\/product\/623","targetHints":{"allow":["GET"]}}],"collection":[{"href":"https:\/\/tuzlahortum.com.tr\/fr\/wp-json\/wp\/v2\/product"}],"about":[{"href":"https:\/\/tuzlahortum.com.tr\/fr\/wp-json\/wp\/v2\/types\/product"}],"replies":[{"embeddable":true,"href":"https:\/\/tuzlahortum.com.tr\/fr\/wp-json\/wp\/v2\/comments?post=623"}],"wp:featuredmedia":[{"embeddable":true,"href":"https:\/\/tuzlahortum.com.tr\/fr\/wp-json\/wp\/v2\/media\/6355"}],"wp:attachment":[{"href":"https:\/\/tuzlahortum.com.tr\/fr\/wp-json\/wp\/v2\/media?parent=623"}],"wp:term":[{"taxonomy":"product_brand","embeddable":true,"href":"https:\/\/tuzlahortum.com.tr\/fr\/wp-json\/wp\/v2\/product_brand?post=623"},{"taxonomy":"product_cat","embeddable":true,"href":"https:\/\/tuzlahortum.com.tr\/fr\/wp-json\/wp\/v2\/product_cat?post=623"},{"taxonomy":"product_tag","embeddable":true,"href":"https:\/\/tuzlahortum.com.tr\/fr\/wp-json\/wp\/v2\/product_tag?post=623"}],"curies":[{"name":"wp","href":"https:\/\/api.w.org\/{rel}","templated":true}]}}