{"id":622,"date":"2019-02-06T23:46:49","date_gmt":"2019-02-06T20:46:49","guid":{"rendered":"http:\/\/hortum.com.tr\/product\/import-placeholder-for-229\/"},"modified":"2024-03-21T17:44:46","modified_gmt":"2024-03-21T14:44:46","slug":"poliuretan-hortum","status":"publish","type":"product","link":"https:\/\/tuzlahortum.com.tr\/fr\/produit\/poliuretan-hortum\/","title":{"rendered":"Tuyau en polyur\u00e9thane"},"content":{"rendered":"<h2>Tuyau en polyur\u00e9thane<\/h2>\n<div>MAT\u00c9RIEL:<\/div>\n<div>Mur de tissu : Ester-polyur\u00e9thane sp\u00e9cial de la meilleure qualit\u00e9<\/div>\n<div>\u2022 \u00c9paisseur de paroi\u00a0: 0,7\u00a0mm<\/div>\n<div>\u2022 Longueur standard : 10 m.<\/div>\n<div>\u2022 Couleur : Transparente<\/div>\n<div>Spirale ext\u00e9rieure\u00a0: fil de cuivre en spirale<\/div>\n<div><strong>-20 C \/ +90 C<\/strong>\u00a0<img data-recalc-dims=\"1\" decoding=\"async\" src=\"https:\/\/i0.wp.com\/www.burcugroup.com\/images\/termo.png?w=1020\" alt=\"\" title=\"\"><\/div>\n<div><\/div>\n<div><div class=\"video video-fit mb\" style=\"padding-top:56.25%;\"><p><iframe loading=\"lazy\" title=\"Confusion des mesures (pouces, doigts, brume, millim\u00e8tres)\" width=\"1020\" height=\"574\" src=\"https:\/\/www.youtube.com\/embed\/uKk6AG_AZls?feature=oembed\" frameborder=\"0\" allow=\"accelerometer; autoplay; clipboard-write; encrypted-media; gyroscope; picture-in-picture\" allowfullscreen><\/iframe><\/p>\n<\/div><\/div>\n<div><\/div>\n<div>APPLICATIONS:<\/div>\n<div>\u2022 Absorption et transfert de mat\u00e9riaux abrasifs<\/div>\n<div>\u2022 Transfert de petites particules granuleuses<\/div>\n<div>\u2022 Comme tuyau de protection contre la pression m\u00e9canique<\/div>\n<div>\u2022 Absorption et transfert de pi\u00e8ces dans l&#039;industrie papeti\u00e8re et textile<\/div>\n<div>\u2022 Transfert de mati\u00e8res gazeuses et liquides<\/div>\n<div>\u2022 Chargement de silo<\/div>\n<div>\u2022 Transfert de fluides et poudres abrasifs<\/div>\n<div>\u2022 Transfert de granul\u00e9s<\/div>\n<div>\u2022 Dans l&#039;industrie alimentaire<\/div>\n<div>\u2022 Applications antistatiques<\/div>\n<div>CARACT\u00c9RISTIQUES:<\/div>\n<div>\u2022 Structure l\u00e9g\u00e8re et renforc\u00e9e<\/div>\n<div>\u2022 Bon taux de flexibilit\u00e9 et de compression\u00a0: 4:1<\/div>\n<div>\u2022 R\u00e9sistant \u00e0 l&#039;abrasion<\/div>\n<div>\u2022 R\u00e9sistant aux produits chimiques<\/div>\n<div>\u2022 Bon rayon de courbure<\/div>\n<div>\u2022 R\u00e9sistant \u00e0 la perm\u00e9abilit\u00e9 aux gaz et aux liquides<\/div>\n<div>\u2022 R\u00e9sistant aux germes<\/div>\n<div>\u2022 R\u00e9sistant aux huiles min\u00e9rales<\/div>\n<div>\u2022 Fonction de d\u00e9charge d&#039;\u00e9lectricit\u00e9 statique<\/div>\n<div>\u2022 Plus durable que le Techni PU 50<\/div>\n<div><\/div>","protected":false},"excerpt":{"rendered":"<p>Poli\u00fcretan Hortum MATERYAL: Kuma\u015f Duvar\u0131 : \u00d6zel Premium ester-poli\u00fcretan \u2022 \u00a0Duvar Kal\u0131nl\u0131\u011f\u0131 : \u00a00,7 mm \u2022 \u00a0Standart Uzunluk : 10 mt. \u2022 Renk : \u00a0Transparent D\u0131\u015f Spiral : Bak\u0131r Spiral Tel -20 C \/ +90 C\u00a0 UYGULAMALAR: \u2022 \u00a0 A\u015f\u0131nd\u0131r\u0131c\u0131 materyallerin emilmesi ve transferi \u2022 \u00a0 K\u00fc\u00e7\u00fck tanecikli par\u00e7alar\u0131n transferi \u2022 \u00a0 Mekanik bas\u0131nca kar\u015f\u0131 [&#8230;]\n","protected":false},"featured_media":5881,"comment_status":"open","ping_status":"closed","template":"","meta":{"jetpack_post_was_ever_published":false},"product_brand":[],"product_cat":[142,147,150],"product_tag":[509,507,510,511,508],"class_list":{"0":"post-622","1":"product","2":"type-product","3":"status-publish","4":"has-post-thumbnail","6":"product_cat-agac-isleri-hortumlari","7":"product_cat-poliuretan-pu-flex-hortumlari","8":"product_cat-tarim-sektoru-hortumlari","9":"product_tag-bakir-dis-spiral-tel","10":"product_tag-ester-poliuretan-kumas","11":"product_tag-mikrop-gecirmez","12":"product_tag-statik-elektrik","13":"product_tag-transparent","15":"first","16":"outofstock","17":"sold-individually","18":"taxable","19":"shipping-taxable","20":"product-type-variable"},"jetpack-related-posts":[],"jetpack_sharing_enabled":true,"jetpack_likes_enabled":true,"_links":{"self":[{"href":"https:\/\/tuzlahortum.com.tr\/fr\/wp-json\/wp\/v2\/product\/622","targetHints":{"allow":["GET"]}}],"collection":[{"href":"https:\/\/tuzlahortum.com.tr\/fr\/wp-json\/wp\/v2\/product"}],"about":[{"href":"https:\/\/tuzlahortum.com.tr\/fr\/wp-json\/wp\/v2\/types\/product"}],"replies":[{"embeddable":true,"href":"https:\/\/tuzlahortum.com.tr\/fr\/wp-json\/wp\/v2\/comments?post=622"}],"wp:featuredmedia":[{"embeddable":true,"href":"https:\/\/tuzlahortum.com.tr\/fr\/wp-json\/wp\/v2\/media\/5881"}],"wp:attachment":[{"href":"https:\/\/tuzlahortum.com.tr\/fr\/wp-json\/wp\/v2\/media?parent=622"}],"wp:term":[{"taxonomy":"product_brand","embeddable":true,"href":"https:\/\/tuzlahortum.com.tr\/fr\/wp-json\/wp\/v2\/product_brand?post=622"},{"taxonomy":"product_cat","embeddable":true,"href":"https:\/\/tuzlahortum.com.tr\/fr\/wp-json\/wp\/v2\/product_cat?post=622"},{"taxonomy":"product_tag","embeddable":true,"href":"https:\/\/tuzlahortum.com.tr\/fr\/wp-json\/wp\/v2\/product_tag?post=622"}],"curies":[{"name":"wp","href":"https:\/\/api.w.org\/{rel}","templated":true}]}}