{"id":621,"date":"2019-02-06T23:46:49","date_gmt":"2019-02-06T20:46:49","guid":{"rendered":"http:\/\/hortum.com.tr\/product\/import-placeholder-for-254\/"},"modified":"2024-03-21T17:44:47","modified_gmt":"2024-03-21T14:44:47","slug":"tn-80","status":"publish","type":"product","link":"https:\/\/tuzlahortum.com.tr\/fr\/produit\/tn-80\/","title":{"rendered":"NE 80"},"content":{"rendered":"<h2>NE 80<\/h2>\n<div>MAT\u00c9RIEL:<\/div>\n<div>Tissu Mur : Tissu en fibre de verre enduit de n\u00e9opr\u00e8ne, monocouche<\/div>\n<div>\u2022 Longueur standard\u00a0: 4\u00a0m<\/div>\n<div>\u2022 La couleur noire<\/div>\n<div>Spirale externe : Fil d&#039;acier en spirale<\/div>\n<div><\/div>\n<div><div class=\"video video-fit mb\" style=\"padding-top:56.25%;\"><p><iframe loading=\"lazy\" title=\"Confusion des mesures (pouces, doigts, brume, millim\u00e8tres)\" width=\"1020\" height=\"574\" src=\"https:\/\/www.youtube.com\/embed\/uKk6AG_AZls?feature=oembed\" frameborder=\"0\" allow=\"accelerometer; autoplay; clipboard-write; encrypted-media; gyroscope; picture-in-picture; web-share\" referrerpolicy=\"strict-origin-when-cross-origin\" allowfullscreen><\/iframe><\/p>\n<\/div><\/div>\n<div><\/div>\n<div>APPLICATIONS:<\/div>\n<div>\u2022 Dans la construction a\u00e9ronautique<\/div>\n<div>\u2022 Mat\u00e9riaux chauds contenant du fluide gazeux<\/div>\n<div>dans les transports<\/div>\n<div>\u2022 Dans la construction de v\u00e9hicules<\/div>\n<div>\u2022 Dans l&#039;industrie chimique<\/div>\n<div>\u2022 Dans les chantiers navals<\/div>\n<div>\u2022 Ing\u00e9nierie g\u00e9n\u00e9rale et construction de moteurs<\/div>\n<div>\u2022 Installations de combustion<\/div>\n<div>\u2022 Dans l&#039;industrie du plastique<\/div>\n<div>\u2022 Transport d&#039;air chaud pour les s\u00e9choirs \u00e0 granul\u00e9s<\/div>\n<div>tuyau<\/div>\n<div>CARACT\u00c9RISTIQUES:<\/div>\n<div>\u2022 Faible rayon de courbure<\/div>\n<div>\u2022 Extr\u00eamement flexible<\/div>\n<div>\u2022 Auto-aplatissant une fois lib\u00e9r\u00e9<\/div>\n<div>\u2022 Bonne r\u00e9sistance chimique<\/div>\n<div>\u2022 Lumi\u00e8re<\/div>\n<div>\u2022 Surface int\u00e9rieure lisse<\/div>\n<div>\u2022 Pliage sym\u00e9trique<\/div>\n<div>\u2022 Paroi de tuyau vulcanis\u00e9e stable et<\/div>\n<div>spirale en acier<\/div>","protected":false},"excerpt":{"rendered":"<p>TN 80 MATERYAL: Kuma\u015f Duvar\u0131 : Neoprene kapl\u0131 Cam elyaf kuma\u015f, tek katl\u0131 \u2022 Standart Uzunluk : 4 mt \u2022 Renk : Siyah D\u0131\u015f Spiral : Spiral \u00e7elik tel UYGULAMALAR: \u2022 U\u00e7ak yap\u0131m\u0131nda \u2022 Gaz ak\u0131\u015fkan ihtiva eden s\u0131cak materyallerin ta\u015f\u0131nmas\u0131nda \u2022 Ta\u015f\u0131t yap\u0131m\u0131nda \u2022 Kimya sekt\u00f6r\u00fcnde \u2022 Tersanelerde \u2022 Genel m\u00fchendislik ve motor yap\u0131m\u0131nda [&#8230;]\n","protected":false},"featured_media":6352,"comment_status":"open","ping_status":"closed","template":"","meta":{"jetpack_post_was_ever_published":false},"product_brand":[],"product_cat":[143,145,146],"product_tag":[499,500,498,503,506,454,502,504,501,505],"class_list":{"0":"post-621","1":"product","2":"type-product","3":"status-publish","4":"has-post-thumbnail","6":"product_cat-havacilik-endustrisi-hortumlari","7":"product_cat-isiya-dayanikli-hortumlar","8":"product_cat-kimyasal-hortumlar","9":"product_tag-cam-elyaf-kumas","10":"product_tag-celik-dis-spiral","11":"product_tag-isiya-dayanikli","12":"product_tag-kimya-sektorunde","13":"product_tag-plastik-sanayinde","14":"product_tag-siyah","15":"product_tag-tasit-yapiminda","16":"product_tag-tersanelerde","17":"product_tag-ucak-yapiminda","18":"product_tag-yakma-tesisleri","20":"first","21":"instock","22":"taxable","23":"shipping-taxable","24":"product-type-variable"},"jetpack-related-posts":[],"jetpack_sharing_enabled":true,"jetpack_likes_enabled":true,"_links":{"self":[{"href":"https:\/\/tuzlahortum.com.tr\/fr\/wp-json\/wp\/v2\/product\/621","targetHints":{"allow":["GET"]}}],"collection":[{"href":"https:\/\/tuzlahortum.com.tr\/fr\/wp-json\/wp\/v2\/product"}],"about":[{"href":"https:\/\/tuzlahortum.com.tr\/fr\/wp-json\/wp\/v2\/types\/product"}],"replies":[{"embeddable":true,"href":"https:\/\/tuzlahortum.com.tr\/fr\/wp-json\/wp\/v2\/comments?post=621"}],"wp:featuredmedia":[{"embeddable":true,"href":"https:\/\/tuzlahortum.com.tr\/fr\/wp-json\/wp\/v2\/media\/6352"}],"wp:attachment":[{"href":"https:\/\/tuzlahortum.com.tr\/fr\/wp-json\/wp\/v2\/media?parent=621"}],"wp:term":[{"taxonomy":"product_brand","embeddable":true,"href":"https:\/\/tuzlahortum.com.tr\/fr\/wp-json\/wp\/v2\/product_brand?post=621"},{"taxonomy":"product_cat","embeddable":true,"href":"https:\/\/tuzlahortum.com.tr\/fr\/wp-json\/wp\/v2\/product_cat?post=621"},{"taxonomy":"product_tag","embeddable":true,"href":"https:\/\/tuzlahortum.com.tr\/fr\/wp-json\/wp\/v2\/product_tag?post=621"}],"curies":[{"name":"wp","href":"https:\/\/api.w.org\/{rel}","templated":true}]}}