{"id":615,"date":"2019-02-06T23:46:48","date_gmt":"2019-02-06T20:46:48","guid":{"rendered":"http:\/\/hortum.com.tr\/product\/import-placeholder-for-240\/"},"modified":"2024-03-21T17:44:50","modified_gmt":"2024-03-21T14:44:50","slug":"tc-02","status":"publish","type":"product","link":"https:\/\/tuzlahortum.com.tr\/fr\/produit\/tc-02\/","title":{"rendered":"CT 02"},"content":{"rendered":"<h2>CT 02<\/h2>\n<div>MAT\u00c9RIEL:<\/div>\n<div>Mur de tissu : Tissu enduit de PVC<\/div>\n<div>\u2022 Poids\u00a0: 630\u00a0gr\/m2<\/div>\n<div>\u2022 R\u00e9sistance \u00e0 la traction\u00a0: cha\u00eene 200\u00a0kg.F, trame 200\u00a0kg.F<\/div>\n<div>\u2022 R\u00e9sistance du tissu\u00a0: cha\u00eene 25\u00a0kg.F, trame 25\u00a0kg.F<\/div>\n<div>\u2022 \u00c9paisseur\u00a0: 0,55\u00a0mm<\/div>\n<div>\u2022 Couleur : Jaune - Noir - Gris - Vert<\/div>\n<div>Spirale ext\u00e9rieure : Acier galvanis\u00e9<\/div>\n<div><\/div>\n<div><div class=\"video video-fit mb\" style=\"padding-top:56.25%;\"><p><iframe loading=\"lazy\" title=\"Confusion des mesures (pouces, doigts, brume, millim\u00e8tres)\" width=\"1020\" height=\"574\" src=\"https:\/\/www.youtube.com\/embed\/uKk6AG_AZls?feature=oembed\" frameborder=\"0\" allow=\"accelerometer; autoplay; clipboard-write; encrypted-media; gyroscope; picture-in-picture; web-share\" referrerpolicy=\"strict-origin-when-cross-origin\" allowfullscreen><\/iframe><\/p>\n<\/div><\/div>\n<div><\/div>\n<div>APPLICATIONS:<\/div>\n<div>\u2022 Climatisation<\/div>\n<div>\u2022 Ventilation<\/div>\n<div>\u2022 Application par aspiration<\/div>\n<div>\u2022 En aspiration et transfert d&#039;air<\/div>\n<div>\u2022 Ventilation\/chauffage de la tente<\/div>\n<div>\u2022 Syst\u00e8mes d&#039;extraction des fum\u00e9es de soudage<\/div>\n<div>\u2022 Applications basse pression<\/div>\n<div>\u2022 Ventilation du v\u00e9hicule<\/div>\n<div>\u2022 Ventilation du navire<\/div>\n<div>\u2022 Filtres pour usines d&#039;asphalte<\/div>\n<div>\u2022 Dans les imprimeries<\/div>\n<div>\u2022 Tunnel \u2013 Ventilation de la mine<\/div>\n<div>CARACT\u00c9RISTIQUES:<\/div>\n<div>\u2022 R\u00e9sistant aux dommages m\u00e9caniques<\/div>\n<div>\u2022  Fort<\/div>\n<div>\u2022 Plus puissant que TechniConnect 01<\/div>\n<div>mat\u00e9riel<\/div>\n<div>\u2022 Grande flexibilit\u00e9, taux de compression 1:7<\/div>\n<div>\u2022 Spirale ext\u00e9rieure galvanis\u00e9e contre l&#039;abrasion<\/div>\n<div>\u2022 M\u00e9thode de fabrication extr\u00eamement robuste<\/div>","protected":false},"excerpt":{"rendered":"<p>TC 02 MATERYAL: Kuma\u015f Duvar\u0131 : PVC Kapl\u0131 kuma\u015f \u2022 A\u011f\u0131rl\u0131k : 630 gr\/m2 \u2022 \u00c7ekme Dayan\u0131m\u0131 : Warp 200 kg.F, Weft 200 kg.F \u2022 Kuma\u015f Dayan\u0131m\u0131 : Warp 25 kg.F, Weft 25 kg.F \u2022 Kal\u0131nl\u0131k : 0,55 mm \u2022 Renk : Sar\u0131 \u2013 Siyah \u2013 Gri &#8211; Ye\u015fil D\u0131\u015f Spiral : Galvaniz \u00c7elik UYGULAMALAR: [&#8230;]\n","protected":false},"featured_media":6340,"comment_status":"open","ping_status":"closed","template":"","meta":{"jetpack_post_was_ever_published":false},"product_brand":[],"product_cat":[144,146,150,151],"product_tag":[490,489,481,230,369,491,484,465,454,485],"class_list":{"0":"post-615","1":"product","2":"type-product","3":"status-publish","4":"has-post-thumbnail","6":"product_cat-havalandirma-ve-kaynak-hortumlari","7":"product_cat-kimyasal-hortumlar","8":"product_cat-tarim-sektoru-hortumlari","9":"product_cat-tunel-kanali-havalandirma-hortumlari","10":"product_tag-asfalt-plentleri","11":"product_tag-cadir","12":"product_tag-galvaniz-celik-dis-spiral","13":"product_tag-gri","14":"product_tag-havalandirma","15":"product_tag-matbaa","16":"product_tag-pvc-kapli-kumas","17":"product_tag-sari","18":"product_tag-siyah","19":"product_tag-yesil","21":"first","22":"instock","23":"taxable","24":"shipping-taxable","25":"product-type-variable"},"jetpack-related-posts":[],"jetpack_sharing_enabled":true,"jetpack_likes_enabled":true,"_links":{"self":[{"href":"https:\/\/tuzlahortum.com.tr\/fr\/wp-json\/wp\/v2\/product\/615","targetHints":{"allow":["GET"]}}],"collection":[{"href":"https:\/\/tuzlahortum.com.tr\/fr\/wp-json\/wp\/v2\/product"}],"about":[{"href":"https:\/\/tuzlahortum.com.tr\/fr\/wp-json\/wp\/v2\/types\/product"}],"replies":[{"embeddable":true,"href":"https:\/\/tuzlahortum.com.tr\/fr\/wp-json\/wp\/v2\/comments?post=615"}],"wp:featuredmedia":[{"embeddable":true,"href":"https:\/\/tuzlahortum.com.tr\/fr\/wp-json\/wp\/v2\/media\/6340"}],"wp:attachment":[{"href":"https:\/\/tuzlahortum.com.tr\/fr\/wp-json\/wp\/v2\/media?parent=615"}],"wp:term":[{"taxonomy":"product_brand","embeddable":true,"href":"https:\/\/tuzlahortum.com.tr\/fr\/wp-json\/wp\/v2\/product_brand?post=615"},{"taxonomy":"product_cat","embeddable":true,"href":"https:\/\/tuzlahortum.com.tr\/fr\/wp-json\/wp\/v2\/product_cat?post=615"},{"taxonomy":"product_tag","embeddable":true,"href":"https:\/\/tuzlahortum.com.tr\/fr\/wp-json\/wp\/v2\/product_tag?post=615"}],"curies":[{"name":"wp","href":"https:\/\/api.w.org\/{rel}","templated":true}]}}