{"id":614,"date":"2019-02-06T23:46:48","date_gmt":"2019-02-06T20:46:48","guid":{"rendered":"http:\/\/hortum.com.tr\/product\/import-placeholder-for-239\/"},"modified":"2024-03-21T17:44:51","modified_gmt":"2024-03-21T14:44:51","slug":"tc-01fr","status":"publish","type":"product","link":"https:\/\/tuzlahortum.com.tr\/fr\/produit\/tc-01fr\/","title":{"rendered":"TC 01FR"},"content":{"rendered":"<h2>TC 01FR<\/h2>\n<div>MAT\u00c9RIEL:<\/div>\n<div>Mur en tissu\u00a0: tissu enduit de PVC, ignifuge<\/div>\n<div>\u2022 Poids\u00a0: 430\u00a0gr\/m2<\/div>\n<div>\u2022 R\u00e9sistance \u00e0 la traction\u00a0: 100\/100\u00a0kg.F<\/div>\n<div>\u2022 R\u00e9sistance \u00e0 la d\u00e9chirure\u00a0: 5\/6\u00a0kg.F<\/div>\n<div>\u2022 Couleur : Jaune \u2013 Noir \u2013 Gris<\/div>\n<div>Spirale ext\u00e9rieure : Acier galvanis\u00e9<\/div>\n<div><\/div>\n<div><div class=\"video video-fit mb\" style=\"padding-top:56.25%;\"><p><iframe loading=\"lazy\" title=\"Confusion des mesures (pouces, doigts, brume, millim\u00e8tres)\" width=\"1020\" height=\"574\" src=\"https:\/\/www.youtube.com\/embed\/uKk6AG_AZls?feature=oembed\" frameborder=\"0\" allow=\"accelerometer; autoplay; clipboard-write; encrypted-media; gyroscope; picture-in-picture; web-share\" referrerpolicy=\"strict-origin-when-cross-origin\" allowfullscreen><\/iframe><\/p>\n<\/div><\/div>\n<div><\/div>\n<div>APPLICATIONS:<\/div>\n<div>\u2022 Climatisation<\/div>\n<div>\u2022 Ventilation<\/div>\n<div>\u2022 Application par aspiration<\/div>\n<div>\u2022 En aspiration et transfert d&#039;air<\/div>\n<div>\u2022 Ventilation\/chauffage de la tente<\/div>\n<div>\u2022 Syst\u00e8mes d&#039;extraction des fum\u00e9es de soudage<\/div>\n<div>\u2022 Applications basse pression<\/div>\n<div>\u2022 Ventilation du v\u00e9hicule<\/div>\n<div>\u2022 Ventilation du navire<\/div>\n<div>CARACT\u00c9RISTIQUES:<\/div>\n<div>\u2022 R\u00e9sistant aux dommages m\u00e9caniques<\/div>\n<div>\u2022 Fort<\/div>\n<div>\u2022 Lumi\u00e8re<\/div>\n<div>\u2022 Grande flexibilit\u00e9, taux de compression 1:8<\/div>\n<div>\u2022 Spirale ext\u00e9rieure galvanis\u00e9e contre l&#039;abrasion<\/div>\n<div>\u2022 M\u00e9thode de fabrication extr\u00eamement robuste<\/div>","protected":false},"excerpt":{"rendered":"<p>TC 01FR MATERYAL: Kuma\u015f Duvar\u0131 : PVC Kapl\u0131 Kuma\u015f, Alev Y\u00fcr\u00fcmez \u00d6zellikte \u2022 A\u011f\u0131rl\u0131k : 430 gr\/m2 \u2022 \u00c7ekme Dayan\u0131m\u0131 : 100\/100 kg.F \u2022 Y\u0131rt\u0131lma Dayan\u0131m\u0131 : 5\/6 kg.F \u2022 Renk : Sar\u0131 &#8211; Siyah &#8211; Gri D\u0131\u015f Spiral : Galvaniz \u00c7elik UYGULAMALAR: \u2022 Klima \u2022 Havaland\u0131rma \u2022 Emi\u015f uygulamas\u0131 \u2022 Hava emi\u015fi ve transferinde [&#8230;]\n","protected":false},"featured_media":6342,"comment_status":"open","ping_status":"closed","template":"","meta":{"jetpack_post_was_ever_published":false},"product_brand":[],"product_cat":[144,151],"product_tag":[489,481,230,369,484,465,454],"class_list":{"0":"post-614","1":"product","2":"type-product","3":"status-publish","4":"has-post-thumbnail","6":"product_cat-havalandirma-ve-kaynak-hortumlari","7":"product_cat-tunel-kanali-havalandirma-hortumlari","8":"product_tag-cadir","9":"product_tag-galvaniz-celik-dis-spiral","10":"product_tag-gri","11":"product_tag-havalandirma","12":"product_tag-pvc-kapli-kumas","13":"product_tag-sari","14":"product_tag-siyah","16":"first","17":"instock","18":"taxable","19":"shipping-taxable","20":"product-type-variable"},"jetpack-related-posts":[{"id":617,"url":"https:\/\/tuzlahortum.com.tr\/fr\/produit\/tc-02fr\/","url_meta":{"origin":614,"position":0},"title":"TC 02FR","author":"admin","date":"6 f\u00e9vrier 2019","format":false,"excerpt":"TC 02FRMATERYAL: Kuma\u015f Duvar\u0131 : PVC Kapl\u0131 kuma\u015f, Alev Y\u00fcr\u00fcmez \u00d6zellikte \u2022 A\u011f\u0131rl\u0131k : 630 gr\/m2 \u2022 \u00c7ekme Dayan\u0131m\u0131 : Warp 200 kg.F, Weft 200 kg.F \u2022 Kuma\u015f Dayan\u0131m\u0131 : Warp 25 kg.F, Weft 25 kg.F \u2022 Kal\u0131nl\u0131k : 0,55 mm \u2022 Renk : Sar\u0131 \u2013 Siyah \u2013 Gri -\u2026","rel":"","context":"Article similaire","block_context":{"text":"Article similaire","link":""},"img":{"alt_text":"","src":"https:\/\/i0.wp.com\/tuzlahortum.com.tr\/wp-content\/uploads\/2019\/03\/TC-02FR-01FR-TC25.jpg?fit=600%2C450&ssl=1&resize=350%2C200","width":350,"height":200,"srcset":"https:\/\/i0.wp.com\/tuzlahortum.com.tr\/wp-content\/uploads\/2019\/03\/TC-02FR-01FR-TC25.jpg?fit=600%2C450&ssl=1&resize=350%2C200 1x, https:\/\/i0.wp.com\/tuzlahortum.com.tr\/wp-content\/uploads\/2019\/03\/TC-02FR-01FR-TC25.jpg?fit=600%2C450&ssl=1&resize=525%2C300 1.5x"},"classes":[]},{"id":615,"url":"https:\/\/tuzlahortum.com.tr\/fr\/produit\/tc-02\/","url_meta":{"origin":614,"position":1},"title":"CT 02","author":"admin","date":"6 f\u00e9vrier 2019","format":false,"excerpt":"TC 02MATERYAL: Kuma\u015f Duvar\u0131 : PVC Kapl\u0131 kuma\u015f \u2022 A\u011f\u0131rl\u0131k : 630 gr\/m2 \u2022 \u00c7ekme Dayan\u0131m\u0131 : Warp 200 kg.F, Weft 200 kg.F \u2022 Kuma\u015f Dayan\u0131m\u0131 : Warp 25 kg.F, Weft 25 kg.F \u2022 Kal\u0131nl\u0131k : 0,55 mm \u2022 Renk : Sar\u0131 \u2013 Siyah \u2013 Gri - Ye\u015fil D\u0131\u015f Spiral\u2026","rel":"","context":"Article similaire","block_context":{"text":"Article similaire","link":""},"img":{"alt_text":"","src":"https:\/\/i0.wp.com\/tuzlahortum.com.tr\/wp-content\/uploads\/2019\/03\/TC-02.jpg?fit=600%2C501&ssl=1&resize=350%2C200","width":350,"height":200,"srcset":"https:\/\/i0.wp.com\/tuzlahortum.com.tr\/wp-content\/uploads\/2019\/03\/TC-02.jpg?fit=600%2C501&ssl=1&resize=350%2C200 1x, https:\/\/i0.wp.com\/tuzlahortum.com.tr\/wp-content\/uploads\/2019\/03\/TC-02.jpg?fit=600%2C501&ssl=1&resize=525%2C300 1.5x"},"classes":[]},{"id":668,"url":"https:\/\/tuzlahortum.com.tr\/fr\/produit\/tc-25\/","url_meta":{"origin":614,"position":2},"title":"CT 25","author":"admin","date":"6 f\u00e9vrier 2019","format":false,"excerpt":"TC 25MATERYAL: Hortum duvar\u0131 : PVC Kapl\u0131 Kuma\u015f \u2022 A\u011f\u0131rl\u0131k : 850 gr\/m2 \u2022 \u00c7ekme dayan\u0131m\u0131 : 320 \/ 300 kg.F \u2022 Y\u0131rt\u0131lma dayan\u0131m\u0131 : 37 \/ 45 kg.F \u2022 Kal\u0131nl\u0131k : 0.65 mm \u2022 Renk : Sar\u0131 - Gri \u2022 Su Ge\u00e7irgenli\u011fi : 2000 mmWG D\u0131\u015f Spiral : Galvaniz\u2026","rel":"","context":"Article similaire","block_context":{"text":"Article similaire","link":""},"img":{"alt_text":"","src":"https:\/\/i0.wp.com\/tuzlahortum.com.tr\/wp-content\/uploads\/2019\/03\/TC-02FR-01FR-TC25.jpg?fit=600%2C450&ssl=1&resize=350%2C200","width":350,"height":200,"srcset":"https:\/\/i0.wp.com\/tuzlahortum.com.tr\/wp-content\/uploads\/2019\/03\/TC-02FR-01FR-TC25.jpg?fit=600%2C450&ssl=1&resize=350%2C200 1x, https:\/\/i0.wp.com\/tuzlahortum.com.tr\/wp-content\/uploads\/2019\/03\/TC-02FR-01FR-TC25.jpg?fit=600%2C450&ssl=1&resize=525%2C300 1.5x"},"classes":[]},{"id":941,"url":"https:\/\/tuzlahortum.com.tr\/fr\/produit\/tc-27\/","url_meta":{"origin":614,"position":3},"title":"CT 27","author":"admin","date":"6 f\u00e9vrier 2019","format":false,"excerpt":"TC 27MATERYAL: Hortum duvar\u0131 : Polietilen Film \u2022 A\u011f\u0131rl\u0131k : 400 gr\/m2 \u2022 \u00c7ekme dayan\u0131m\u0131 : 80 \/ 80 kg.F \u2022 Y\u0131rt\u0131lma dayan\u0131m\u0131 : 5 \/ 6 kg.F \u2022 Kal\u0131nl\u0131k : 0.35 mm \u2022 Renk : Mavi D\u0131\u015f Spiral : Galvaniz \u00c7elik UYGULAMALAR: \u2022 \u00a0Klima \u2022 \u00a0Havaland\u0131rma \u2022 \u00a0Maden havaland\u0131rmas\u0131\u2026","rel":"","context":"Article similaire","block_context":{"text":"Article similaire","link":""},"img":{"alt_text":"","src":"https:\/\/i0.wp.com\/tuzlahortum.com.tr\/wp-content\/uploads\/2019\/03\/TC-27.jpg?fit=600%2C450&ssl=1&resize=350%2C200","width":350,"height":200,"srcset":"https:\/\/i0.wp.com\/tuzlahortum.com.tr\/wp-content\/uploads\/2019\/03\/TC-27.jpg?fit=600%2C450&ssl=1&resize=350%2C200 1x, https:\/\/i0.wp.com\/tuzlahortum.com.tr\/wp-content\/uploads\/2019\/03\/TC-27.jpg?fit=600%2C450&ssl=1&resize=525%2C300 1.5x"},"classes":[]},{"id":689,"url":"https:\/\/tuzlahortum.com.tr\/fr\/produit\/tc-20\/","url_meta":{"origin":614,"position":4},"title":"CT 20","author":"admin","date":"6 f\u00e9vrier 2019","format":false,"excerpt":"TC 20MATERYAL: Hortum Duvar\u0131 : Silisyum oksit ve poli\u00fcretan kapl\u0131 E-Camelyaf kuma\u015f \u2022 A\u011f\u0131rl\u0131k : 1250 gr\/m2 \u2022 \u00c7ekme dayan\u0131m\u0131 : Warp: 35 daN\/cm, Weft: 25 daN\/cm \u2022 Kal\u0131nl\u0131k : Yakla\u015f\u0131k 2 mm \u2022 Renk : Gri D\u0131\u015f Spiral : Galvaniz veya Cr-Ni \u00e7elik UYGULAMALAR: \u2022 S\u0131cak hava transferi \u2022\u2026","rel":"","context":"Article similaire","block_context":{"text":"Article similaire","link":""},"img":{"alt_text":"","src":"https:\/\/i0.wp.com\/tuzlahortum.com.tr\/wp-content\/uploads\/2019\/03\/TC-21-20.jpg?fit=600%2C450&ssl=1&resize=350%2C200","width":350,"height":200,"srcset":"https:\/\/i0.wp.com\/tuzlahortum.com.tr\/wp-content\/uploads\/2019\/03\/TC-21-20.jpg?fit=600%2C450&ssl=1&resize=350%2C200 1x, https:\/\/i0.wp.com\/tuzlahortum.com.tr\/wp-content\/uploads\/2019\/03\/TC-21-20.jpg?fit=600%2C450&ssl=1&resize=525%2C300 1.5x"},"classes":[]},{"id":616,"url":"https:\/\/tuzlahortum.com.tr\/fr\/produit\/tc-02as\/","url_meta":{"origin":614,"position":5},"title":"TC 02AS","author":"admin","date":"6 f\u00e9vrier 2019","format":false,"excerpt":"TC 02ASMATERYAL: Kuma\u015f Duvar : Antistatik \u2264 10^8Ohm \u2022 A\u011f\u0131rl\u0131k : 570 gr\/m2 DIN EN ISO 2286-2 \u2022 \u00c7ekme Dayan\u0131m\u0131 : 2200 \/ 2200 N\/5 cm \u2022 Y\u0131rt\u0131lma Dayan\u0131m\u0131 : 310 \/ 350 N \u2022 Ek Kal\u0131nl\u0131\u011f\u0131 : 0,55 mm \u2022 Renk : Siyah D\u0131\u015f Spiral : Galvaniz \u00c7elik UYGULAMALAR:\u2026","rel":"","context":"Article similaire","block_context":{"text":"Article similaire","link":""},"img":{"alt_text":"","src":"https:\/\/i0.wp.com\/tuzlahortum.com.tr\/wp-content\/uploads\/2019\/03\/TC-02AS.jpg?fit=600%2C450&ssl=1&resize=350%2C200","width":350,"height":200,"srcset":"https:\/\/i0.wp.com\/tuzlahortum.com.tr\/wp-content\/uploads\/2019\/03\/TC-02AS.jpg?fit=600%2C450&ssl=1&resize=350%2C200 1x, https:\/\/i0.wp.com\/tuzlahortum.com.tr\/wp-content\/uploads\/2019\/03\/TC-02AS.jpg?fit=600%2C450&ssl=1&resize=525%2C300 1.5x"},"classes":[]}],"jetpack_sharing_enabled":true,"jetpack_likes_enabled":true,"_links":{"self":[{"href":"https:\/\/tuzlahortum.com.tr\/fr\/wp-json\/wp\/v2\/product\/614","targetHints":{"allow":["GET"]}}],"collection":[{"href":"https:\/\/tuzlahortum.com.tr\/fr\/wp-json\/wp\/v2\/product"}],"about":[{"href":"https:\/\/tuzlahortum.com.tr\/fr\/wp-json\/wp\/v2\/types\/product"}],"replies":[{"embeddable":true,"href":"https:\/\/tuzlahortum.com.tr\/fr\/wp-json\/wp\/v2\/comments?post=614"}],"wp:featuredmedia":[{"embeddable":true,"href":"https:\/\/tuzlahortum.com.tr\/fr\/wp-json\/wp\/v2\/media\/6342"}],"wp:attachment":[{"href":"https:\/\/tuzlahortum.com.tr\/fr\/wp-json\/wp\/v2\/media?parent=614"}],"wp:term":[{"taxonomy":"product_brand","embeddable":true,"href":"https:\/\/tuzlahortum.com.tr\/fr\/wp-json\/wp\/v2\/product_brand?post=614"},{"taxonomy":"product_cat","embeddable":true,"href":"https:\/\/tuzlahortum.com.tr\/fr\/wp-json\/wp\/v2\/product_cat?post=614"},{"taxonomy":"product_tag","embeddable":true,"href":"https:\/\/tuzlahortum.com.tr\/fr\/wp-json\/wp\/v2\/product_tag?post=614"}],"curies":[{"name":"wp","href":"https:\/\/api.w.org\/{rel}","templated":true}]}}