{"id":607,"date":"2019-02-06T23:46:33","date_gmt":"2019-02-06T20:46:33","guid":{"rendered":"http:\/\/hortum.com.tr\/product\/import-placeholder-for-292\/"},"modified":"2024-03-21T17:44:55","modified_gmt":"2024-03-21T14:44:55","slug":"sari-hortum-ekleme","status":"publish","type":"product","link":"https:\/\/tuzlahortum.com.tr\/fr\/produit\/sari-hortum-ekleme\/","title":{"rendered":"Attache de tuyau jaune"},"content":{"rendered":"<h2>Attache de tuyau jaune<\/h2>","protected":false},"excerpt":{"rendered":"<p>Attache de tuyau jaune<\/p>","protected":false},"featured_media":1384,"comment_status":"open","ping_status":"closed","template":"","meta":{"jetpack_post_was_ever_published":false},"product_brand":[],"product_cat":[99],"product_tag":[465,473,474],"class_list":{"0":"post-607","1":"product","2":"type-product","3":"status-publish","4":"has-post-thumbnail","6":"product_cat-sari-fittings","7":"product_tag-sari","8":"product_tag-sari-hortum","9":"product_tag-sari-hortum-ekleme","11":"first","12":"instock","13":"taxable","14":"shipping-taxable","15":"product-type-variable"},"jetpack-related-posts":[{"id":819,"url":"https:\/\/tuzlahortum.com.tr\/fr\/produit\/plastik-hortum-ekleme\/","url_meta":{"origin":607,"position":0},"title":"Fixation de tuyau en plastique","author":"admin","date":"6 f\u00e9vrier 2019","format":false,"excerpt":"Fixation de tuyau en plastique","rel":"","context":"Article similaire","block_context":{"text":"Article similaire","link":""},"img":{"alt_text":"","src":"https:\/\/i0.wp.com\/tuzlahortum.com.tr\/wp-content\/uploads\/2019\/02\/PLAST%C4%B0K-HORTUM-EKLEME-300x300.jpg?fit=300%2C300&ssl=1&resize=350%2C200","width":350,"height":200},"classes":[]},{"id":625,"url":"https:\/\/tuzlahortum.com.tr\/fr\/produit\/galvaniz-demir-hortum-ekleme-rekoru\/","url_meta":{"origin":607,"position":1},"title":"Union de raccord de tuyau en fer galvanis\u00e9","author":"admin","date":"6 f\u00e9vrier 2019","format":false,"excerpt":"Union de raccord de tuyau en fer galvanis\u00e9","rel":"","context":"Article similaire","block_context":{"text":"Article similaire","link":""},"img":{"alt_text":"","src":"https:\/\/i0.wp.com\/tuzlahortum.com.tr\/wp-content\/uploads\/2019\/02\/Galvaniz-Demir-Hortum-Ekleme-Rekoru-300x300.jpg?fit=300%2C300&ssl=1&resize=350%2C200","width":350,"height":200},"classes":[]},{"id":13246,"url":"https:\/\/tuzlahortum.com.tr\/fr\/produit\/flow-luks-jak-3-4-hortum-ekleme\/","url_meta":{"origin":607,"position":2},"title":"FLOW LUXURY JACK 3\/4 TUYAU AJOUT","author":"admin","date":"28 mars 2024","format":false,"excerpt":"FLOW L\u00dcKS JAK 3\/4 HORTUM EKLEME Bah\u00e7e sulama ekipmanlar\u0131n\u0131z aras\u0131ndaki uyumu sa\u011flamak i\u00e7in tasarlanan FLOW L\u00dcKS JAK 3\/4 Hortum Ekleme, sulama i\u015flerinizi daha kolay ve verimli hale getirir. \u00d6zellikler: Evrensel Uyumluluk: Bu jak, 3\/4\" \u00e7ap\u0131ndaki hortumlarla uyumludur ve farkl\u0131 sulama ekipmanlar\u0131n\u0131 birbirine ba\u011flaman\u0131z\u0131 sa\u011flar. Bah\u00e7enizdeki sulama sistemlerinin sorunsuz \u00e7al\u0131\u015fmas\u0131n\u0131 sa\u011flar.\u2026","rel":"","context":"Article similaire","block_context":{"text":"Article similaire","link":""},"img":{"alt_text":"","src":"https:\/\/i0.wp.com\/tuzlahortum.com.tr\/wp-content\/uploads\/2024\/03\/jak_luks_hortum_ekleme_2.jpg?fit=800%2C800&ssl=1&resize=350%2C200","width":350,"height":200,"srcset":"https:\/\/i0.wp.com\/tuzlahortum.com.tr\/wp-content\/uploads\/2024\/03\/jak_luks_hortum_ekleme_2.jpg?fit=800%2C800&ssl=1&resize=350%2C200 1x, https:\/\/i0.wp.com\/tuzlahortum.com.tr\/wp-content\/uploads\/2024\/03\/jak_luks_hortum_ekleme_2.jpg?fit=800%2C800&ssl=1&resize=525%2C300 1.5x, https:\/\/i0.wp.com\/tuzlahortum.com.tr\/wp-content\/uploads\/2024\/03\/jak_luks_hortum_ekleme_2.jpg?fit=800%2C800&ssl=1&resize=700%2C400 2x"},"classes":[]},{"id":608,"url":"https:\/\/tuzlahortum.com.tr\/fr\/produit\/sari-hortum-te\/","url_meta":{"origin":607,"position":3},"title":"T\u00e9 de tuyau jaune","author":"admin","date":"6 f\u00e9vrier 2019","format":false,"excerpt":"T\u00e9 de tuyau jaune","rel":"","context":"Article similaire","block_context":{"text":"Article similaire","link":""},"img":{"alt_text":"","src":"https:\/\/i0.wp.com\/tuzlahortum.com.tr\/wp-content\/uploads\/2019\/02\/sarihortumte-300x300.jpg?fit=300%2C300&ssl=1&resize=350%2C200","width":350,"height":200},"classes":[]},{"id":603,"url":"https:\/\/tuzlahortum.com.tr\/fr\/produit\/sari-disi-hortum-rekoru\/","url_meta":{"origin":607,"position":4},"title":"Union de tuyau femelle jaune","author":"admin","date":"6 f\u00e9vrier 2019","format":false,"excerpt":"Union de tuyau femelle jaune","rel":"","context":"Article similaire","block_context":{"text":"Article similaire","link":""},"img":{"alt_text":"","src":"https:\/\/i0.wp.com\/tuzlahortum.com.tr\/wp-content\/uploads\/2019\/02\/disihortumrekor-300x300.jpg?fit=300%2C300&ssl=1&resize=350%2C200","width":350,"height":200},"classes":[]},{"id":888,"url":"https:\/\/tuzlahortum.com.tr\/fr\/produit\/sari-hortum-rekoru\/","url_meta":{"origin":607,"position":5},"title":"Union de tuyau jaune m\u00e2le (type lourd)","author":"admin","date":"6 f\u00e9vrier 2019","format":false,"excerpt":"Union de tuyau jaune m\u00e2le (type lourd)","rel":"","context":"Article similaire","block_context":{"text":"Article similaire","link":""},"img":{"alt_text":"","src":"https:\/\/i0.wp.com\/tuzlahortum.com.tr\/wp-content\/uploads\/2019\/02\/erkek-hortum-rekoru.jpg?fit=600%2C600&ssl=1&resize=350%2C200","width":350,"height":200,"srcset":"https:\/\/i0.wp.com\/tuzlahortum.com.tr\/wp-content\/uploads\/2019\/02\/erkek-hortum-rekoru.jpg?fit=600%2C600&ssl=1&resize=350%2C200 1x, https:\/\/i0.wp.com\/tuzlahortum.com.tr\/wp-content\/uploads\/2019\/02\/erkek-hortum-rekoru.jpg?fit=600%2C600&ssl=1&resize=525%2C300 1.5x"},"classes":[]}],"jetpack_sharing_enabled":true,"jetpack_likes_enabled":true,"_links":{"self":[{"href":"https:\/\/tuzlahortum.com.tr\/fr\/wp-json\/wp\/v2\/product\/607","targetHints":{"allow":["GET"]}}],"collection":[{"href":"https:\/\/tuzlahortum.com.tr\/fr\/wp-json\/wp\/v2\/product"}],"about":[{"href":"https:\/\/tuzlahortum.com.tr\/fr\/wp-json\/wp\/v2\/types\/product"}],"replies":[{"embeddable":true,"href":"https:\/\/tuzlahortum.com.tr\/fr\/wp-json\/wp\/v2\/comments?post=607"}],"wp:featuredmedia":[{"embeddable":true,"href":"https:\/\/tuzlahortum.com.tr\/fr\/wp-json\/wp\/v2\/media\/1384"}],"wp:attachment":[{"href":"https:\/\/tuzlahortum.com.tr\/fr\/wp-json\/wp\/v2\/media?parent=607"}],"wp:term":[{"taxonomy":"product_brand","embeddable":true,"href":"https:\/\/tuzlahortum.com.tr\/fr\/wp-json\/wp\/v2\/product_brand?post=607"},{"taxonomy":"product_cat","embeddable":true,"href":"https:\/\/tuzlahortum.com.tr\/fr\/wp-json\/wp\/v2\/product_cat?post=607"},{"taxonomy":"product_tag","embeddable":true,"href":"https:\/\/tuzlahortum.com.tr\/fr\/wp-json\/wp\/v2\/product_tag?post=607"}],"curies":[{"name":"wp","href":"https:\/\/api.w.org\/{rel}","templated":true}]}}