{"id":601,"date":"2019-02-06T23:46:32","date_gmt":"2019-02-06T20:46:32","guid":{"rendered":"http:\/\/hortum.com.tr\/product\/import-placeholder-for-580\/"},"modified":"2024-03-21T17:45:00","modified_gmt":"2024-03-21T14:45:00","slug":"disi-pompa-basligi","status":"publish","type":"product","link":"https:\/\/tuzlahortum.com.tr\/fr\/produit\/disi-pompa-basligi\/","title":{"rendered":"Raccord t\u00eate de pompe"},"content":{"rendered":"<h2>Raccord t\u00eate de pompe<\/h2>","protected":false},"excerpt":{"rendered":"<p>Raccord t\u00eate de pompe<\/p>","protected":false},"featured_media":1368,"comment_status":"open","ping_status":"closed","template":"","meta":{"jetpack_post_was_ever_published":false},"product_brand":[],"product_cat":[98],"product_tag":[462,257,463,301],"class_list":{"0":"post-601","1":"product","2":"type-product","3":"status-publish","4":"has-post-thumbnail","6":"product_cat-galvaniz-fittings","7":"product_tag-basligi","8":"product_tag-disi","9":"product_tag-disi-pompa-basligi","10":"product_tag-pompa","12":"first","13":"instock","14":"taxable","15":"shipping-taxable","16":"product-type-variable"},"jetpack-related-posts":[{"id":602,"url":"https:\/\/tuzlahortum.com.tr\/fr\/produit\/erkek-pompa-basligi\/","url_meta":{"origin":601,"position":0},"title":"Raccord t\u00eate de pompe m\u00e2le","author":"admin","date":"6 f\u00e9vrier 2019","format":false,"excerpt":"Raccord t\u00eate de pompe m\u00e2le","rel":"","context":"Article similaire","block_context":{"text":"Article similaire","link":""},"img":{"alt_text":"","src":"https:\/\/i0.wp.com\/tuzlahortum.com.tr\/wp-content\/uploads\/2019\/02\/Erkek-Pompa-Ba%C5%9Fl%C4%B1%C4%9F%C4%B1-300x300.jpg?fit=300%2C300&ssl=1&resize=350%2C200","width":350,"height":200},"classes":[]},{"id":734,"url":"https:\/\/tuzlahortum.com.tr\/fr\/produit\/hava-pompa-hortumlari\/","url_meta":{"origin":601,"position":1},"title":"Tuyaux de pompe \u00e0 air","author":"admin","date":"6 f\u00e9vrier 2019","format":false,"excerpt":"Hava Pompa Hortumlar\u0131KULLANIM ALANLARI : Esas olarak servis istasyonlar\u0131ndaki hava pompalar\u0131nda ve tazyikli hava uygulamalar\u0131nda kullan\u0131lmaktad\u0131r. SERT\u0130F\u0130KALAR : Hortumlar TSE markal\u0131d\u0131r. TS 745 EN ISO 2398 KONTR\u00dcKS\u0130YON Alt : SBR\/NBR, siyah, d\u00fcz Takviye : Y\u00fcksek mukavemetli tekstil \u00f6rg\u00fc \u00dcst : SBR\/NBR, siyah, d\u00fcz, iklim \u015fartlar\u0131na ve a\u015f\u0131nmaya dayan\u0131kl\u0131","rel":"","context":"Article similaire","block_context":{"text":"Article similaire","link":""},"img":{"alt_text":"","src":"https:\/\/i0.wp.com\/tuzlahortum.com.tr\/wp-content\/uploads\/urunler\/kaucuk\/superlas-hava-pompa-hortumu.jpg?fit=360%2C270&ssl=1&resize=350%2C200","width":350,"height":200},"classes":[]},{"id":21620,"url":"https:\/\/tuzlahortum.com.tr\/fr\/produit\/pompa-l-2\/","url_meta":{"origin":601,"position":2},"title":"PUMP \/ L+","author":"admin","date":"11 ao\u00fbt 2025","format":false,"excerpt":"\u00dcr\u00fcn Ad\u0131: POMPA \/ L+ \u00dcr\u00fcn Kodu: OPL44U Petrol Pump \u1d58L - 54\u00b0C Kullanim Alan\u0131 : T\u00fcm Benzin Da\u011f\u0131t\u0131m Uygulamalar\u0131 \u0130\u00e7in (Normal, Premium Benzin ve Dizel). Alt Katman : Ya\u011f, Benzin ve Dizel Diren\u00e7li, D\u00fcz, Siyah, Nitril Kau\u00e7uk. Takviye Katman\u0131 : Y\u00fcksek Mukavemetli Sentetik Tekstil ve Antistatik Bak\u0131r Tel. \u00dcst\u2026","rel":"","context":"Article similaire","block_context":{"text":"Article similaire","link":""},"img":{"alt_text":"","src":"https:\/\/i0.wp.com\/tuzlahortum.com.tr\/wp-content\/uploads\/2025\/08\/pompal-p-1.png?fit=528%2C528&ssl=1&resize=350%2C200","width":350,"height":200,"srcset":"https:\/\/i0.wp.com\/tuzlahortum.com.tr\/wp-content\/uploads\/2025\/08\/pompal-p-1.png?fit=528%2C528&ssl=1&resize=350%2C200 1x, https:\/\/i0.wp.com\/tuzlahortum.com.tr\/wp-content\/uploads\/2025\/08\/pompal-p-1.png?fit=528%2C528&ssl=1&resize=525%2C300 1.5x"},"classes":[]},{"id":21626,"url":"https:\/\/tuzlahortum.com.tr\/fr\/produit\/pompa-swb-2\/","url_meta":{"origin":601,"position":3},"title":"PUMP SWB +","author":"admin","date":"11 ao\u00fbt 2025","format":false,"excerpt":"\u00a0 \u00dcr\u00fcn Ad\u0131: POMPA SWB + \u00dcr\u00fcn Kodu: OPSW43U Benzin Pompas\u0131 \u00c7elik Tel \u00d6rg\u00fcl\u00fc \u1d58L - 54\u00b0C Kullanim Alan\u0131 : T\u00fcm Benzin Da\u011f\u0131t\u0131m Uygulamalar\u0131 \u0130\u00e7in (Normal, Premium Benzin ve Dizel). Alt Katman : Ya\u011fa, Benzine ve Dizele Dayan\u0131kl\u0131, D\u00fcz, Siyah, Nitril Kau\u00e7uk. Takviye Katman\u0131 : Tek Kat Y\u00fcksek Mukavemetli \u00c7elik\u2026","rel":"","context":"Article similaire","block_context":{"text":"Article similaire","link":""},"img":{"alt_text":"","src":"https:\/\/i0.wp.com\/tuzlahortum.com.tr\/wp-content\/uploads\/2025\/08\/pompaswb-p-1.png?fit=543%2C543&ssl=1&resize=350%2C200","width":350,"height":200,"srcset":"https:\/\/i0.wp.com\/tuzlahortum.com.tr\/wp-content\/uploads\/2025\/08\/pompaswb-p-1.png?fit=543%2C543&ssl=1&resize=350%2C200 1x, https:\/\/i0.wp.com\/tuzlahortum.com.tr\/wp-content\/uploads\/2025\/08\/pompaswb-p-1.png?fit=543%2C543&ssl=1&resize=525%2C300 1.5x"},"classes":[]},{"id":21617,"url":"https:\/\/tuzlahortum.com.tr\/fr\/produit\/pompa-l\/","url_meta":{"origin":601,"position":4},"title":"PUMP \/ L","author":"admin","date":"11 ao\u00fbt 2025","format":false,"excerpt":"\u00dcr\u00fcn Ad\u0131: POMPA \/ L \u00dcr\u00fcn Kodu: OPL441 Benzin Pompas\u0131 -30\u00b0C Kullanim Alan\u0131 : T\u00fcm Tip Benzin Da\u011f\u0131t\u0131m Uygulamalar\u0131 \u0130\u00e7in Uygundur. (Normal, Premium Benzin ve Dizel) Alt Katman : Ya\u011f, Benzin ve Dizel Diren\u00e7li, D\u00fcz, Siyah, Nitril Kau\u00e7uk. Takviye Katman\u0131 : Y\u00fcksek Mukavemetli Sentetik Tekstil ve Antistatik Bak\u0131r Tel. \u00dcst\u2026","rel":"","context":"Article similaire","block_context":{"text":"Article similaire","link":""},"img":{"alt_text":"","src":"","width":0,"height":0},"classes":[]},{"id":21623,"url":"https:\/\/tuzlahortum.com.tr\/fr\/produit\/pompa-swb\/","url_meta":{"origin":601,"position":5},"title":"PUMP SWB","author":"admin","date":"11 ao\u00fbt 2025","format":false,"excerpt":"\u00a0 \u00dcr\u00fcn Ad\u0131: POMPA SWB \u00dcr\u00fcn Kodu: OPSW430 Benzin Pompas\u0131 \u00c7elik Tel \u00d6rg\u00fcl\u00fc -30\u00b0C Kullanim Alan\u0131 : T\u00fcm Benzin Da\u011f\u0131t\u0131m Uygulamalar\u0131 \u0130\u00e7in (Normal, Premium Benzin ve Dizel). Alt Katman : Ya\u011fa, benzine ve dizele dayan\u0131kl\u0131, p\u00fcr\u00fczs\u00fcz, siyah, nitril kau\u00e7uk. Takviye Katman\u0131 : Tek Kat Y\u00fcksek Mukavemetli \u00c7elik Tel \u00d6rg\u00fc \u00dcst\u2026","rel":"","context":"Article similaire","block_context":{"text":"Article similaire","link":""},"img":{"alt_text":"","src":"https:\/\/i0.wp.com\/tuzlahortum.com.tr\/wp-content\/uploads\/2025\/08\/pompaswb-p.png?fit=543%2C543&ssl=1&resize=350%2C200","width":350,"height":200,"srcset":"https:\/\/i0.wp.com\/tuzlahortum.com.tr\/wp-content\/uploads\/2025\/08\/pompaswb-p.png?fit=543%2C543&ssl=1&resize=350%2C200 1x, https:\/\/i0.wp.com\/tuzlahortum.com.tr\/wp-content\/uploads\/2025\/08\/pompaswb-p.png?fit=543%2C543&ssl=1&resize=525%2C300 1.5x"},"classes":[]}],"jetpack_sharing_enabled":true,"jetpack_likes_enabled":true,"_links":{"self":[{"href":"https:\/\/tuzlahortum.com.tr\/fr\/wp-json\/wp\/v2\/product\/601","targetHints":{"allow":["GET"]}}],"collection":[{"href":"https:\/\/tuzlahortum.com.tr\/fr\/wp-json\/wp\/v2\/product"}],"about":[{"href":"https:\/\/tuzlahortum.com.tr\/fr\/wp-json\/wp\/v2\/types\/product"}],"replies":[{"embeddable":true,"href":"https:\/\/tuzlahortum.com.tr\/fr\/wp-json\/wp\/v2\/comments?post=601"}],"wp:featuredmedia":[{"embeddable":true,"href":"https:\/\/tuzlahortum.com.tr\/fr\/wp-json\/wp\/v2\/media\/1368"}],"wp:attachment":[{"href":"https:\/\/tuzlahortum.com.tr\/fr\/wp-json\/wp\/v2\/media?parent=601"}],"wp:term":[{"taxonomy":"product_brand","embeddable":true,"href":"https:\/\/tuzlahortum.com.tr\/fr\/wp-json\/wp\/v2\/product_brand?post=601"},{"taxonomy":"product_cat","embeddable":true,"href":"https:\/\/tuzlahortum.com.tr\/fr\/wp-json\/wp\/v2\/product_cat?post=601"},{"taxonomy":"product_tag","embeddable":true,"href":"https:\/\/tuzlahortum.com.tr\/fr\/wp-json\/wp\/v2\/product_tag?post=601"}],"curies":[{"name":"wp","href":"https:\/\/api.w.org\/{rel}","templated":true}]}}