{"id":599,"date":"2019-02-06T23:46:31","date_gmt":"2019-02-06T20:46:31","guid":{"rendered":"http:\/\/hortum.com.tr\/product\/import-placeholder-for-197\/"},"modified":"2024-03-21T17:45:01","modified_gmt":"2024-03-21T14:45:01","slug":"siyah-kuyruklu-dirsek","status":"publish","type":"product","link":"https:\/\/tuzlahortum.com.tr\/fr\/produit\/siyah-kuyruklu-dirsek\/","title":{"rendered":"Coude de queue noire"},"content":{"rendered":"<h2>Coude de queue noire<\/h2>","protected":false},"excerpt":{"rendered":"<p>Coude de queue noire<\/p>","protected":false},"featured_media":3725,"comment_status":"open","ping_status":"closed","template":"","meta":[],"product_brand":[],"product_cat":[100],"product_tag":[452,460,454,2191],"class_list":{"0":"post-599","1":"product","2":"type-product","3":"status-publish","4":"has-post-thumbnail","6":"product_cat-siyah-fittings","7":"product_tag-dokme-demir","8":"product_tag-kuyruklu-dirsek","9":"product_tag-siyah","10":"product_tag-siyah-kuyruklu-dirsek","12":"first","13":"instock","14":"taxable","15":"shipping-taxable","16":"product-type-variable"},"jetpack-related-posts":[{"id":902,"url":"https:\/\/tuzlahortum.com.tr\/fr\/produit\/spiralli-su-emici-hortumlar\/","url_meta":{"origin":599,"position":0},"title":"Tuyaux absorbant l&#039;eau en spirale","author":"admin","date":"6 f\u00e9vrier 2019","format":false,"excerpt":"Spiralli Su Emici HortumlarKULLANIM ALANLARI : Tahliye pompalar\u0131nda verici hortum olarak kullan\u0131lmaktad\u0131r. Sertifikalar : Hortumlar TSE markal\u0131d\u0131r. TS 5365 KONTR\u00dcKS\u0130YON Alt : SBR\/NR siyah, parlak Takviye : Y\u00fcksek mukavemetli kord bezi \u00dcst : SBR siyah, her t\u00fcrl\u00fc iklim \u015fartlar\u0131na dayan\u0131kl\u0131","rel":"","context":"Article similaire","block_context":{"text":"Article similaire","link":""},"img":{"alt_text":"","src":"https:\/\/i0.wp.com\/tuzlahortum.com.tr\/wp-content\/uploads\/urunler\/kaucuk\/superlas-super-su-hortumu.jpg?fit=360%2C270&ssl=1&resize=350%2C200","width":350,"height":200},"classes":[]},{"id":901,"url":"https:\/\/tuzlahortum.com.tr\/fr\/produit\/bezli-su-verici-hortum5-bar\/","url_meta":{"origin":599,"position":1},"title":"Tuyau de distributeur d&#039;eau en tissu (5 bars)","author":"admin","date":"6 f\u00e9vrier 2019","format":false,"excerpt":"Tuyau de transmission d'eau en tissu (5 Bar) DOMAINES D'UTILISATION : Il est utilis\u00e9 comme tuyau transmetteur dans les pompes de refoulement. Pr\u00e9par\u00e9 pour un transport et un stockage faciles. CONTR\u00d4LE Fond : SBR\/NR noir, brillant Renforcement : Tissu cord\u00e9 \u00e0 haute r\u00e9sistance Dessus : SBR noir, r\u00e9sistant \u00e0 toutes les conditions climatiques","rel":"","context":"Article similaire","block_context":{"text":"Article similaire","link":""},"img":{"alt_text":"","src":"https:\/\/i0.wp.com\/tuzlahortum.com.tr\/wp-content\/uploads\/urunler\/kaucuk\/superlas-bezli-su-verici-hortum.jpg?fit=360%2C270&ssl=1&resize=350%2C200","width":350,"height":200},"classes":[]},{"id":725,"url":"https:\/\/tuzlahortum.com.tr\/fr\/produit\/bezli-su-hortumlari-orta-tip\/","url_meta":{"origin":599,"position":2},"title":"Tuyaux d&#039;eau habill\u00e9s (type moyen)","author":"admin","date":"6 f\u00e9vrier 2019","format":false,"excerpt":"Bezli Su Hortumlar\u0131 (Orta Tip)KULLANIM ALANLARI : \u00c7al\u0131\u015fma bas\u0131n\u00e7lar\u0131na g\u00f6re sanayi, in\u015faat, tar\u0131m ve spor alanlar\u0131 gibi su nakledilmesi gereken t\u00fcm i\u015flerde kullan\u0131labilir. SERT\u0130F\u0130KALAR : Hortumlar TSE markal\u0131d\u0131r. TS2420 ISO 1403 KONTR\u00dcKS\u0130YON Alt : SBR\/NR siyah neme dayan\u0131kl\u0131 Takviye : Y\u00fcksek mukavemetli kord bezi \u00dcst : SBR siyah hava \u015fartlar\u0131na\u2026","rel":"","context":"Article similaire","block_context":{"text":"Article similaire","link":""},"img":{"alt_text":"","src":"https:\/\/i0.wp.com\/tuzlahortum.com.tr\/wp-content\/uploads\/urunler\/kaucuk\/superlas-orta-basinc-su-hortum.jpg?fit=360%2C270&ssl=1&resize=350%2C200","width":350,"height":200},"classes":[]},{"id":726,"url":"https:\/\/tuzlahortum.com.tr\/fr\/produit\/bezli-su-hortumlari-agir-tip\/","url_meta":{"origin":599,"position":3},"title":"Tuyaux d&#039;eau en tissu (type lourd)","author":"admin","date":"6 f\u00e9vrier 2019","format":false,"excerpt":"Bezli Su Hortumlar\u0131 (A\u011f\u0131r Tip)KULLANIM ALANLARI : \u00c7al\u0131\u015fma bas\u0131n\u00e7lar\u0131na g\u00f6re sanayi, in\u015faat, tar\u0131m ve spor alanlar\u0131 gibi su nakledilmesi gereken t\u00fcm i\u015flerde kullan\u0131labilir. SERT\u0130F\u0130KALAR : Hortumlar TSE markal\u0131d\u0131r. TS2420 ISO 1403 KONTR\u00dcKS\u0130YON Alt : SBR\/NR siyah neme dayan\u0131kl\u0131 Takviye : Y\u00fcksek mukavemetli kord bezi \u00dcst : SBR siyah hava \u015fartlar\u0131na\u2026","rel":"","context":"Article similaire","block_context":{"text":"Article similaire","link":""},"img":{"alt_text":"","src":"https:\/\/i0.wp.com\/tuzlahortum.com.tr\/wp-content\/uploads\/urunler\/kaucuk\/superlas-orta-basinc-su-hortum.jpg?fit=360%2C270&ssl=1&resize=350%2C200","width":350,"height":200},"classes":[]},{"id":735,"url":"https:\/\/tuzlahortum.com.tr\/fr\/produit\/telli-su-alici-verici-hortumlar\/","url_meta":{"origin":599,"position":4},"title":"Tuyaux \u00e9metteurs-r\u00e9cepteurs d&#039;eau c\u00e2bl\u00e9s","author":"admin","date":"6 f\u00e9vrier 2019","format":false,"excerpt":"Telli Su Al\u0131c\u0131-Verici HortumlarKULLANIM ALANLARI : Sanayi, in\u015faat tar\u0131m\u0131n a\u011f\u0131r uygulama \u015fartlar\u0131na elveri\u015fli sa\u011flam ve esnek al\u0131c\u0131 ve verici hortumdur. KONTR\u00dcKS\u0130YON Alt : SBR\/NR siyah, at\u0131k suya dayan\u0131kl\u0131 ( 5 to 9 pH ) Takviye : Y\u00fcksek mukavemetli kord bezi, katlararas\u0131 g\u00f6m\u00fcl\u00fc \u00e7elik tel \u00dcst : SBR siyah, d\u00fcz, hava\u2026","rel":"","context":"Article similaire","block_context":{"text":"Article similaire","link":""},"img":{"alt_text":"","src":"https:\/\/i0.wp.com\/tuzlahortum.com.tr\/wp-content\/uploads\/urunler\/kaucuk\/superlas-telli-su-alici-verici.jpg?fit=360%2C270&ssl=1&resize=350%2C200","width":350,"height":200},"classes":[]},{"id":900,"url":"https:\/\/tuzlahortum.com.tr\/fr\/produit\/bezli-su-hortumlari-hafif-tip\/","url_meta":{"origin":599,"position":5},"title":"Tuyaux d&#039;eau en tissu (type l\u00e9ger)","author":"admin","date":"6 f\u00e9vrier 2019","format":false,"excerpt":"Bezli Su Hortumlar\u0131 (Hafif Tip)KULLANIM ALANLARI : \u00c7al\u0131\u015fma bas\u0131n\u00e7lar\u0131na g\u00f6re sanayi, in\u015faat, tar\u0131m ve spor alanlar\u0131 gibi su nakledilmesi gereken t\u00fcm i\u015flerde kullan\u0131labilir. SERT\u0130F\u0130KALAR : Hortumlar TSE markal\u0131d\u0131r. TS2420 ISO 1403 KONTR\u00dcKS\u0130YON Alt : SBR\/NR siyah neme dayan\u0131kl\u0131 Takviye : Y\u00fcksek mukavemetli kord bezi \u00dcst : SBR siyah hava \u015fartlar\u0131na\u2026","rel":"","context":"Article similaire","block_context":{"text":"Article similaire","link":""},"img":{"alt_text":"","src":"https:\/\/i0.wp.com\/tuzlahortum.com.tr\/wp-content\/uploads\/urunler\/kaucuk\/superlas-bezli-su-verici-hortum.jpg?fit=360%2C270&ssl=1&resize=350%2C200","width":350,"height":200},"classes":[]}],"jetpack_sharing_enabled":true,"jetpack_likes_enabled":true,"_links":{"self":[{"href":"https:\/\/tuzlahortum.com.tr\/fr\/wp-json\/wp\/v2\/product\/599","targetHints":{"allow":["GET"]}}],"collection":[{"href":"https:\/\/tuzlahortum.com.tr\/fr\/wp-json\/wp\/v2\/product"}],"about":[{"href":"https:\/\/tuzlahortum.com.tr\/fr\/wp-json\/wp\/v2\/types\/product"}],"replies":[{"embeddable":true,"href":"https:\/\/tuzlahortum.com.tr\/fr\/wp-json\/wp\/v2\/comments?post=599"}],"wp:featuredmedia":[{"embeddable":true,"href":"https:\/\/tuzlahortum.com.tr\/fr\/wp-json\/wp\/v2\/media\/3725"}],"wp:attachment":[{"href":"https:\/\/tuzlahortum.com.tr\/fr\/wp-json\/wp\/v2\/media?parent=599"}],"wp:term":[{"taxonomy":"product_brand","embeddable":true,"href":"https:\/\/tuzlahortum.com.tr\/fr\/wp-json\/wp\/v2\/product_brand?post=599"},{"taxonomy":"product_cat","embeddable":true,"href":"https:\/\/tuzlahortum.com.tr\/fr\/wp-json\/wp\/v2\/product_cat?post=599"},{"taxonomy":"product_tag","embeddable":true,"href":"https:\/\/tuzlahortum.com.tr\/fr\/wp-json\/wp\/v2\/product_tag?post=599"}],"curies":[{"name":"wp","href":"https:\/\/api.w.org\/{rel}","templated":true}]}}