{"id":597,"date":"2019-02-06T23:46:31","date_gmt":"2019-02-06T20:46:31","guid":{"rendered":"http:\/\/hortum.com.tr\/product\/import-placeholder-for-576\/"},"modified":"2024-03-21T17:45:03","modified_gmt":"2024-03-21T14:45:03","slug":"galvaniz-demir-hortum-rekoru","status":"publish","type":"product","link":"https:\/\/tuzlahortum.com.tr\/fr\/produit\/galvaniz-demir-hortum-rekoru\/","title":{"rendered":"Raccord de tuyau en fer galvanis\u00e9"},"content":{"rendered":"<h2>Raccord de tuyau en fer galvanis\u00e9<\/h2>\n<table>\n<tbody>\n<tr>\n<td><\/td>\n<td>Taille du produit<\/td>\n<td>Nombre de colis<\/td>\n<td><\/td>\n<\/tr>\n<tr>\n<td><\/td>\n<td>1\/2\u2033<\/td>\n<td>100<\/td>\n<td><\/td>\n<\/tr>\n<tr>\n<td><\/td>\n<td>3\/4\u2033<\/td>\n<td>80<\/td>\n<td><\/td>\n<\/tr>\n<tr>\n<td><\/td>\n<td>1\u2033<\/td>\n<td>100<\/td>\n<td><\/td>\n<\/tr>\n<tr>\n<td><\/td>\n<td>1\u00bc&quot;<\/td>\n<td>60<\/td>\n<td><\/td>\n<\/tr>\n<tr>\n<td><\/td>\n<td>1\u00bd\u201d<\/td>\n<td>40<\/td>\n<td><\/td>\n<\/tr>\n<tr>\n<td><\/td>\n<td>2\u2033<\/td>\n<td>40<\/td>\n<td><\/td>\n<\/tr>\n<tr>\n<td><\/td>\n<td>2\u00bd\u201d<\/td>\n<td>25<\/td>\n<td><\/td>\n<\/tr>\n<tr>\n<td><\/td>\n<td>3\u2033<\/td>\n<td>24<\/td>\n<td><\/td>\n<\/tr>\n<tr>\n<td><\/td>\n<td>4\u2033<\/td>\n<td>24<\/td>\n<td><\/td>\n<\/tr>\n<tr>\n<td><\/td>\n<td>5\u2033<\/td>\n<td>6<\/td>\n<td><\/td>\n<\/tr>\n<tr>\n<td><\/td>\n<td>6\u2033<\/td>\n<td>5<\/td>\n<td><\/td>\n<\/tr>\n<tr>\n<td><\/td>\n<td>8\u2033<\/td>\n<td><\/td>\n<td><\/td>\n<\/tr>\n<tr>\n<td><\/td>\n<td>10\u2033<\/td>\n<td><\/td>\n<\/tr>\n<\/tbody>\n<\/table>","protected":false},"excerpt":{"rendered":"<p>Galvaniz Demir Hortum Rekoru \u00dcr\u00fcn \u00d6l\u00e7\u00fcs\u00fc Koli Adeti 1\/2&#8243; 100 3\/4&#8243; 80 1&#8243; 100 1\u00bc&#8221; 60 1\u00bd&#8221; 40 2&#8243; 40 2\u00bd&#8221; 25 3&#8243; 24 4&#8243; 24 5&#8243; 6 6&#8243; 5 8&#8243; 10&#8243;<\/p>","protected":false},"featured_media":1373,"comment_status":"open","ping_status":"closed","template":"","meta":{"jetpack_post_was_ever_published":false},"product_brand":[],"product_cat":[98],"product_tag":[457,456,458,290,252],"class_list":{"0":"post-597","1":"product","2":"type-product","3":"status-publish","4":"has-post-thumbnail","6":"product_cat-galvaniz-fittings","7":"product_tag-demir","8":"product_tag-galvaniz","9":"product_tag-galvaniz-demir-hortum-rekoru","10":"product_tag-hortum","11":"product_tag-rekor","13":"first","14":"instock","15":"taxable","16":"shipping-taxable","17":"product-type-variable"},"jetpack-related-posts":[{"id":943,"url":"https:\/\/tuzlahortum.com.tr\/fr\/produit\/galvaniz-10-mm-hortum-kelepceleri\/","url_meta":{"origin":597,"position":0},"title":"Colliers de serrage galvanis\u00e9s de 10 mm","author":"admin","date":"6 f\u00e9vrier 2019","format":false,"excerpt":"Galvaniz 10 mm Hortum Kelep\u00e7eleriKelep\u00e7e band & Kapak Norm Standart\u0131 \u2022\u00a0DIN 1623 P2 \u2013 So\u011fuk Haddelenmi\u015f \u00c7elik. \u2022\u00a0DIN EN 10130:1999 \u2013 \u00c7ekme i\u015flemine uygunso\u011fuk haddelenmi\u015f \u00e7elik. Kelep\u00e7e band tipleri \u2022\u00a0W1 (\u00e7inko kaplama) \u2013 delikli band \u2022\u00a0Band geni\u015fli\u011fi 10mm \u2022\u00a0G\u00fcvenli d\u0131\u015f b\u00fckey bandkenarlar\u0131yla s\u0131k\u0131lan hortumun zarar g\u00f6rmesi engellenmi\u015ftir. Vida Norm Standard\u2026","rel":"","context":"Article similaire","block_context":{"text":"Article similaire","link":""},"img":{"alt_text":"","src":"https:\/\/i0.wp.com\/tuzlahortum.com.tr\/wp-content\/uploads\/2019\/02\/tork-kelep%C3%A7e-d.jpg?fit=605%2C601&ssl=1&resize=350%2C200","width":350,"height":200,"srcset":"https:\/\/i0.wp.com\/tuzlahortum.com.tr\/wp-content\/uploads\/2019\/02\/tork-kelep%C3%A7e-d.jpg?fit=605%2C601&ssl=1&resize=350%2C200 1x, https:\/\/i0.wp.com\/tuzlahortum.com.tr\/wp-content\/uploads\/2019\/02\/tork-kelep%C3%A7e-d.jpg?fit=605%2C601&ssl=1&resize=525%2C300 1.5x"},"classes":[]},{"id":944,"url":"https:\/\/tuzlahortum.com.tr\/fr\/produit\/galvaniz-14-mm-hortum-kelepceleri\/","url_meta":{"origin":597,"position":1},"title":"Colliers de serrage galvanis\u00e9s de 14 mm","author":"admin","date":"6 f\u00e9vrier 2019","format":false,"excerpt":"Galvaniz 14 mm Hortum Kelep\u00e7eleriKelep\u00e7e band & Kapak Norm Standart\u0131 \u2022\u00a0DIN 1623 P2 \u2013 So\u011fuk Haddelenmi\u015f \u00c7elik. \u2022\u00a0DIN EN 10130:1999 \u2013 \u00c7ekme i\u015flemine uygunso\u011fuk haddelenmi\u015f \u00e7elik. Kelep\u00e7e band tipleri \u2022\u00a0W1 (\u00e7inko kaplama) \u2013 delikli band \u2022\u00a0Band geni\u015fli\u011fi 14mm \u2022\u00a0G\u00fcvenli d\u0131\u015f b\u00fckey bandkenarlar\u0131yla s\u0131k\u0131lan hortumun zarar g\u00f6rmesi engellenmi\u015ftir. Vida Norm Standard\u2026","rel":"","context":"Article similaire","block_context":{"text":"Article similaire","link":""},"img":{"alt_text":"","src":"https:\/\/i0.wp.com\/tuzlahortum.com.tr\/wp-content\/uploads\/2019\/02\/tork-kelep%C3%A7e-d.jpg?fit=605%2C601&ssl=1&resize=350%2C200","width":350,"height":200,"srcset":"https:\/\/i0.wp.com\/tuzlahortum.com.tr\/wp-content\/uploads\/2019\/02\/tork-kelep%C3%A7e-d.jpg?fit=605%2C601&ssl=1&resize=350%2C200 1x, https:\/\/i0.wp.com\/tuzlahortum.com.tr\/wp-content\/uploads\/2019\/02\/tork-kelep%C3%A7e-d.jpg?fit=605%2C601&ssl=1&resize=525%2C300 1.5x"},"classes":[]},{"id":5473,"url":"https:\/\/tuzlahortum.com.tr\/fr\/produit\/alcak-yogunluk-2-kalite-polietilen-su-borulari\/","url_meta":{"origin":597,"position":2},"title":"Conduites d&#039;eau en poly\u00e9thyl\u00e8ne basse densit\u00e9 de 2e qualit\u00e9","author":"\u0130smail \u00c7elik","date":"28 f\u00e9vrier 2019","format":false,"excerpt":"Al\u00e7ak Yo\u011funluk 2. Kalite Polietilen Su Borular\u0131 \u00d6zellikler 2. kalite polietilen hammaddeden \u00fcretilmi\u015ftir. Yumu\u015fak ve esnek olmas\u0131 montaj kolayl\u0131\u011f\u0131 sa\u011flar. TS 418-2 normuna g\u00f6re \u00fcretilmi\u015ftir. \u00c7al\u0131\u015fma S\u0131cakl\u0131\u011f\u0131 -5\u00b0C ile +60\u00b0C aras\u0131 Kullan\u0131m Alanlar\u0131 \u015eehir \u015febeke suyu da\u011f\u0131t\u0131m\u0131nda ve peysaj d\u00fczenleme i\u015flerinde kullan\u0131l\u0131r. A\u00e7\u0131k mavi ve beyaz renkte \u00fcretilir. \u00c7ap(inch) D\u0131\u015f\u2026","rel":"","context":"Article similaire","block_context":{"text":"Article similaire","link":""},"img":{"alt_text":"","src":"https:\/\/i0.wp.com\/tuzlahortum.com.tr\/wp-content\/uploads\/2019\/02\/AL%C3%87AK-YO%C4%9EUNLUK-2.-KAL%C4%B0TE-P.E.-SU-BORULARI.jpg?fit=640%2C480&ssl=1&resize=350%2C200","width":350,"height":200,"srcset":"https:\/\/i0.wp.com\/tuzlahortum.com.tr\/wp-content\/uploads\/2019\/02\/AL%C3%87AK-YO%C4%9EUNLUK-2.-KAL%C4%B0TE-P.E.-SU-BORULARI.jpg?fit=640%2C480&ssl=1&resize=350%2C200 1x, https:\/\/i0.wp.com\/tuzlahortum.com.tr\/wp-content\/uploads\/2019\/02\/AL%C3%87AK-YO%C4%9EUNLUK-2.-KAL%C4%B0TE-P.E.-SU-BORULARI.jpg?fit=640%2C480&ssl=1&resize=525%2C300 1.5x"},"classes":[]},{"id":942,"url":"https:\/\/tuzlahortum.com.tr\/fr\/produit\/galvaniz-8-5-mm-hortum-kelepceleri\/","url_meta":{"origin":597,"position":3},"title":"Colliers de serrage galvanis\u00e9s de 8,5 mm","author":"admin","date":"6 f\u00e9vrier 2019","format":false,"excerpt":"Galvaniz 8.5 mm Hortum Kelep\u00e7eleriKelep\u00e7e band & Kapak Norm Standart\u0131 \u2022\u00a0DIN 1623 P2 \u2013 So\u011fuk Haddelenmi\u015f \u00c7elik. \u2022\u00a0DIN EN 10130:1999 \u2013 \u00c7ekme i\u015flemine uygun so\u011fuk haddelenmi\u015f \u00e7elik. Kelep\u00e7e band tipleri \u2022\u00a0W1 (\u00e7inko kaplama) \u2013 delikli band \u2022\u00a0Band geni\u015fli\u011fi 8.5 mm \u2022\u00a0G\u00fcvenli d\u0131\u015f b\u00fckey band kenarlar\u0131yla s\u0131k\u0131lan hortumun zarar g\u00f6rmesi engellenmi\u015ftir.\u2026","rel":"","context":"Article similaire","block_context":{"text":"Article similaire","link":""},"img":{"alt_text":"","src":"https:\/\/i0.wp.com\/tuzlahortum.com.tr\/wp-content\/uploads\/2019\/02\/tork-kelep%C3%A7e-d.jpg?fit=605%2C601&ssl=1&resize=350%2C200","width":350,"height":200,"srcset":"https:\/\/i0.wp.com\/tuzlahortum.com.tr\/wp-content\/uploads\/2019\/02\/tork-kelep%C3%A7e-d.jpg?fit=605%2C601&ssl=1&resize=350%2C200 1x, https:\/\/i0.wp.com\/tuzlahortum.com.tr\/wp-content\/uploads\/2019\/02\/tork-kelep%C3%A7e-d.jpg?fit=605%2C601&ssl=1&resize=525%2C300 1.5x"},"classes":[]},{"id":839,"url":"https:\/\/tuzlahortum.com.tr\/fr\/produit\/alcak-yogunluk-1-kalite-polietilen-su-borulari\/","url_meta":{"origin":597,"position":4},"title":"Conduites d&#039;eau en poly\u00e9thyl\u00e8ne basse densit\u00e9 de 1\u00e8re qualit\u00e9","author":"admin","date":"6 f\u00e9vrier 2019","format":false,"excerpt":"Al\u00e7ak Yo\u011funluk 1. Kalite Polietilen Su Borular\u0131\u00d6zellikler 1. kalite polietilen hammaddeden \u00fcretilmi\u015ftir. Yumu\u015fak ve esnek olmas\u0131 montaj kolayl\u0131\u011f\u0131 sa\u011flar. TS 418-2 normuna g\u00f6re \u00fcretilmi\u015ftir. \u00c7al\u0131\u015fma S\u0131cakl\u0131\u011f\u0131 -5\u00b0C ile +60\u00b0C aras\u0131 Kullan\u0131m Alanlar\u0131 \u015eehir \u015febeke suyu da\u011f\u0131t\u0131m\u0131nda ve peysaj d\u00fczenleme i\u015flerinde kullan\u0131l\u0131r. A\u00e7\u0131k mavi ve beyaz renkte \u00fcretilir. \u00c7ap(inch) D\u0131\u015f \u00c7ap\u2026","rel":"","context":"Article similaire","block_context":{"text":"Article similaire","link":""},"img":{"alt_text":"","src":"https:\/\/i0.wp.com\/tuzlahortum.com.tr\/wp-content\/uploads\/kategoriler\/polietilenkangal.jpg?fit=374%2C325&ssl=1&resize=350%2C200","width":350,"height":200},"classes":[]},{"id":755,"url":"https:\/\/tuzlahortum.com.tr\/fr\/produit\/sari-klape\/","url_meta":{"origin":597,"position":5},"title":"Rabat jaune","author":"admin","date":"6 f\u00e9vrier 2019","format":false,"excerpt":"Certification du syst\u00e8me de qualit\u00e9 ISO 9001. Passage int\u00e9gral pour une fluidit\u00e9 maximale. Connexion ISO 228 femelle x femelle. Joint torique en EPDM pour une s\u00e9curit\u00e9 maximale. Large gamme d'applications dans l'industrie, la plomberie et les syst\u00e8mes d'irrigation. Temp\u00e9rature -10\u00b0C + 50\u00b0C MOMENT TAILLE L (mm) d (mm) L (mm) 3\/4\" 20 18 90 1\"....","rel":"","context":"Article similaire","block_context":{"text":"Article similaire","link":""},"img":{"alt_text":"","src":"https:\/\/i0.wp.com\/tuzlahortum.com.tr\/wp-content\/uploads\/2019\/02\/Sar%C4%B1-Klape.jpg?fit=520%2C350&ssl=1&resize=350%2C200","width":350,"height":200},"classes":[]}],"jetpack_sharing_enabled":true,"jetpack_likes_enabled":true,"_links":{"self":[{"href":"https:\/\/tuzlahortum.com.tr\/fr\/wp-json\/wp\/v2\/product\/597","targetHints":{"allow":["GET"]}}],"collection":[{"href":"https:\/\/tuzlahortum.com.tr\/fr\/wp-json\/wp\/v2\/product"}],"about":[{"href":"https:\/\/tuzlahortum.com.tr\/fr\/wp-json\/wp\/v2\/types\/product"}],"replies":[{"embeddable":true,"href":"https:\/\/tuzlahortum.com.tr\/fr\/wp-json\/wp\/v2\/comments?post=597"}],"wp:featuredmedia":[{"embeddable":true,"href":"https:\/\/tuzlahortum.com.tr\/fr\/wp-json\/wp\/v2\/media\/1373"}],"wp:attachment":[{"href":"https:\/\/tuzlahortum.com.tr\/fr\/wp-json\/wp\/v2\/media?parent=597"}],"wp:term":[{"taxonomy":"product_brand","embeddable":true,"href":"https:\/\/tuzlahortum.com.tr\/fr\/wp-json\/wp\/v2\/product_brand?post=597"},{"taxonomy":"product_cat","embeddable":true,"href":"https:\/\/tuzlahortum.com.tr\/fr\/wp-json\/wp\/v2\/product_cat?post=597"},{"taxonomy":"product_tag","embeddable":true,"href":"https:\/\/tuzlahortum.com.tr\/fr\/wp-json\/wp\/v2\/product_tag?post=597"}],"curies":[{"name":"wp","href":"https:\/\/api.w.org\/{rel}","templated":true}]}}