{"id":590,"date":"2019-02-06T23:46:29","date_gmt":"2019-02-06T20:46:29","guid":{"rendered":"http:\/\/hortum.com.tr\/product\/import-placeholder-for-219\/"},"modified":"2024-03-21T17:45:08","modified_gmt":"2024-03-21T14:45:08","slug":"isoafs-alu-green","status":"publish","type":"product","link":"https:\/\/tuzlahortum.com.tr\/fr\/produit\/isoafs-alu-green\/","title":{"rendered":"ISOAFS-ALU VERT"},"content":{"rendered":"<h2>ISOAFS-ALU VERT<\/h2>\n<div>Conduits d&#039;air flexibles en aluminium \u00e0 isolation thermique certifi\u00e9s Greenguard<\/div>\n<div><\/div>\n<div>\n<h3>Les types<\/h3>\n<div class=\"txt\">\n<p>ISOAFS-ALU.70 VERT ISOAFS-ALU F VERT<\/p>\n<h4>Caract\u00e9ristiques g\u00e9n\u00e9rales<\/h4>\n<table class=\"table table-hover table-bordered\">\n<tbody>\n<tr>\n<th class=\"urunDetayth\">Construction de canal flexible<\/th>\n<td>3 couches d&#039;aluminium + 1 couche de polyester<\/td>\n<\/tr>\n<tr>\n<th class=\"urunDetayth\">\u00c9paisseur nominale du conduit flexible<\/th>\n<td>74 microns<\/td>\n<\/tr>\n<tr>\n<th class=\"urunDetayth\">Construction de la veste<\/th>\n<td>1 couche d&#039;aluminium + 2 couches de polyester<\/td>\n<\/tr>\n<tr>\n<th class=\"urunDetayth\">\u00c9paisseur nominale de la gaine<\/th>\n<td>45 microns<\/td>\n<\/tr>\n<tr>\n<th class=\"urunDetayth\">Isolation - \u00c9paisseur - Densit\u00e9<\/th>\n<td>Laine de verre 25 mm \u2013 16 kg\/m\u00b3<\/td>\n<\/tr>\n<tr>\n<th class=\"urunDetayth\">Gamme de diam\u00e8tre<\/th>\n<td>82mm \u2013 800mm<\/td>\n<\/tr>\n<tr>\n<th class=\"urunDetayth\">Plage de temp\u00e9ratures de fonctionnement<\/th>\n<td>-30 \u00b0C \/ +250 \u00b0C<\/td>\n<\/tr>\n<tr>\n<th class=\"urunDetayth\">D\u00e9bit d&#039;air<\/th>\n<td>30 m\/s (maximum)<\/td>\n<\/tr>\n<tr>\n<th class=\"urunDetayth\">Pression de service<\/th>\n<td>3000 Pa (maximum)<\/td>\n<\/tr>\n<tr>\n<th class=\"urunDetayth\">Longueur standard<\/th>\n<td>10m<\/td>\n<\/tr>\n<tr>\n<th class=\"urunDetayth\">Emballage<\/th>\n<td>bo\u00eete en carton simple<\/td>\n<\/tr>\n<tr>\n<th class=\"urunDetayth\">R\u00e9action au feu<\/th>\n<td>Dur inflammable<\/td>\n<\/tr>\n<\/tbody>\n<\/table>\n<div><\/div>\n<\/div>\n<\/div>\n<div><div class=\"video video-fit mb\" style=\"padding-top:56.25%;\"><p><iframe loading=\"lazy\" title=\"Confusion des mesures (pouces, doigts, brume, millim\u00e8tres)\" width=\"1020\" height=\"574\" src=\"https:\/\/www.youtube.com\/embed\/uKk6AG_AZls?feature=oembed\" frameborder=\"0\" allow=\"accelerometer; autoplay; clipboard-write; encrypted-media; gyroscope; picture-in-picture; web-share\" referrerpolicy=\"strict-origin-when-cross-origin\" allowfullscreen><\/iframe><\/p>\n<\/div><\/div>\n<div><\/div>\n<div>\n<div class=\"txt\">\n<div class=\"txt\"><strong>ISOAFS-ALU VERT<\/strong>\u00a0conduits d&#039;air flexibles en aluminium calorifug\u00e9s, basse et moyenne pression<\/div>\n<div class=\"txt\">sp\u00e9cialement pour le travail des syst\u00e8mes de chauffage, de refroidissement, de ventilation, de climatisation et de gaz d&#039;\u00e9chappement<\/div>\n<div class=\"txt\">Il s&#039;agit d&#039;un conduit d&#039;air flexible \u00e0 isolation thermique (isolation thermique) con\u00e7u et polyvalent. Stratifi\u00e9 multicouche<\/div>\n<div class=\"txt\">produit par renforcement d&#039;un mat\u00e9riau en aluminium et polyester avec un fil d&#039;acier spiral\u00e9 \u00e0 haute r\u00e9sistance.<\/div>\n<div class=\"txt\">ALUAFS GREEN est produit en isolant des conduits d&#039;air flexibles en aluminium avec de la laine de verre.<\/div>\n<div class=\"txt\">Une gaine en aluminium, c&#039;est-\u00e0-dire une barri\u00e8re contre l&#039;humidit\u00e9, est habill\u00e9e sur le mat\u00e9riau isolant. ISOAFS-ALU VERT<\/div>\n<div class=\"txt\">Il poss\u00e8de des propri\u00e9t\u00e9s extr\u00eamement \u00e9lev\u00e9es de flexibilit\u00e9, de flexion et de compressibilit\u00e9. Joint ovale, rond et d&#039;angle<\/div>\n<div class=\"txt\">facile \u00e0 installer en place. Les conduits d&#039;air flexibles ISOAFS-ALU GREEN ont \u00e9t\u00e9 scann\u00e9s pour des centaines de produits chimiques,<\/div>\n<div class=\"txt\">Il a \u00e9t\u00e9 test\u00e9 en salle de test dynamique et tient compte \u00e0 la fois des crit\u00e8res d&#039;int\u00e9rieur et de la sensibilit\u00e9 des enfants.<\/div>\n<div class=\"txt\">Il a \u00e9t\u00e9 d\u00e9termin\u00e9 qu&#039;il est conforme aux crit\u00e8res de niveau inf\u00e9rieur d\u00e9velopp\u00e9s pour des environnements tels que les jardins d&#039;enfants et les \u00e9coles.<\/div>\n<div class=\"txt\">a \u00e9t\u00e9 certifi\u00e9. Certifi\u00e9, pratiquement conforme aux crit\u00e8res d&#039;\u00e9missions chimiques de Greenguard<\/div>\n<div class=\"txt\">Vous pouvez am\u00e9liorer la qualit\u00e9 de votre air int\u00e9rieur en utilisant les conduits d&#039;air flexibles ISOAFS-ALU GREEN qui n&#039;\u00e9mettent aucune \u00e9mission.<\/div>\n<div class=\"txt\">obtenez-le garanti. Dimensions, tol\u00e9rances et r\u00e9sistance m\u00e9canique des conduits d&#039;air flexibles ISOAFS-ALU GREEN<\/div>\n<div class=\"txt\">les propri\u00e9t\u00e9s sont test\u00e9es, class\u00e9es et certifi\u00e9es selon la norme EN 13180.<\/div>\n<\/div>\n<\/div>","protected":false},"excerpt":{"rendered":"<p>ISOAFS-ALU GREEN Greenguard Sertifikal\u0131 Is\u0131 \u0130zoleli Al\u00fcminyum Flexible Hava Kanallar\u0131 Tipler ISOAFS-ALU.70 GREEN ISOAFS-ALU F GREEN Genel \u00d6zellikler Flexible Kanal Konstr\u00fcksiyonu 3 kat Al\u00fcminyum + 1 kat Polyester Flexible Kanal Nominal Kal\u0131nl\u0131\u011f\u0131 74 mikron Ceket Kontr\u00fcksiyonu 1 kat Al\u00fcminyum + 2 kat Polyester Ceket Nominal Kal\u0131nl\u0131\u011f\u0131 45 mikron \u0130zolasyon &#8211; Kal\u0131nl\u0131k &#8211; Yo\u011funluk Cam Y\u00fcn\u00fc [&#8230;]\n","protected":false},"featured_media":6966,"comment_status":"open","ping_status":"closed","template":"","meta":{"jetpack_post_was_ever_published":false},"product_brand":[],"product_cat":[135],"product_tag":[265,264,260,261,258,268,266,262,259,267,263],"class_list":{"0":"post-590","1":"product","2":"type-product","3":"status-publish","4":"has-post-thumbnail","6":"product_cat-esnek-aluminyum-hava-kanali","7":"product_tag-bukulme","8":"product_tag-esneme","9":"product_tag-havalandirma-ve-iklimlendirme-sistemleri","10":"product_tag-helezon-celik","11":"product_tag-isitma","12":"product_tag-kimyasal-direnc","13":"product_tag-sikistirilabilme","14":"product_tag-sizdirmaz","15":"product_tag-sogutma","16":"product_tag-tasima-kolayligi","17":"product_tag-yogusmayi-engelleme","19":"first","20":"instock","21":"taxable","22":"shipping-taxable","23":"product-type-variable"},"jetpack-related-posts":[],"jetpack_sharing_enabled":true,"jetpack_likes_enabled":true,"_links":{"self":[{"href":"https:\/\/tuzlahortum.com.tr\/fr\/wp-json\/wp\/v2\/product\/590","targetHints":{"allow":["GET"]}}],"collection":[{"href":"https:\/\/tuzlahortum.com.tr\/fr\/wp-json\/wp\/v2\/product"}],"about":[{"href":"https:\/\/tuzlahortum.com.tr\/fr\/wp-json\/wp\/v2\/types\/product"}],"replies":[{"embeddable":true,"href":"https:\/\/tuzlahortum.com.tr\/fr\/wp-json\/wp\/v2\/comments?post=590"}],"wp:featuredmedia":[{"embeddable":true,"href":"https:\/\/tuzlahortum.com.tr\/fr\/wp-json\/wp\/v2\/media\/6966"}],"wp:attachment":[{"href":"https:\/\/tuzlahortum.com.tr\/fr\/wp-json\/wp\/v2\/media?parent=590"}],"wp:term":[{"taxonomy":"product_brand","embeddable":true,"href":"https:\/\/tuzlahortum.com.tr\/fr\/wp-json\/wp\/v2\/product_brand?post=590"},{"taxonomy":"product_cat","embeddable":true,"href":"https:\/\/tuzlahortum.com.tr\/fr\/wp-json\/wp\/v2\/product_cat?post=590"},{"taxonomy":"product_tag","embeddable":true,"href":"https:\/\/tuzlahortum.com.tr\/fr\/wp-json\/wp\/v2\/product_tag?post=590"}],"curies":[{"name":"wp","href":"https:\/\/api.w.org\/{rel}","templated":true}]}}