{"id":588,"date":"2019-02-06T23:46:29","date_gmt":"2019-02-06T20:46:29","guid":{"rendered":"http:\/\/hortum.com.tr\/product\/import-placeholder-for-355\/"},"modified":"2024-03-21T17:45:09","modified_gmt":"2024-03-21T14:45:09","slug":"aluafs-hijyen-green","status":"publish","type":"product","link":"https:\/\/tuzlahortum.com.tr\/fr\/produit\/aluafs-hijyen-green\/","title":{"rendered":"ALUAFS HYGI\u00c8NE VERTE"},"content":{"rendered":"<h2>ALUAFS HYGI\u00c8NE VERTE<\/h2>\n<h4>Conduits d&#039;air flexibles en aluminium hygi\u00e9niques, non isol\u00e9s et certifi\u00e9s Greenguard<\/h4>\n<h4>Caract\u00e9ristiques g\u00e9n\u00e9rales<\/h4>\n<table class=\"table table-hover table-bordered\">\n<tbody>\n<tr>\n<th class=\"urunDetayth\">Construction de canal flexible<\/th>\n<td>3 couches d&#039;aluminium + 2 couches de polyester + rev\u00eatement hygi\u00e9nique<\/td>\n<\/tr>\n<tr>\n<th class=\"urunDetayth\">\u00c9paisseur nominale du conduit flexible<\/th>\n<td>70 microns + rev\u00eatement hygi\u00e9nique<\/td>\n<\/tr>\n<tr>\n<th class=\"urunDetayth\">Gamme de diam\u00e8tre<\/th>\n<td>82mm \u2013 800mm<\/td>\n<\/tr>\n<tr>\n<th class=\"urunDetayth\">Plage de temp\u00e9ratures de fonctionnement<\/th>\n<td>-30 \u00b0C \/ +150 \u00b0C<\/td>\n<\/tr>\n<tr>\n<th class=\"urunDetayth\">D\u00e9bit d&#039;air<\/th>\n<td>30 m\/s (maximum)<\/td>\n<\/tr>\n<tr>\n<th class=\"urunDetayth\">Pression de service<\/th>\n<td>3000 Pa (maximum)<\/td>\n<\/tr>\n<tr>\n<th class=\"urunDetayth\">Longueur standard<\/th>\n<td>10m<\/td>\n<\/tr>\n<tr>\n<th class=\"urunDetayth\">Emballage<\/th>\n<td>bo\u00eete en carton simple<\/td>\n<\/tr>\n<\/tbody>\n<\/table>\n<div><\/div>\n<div><div class=\"video video-fit mb\" style=\"padding-top:56.25%;\"><p><iframe loading=\"lazy\" title=\"Confusion des mesures (pouces, doigts, brume, millim\u00e8tres)\" width=\"1020\" height=\"574\" src=\"https:\/\/www.youtube.com\/embed\/uKk6AG_AZls?feature=oembed\" frameborder=\"0\" allow=\"accelerometer; autoplay; clipboard-write; encrypted-media; gyroscope; picture-in-picture; web-share\" referrerpolicy=\"strict-origin-when-cross-origin\" allowfullscreen><\/iframe><\/p>\n<\/div><\/div>\n<div><\/div>\n<div class=\"txt\">Conduits d&#039;air flexibles aluminium non isol\u00e9s ALUAFS HYGIENE GREEN, chauffage basse et moyenne pression,<\/div>\n<div class=\"txt\">Il s&#039;agit d&#039;un multi-usage, sp\u00e9cialement con\u00e7u pour les syst\u00e8mes de refroidissement, de ventilation, de climatisation et de gaz d&#039;\u00e9chappement.<\/div>\n<div class=\"txt\">Il s&#039;agit d&#039;un conduit d&#039;air flexible non isol\u00e9 (non isol\u00e9). Mat\u00e9riau en aluminium et polyester lamin\u00e9 multicouche<\/div>\n<div class=\"txt\">Il est produit par renforcement avec du fil d&#039;acier en spirale de traction. Les conduits d&#039;air flexibles ALUAFS HYGIENE GREEN sont imperm\u00e9ables.<\/div>\n<div class=\"txt\">ALUAFS HYGIENE GREEN a une flexibilit\u00e9, une flexion et une compressibilit\u00e9 extr\u00eamement \u00e9lev\u00e9es.<\/div>\n<div class=\"txt\">Il est facile \u00e0 assembler dans des joints ovales, ronds et d&#039;angle. Conduits d&#039;air flexibles ALUAFS HYGIENE GREEN<\/div>\n<div class=\"txt\">test\u00e9 pour des centaines de produits chimiques, test\u00e9 dans une chambre d&#039;essai dynamique et satisfait \u00e0 la fois aux crit\u00e8res d&#039;int\u00e9rieur et aux enfants<\/div>\n<div class=\"txt\">Compte tenu de sa nature sensible, il respecte les crit\u00e8res de niveau inf\u00e9rieur d\u00e9velopp\u00e9s pour des environnements tels que les jardins d&#039;enfants et les \u00e9coles.<\/div>\n<div class=\"txt\">a \u00e9t\u00e9 certifi\u00e9. Certifi\u00e9, pratiquement non toxique, conforme aux crit\u00e8res d&#039;\u00e9missions chimiques de Greenguard.<\/div>\n<div class=\"txt\">En utilisant les conduits d&#039;air flexibles non \u00e9missifs ALUAFS HYGIENE GREEN, vous pouvez garantir la qualit\u00e9 de votre air int\u00e9rieur.<\/div>\n<div class=\"txt\">front. Dimensions, tol\u00e9rances et propri\u00e9t\u00e9s de r\u00e9sistance m\u00e9canique des conduits d&#039;air flexibles ALUAFS HYGIENE GREEN<\/div>\n<div class=\"txt\">Il est test\u00e9, class\u00e9 et certifi\u00e9 selon la norme EN 13180.<\/div>","protected":false},"excerpt":{"rendered":"<p>ALUAFS H\u0130JYEN GREEN Greenguard sertifikal\u0131, izolesiz, hijyen al\u00fcminyum flexible hava kanallar\u0131 Genel \u00d6zellikler Flexible Kanal Konstr\u00fcksiyonu 3 kat Al\u00fcminyum + 2 kat Polyester + Hijyen Kaplama Flexible Kanal Nominal Kal\u0131nl\u0131\u011f\u0131 70 mikron + Hijyen Kaplama \u00c7ap Aral\u0131\u011f\u0131 82 mm &#8211; 800 mm \u00c7al\u0131\u015fma S\u0131cakl\u0131\u011f\u0131 Aral\u0131\u011f\u0131 -30 \u00b0C \/ +150 \u00b0C Hava Ak\u0131\u015f H\u0131z\u0131 30 m\/s [&#8230;]\n","protected":false},"featured_media":6959,"comment_status":"open","ping_status":"closed","template":"","meta":{"jetpack_post_was_ever_published":false},"product_brand":[],"product_cat":[135],"product_tag":[265,264,260,261,258,266,262,259,267,263],"class_list":{"0":"post-588","1":"product","2":"type-product","3":"status-publish","4":"has-post-thumbnail","6":"product_cat-esnek-aluminyum-hava-kanali","7":"product_tag-bukulme","8":"product_tag-esneme","9":"product_tag-havalandirma-ve-iklimlendirme-sistemleri","10":"product_tag-helezon-celik","11":"product_tag-isitma","12":"product_tag-sikistirilabilme","13":"product_tag-sizdirmaz","14":"product_tag-sogutma","15":"product_tag-tasima-kolayligi","16":"product_tag-yogusmayi-engelleme","18":"first","19":"instock","20":"taxable","21":"shipping-taxable","22":"product-type-variable"},"jetpack-related-posts":[],"jetpack_sharing_enabled":true,"jetpack_likes_enabled":true,"_links":{"self":[{"href":"https:\/\/tuzlahortum.com.tr\/fr\/wp-json\/wp\/v2\/product\/588","targetHints":{"allow":["GET"]}}],"collection":[{"href":"https:\/\/tuzlahortum.com.tr\/fr\/wp-json\/wp\/v2\/product"}],"about":[{"href":"https:\/\/tuzlahortum.com.tr\/fr\/wp-json\/wp\/v2\/types\/product"}],"replies":[{"embeddable":true,"href":"https:\/\/tuzlahortum.com.tr\/fr\/wp-json\/wp\/v2\/comments?post=588"}],"wp:featuredmedia":[{"embeddable":true,"href":"https:\/\/tuzlahortum.com.tr\/fr\/wp-json\/wp\/v2\/media\/6959"}],"wp:attachment":[{"href":"https:\/\/tuzlahortum.com.tr\/fr\/wp-json\/wp\/v2\/media?parent=588"}],"wp:term":[{"taxonomy":"product_brand","embeddable":true,"href":"https:\/\/tuzlahortum.com.tr\/fr\/wp-json\/wp\/v2\/product_brand?post=588"},{"taxonomy":"product_cat","embeddable":true,"href":"https:\/\/tuzlahortum.com.tr\/fr\/wp-json\/wp\/v2\/product_cat?post=588"},{"taxonomy":"product_tag","embeddable":true,"href":"https:\/\/tuzlahortum.com.tr\/fr\/wp-json\/wp\/v2\/product_tag?post=588"}],"curies":[{"name":"wp","href":"https:\/\/api.w.org\/{rel}","templated":true}]}}