{"id":587,"date":"2019-02-06T23:46:28","date_gmt":"2019-02-06T20:46:28","guid":{"rendered":"http:\/\/hortum.com.tr\/product\/import-placeholder-for-221\/"},"modified":"2024-03-21T17:45:10","modified_gmt":"2024-03-21T14:45:10","slug":"aluafs-green","status":"publish","type":"product","link":"https:\/\/tuzlahortum.com.tr\/fr\/produit\/aluafs-green\/","title":{"rendered":"ALUAF VERT"},"content":{"rendered":"<h2>ALUAF VERT<\/h2>\n<h4>Conduits d&#039;air flexibles en aluminium certifi\u00e9s Greenguard, non isol\u00e9s<\/h4>\n<h4>Caract\u00e9ristiques g\u00e9n\u00e9rales<\/h4>\n<table class=\"table table-hover table-bordered\">\n<tbody>\n<tr>\n<th class=\"urunDetayth\">Construction de canal flexible<\/th>\n<td>3 couches d&#039;aluminium + 1 couche de polyester<\/td>\n<\/tr>\n<tr>\n<th class=\"urunDetayth\">\u00c9paisseur nominale du conduit flexible<\/th>\n<td>74 microns<\/td>\n<\/tr>\n<tr>\n<th class=\"urunDetayth\">Gamme de diam\u00e8tre<\/th>\n<td>82mm \u2013 800mm<\/td>\n<\/tr>\n<tr>\n<th class=\"urunDetayth\">Plage de temp\u00e9ratures de fonctionnement<\/th>\n<td>-30 \u00b0C \/ +250 \u00b0C<\/td>\n<\/tr>\n<tr>\n<th class=\"urunDetayth\">D\u00e9bit d&#039;air<\/th>\n<td>30 m\/s (maximum)<\/td>\n<\/tr>\n<tr>\n<th class=\"urunDetayth\">Pression de service<\/th>\n<td>3000 Pa (maximum)<\/td>\n<\/tr>\n<tr>\n<th class=\"urunDetayth\">Longueur standard<\/th>\n<td>10m<\/td>\n<\/tr>\n<tr>\n<th class=\"urunDetayth\">Emballage<\/th>\n<td>bo\u00eete en carton simple<\/td>\n<\/tr>\n<tr>\n<th class=\"urunDetayth\">R\u00e9action au feu<\/th>\n<td>Difficilement inflammable<\/td>\n<\/tr>\n<\/tbody>\n<\/table>\n<div><\/div>\n<div><div class=\"video video-fit mb\" style=\"padding-top:56.25%;\"><p><iframe loading=\"lazy\" title=\"Confusion des mesures (pouces, doigts, brume, millim\u00e8tres)\" width=\"1020\" height=\"574\" src=\"https:\/\/www.youtube.com\/embed\/uKk6AG_AZls?feature=oembed\" frameborder=\"0\" allow=\"accelerometer; autoplay; clipboard-write; encrypted-media; gyroscope; picture-in-picture; web-share\" referrerpolicy=\"strict-origin-when-cross-origin\" allowfullscreen><\/iframe><\/p>\n<\/div><\/div>\n<div><\/div>\n<div class=\"txt\"><strong>ALUAF\u00a0<\/strong>Conduits d&#039;air flexibles en aluminium non isol\u00e9s GREEN, chauffage basse et moyenne pression,<\/div>\n<div class=\"txt\">sp\u00e9cialement con\u00e7u pour les syst\u00e8mes de refroidissement, de ventilation, de climatisation et de gaz d&#039;\u00e9chappement,<\/div>\n<div class=\"txt\">Il s&#039;agit d&#039;un conduit d&#039;air flexible non isol\u00e9 (non isol\u00e9). Aluminium lamin\u00e9 multicouche et polyester<\/div>\n<div class=\"txt\">Il est produit en renfor\u00e7ant le mat\u00e9riau avec du fil d&#039;acier spiral\u00e9 \u00e0 haute r\u00e9sistance. ALUAF VERT souple<\/div>\n<div class=\"txt\">les conduits d&#039;air sont scell\u00e9s. ALUAFS GREEN, extr\u00eamement haute r\u00e9silience, flexion et compressibilit\u00e9<\/div>\n<div class=\"txt\">a la fonctionnalit\u00e9. Il est facile \u00e0 assembler dans des joints ovales, ronds et d&#039;angle. ALUAF VERT souple<\/div>\n<div class=\"txt\">les conduits d&#039;air ont \u00e9t\u00e9 scann\u00e9s pour des centaines de produits chimiques, test\u00e9s dans une salle d&#039;essai dynamique et ont r\u00e9pondu aux deux crit\u00e8res d&#039;int\u00e9rieur.<\/div>\n<div class=\"txt\">D\u00e9velopp\u00e9 pour des environnements tels que les jardins d&#039;enfants et les \u00e9coles, en tenant compte de la nature sensible des enfants,<\/div>\n<div class=\"txt\">Il a \u00e9t\u00e9 certifi\u00e9 qu&#039;il respecte les crit\u00e8res au niveau. Conforme aux crit\u00e8res d&#039;\u00e9missions chimiques Greenguard,<\/div>\n<div class=\"txt\">en utilisant des conduits d&#039;air flexibles ALUAFS GREEN certifi\u00e9s et pratiquement sans \u00e9mission.<\/div>\n<div class=\"txt\">Assurez la qualit\u00e9 de votre air int\u00e9rieur. Dimensions, tol\u00e9rances et propri\u00e9t\u00e9s m\u00e9caniques des conduits d&#039;air flexibles ALUAFS GREEN<\/div>\n<div class=\"txt\">les propri\u00e9t\u00e9s de r\u00e9sistance sont test\u00e9es, class\u00e9es et certifi\u00e9es selon la norme EN 13180.<\/div>\n<h4>Caract\u00e9ristiques et avantages<\/h4>\n<div class=\"wrp clearfix\">\n<div class=\"tripleContent\">\n<p><b>CONSTRUCTION LAMIN\u00c9E EN ALUMINIUM<\/b><\/p>\n<div class=\"txt\">\n<ul>\n<li>Difficilement inflammable (ALUAFS.70)<\/li>\n<li>Difficilement inflammable (ALUAFS.F)<\/li>\n<li>Ne laisse pas passer les rayons UV<\/li>\n<li>Haute r\u00e9sistance aux rayons UV<\/li>\n<li>Fonction r\u00e9fl\u00e9chissante % 98<\/li>\n<li>r\u00e9sistance chimique<\/li>\n<\/ul>\n<\/div>\n<\/div>\n<div class=\"tripleContent\">\n<p><b>STRUCTURE FLEXIBLE et CONTINUE<\/b><\/p>\n<div class=\"txt\">\n<ul>\n<li>Facilit\u00e9 de stockage<\/li>\n<li>Facilit\u00e9 de transport<\/li>\n<li>Faibles co\u00fbts de main-d&#039;\u0153uvre<\/li>\n<li>Haute r\u00e9sistance aux d\u00e9chirures et aux chocs<\/li>\n<li>\u00e9tanch\u00e9it\u00e9 \u00e0 l&#039;air<\/li>\n<li>Efficacit\u00e9 \u00e9nerg\u00e9tique<\/li>\n<li>Faibles co\u00fbts d&#039;exploitation et de maintenance<\/li>\n<\/ul>\n<\/div>\n<\/div>\n<div class=\"tripleContent\">\n<p><b>MUR INT\u00c9RIEUR LISSE<\/b><\/p>\n<div class=\"txt\">\n<ul>\n<li>Faible perte de pression<\/li>\n<li>Faibles charges d&#039;exploitation<\/li>\n<li>Pas de r\u00e9tention de particules<\/li>\n<\/ul>\n<\/div>\n<\/div>\n<\/div>\n<div class=\"wrp clearfix\">\n<div class=\"tripleContent\">\n<p><b>FIL D&#039;ACIER \u00c0 HAUTE R\u00c9SISTANCE<\/b><\/p>\n<div class=\"txt\">\n<ul>\n<li>Haute r\u00e9sistance<\/li>\n<li>Non d\u00e9form\u00e9<\/li>\n<li>Montage facile<\/li>\n<\/ul>\n<\/div>\n<\/div>\n<\/div>","protected":false},"excerpt":{"rendered":"<p>ALUAFS GREEN Greenguard sertifikal\u0131, izolesiz, aluminyum flexible hava kanallar\u0131 Genel \u00d6zellikler Flexible Kanal Konstr\u00fcksiyonu 3 kat Al\u00fcminyum + 1 kat Polyester Flexible Kanal Nominal Kal\u0131nl\u0131\u011f\u0131 74 mikron \u00c7ap Aral\u0131\u011f\u0131 82 mm &#8211; 800 mm \u00c7al\u0131\u015fma S\u0131cakl\u0131\u011f\u0131 Aral\u0131\u011f\u0131 -30 \u00b0C \/ +250 \u00b0C Hava Ak\u0131\u015f H\u0131z\u0131 30 m\/s (maksimum) \u00c7al\u0131\u015fma Bas\u0131nc\u0131 3000 Pa (maksimum) Standart Uzunluk [&#8230;]\n","protected":false},"featured_media":6962,"comment_status":"open","ping_status":"closed","template":"","meta":{"jetpack_post_was_ever_published":false},"product_brand":[],"product_cat":[135],"product_tag":[265,264,260,261,258,268,266,262,259,267,263,450,451],"class_list":{"0":"post-587","1":"product","2":"type-product","3":"status-publish","4":"has-post-thumbnail","6":"product_cat-esnek-aluminyum-hava-kanali","7":"product_tag-bukulme","8":"product_tag-esneme","9":"product_tag-havalandirma-ve-iklimlendirme-sistemleri","10":"product_tag-helezon-celik","11":"product_tag-isitma","12":"product_tag-kimyasal-direnc","13":"product_tag-sikistirilabilme","14":"product_tag-sizdirmaz","15":"product_tag-sogutma","16":"product_tag-tasima-kolayligi","17":"product_tag-yogusmayi-engelleme","18":"product_tag-zor-alevlenici","19":"product_tag-zor-yanici","21":"first","22":"instock","23":"taxable","24":"shipping-taxable","25":"product-type-variable"},"jetpack-related-posts":[],"jetpack_sharing_enabled":true,"jetpack_likes_enabled":true,"_links":{"self":[{"href":"https:\/\/tuzlahortum.com.tr\/fr\/wp-json\/wp\/v2\/product\/587","targetHints":{"allow":["GET"]}}],"collection":[{"href":"https:\/\/tuzlahortum.com.tr\/fr\/wp-json\/wp\/v2\/product"}],"about":[{"href":"https:\/\/tuzlahortum.com.tr\/fr\/wp-json\/wp\/v2\/types\/product"}],"replies":[{"embeddable":true,"href":"https:\/\/tuzlahortum.com.tr\/fr\/wp-json\/wp\/v2\/comments?post=587"}],"wp:featuredmedia":[{"embeddable":true,"href":"https:\/\/tuzlahortum.com.tr\/fr\/wp-json\/wp\/v2\/media\/6962"}],"wp:attachment":[{"href":"https:\/\/tuzlahortum.com.tr\/fr\/wp-json\/wp\/v2\/media?parent=587"}],"wp:term":[{"taxonomy":"product_brand","embeddable":true,"href":"https:\/\/tuzlahortum.com.tr\/fr\/wp-json\/wp\/v2\/product_brand?post=587"},{"taxonomy":"product_cat","embeddable":true,"href":"https:\/\/tuzlahortum.com.tr\/fr\/wp-json\/wp\/v2\/product_cat?post=587"},{"taxonomy":"product_tag","embeddable":true,"href":"https:\/\/tuzlahortum.com.tr\/fr\/wp-json\/wp\/v2\/product_tag?post=587"}],"curies":[{"name":"wp","href":"https:\/\/api.w.org\/{rel}","templated":true}]}}