{"id":570,"date":"2019-02-06T23:46:05","date_gmt":"2019-02-06T20:46:05","guid":{"rendered":"http:\/\/hortum.com.tr\/product\/import-placeholder-for-506\/"},"modified":"2024-03-21T17:45:19","modified_gmt":"2024-03-21T14:45:19","slug":"trelleborg-klegaine-gpu-m","status":"publish","type":"product","link":"https:\/\/tuzlahortum.com.tr\/fr\/produit\/trelleborg-klegaine-gpu-m\/","title":{"rendered":"Trelleborg KLEGAINE GPU-M"},"content":{"rendered":"<h2>Trelleborg KLEGAINE GPU-M<\/h2>\n<div>Tuyaux industriels\/Polyur\u00e9thane<\/div>\n<div>Convient aux industries du bois, fonderies et autres applications g\u00e9n\u00e9rales.<\/div>\n<div>Il convient au transport de poudres, particules abrasives, poussi\u00e8res, sciures, agrafes, fibres textiles, copeaux m\u00e9talliques.<\/div>\n<div>Aspirateurs industriels.<\/div>\n<div>Convient pour le d\u00e9senfumage dans les industries chimiques et p\u00e9troli\u00e8res Conduit de c\u00e2bles dans les robots et les machines-outils.<\/div>\n<div>Avantages<\/div>\n<div>*L\u00e9ger et tr\u00e8s flexible, flexible \u00e0 basse temp\u00e9rature.<\/div>\n<div>*R\u00e9sistance in\u00e9gal\u00e9e \u00e0 l&#039;abrasion et \u00e0 la perforation.<\/div>\n<div>* Excellentes propri\u00e9t\u00e9s de flexibilit\u00e9 et de r\u00e9sistance pendant le transport.<\/div>\n<div>* H\u00e9lice en acier cuivr\u00e9, r\u00e9sistance \u00e0 l&#039;\u00e9crasement.<\/div>\n<div>*La surface int\u00e9rieure tr\u00e8s lisse offre un d\u00e9bit optimal.<\/div>\n<div>*Haute r\u00e9sistance \u00e0 l&#039;ozone et aux UV.<\/div>\n<div>*Bonne r\u00e9sistance aux huiles, solvants et produits chimiques industriels en phase vapeur de densit\u00e9 moyenne.<\/div>\n<div>description technique<\/div>\n<div>Corps en polyur\u00e9thane \u00e0 base d&#039;\u00e9ther, surface int\u00e9rieure transparente et lisse.<\/div>\n<div>Renforcement : ressort en acier cuivr\u00e9.<\/div>\n<div>Plage de temp\u00e9rature : -30\u00b0C \u00e0 +100\u00b0C.<\/div>\n<div>Propri\u00e9t\u00e9s \u00e9lectriques : non conducteur. Si la conductivit\u00e9 est requise, les deux extr\u00e9mit\u00e9s de l&#039;h\u00e9lice sont connect\u00e9es.<\/div>\n<div>peut \u00eatre reli\u00e9 \u00e0 des \u00e9l\u00e9ments\/joints.<\/div>\n<div>Particularit\u00e9s : Porter ISO 4649 : 30mm3.<\/div>\n<div>Il ne contient pas d&#039;halog\u00e8ne et de plastifiants.<\/div>\n<div>Norme\/Homologation : Norme : raccordement clamp.<\/div>\n<div>Informations Compl\u00e9mentaires<\/div>\n<div>Donn\u00e9es techniques pour conditions de fonctionnement \u00e0 20\u00b0C.<\/div>\n<div class=\"video video-fit mb\" style=\"padding-top:56.25%;\"><p><iframe loading=\"lazy\" title=\"Confusion des mesures (pouces, doigts, brume, millim\u00e8tres)\" width=\"1020\" height=\"574\" src=\"https:\/\/www.youtube.com\/embed\/uKk6AG_AZls?feature=oembed\" frameborder=\"0\" allow=\"accelerometer; autoplay; clipboard-write; encrypted-media; gyroscope; picture-in-picture; web-share\" referrerpolicy=\"strict-origin-when-cross-origin\" allowfullscreen><\/iframe><\/p>\n<\/div>\n<div class=\"video video-fit mb\" style=\"padding-top:56.25%;\"><p>https:\/\/www.youtube.com\/watch?v=O8ZlzKEjfEQ%20<\/p>\n<\/div>\n<p><img data-recalc-dims=\"1\" loading=\"lazy\" decoding=\"async\" class=\"alignnone size-full wp-image-2109\" src=\"https:\/\/i0.wp.com\/tuzlahortum.com.tr\/wp-content\/uploads\/urunler\/trelleborg\/Trelleborg-KLEGAINE-GPU-M.jpg?resize=760%2C584&#038;ssl=1\" alt=\"\" width=\"760\" height=\"584\" title=\"\" srcset=\"https:\/\/i0.wp.com\/tuzlahortum.com.tr\/wp-content\/uploads\/urunler\/trelleborg\/Trelleborg-KLEGAINE-GPU-M.jpg?w=760&amp;ssl=1 760w, https:\/\/i0.wp.com\/tuzlahortum.com.tr\/wp-content\/uploads\/urunler\/trelleborg\/Trelleborg-KLEGAINE-GPU-M.jpg?resize=521%2C400&amp;ssl=1 521w, https:\/\/i0.wp.com\/tuzlahortum.com.tr\/wp-content\/uploads\/urunler\/trelleborg\/Trelleborg-KLEGAINE-GPU-M.jpg?resize=600%2C461&amp;ssl=1 600w\" sizes=\"auto, (max-width: 760px) 100vw, 760px\" \/><\/p>","protected":false},"excerpt":{"rendered":"<p>Trelleborg KLEGAINE GPU-M End\u00fcstriyel hortumlar\/Poli\u00fcretan Ah\u015fap i\u015fleme end\u00fcstrileri, d\u00f6k\u00fcmhaneler ve di\u011fer genel uygulamalar i\u00e7in uygundur. Tozlar, a\u015f\u0131nd\u0131r\u0131c\u0131 partik\u00fcller, toz, tala\u015f, z\u0131mba, tekstil lifleri, metal tala\u015flar\u0131n\u0131n ta\u015f\u0131nmas\u0131 i\u00e7in\u00a0uygundur. End\u00fcstriyel elektrik s\u00fcp\u00fcrgeleri. Kimya ve petrol end\u00fcstrilerinde duman tahliyesi i\u00e7in uygundur Robotlar ve tak\u0131m tezgahlar\u0131nda\u00a0kablo kanal\u0131. Avantajlar *Hafif ve olduk\u00e7a esnektir, d\u00fc\u015f\u00fck s\u0131cakl\u0131kta esnektir. *A\u015f\u0131nma ve delinmeye kar\u015f\u0131 [&#8230;]\n","protected":false},"featured_media":2646,"comment_status":"open","ping_status":"closed","template":"","meta":{"jetpack_post_was_ever_published":false},"product_brand":[],"product_cat":[176],"product_tag":[392,396,393,357,394,290,399,381,362,398,361,395,397],"class_list":{"0":"post-570","1":"product","2":"type-product","3":"status-publish","4":"has-post-thumbnail","6":"product_cat-endustriyel-hortumlar","7":"product_tag-ahsap-isleme-endustrileri","8":"product_tag-asindirici-partikuller","9":"product_tag-dokumhaneler","10":"product_tag-endustriyel","11":"product_tag-genel-uygulamalar","12":"product_tag-hortum","13":"product_tag-metal-talaslarin-tasinmasi","14":"product_tag-poliuretan","15":"product_tag-talas","16":"product_tag-tekstil-lifleri","17":"product_tag-toz","18":"product_tag-tozlar","19":"product_tag-zimba","21":"first","22":"instock","23":"taxable","24":"shipping-taxable","25":"product-type-variable"},"jetpack-related-posts":[],"jetpack_sharing_enabled":true,"jetpack_likes_enabled":true,"_links":{"self":[{"href":"https:\/\/tuzlahortum.com.tr\/fr\/wp-json\/wp\/v2\/product\/570","targetHints":{"allow":["GET"]}}],"collection":[{"href":"https:\/\/tuzlahortum.com.tr\/fr\/wp-json\/wp\/v2\/product"}],"about":[{"href":"https:\/\/tuzlahortum.com.tr\/fr\/wp-json\/wp\/v2\/types\/product"}],"replies":[{"embeddable":true,"href":"https:\/\/tuzlahortum.com.tr\/fr\/wp-json\/wp\/v2\/comments?post=570"}],"wp:featuredmedia":[{"embeddable":true,"href":"https:\/\/tuzlahortum.com.tr\/fr\/wp-json\/wp\/v2\/media\/2646"}],"wp:attachment":[{"href":"https:\/\/tuzlahortum.com.tr\/fr\/wp-json\/wp\/v2\/media?parent=570"}],"wp:term":[{"taxonomy":"product_brand","embeddable":true,"href":"https:\/\/tuzlahortum.com.tr\/fr\/wp-json\/wp\/v2\/product_brand?post=570"},{"taxonomy":"product_cat","embeddable":true,"href":"https:\/\/tuzlahortum.com.tr\/fr\/wp-json\/wp\/v2\/product_cat?post=570"},{"taxonomy":"product_tag","embeddable":true,"href":"https:\/\/tuzlahortum.com.tr\/fr\/wp-json\/wp\/v2\/product_tag?post=570"}],"curies":[{"name":"wp","href":"https:\/\/api.w.org\/{rel}","templated":true}]}}