{"id":569,"date":"2019-02-06T23:46:05","date_gmt":"2019-02-06T20:46:05","guid":{"rendered":"http:\/\/hortum.com.tr\/product\/import-placeholder-for-505\/"},"modified":"2024-03-21T17:45:20","modified_gmt":"2024-03-21T14:45:20","slug":"trelleborg-klegaine-gpu-fg","status":"publish","type":"product","link":"https:\/\/tuzlahortum.com.tr\/fr\/produit\/trelleborg-klegaine-gpu-fg\/","title":{"rendered":"Trelleborg KLEGAINE GPU-FG"},"content":{"rendered":"<h2>Trelleborg KLEGAINE GPU-FG<\/h2>\n<p>Tuyaux industriels\/Polyur\u00e9thane<\/p>\n<p>Qualit\u00e9 alimentaire, extr\u00eamement lisse.<\/p>\n<p>Extraction de mat\u00e9riaux abrasifs, poudres et granul\u00e9s dans l&#039;industrie agro-alimentaire et de m\u00e9dicaments dans les laboratoires pharmaceutiques et<\/p>\n<p>Id\u00e9al pour les transports.<\/p>\n<p>Aspirateurs industriels et applications d&#039;entretien des sols, tondeuses \u00e0 gazon et projection de laine de roche.<\/p>\n<p>industries du bois.<\/p>\n<p>Conduit de c\u00e2bles pour robotique, machines \u00e0 rayons X.<\/p>\n<p>Avantages<\/p>\n<p>*Polyur\u00e9thane de qualit\u00e9 alimentaire.<\/p>\n<p>*Haute r\u00e9sistance \u00e0 l&#039;abrasion, \u00e0 la perforation et aux chocs.<\/p>\n<p>*R\u00e9sistance flexible unique gr\u00e2ce \u00e0 l&#039;h\u00e9lice en PVC et au corps en polyur\u00e9thane assurant une adh\u00e9rence parfaite.<\/p>\n<p>*Haute r\u00e9sistance \u00e0 l&#039;hydrolyse et aux attaques microbiologiques.<\/p>\n<p>*L\u00e9ger, souple \u00e0 basse temp\u00e9rature. La surface int\u00e9rieure lisse offre un \u00e9coulement optimal.<\/p>\n<p>*Haute r\u00e9sistance \u00e0 l&#039;ozone et aux UV.<\/p>\n<p>*Haute r\u00e9sistance \u00e0 de nombreuses huiles, solvants, produits chimiques industriels en phase vapeur de densit\u00e9 moyenne.<\/p>\n<p>description technique<\/p>\n<p>Corps en polyur\u00e9thane \u00e0 base d&#039;\u00e9ther, surface int\u00e9rieure transparente et lisse.<\/p>\n<p>Renforcement : Ressort en PVC rigide r\u00e9sistant aux chocs int\u00e9gr\u00e9 dans le corps en polyur\u00e9thane.<\/p>\n<p>Plage de temp\u00e9rature : -30\u00b0C \u00e0 +80\u00b0C.<\/p>\n<p>Propri\u00e9t\u00e9s \u00e9lectriques : Non conducteur.<\/p>\n<p>Option : fil de cuivre gain\u00e9 PVC pour r\u00e9aliser la liaison \u00e9quipotentielle \u00e9lectrique.<\/p>\n<p>Particularit\u00e9s : Porter ISO 4649 : 40mm3.<\/p>\n<p>Qualit\u00e9 alimentaire.<\/p>\n<p>Norme\/Agr\u00e9ment : R\u00e8glement UE 10\/2011\/CE.<\/p>\n<p>Unions\/Raccords<\/p>\n<p>Standard : raccordement par pince.<\/p>\n<p>Option : peut \u00eatre viss\u00e9 dans les raccords.<\/p>\n<p>Informations Compl\u00e9mentaires<\/p>\n<p>Donn\u00e9es techniques pour conditions de fonctionnement \u00e0 20\u00b0C.<\/p>\n<div class=\"video video-fit mb\" style=\"padding-top:56.25%;\"><p><iframe loading=\"lazy\" title=\"Confusion des mesures (pouces, doigts, brume, millim\u00e8tres)\" width=\"1020\" height=\"574\" src=\"https:\/\/www.youtube.com\/embed\/uKk6AG_AZls?feature=oembed\" frameborder=\"0\" allow=\"accelerometer; autoplay; clipboard-write; encrypted-media; gyroscope; picture-in-picture; web-share\" referrerpolicy=\"strict-origin-when-cross-origin\" allowfullscreen><\/iframe><\/p>\n<\/div>\n<div class=\"video video-fit mb\" style=\"padding-top:56.25%;\"><p>https:\/\/www.youtube.com\/watch?v=O8ZlzKEjfEQ%20<\/p>\n<\/div>\n<p><img data-recalc-dims=\"1\" loading=\"lazy\" decoding=\"async\" class=\"alignnone size-medium wp-image-2110\" src=\"https:\/\/i0.wp.com\/hortum.com.tr\/wp-content\/uploads\/urunler\/trelleborg\/Trelleborg-KLEGAINE-GPU-FG-651x400.jpg?resize=651%2C400\" alt=\"\" width=\"651\" height=\"400\" title=\"\" srcset=\"https:\/\/i0.wp.com\/tuzlahortum.com.tr\/wp-content\/uploads\/urunler\/trelleborg\/Trelleborg-KLEGAINE-GPU-FG.jpg?resize=651%2C400&amp;ssl=1 651w, https:\/\/i0.wp.com\/tuzlahortum.com.tr\/wp-content\/uploads\/urunler\/trelleborg\/Trelleborg-KLEGAINE-GPU-FG.jpg?resize=768%2C472&amp;ssl=1 768w, https:\/\/i0.wp.com\/tuzlahortum.com.tr\/wp-content\/uploads\/urunler\/trelleborg\/Trelleborg-KLEGAINE-GPU-FG.jpg?resize=600%2C369&amp;ssl=1 600w, https:\/\/i0.wp.com\/tuzlahortum.com.tr\/wp-content\/uploads\/urunler\/trelleborg\/Trelleborg-KLEGAINE-GPU-FG.jpg?w=905&amp;ssl=1 905w\" sizes=\"auto, (max-width: 651px) 100vw, 651px\" \/><\/p>","protected":false},"excerpt":{"rendered":"<p>Trelleborg KLEGAINE GPU-FG End\u00fcstriyel hortumlar\/Poli\u00fcretan G\u0131daya uygun kalitede, son derece d\u00fczg\u00fcn. G\u0131da end\u00fcstrisinde a\u015f\u0131nd\u0131r\u0131c\u0131 malzemeler, tozlar ve gran\u00fcllerin ve ila\u00e7 laboratuvarlar\u0131nda\u00a0ila\u00e7lar\u0131n \u00e7ekilmesi ve ta\u015f\u0131nmas\u0131 i\u00e7in idealdir. End\u00fcstriyel elektrik s\u00fcp\u00fcrgeleri ve zemin bak\u0131m uygulamalar\u0131, \u00e7imen bi\u00e7me makineleri ve kaya\u00a0y\u00fcn\u00fc projeksiyonu. Ah\u015fap i\u015fleme end\u00fcstrileri. Robotikler, r\u00f6ntgen makineleri i\u00e7in kablo kanal\u0131. Avantajlar *G\u0131dada kullan\u0131ma uygun poli\u00fcretan. *A\u015f\u0131nma, delinme [&#8230;]\n","protected":false},"featured_media":2645,"comment_status":"open","ping_status":"closed","template":"","meta":{"jetpack_post_was_ever_published":false},"product_brand":[],"product_cat":[176],"product_tag":[401,388,391,385,357,2163,387,389,290,390,381,343,361,384],"class_list":{"0":"post-569","1":"product","2":"type-product","3":"status-publish","4":"has-post-thumbnail","6":"product_cat-endustriyel-hortumlar","7":"product_tag-ahsap-isleme","8":"product_tag-asindirici-malzemeler","9":"product_tag-cekilme","10":"product_tag-cimen-bicme-makineleri","11":"product_tag-endustriyel","12":"product_tag-gida-endustri","13":"product_tag-gidaya-uygun","14":"product_tag-granul","15":"product_tag-hortum","16":"product_tag-ilac","17":"product_tag-poliuretan","18":"product_tag-tahliye","19":"product_tag-toz","20":"product_tag-zemin-bakim-uygulamalari","22":"first","23":"instock","24":"taxable","25":"shipping-taxable","26":"product-type-variable"},"jetpack-related-posts":[],"jetpack_sharing_enabled":true,"jetpack_likes_enabled":true,"_links":{"self":[{"href":"https:\/\/tuzlahortum.com.tr\/fr\/wp-json\/wp\/v2\/product\/569","targetHints":{"allow":["GET"]}}],"collection":[{"href":"https:\/\/tuzlahortum.com.tr\/fr\/wp-json\/wp\/v2\/product"}],"about":[{"href":"https:\/\/tuzlahortum.com.tr\/fr\/wp-json\/wp\/v2\/types\/product"}],"replies":[{"embeddable":true,"href":"https:\/\/tuzlahortum.com.tr\/fr\/wp-json\/wp\/v2\/comments?post=569"}],"wp:featuredmedia":[{"embeddable":true,"href":"https:\/\/tuzlahortum.com.tr\/fr\/wp-json\/wp\/v2\/media\/2645"}],"wp:attachment":[{"href":"https:\/\/tuzlahortum.com.tr\/fr\/wp-json\/wp\/v2\/media?parent=569"}],"wp:term":[{"taxonomy":"product_brand","embeddable":true,"href":"https:\/\/tuzlahortum.com.tr\/fr\/wp-json\/wp\/v2\/product_brand?post=569"},{"taxonomy":"product_cat","embeddable":true,"href":"https:\/\/tuzlahortum.com.tr\/fr\/wp-json\/wp\/v2\/product_cat?post=569"},{"taxonomy":"product_tag","embeddable":true,"href":"https:\/\/tuzlahortum.com.tr\/fr\/wp-json\/wp\/v2\/product_tag?post=569"}],"curies":[{"name":"wp","href":"https:\/\/api.w.org\/{rel}","templated":true}]}}