{"id":561,"date":"2019-02-06T23:46:03","date_gmt":"2019-02-06T20:46:03","guid":{"rendered":"http:\/\/hortum.com.tr\/product\/import-placeholder-for-499\/"},"modified":"2024-03-21T17:45:21","modified_gmt":"2024-03-21T14:45:21","slug":"trelleborg-kuka-hortumu-kanal-acma","status":"publish","type":"product","link":"https:\/\/tuzlahortum.com.tr\/fr\/produit\/trelleborg-kuka-hortumu-kanal-acma\/","title":{"rendered":"Tuyau Trelleborg Kuka (CANALKLER 250 S)"},"content":{"rendered":"<h2>Tuyau Trelleborg Kuka (CANALKLER 250 S)<\/h2>\n<p>Nettoyage des drains et des \u00e9gouts<br \/>\nNettoyage avec des jets d&#039;\u00e9gout sous pression et de l&#039;eau \u00e0 haute pression.<br \/>\nAvantages<br \/>\nEfficacit\u00e9 de nettoyage plus \u00e9lev\u00e9e, gain de temps de nettoyage, donc consommation de carburant<br \/>\nTr\u00e8s faible r\u00e9sistance au d\u00e9rapage, d&#039;o\u00f9 une r\u00e9duction.<br \/>\nDur\u00e9e de vie plus longue gr\u00e2ce au compos\u00e9 de rev\u00eatement sp\u00e9cial avec une r\u00e9sistance \u00e0 l&#039;usure plus \u00e9lev\u00e9e.<br \/>\nMeilleure flexibilit\u00e9 m\u00eame \u00e0 basse temp\u00e9rature.<br \/>\nil est facile \u00e0 porter et convivial.<br \/>\nR\u00e9sistance \u00e0 la d\u00e9formation.<br \/>\nTr\u00e8s haute r\u00e9sistance et s\u00e9curit\u00e9 gr\u00e2ce au renfort en aramide.<br \/>\ndescription technique<br \/>\nChambre \u00e0 air : SBR, noire, droite.<br \/>\nRenfort : textile aramide, tricot.<br \/>\nRev\u00eatement : SBR\/NR, noir, uni. Tr\u00e8s faible r\u00e9sistance au glissement.<br \/>\nPlage de temp\u00e9rature : -30\u00b0C \u00e0 +80\u00b0C.<br \/>\nNorme\/Agr\u00e9ment :<br \/>\nZH 1\/406 (Principes pour les jets de pulv\u00e9risation de liquide).<br \/>\nUnions\/Raccords<br \/>\nTous les tuyaux sont assembl\u00e9s avec BSP femelle\/BSP m\u00e2le.<br \/>\nTous les tuyaux sont test\u00e9s sous pression \u00e0 375 bars et portent un num\u00e9ro de tuyau sp\u00e9cial.<\/p>\n<div class=\"video video-fit mb\" style=\"padding-top:56.25%;\"><p><iframe loading=\"lazy\" title=\"Confusion des mesures (pouces, doigts, brume, millim\u00e8tres)\" width=\"1020\" height=\"574\" src=\"https:\/\/www.youtube.com\/embed\/uKk6AG_AZls?feature=oembed\" frameborder=\"0\" allow=\"accelerometer; autoplay; clipboard-write; encrypted-media; gyroscope; picture-in-picture; web-share\" referrerpolicy=\"strict-origin-when-cross-origin\" allowfullscreen><\/iframe><\/p>\n<\/div>\n<div class=\"video video-fit mb\" style=\"padding-top:56.25%;\"><p>https:\/\/www.youtube.com\/watch?v=O8ZlzKEjfEQ%20<\/p>\n<\/div>\n<p><img data-recalc-dims=\"1\" loading=\"lazy\" decoding=\"async\" class=\"alignnone size-medium wp-image-8120\" src=\"https:\/\/i0.wp.com\/hortum.com.tr\/wp-content\/uploads\/2019\/03\/canalkler-250-s-800x171.jpg?resize=800%2C171\" alt=\"\" width=\"800\" height=\"171\" title=\"\" srcset=\"https:\/\/i0.wp.com\/tuzlahortum.com.tr\/wp-content\/uploads\/2019\/03\/canalkler-250-s.jpg?resize=800%2C171&amp;ssl=1 800w, https:\/\/i0.wp.com\/tuzlahortum.com.tr\/wp-content\/uploads\/2019\/03\/canalkler-250-s.jpg?resize=768%2C164&amp;ssl=1 768w, https:\/\/i0.wp.com\/tuzlahortum.com.tr\/wp-content\/uploads\/2019\/03\/canalkler-250-s.jpg?resize=600%2C128&amp;ssl=1 600w, https:\/\/i0.wp.com\/tuzlahortum.com.tr\/wp-content\/uploads\/2019\/03\/canalkler-250-s.jpg?w=918&amp;ssl=1 918w\" sizes=\"auto, (max-width: 800px) 100vw, 800px\" \/><\/p>","protected":false},"excerpt":{"rendered":"<p>Trelleborg Kuka Hortumu (CANALKLER 250 S ) Drenaj ve kanalizasyon temizli\u011fi Kanalizasyon bas\u0131n\u00e7l\u0131 su p\u00fcsk\u00fcrtme ve a\u011f\u0131r hizmet ko\u015fullar\u0131nda, y\u00fcksek bas\u0131n\u00e7l\u0131 suyla temizlik. Avantajlar Daha y\u00fcksek temizlik verimi, temizlik s\u00fcresinden tasarruf, dolay\u0131s\u0131yla yak\u0131t t\u00fcketiminde azalma sa\u011flayan \u00e7ok d\u00fc\u015f\u00fck kayma direnci. Daha y\u00fcksek a\u015f\u0131nma dayan\u0131m\u0131na sahip \u00f6zel kaplama bile\u015fi\u011fi sayesinde daha uzun kullan\u0131m \u00f6mr\u00fc. D\u00fc\u015f\u00fck s\u0131cakl\u0131klarda [&#8230;]\n","protected":false},"featured_media":2688,"comment_status":"open","ping_status":"closed","template":"","meta":{"jetpack_post_was_ever_published":false},"product_brand":[],"product_cat":[176],"product_tag":[418,2165,2164,290,354,356,665,353,355,525,1023],"class_list":{"0":"post-561","1":"product","2":"type-product","3":"status-publish","4":"has-post-thumbnail","6":"product_cat-endustriyel-hortumlar","7":"product_tag-agir-hizmet","8":"product_tag-aramid-takviye","9":"product_tag-drenaj","10":"product_tag-hortum","11":"product_tag-kanal-acma","12":"product_tag-kanal-acma-hortumu","13":"product_tag-kanalizasyon","14":"product_tag-kuka","15":"product_tag-kuka-hortumu","16":"product_tag-temizlik","17":"product_tag-yuksek-basinc","19":"first","20":"instock","21":"taxable","22":"shipping-taxable","23":"product-type-variable"},"jetpack-related-posts":[],"jetpack_sharing_enabled":true,"jetpack_likes_enabled":true,"_links":{"self":[{"href":"https:\/\/tuzlahortum.com.tr\/fr\/wp-json\/wp\/v2\/product\/561","targetHints":{"allow":["GET"]}}],"collection":[{"href":"https:\/\/tuzlahortum.com.tr\/fr\/wp-json\/wp\/v2\/product"}],"about":[{"href":"https:\/\/tuzlahortum.com.tr\/fr\/wp-json\/wp\/v2\/types\/product"}],"replies":[{"embeddable":true,"href":"https:\/\/tuzlahortum.com.tr\/fr\/wp-json\/wp\/v2\/comments?post=561"}],"wp:featuredmedia":[{"embeddable":true,"href":"https:\/\/tuzlahortum.com.tr\/fr\/wp-json\/wp\/v2\/media\/2688"}],"wp:attachment":[{"href":"https:\/\/tuzlahortum.com.tr\/fr\/wp-json\/wp\/v2\/media?parent=561"}],"wp:term":[{"taxonomy":"product_brand","embeddable":true,"href":"https:\/\/tuzlahortum.com.tr\/fr\/wp-json\/wp\/v2\/product_brand?post=561"},{"taxonomy":"product_cat","embeddable":true,"href":"https:\/\/tuzlahortum.com.tr\/fr\/wp-json\/wp\/v2\/product_cat?post=561"},{"taxonomy":"product_tag","embeddable":true,"href":"https:\/\/tuzlahortum.com.tr\/fr\/wp-json\/wp\/v2\/product_tag?post=561"}],"curies":[{"name":"wp","href":"https:\/\/api.w.org\/{rel}","templated":true}]}}