{"id":559,"date":"2019-02-06T23:46:03","date_gmt":"2019-02-06T20:46:03","guid":{"rendered":"http:\/\/hortum.com.tr\/product\/import-placeholder-for-524\/"},"modified":"2024-03-21T17:45:24","modified_gmt":"2024-03-21T14:45:24","slug":"trelleborg-ag2100-marine-smooth","status":"publish","type":"product","link":"https:\/\/tuzlahortum.com.tr\/fr\/produit\/trelleborg-ag2100-marine-smooth\/","title":{"rendered":"Trelleborg AG2100 Marine Lisse"},"content":{"rendered":"<h2>Trelleborg AG2100 Marine Lisse<\/h2>\n<p>Gaz d&#039;\u00e9chappement<\/p>\n<p>Syst\u00e8mes d&#039;\u00e9chappement humides de moteurs marins o\u00f9 les gaz d&#039;\u00e9chappement sont m\u00e9lang\u00e9s \u00e0 l&#039;eau froide \u00e9vacu\u00e9e.<\/p>\n<p>Avantages<\/p>\n<p>*Flexible.<\/p>\n<p>* R\u00e9sistant \u00e0 l&#039;usure.<\/p>\n<p>*Construction Flex Max (par exemple multi-h\u00e9lice).<\/p>\n<p>* Plat et durable.<\/p>\n<p>* R\u00e9siste \u00e0 l&#039;\u00e9chappement sec pendant plus de 3 heures.<\/p>\n<p>* Certifi\u00e9 DNV.<\/p>\n<p>description technique<\/p>\n<p>Chambre \u00e0 air : CR, noire, droite.<\/p>\n<p>Renforcement : textile synth\u00e9tique avec ressort int\u00e9gr\u00e9 en acier.<\/p>\n<p>Rev\u00eatement : CR, noir, aspect tissu.<\/p>\n<p>Plage de temp\u00e9rature : -30\u00b0C \u00e0 +100\u00b0C.<\/p>\n<p>R\u00e9siste temporairement \u00e0 +580\u00b0C.<\/p>\n<p>Unions\/Raccords<\/p>\n<p>menottes.<\/p>\n<p>Informations Compl\u00e9mentaires<\/p>\n<p>Certifi\u00e9 par DNV conform\u00e9ment \u00e0 ISO 13363 type 2, SAE J 2006 type R2, Scandinavian Boat Standard MC9.<\/p>\n<p>Diff\u00e9rentes tailles sont produites sur demande.<\/p>\n<div class=\"video video-fit mb\" style=\"padding-top:56.25%;\"><p><iframe loading=\"lazy\" title=\"Confusion des mesures (pouces, doigts, brume, millim\u00e8tres)\" width=\"1020\" height=\"574\" src=\"https:\/\/www.youtube.com\/embed\/uKk6AG_AZls?feature=oembed\" frameborder=\"0\" allow=\"accelerometer; autoplay; clipboard-write; encrypted-media; gyroscope; picture-in-picture; web-share\" referrerpolicy=\"strict-origin-when-cross-origin\" allowfullscreen><\/iframe><\/p>\n<\/div>\n<div class=\"video video-fit mb\" style=\"padding-top:56.25%;\"><p>https:\/\/www.youtube.com\/watch?v=O8ZlzKEjfEQ%20<\/p>\n<\/div>\n<p><img data-recalc-dims=\"1\" loading=\"lazy\" decoding=\"async\" class=\"alignnone size-full wp-image-2152\" src=\"https:\/\/i0.wp.com\/tuzlahortum.com.tr\/wp-content\/uploads\/urunler\/trelleborg\/TRELLEBORG-AG2100-MARI%CC%87NE-SMOOTH.jpg?resize=933%2C307&#038;ssl=1\" alt=\"\" width=\"933\" height=\"307\" title=\"\" srcset=\"https:\/\/i0.wp.com\/tuzlahortum.com.tr\/wp-content\/uploads\/urunler\/trelleborg\/TRELLEBORG-AG2100-MARI%CC%87NE-SMOOTH.jpg?w=933&amp;ssl=1 933w, https:\/\/i0.wp.com\/tuzlahortum.com.tr\/wp-content\/uploads\/urunler\/trelleborg\/TRELLEBORG-AG2100-MARI%CC%87NE-SMOOTH.jpg?resize=800%2C263&amp;ssl=1 800w, https:\/\/i0.wp.com\/tuzlahortum.com.tr\/wp-content\/uploads\/urunler\/trelleborg\/TRELLEBORG-AG2100-MARI%CC%87NE-SMOOTH.jpg?resize=768%2C253&amp;ssl=1 768w, https:\/\/i0.wp.com\/tuzlahortum.com.tr\/wp-content\/uploads\/urunler\/trelleborg\/TRELLEBORG-AG2100-MARI%CC%87NE-SMOOTH.jpg?resize=600%2C197&amp;ssl=1 600w\" sizes=\"auto, (max-width: 933px) 100vw, 933px\" \/><\/p>","protected":false},"excerpt":{"rendered":"<p>Trelleborg AG2100 Marine Smooth Egzoz gaz\u0131 Egzoz gazlar\u0131n\u0131n tahliye edilen so\u011fuk su ile kar\u0131\u015ft\u0131\u011f\u0131 deniz motoru \u0131slak egzoz sistemleri. Avantajlar *Esnek. *Y\u0131pranma ve eskimeye dayan\u0131kl\u0131. *Flex Max yap\u0131 (\u00f6r. \u00e7oklu helis). *D\u00fcz ve dayan\u0131kl\u0131. *Kuru egzoza 3 saatten fazla dayan\u0131r. *DNV onayl\u0131d\u0131r. Teknik a\u00e7\u0131klama \u0130\u00e7 t\u00fcp :\u00a0CR, siyah, d\u00fcz. Takviye :\u00a0\u00e7elik g\u00f6m\u00fcl\u00fc yay bulunan sentetik [&#8230;]\n","protected":false},"featured_media":2613,"comment_status":"open","ping_status":"closed","template":"","meta":{"jetpack_post_was_ever_published":false},"product_brand":[],"product_cat":[175],"product_tag":[337,338,290,344,343],"class_list":{"0":"post-559","1":"product","2":"type-product","3":"status-publish","4":"has-post-thumbnail","6":"product_cat-egzoz-gazi-hortumlari","7":"product_tag-egzoz","8":"product_tag-gaz","9":"product_tag-hortum","10":"product_tag-islak","11":"product_tag-tahliye","13":"first","14":"instock","15":"taxable","16":"shipping-taxable","17":"product-type-variable"},"jetpack-related-posts":[{"id":558,"url":"https:\/\/tuzlahortum.com.tr\/fr\/produit\/trelleborg-ag2100-marine-corrugated\/","url_meta":{"origin":559,"position":0},"title":"Trelleborg AG2100 Marine Ondul\u00e9","author":"admin","date":"6 f\u00e9vrier 2019","format":false,"excerpt":"Trelleborg AG2100 Marine Corrugated Gaz d'\u00e9chappement Syst\u00e8mes d'\u00e9chappement humides pour moteurs marins o\u00f9 les gaz d'\u00e9chappement sont m\u00e9lang\u00e9s \u00e0 de l'eau froide. Avantages * Flexibilit\u00e9 extr\u00eamement \u00e9lev\u00e9e. *L\u00e9ger. *R\u00e9sistant \u00e0 l'usure. *Ondul\u00e9 et facile \u00e0 utiliser. *Approuv\u00e9 par le DNV. Description technique Chambre \u00e0 air : CR, noir, uni. Renfort : textile synth\u00e9tique avec h\u00e9lice int\u00e9gr\u00e9e en fil d'acier. Rev\u00eatement ...","rel":"","context":"Article similaire","block_context":{"text":"Article similaire","link":""},"img":{"alt_text":"","src":"https:\/\/i0.wp.com\/tuzlahortum.com.tr\/wp-content\/uploads\/2019\/02\/AG-2100-MARINE-CORRUGATED.jpg?fit=800%2C800&ssl=1&resize=350%2C200","width":350,"height":200,"srcset":"https:\/\/i0.wp.com\/tuzlahortum.com.tr\/wp-content\/uploads\/2019\/02\/AG-2100-MARINE-CORRUGATED.jpg?fit=800%2C800&ssl=1&resize=350%2C200 1x, https:\/\/i0.wp.com\/tuzlahortum.com.tr\/wp-content\/uploads\/2019\/02\/AG-2100-MARINE-CORRUGATED.jpg?fit=800%2C800&ssl=1&resize=525%2C300 1.5x, https:\/\/i0.wp.com\/tuzlahortum.com.tr\/wp-content\/uploads\/2019\/02\/AG-2100-MARINE-CORRUGATED.jpg?fit=800%2C800&ssl=1&resize=700%2C400 2x"},"classes":[]},{"id":557,"url":"https:\/\/tuzlahortum.com.tr\/fr\/produit\/trelleborg-ag-1000-lt\/","url_meta":{"origin":559,"position":1},"title":"Trelleborg AG 1000 LT","author":"admin","date":"6 f\u00e9vrier 2019","format":false,"excerpt":"Trelleborg AG 1000 LTE gaz d'\u00e9chappement \u00c9limination des gaz d'\u00e9chappement et autres gaz chauds des v\u00e9hicules \u00e0 moteur. Poulies de tuyau d'\u00e9chappement avec tous types de m\u00e9canismes de rappel \u00e0 ressort, extracteurs de fum\u00e9es d'\u00e9chappement ainsi que rails d'\u00e9chappement pour v\u00e9hicules en mouvement. Avantages * Extr\u00eamement l\u00e9ger et flexible, ce qui rend le tuyau particuli\u00e8rement adapt\u00e9 \u00e0 la manutention manuelle. *Lisse \u00e0 l'int\u00e9rieur...","rel":"","context":"Article similaire","block_context":{"text":"Article similaire","link":""},"img":{"alt_text":"","src":"https:\/\/i0.wp.com\/tuzlahortum.com.tr\/wp-content\/uploads\/2019\/02\/AG-1000-LT.jpg?fit=800%2C800&ssl=1&resize=350%2C200","width":350,"height":200,"srcset":"https:\/\/i0.wp.com\/tuzlahortum.com.tr\/wp-content\/uploads\/2019\/02\/AG-1000-LT.jpg?fit=800%2C800&ssl=1&resize=350%2C200 1x, https:\/\/i0.wp.com\/tuzlahortum.com.tr\/wp-content\/uploads\/2019\/02\/AG-1000-LT.jpg?fit=800%2C800&ssl=1&resize=525%2C300 1.5x, https:\/\/i0.wp.com\/tuzlahortum.com.tr\/wp-content\/uploads\/2019\/02\/AG-1000-LT.jpg?fit=800%2C800&ssl=1&resize=700%2C400 2x"},"classes":[]},{"id":556,"url":"https:\/\/tuzlahortum.com.tr\/fr\/produit\/trelleborg-ag-1000-ht\/","url_meta":{"origin":559,"position":2},"title":"Trelleborg AG 1000 HT","author":"admin","date":"6 f\u00e9vrier 2019","format":false,"excerpt":"Trelleborg AG 1000 HTE gaz d'\u00e9chappement \u00c9limination des gaz d'\u00e9chappement et autres gaz chauds des v\u00e9hicules \u00e0 moteur. Poulies de tuyau d'\u00e9chappement avec tous types de m\u00e9canismes de rappel \u00e0 ressort, extracteurs de fum\u00e9es d'\u00e9chappement ainsi que rails d'\u00e9chappement pour v\u00e9hicules en mouvement. Avantages * Extr\u00eamement l\u00e9ger et flexible, ce qui rend le tuyau particuli\u00e8rement adapt\u00e9 \u00e0 la manutention manuelle. *Lisse \u00e0 l'int\u00e9rieur...","rel":"","context":"Article similaire","block_context":{"text":"Article similaire","link":""},"img":{"alt_text":"","src":"https:\/\/i0.wp.com\/tuzlahortum.com.tr\/wp-content\/uploads\/2019\/02\/AG-1000-HT.jpg?fit=800%2C800&ssl=1&resize=350%2C200","width":350,"height":200,"srcset":"https:\/\/i0.wp.com\/tuzlahortum.com.tr\/wp-content\/uploads\/2019\/02\/AG-1000-HT.jpg?fit=800%2C800&ssl=1&resize=350%2C200 1x, https:\/\/i0.wp.com\/tuzlahortum.com.tr\/wp-content\/uploads\/2019\/02\/AG-1000-HT.jpg?fit=800%2C800&ssl=1&resize=525%2C300 1.5x, https:\/\/i0.wp.com\/tuzlahortum.com.tr\/wp-content\/uploads\/2019\/02\/AG-1000-HT.jpg?fit=800%2C800&ssl=1&resize=700%2C400 2x"},"classes":[]},{"id":946,"url":"https:\/\/tuzlahortum.com.tr\/fr\/produit\/trelleborg-boat-fuel-hose-iso-7840-a1\/","url_meta":{"origin":559,"position":3},"title":"TUYAU DE CARBURANT POUR BATEAU Trelleborg ISO 7840 A1","author":"admin","date":"6 f\u00e9vrier 2019","format":false,"excerpt":"Trelleborg BOAT FUEL HOSE ISO 7840 A1Oil Tuyau de carburant r\u00e9sistant \u00e0 la combustion pour les applications nautiques. Conforme aux exigences CEN pour les bateaux de sport. Avantages * R\u00e9pond aux normes les plus strictes en mati\u00e8re de r\u00e9sistance \u00e0 la perm\u00e9ation. *Certifi\u00e9 par l'International Marine Certification Institute. Description technique Tube int\u00e9rieur : NBR, noir, lisse. Renforcement : Maille textile synth\u00e9tique avec h\u00e9lice en acier incorpor\u00e9e pour INNER&gt;25mm....","rel":"","context":"Article similaire","block_context":{"text":"Article similaire","link":""},"img":{"alt_text":"","src":"https:\/\/i0.wp.com\/tuzlahortum.com.tr\/wp-content\/uploads\/2019\/02\/BOAT-FUEL-HOSE-ISO-7840-A1.jpg?fit=800%2C800&ssl=1&resize=350%2C200","width":350,"height":200,"srcset":"https:\/\/i0.wp.com\/tuzlahortum.com.tr\/wp-content\/uploads\/2019\/02\/BOAT-FUEL-HOSE-ISO-7840-A1.jpg?fit=800%2C800&ssl=1&resize=350%2C200 1x, https:\/\/i0.wp.com\/tuzlahortum.com.tr\/wp-content\/uploads\/2019\/02\/BOAT-FUEL-HOSE-ISO-7840-A1.jpg?fit=800%2C800&ssl=1&resize=525%2C300 1.5x, https:\/\/i0.wp.com\/tuzlahortum.com.tr\/wp-content\/uploads\/2019\/02\/BOAT-FUEL-HOSE-ISO-7840-A1.jpg?fit=800%2C800&ssl=1&resize=700%2C400 2x"},"classes":[]},{"id":949,"url":"https:\/\/tuzlahortum.com.tr\/fr\/produit\/trelleborg-polyoil\/","url_meta":{"origin":559,"position":4},"title":"Trelleborg POLYOIL","author":"admin","date":"6 f\u00e9vrier 2019","format":false,"excerpt":"Trelleborg POLYOILOil et p\u00e9trole transport de produits p\u00e9troliers sous haute pression et basse pression syst\u00e8mes d'entra\u00eenement hydraulique et retour d'huile. Transport \u00e9galement de d\u00e9riv\u00e9s du p\u00e9trole l\u00e9ger et lourd, de produits chimiques et d'antigels, d'air comprim\u00e9 contenant de l'huile, d'alcalins industriels et de saumure. Avantages * Excellente r\u00e9sistance aux intemp\u00e9ries, aux conditions atmosph\u00e9riques et \u00e0 l'ozone. *Tr\u00e8s haute r\u00e9sistance \u00e0 la pression...","rel":"","context":"Article similaire","block_context":{"text":"Article similaire","link":""},"img":{"alt_text":"","src":"https:\/\/i0.wp.com\/tuzlahortum.com.tr\/wp-content\/uploads\/2019\/02\/POLYOIL.jpg?fit=800%2C800&ssl=1&resize=350%2C200","width":350,"height":200,"srcset":"https:\/\/i0.wp.com\/tuzlahortum.com.tr\/wp-content\/uploads\/2019\/02\/POLYOIL.jpg?fit=800%2C800&ssl=1&resize=350%2C200 1x, https:\/\/i0.wp.com\/tuzlahortum.com.tr\/wp-content\/uploads\/2019\/02\/POLYOIL.jpg?fit=800%2C800&ssl=1&resize=525%2C300 1.5x, https:\/\/i0.wp.com\/tuzlahortum.com.tr\/wp-content\/uploads\/2019\/02\/POLYOIL.jpg?fit=800%2C800&ssl=1&resize=700%2C400 2x"},"classes":[]},{"id":659,"url":"https:\/\/tuzlahortum.com.tr\/fr\/produit\/trelleborg-maxair\/","url_meta":{"origin":559,"position":5},"title":"Trelleborg MAXAIR","author":"admin","date":"6 f\u00e9vrier 2019","format":false,"excerpt":"Trelleborg MAXAIRAir\/applications d'air comprim\u00e9 Tuyau d'air comprim\u00e9 pour les applications industrielles et autres, pour les outils pneumatiques et les usages g\u00e9n\u00e9raux. Convient \u00e0 l'air comprim\u00e9 pour toutes les applications, \u00e0 l'oxyg\u00e8ne (POI\u226425mm uniquement) et aux gaz inertes argon, azote et dioxyde de carbone pour le soudage \u00e0 l'arc. Egalement pour les solutions aqueuses ou les \u00e9mulsions utilis\u00e9es dans la pulv\u00e9risation agricole d'eau industrielle, le blanchiment, la d\u00e9sinfection, les acides et...","rel":"","context":"Article similaire","block_context":{"text":"Article similaire","link":""},"img":{"alt_text":"","src":"https:\/\/i0.wp.com\/tuzlahortum.com.tr\/wp-content\/uploads\/2019\/02\/MAXAIR.jpg?fit=800%2C800&ssl=1&resize=350%2C200","width":350,"height":200,"srcset":"https:\/\/i0.wp.com\/tuzlahortum.com.tr\/wp-content\/uploads\/2019\/02\/MAXAIR.jpg?fit=800%2C800&ssl=1&resize=350%2C200 1x, https:\/\/i0.wp.com\/tuzlahortum.com.tr\/wp-content\/uploads\/2019\/02\/MAXAIR.jpg?fit=800%2C800&ssl=1&resize=525%2C300 1.5x, https:\/\/i0.wp.com\/tuzlahortum.com.tr\/wp-content\/uploads\/2019\/02\/MAXAIR.jpg?fit=800%2C800&ssl=1&resize=700%2C400 2x"},"classes":[]}],"jetpack_sharing_enabled":true,"jetpack_likes_enabled":true,"_links":{"self":[{"href":"https:\/\/tuzlahortum.com.tr\/fr\/wp-json\/wp\/v2\/product\/559","targetHints":{"allow":["GET"]}}],"collection":[{"href":"https:\/\/tuzlahortum.com.tr\/fr\/wp-json\/wp\/v2\/product"}],"about":[{"href":"https:\/\/tuzlahortum.com.tr\/fr\/wp-json\/wp\/v2\/types\/product"}],"replies":[{"embeddable":true,"href":"https:\/\/tuzlahortum.com.tr\/fr\/wp-json\/wp\/v2\/comments?post=559"}],"wp:featuredmedia":[{"embeddable":true,"href":"https:\/\/tuzlahortum.com.tr\/fr\/wp-json\/wp\/v2\/media\/2613"}],"wp:attachment":[{"href":"https:\/\/tuzlahortum.com.tr\/fr\/wp-json\/wp\/v2\/media?parent=559"}],"wp:term":[{"taxonomy":"product_brand","embeddable":true,"href":"https:\/\/tuzlahortum.com.tr\/fr\/wp-json\/wp\/v2\/product_brand?post=559"},{"taxonomy":"product_cat","embeddable":true,"href":"https:\/\/tuzlahortum.com.tr\/fr\/wp-json\/wp\/v2\/product_cat?post=559"},{"taxonomy":"product_tag","embeddable":true,"href":"https:\/\/tuzlahortum.com.tr\/fr\/wp-json\/wp\/v2\/product_tag?post=559"}],"curies":[{"name":"wp","href":"https:\/\/api.w.org\/{rel}","templated":true}]}}