{"id":558,"date":"2019-02-06T23:46:03","date_gmt":"2019-02-06T20:46:03","guid":{"rendered":"http:\/\/hortum.com.tr\/product\/import-placeholder-for-523\/"},"modified":"2024-03-21T17:45:25","modified_gmt":"2024-03-21T14:45:25","slug":"trelleborg-ag2100-marine-corrugated","status":"publish","type":"product","link":"https:\/\/tuzlahortum.com.tr\/fr\/produit\/trelleborg-ag2100-marine-corrugated\/","title":{"rendered":"Trelleborg AG2100 Marine Ondul\u00e9"},"content":{"rendered":"<h2>Trelleborg AG2100 Marine Ondul\u00e9<\/h2>\n<p>Gaz d&#039;\u00e9chappement<\/p>\n<p>Syst\u00e8mes d&#039;\u00e9chappement humides de moteurs marins o\u00f9 les gaz d&#039;\u00e9chappement sont m\u00e9lang\u00e9s \u00e0 l&#039;eau froide \u00e9vacu\u00e9e.<\/p>\n<p>Avantages<\/p>\n<p>* Flexibilit\u00e9 extr\u00eamement \u00e9lev\u00e9e.<\/p>\n<p>*C&#039;est l\u00e9ger.<\/p>\n<p>* R\u00e9sistant \u00e0 l&#039;usure.<\/p>\n<p>* Ondul\u00e9 et convivial.<\/p>\n<p>* Certifi\u00e9 DNV.<\/p>\n<p>description technique<\/p>\n<p>Chambre \u00e0 air : CR, noire, droite.<\/p>\n<p>Renforcement : textile synth\u00e9tique avec h\u00e9lice en fil d&#039;acier int\u00e9gr\u00e9.<\/p>\n<p>Rev\u00eatement : CR, noir, aspect tissu, ondul\u00e9.<\/p>\n<p>Plage de temp\u00e9rature : -30\u00b0C \u00e0 +100\u00b0C.<\/p>\n<p>R\u00e9siste temporairement \u00e0 +580\u00b0C.<\/p>\n<p>Unions\/Raccords<\/p>\n<p>menottes.<\/p>\n<p>Informations Compl\u00e9mentaires<\/p>\n<p>Certifi\u00e9 par DNV conform\u00e9ment \u00e0 ISO 13363 type 2, SAE J 2006 type R2, Scandinavian Boat Standard MC9.<\/p>\n<p>Diff\u00e9rentes tailles sont produites sur demande.<\/p>\n<div class=\"video video-fit mb\" style=\"padding-top:56.25%;\"><p><iframe loading=\"lazy\" title=\"Confusion des mesures (pouces, doigts, brume, millim\u00e8tres)\" width=\"1020\" height=\"574\" src=\"https:\/\/www.youtube.com\/embed\/uKk6AG_AZls?feature=oembed\" frameborder=\"0\" allow=\"accelerometer; autoplay; clipboard-write; encrypted-media; gyroscope; picture-in-picture; web-share\" referrerpolicy=\"strict-origin-when-cross-origin\" allowfullscreen><\/iframe><\/p>\n<\/div>\n<div class=\"video video-fit mb\" style=\"padding-top:56.25%;\"><p>https:\/\/www.youtube.com\/watch?v=O8ZlzKEjfEQ%20<\/p>\n<\/div>\n<p><img data-recalc-dims=\"1\" loading=\"lazy\" decoding=\"async\" class=\"alignnone size-full wp-image-2153\" src=\"https:\/\/i0.wp.com\/tuzlahortum.com.tr\/wp-content\/uploads\/urunler\/trelleborg\/TRELLEBORG-AG2100-MARI%CC%87NE-CORRUGATED.jpg?resize=932%2C185&#038;ssl=1\" alt=\"\" width=\"932\" height=\"185\" title=\"\" srcset=\"https:\/\/i0.wp.com\/tuzlahortum.com.tr\/wp-content\/uploads\/urunler\/trelleborg\/TRELLEBORG-AG2100-MARI%CC%87NE-CORRUGATED.jpg?w=932&amp;ssl=1 932w, https:\/\/i0.wp.com\/tuzlahortum.com.tr\/wp-content\/uploads\/urunler\/trelleborg\/TRELLEBORG-AG2100-MARI%CC%87NE-CORRUGATED.jpg?resize=800%2C159&amp;ssl=1 800w, https:\/\/i0.wp.com\/tuzlahortum.com.tr\/wp-content\/uploads\/urunler\/trelleborg\/TRELLEBORG-AG2100-MARI%CC%87NE-CORRUGATED.jpg?resize=768%2C152&amp;ssl=1 768w, https:\/\/i0.wp.com\/tuzlahortum.com.tr\/wp-content\/uploads\/urunler\/trelleborg\/TRELLEBORG-AG2100-MARI%CC%87NE-CORRUGATED.jpg?resize=600%2C119&amp;ssl=1 600w\" sizes=\"auto, (max-width: 932px) 100vw, 932px\" \/><\/p>","protected":false},"excerpt":{"rendered":"<p>Trelleborg AG2100 Marine Corrugated Egzoz gaz\u0131 Egzoz gazlar\u0131n\u0131n tahliye edilen so\u011fuk su ile kar\u0131\u015ft\u0131\u011f\u0131 deniz motoru \u0131slak egzoz sistemleri. Avantajlar *Son derece y\u00fcksek esneklik. *Hafiftir. *Y\u0131pranma ve eskimeye dayan\u0131kl\u0131. *Oluklu ve kullan\u0131c\u0131 dostu. *DNV onayl\u0131d\u0131r. Teknik a\u00e7\u0131klama \u0130\u00e7 t\u00fcp :\u00a0CR, siyah, d\u00fcz. Takviye :\u00a0\u00e7elik tel g\u00f6m\u00fcl\u00fc helis bulunan sentetik tekstil. Kaplama :\u00a0CR, siyah, kuma\u015f g\u00f6r\u00fcn\u00fcml\u00fc, [&#8230;]\n","protected":false},"featured_media":2612,"comment_status":"open","ping_status":"closed","template":"","meta":{"jetpack_post_was_ever_published":false},"product_brand":[],"product_cat":[175],"product_tag":[346,337,338,290,344,345,343],"class_list":{"0":"post-558","1":"product","2":"type-product","3":"status-publish","4":"has-post-thumbnail","6":"product_cat-egzoz-gazi-hortumlari","7":"product_tag-deniz-motoru","8":"product_tag-egzoz","9":"product_tag-gaz","10":"product_tag-hortum","11":"product_tag-islak","12":"product_tag-islak-egzoz-sistemi","13":"product_tag-tahliye","15":"first","16":"instock","17":"taxable","18":"shipping-taxable","19":"product-type-variable"},"jetpack-related-posts":[],"jetpack_sharing_enabled":true,"jetpack_likes_enabled":true,"_links":{"self":[{"href":"https:\/\/tuzlahortum.com.tr\/fr\/wp-json\/wp\/v2\/product\/558","targetHints":{"allow":["GET"]}}],"collection":[{"href":"https:\/\/tuzlahortum.com.tr\/fr\/wp-json\/wp\/v2\/product"}],"about":[{"href":"https:\/\/tuzlahortum.com.tr\/fr\/wp-json\/wp\/v2\/types\/product"}],"replies":[{"embeddable":true,"href":"https:\/\/tuzlahortum.com.tr\/fr\/wp-json\/wp\/v2\/comments?post=558"}],"wp:featuredmedia":[{"embeddable":true,"href":"https:\/\/tuzlahortum.com.tr\/fr\/wp-json\/wp\/v2\/media\/2612"}],"wp:attachment":[{"href":"https:\/\/tuzlahortum.com.tr\/fr\/wp-json\/wp\/v2\/media?parent=558"}],"wp:term":[{"taxonomy":"product_brand","embeddable":true,"href":"https:\/\/tuzlahortum.com.tr\/fr\/wp-json\/wp\/v2\/product_brand?post=558"},{"taxonomy":"product_cat","embeddable":true,"href":"https:\/\/tuzlahortum.com.tr\/fr\/wp-json\/wp\/v2\/product_cat?post=558"},{"taxonomy":"product_tag","embeddable":true,"href":"https:\/\/tuzlahortum.com.tr\/fr\/wp-json\/wp\/v2\/product_tag?post=558"}],"curies":[{"name":"wp","href":"https:\/\/api.w.org\/{rel}","templated":true}]}}