{"id":557,"date":"2019-02-06T23:46:02","date_gmt":"2019-02-06T20:46:02","guid":{"rendered":"http:\/\/hortum.com.tr\/product\/import-placeholder-for-522\/"},"modified":"2024-03-21T17:45:25","modified_gmt":"2024-03-21T14:45:25","slug":"trelleborg-ag-1000-lt","status":"publish","type":"product","link":"https:\/\/tuzlahortum.com.tr\/fr\/produit\/trelleborg-ag-1000-lt\/","title":{"rendered":"Trelleborg AG 1000 LT"},"content":{"rendered":"<h2>Trelleborg AG 1000 LT<\/h2>\n<p>Gaz d&#039;\u00e9chappement<\/p>\n<p>\u00c9limination des gaz d&#039;\u00e9chappement et autres gaz chauds des v\u00e9hicules \u00e0 moteur. Tuyau d&#039;\u00e9chappement avec toutes sortes de m\u00e9canismes de rappel \u00e0 ressort<\/p>\n<p>poulies, extracteurs de gaz d&#039;\u00e9chappement ainsi que des rails d&#039;\u00e9chappement sur lesquels les v\u00e9hicules sont d\u00e9plac\u00e9s.<\/p>\n<p>Avantages<\/p>\n<p>*La nature extr\u00eamement l\u00e9g\u00e8re et flexible du tuyau le rend particuli\u00e8rement adapt\u00e9 au transport manuel.<\/p>\n<p>* La surface int\u00e9rieure lisse r\u00e9duit les pertes par frottement.<\/p>\n<p>*Les flexibles peuvent \u00eatre raccord\u00e9s par vissage.<\/p>\n<p>description technique<\/p>\n<p>Chambre \u00e0 air : tissu caoutchout\u00e9 r\u00e9sistant, EPDM\/polyester, noir.<\/p>\n<p>Renforcement : acier rev\u00eatu EPDM, noir.<\/p>\n<p>Plage de temp\u00e9rature : -40\u00b0C \u00e0 +150\u00b0C.<\/p>\n<p>Informations Compl\u00e9mentaires<\/p>\n<p>Il est livr\u00e9 en bobines envelopp\u00e9es de plastique.<\/p>\n<div class=\"video video-fit mb\" style=\"padding-top:56.25%;\"><p><iframe loading=\"lazy\" title=\"Confusion des mesures (pouces, doigts, brume, millim\u00e8tres)\" width=\"1020\" height=\"574\" src=\"https:\/\/www.youtube.com\/embed\/uKk6AG_AZls?feature=oembed\" frameborder=\"0\" allow=\"accelerometer; autoplay; clipboard-write; encrypted-media; gyroscope; picture-in-picture; web-share\" referrerpolicy=\"strict-origin-when-cross-origin\" allowfullscreen><\/iframe><\/p>\n<\/div>\n<div class=\"video video-fit mb\" style=\"padding-top:56.25%;\"><p>https:\/\/www.youtube.com\/watch?v=O8ZlzKEjfEQ%20<\/p>\n<\/div>\n<p><img data-recalc-dims=\"1\" loading=\"lazy\" decoding=\"async\" class=\"alignnone wp-image-2154\" src=\"https:\/\/i0.wp.com\/hortum.com.tr\/wp-content\/uploads\/urunler\/trelleborg\/TRELLEBORG-AG-1000-LT.jpg-800x132.jpg?resize=800%2C132\" alt=\"\" width=\"800\" height=\"132\" title=\"\" srcset=\"https:\/\/i0.wp.com\/tuzlahortum.com.tr\/wp-content\/uploads\/urunler\/trelleborg\/TRELLEBORG-AG-1000-LT.jpg.jpg?resize=800%2C132&amp;ssl=1 800w, https:\/\/i0.wp.com\/tuzlahortum.com.tr\/wp-content\/uploads\/urunler\/trelleborg\/TRELLEBORG-AG-1000-LT.jpg.jpg?resize=768%2C127&amp;ssl=1 768w, https:\/\/i0.wp.com\/tuzlahortum.com.tr\/wp-content\/uploads\/urunler\/trelleborg\/TRELLEBORG-AG-1000-LT.jpg.jpg?resize=600%2C99&amp;ssl=1 600w, https:\/\/i0.wp.com\/tuzlahortum.com.tr\/wp-content\/uploads\/urunler\/trelleborg\/TRELLEBORG-AG-1000-LT.jpg.jpg?w=889&amp;ssl=1 889w\" sizes=\"auto, (max-width: 800px) 100vw, 800px\" \/><\/p>","protected":false},"excerpt":{"rendered":"<p>Trelleborg AG 1000 LT Egzoz gaz\u0131 Motorlu ara\u00e7lardan egzoz gaz\u0131 ve di\u011fer s\u0131cak gazlar\u0131n uzakla\u015ft\u0131r\u0131lmas\u0131. Her t\u00fcrl\u00fc yayl\u0131 geri\u00a0sar\u0131m mekanizmas\u0131na sahip egzoz hortumu kasnaklar\u0131, egzoz duman\u0131 uzakla\u015ft\u0131r\u0131c\u0131lar ve ayn\u0131\u00a0zamanda ara\u00e7lar\u0131n hareket ettirildi\u011fi egzoz raylar\u0131. Avantajlar *Son derece hafif ve esnek olmas\u0131 hortumu \u00f6zellikle manuel ta\u015f\u0131ma i\u00e7in uygun hale getiriyor. *D\u00fczg\u00fcn i\u00e7 y\u00fczeyi s\u00fcrt\u00fcnme kay\u0131plar\u0131n\u0131 azalt\u0131r. [&#8230;]\n","protected":false},"featured_media":2611,"comment_status":"open","ping_status":"closed","template":"","meta":[],"product_brand":[],"product_cat":[175],"product_tag":[336,337,339,338,290,341,335,342,340],"class_list":{"0":"post-557","1":"product","2":"type-product","3":"status-publish","4":"has-post-thumbnail","6":"product_cat-egzoz-gazi-hortumlari","7":"product_tag-arac","8":"product_tag-egzoz","9":"product_tag-egzoz-gazi","10":"product_tag-gaz","11":"product_tag-hortum","12":"product_tag-hortum-kasnaklari","13":"product_tag-motor","14":"product_tag-motorlu-arac","15":"product_tag-sicak-gaz","17":"first","18":"instock","19":"taxable","20":"shipping-taxable","21":"product-type-variable"},"jetpack-related-posts":[{"id":556,"url":"https:\/\/tuzlahortum.com.tr\/fr\/produit\/trelleborg-ag-1000-ht\/","url_meta":{"origin":557,"position":0},"title":"Trelleborg AG 1000 HT","author":"admin","date":"6 f\u00e9vrier 2019","format":false,"excerpt":"Trelleborg AG 1000 HTE gaz d'\u00e9chappement \u00c9limination des gaz d'\u00e9chappement et autres gaz chauds des v\u00e9hicules \u00e0 moteur. Poulies de tuyau d'\u00e9chappement avec tous types de m\u00e9canismes de rappel \u00e0 ressort, extracteurs de fum\u00e9es d'\u00e9chappement ainsi que rails d'\u00e9chappement pour v\u00e9hicules en mouvement. Avantages * Extr\u00eamement l\u00e9ger et flexible, ce qui rend le tuyau particuli\u00e8rement adapt\u00e9 \u00e0 la manutention manuelle. *Lisse \u00e0 l'int\u00e9rieur...","rel":"","context":"Article similaire","block_context":{"text":"Article similaire","link":""},"img":{"alt_text":"","src":"https:\/\/i0.wp.com\/tuzlahortum.com.tr\/wp-content\/uploads\/2019\/02\/AG-1000-HT.jpg?fit=800%2C800&ssl=1&resize=350%2C200","width":350,"height":200,"srcset":"https:\/\/i0.wp.com\/tuzlahortum.com.tr\/wp-content\/uploads\/2019\/02\/AG-1000-HT.jpg?fit=800%2C800&ssl=1&resize=350%2C200 1x, https:\/\/i0.wp.com\/tuzlahortum.com.tr\/wp-content\/uploads\/2019\/02\/AG-1000-HT.jpg?fit=800%2C800&ssl=1&resize=525%2C300 1.5x, https:\/\/i0.wp.com\/tuzlahortum.com.tr\/wp-content\/uploads\/2019\/02\/AG-1000-HT.jpg?fit=800%2C800&ssl=1&resize=700%2C400 2x"},"classes":[]},{"id":558,"url":"https:\/\/tuzlahortum.com.tr\/fr\/produit\/trelleborg-ag2100-marine-corrugated\/","url_meta":{"origin":557,"position":1},"title":"Trelleborg AG2100 Marine Ondul\u00e9","author":"admin","date":"6 f\u00e9vrier 2019","format":false,"excerpt":"Trelleborg AG2100 Marine Corrugated Gaz d'\u00e9chappement Syst\u00e8mes d'\u00e9chappement humides pour moteurs marins o\u00f9 les gaz d'\u00e9chappement sont m\u00e9lang\u00e9s \u00e0 de l'eau froide. Avantages * Flexibilit\u00e9 extr\u00eamement \u00e9lev\u00e9e. *L\u00e9ger. *R\u00e9sistant \u00e0 l'usure. *Ondul\u00e9 et facile \u00e0 utiliser. *Approuv\u00e9 par le DNV. Description technique Chambre \u00e0 air : CR, noir, uni. Renfort : textile synth\u00e9tique avec h\u00e9lice int\u00e9gr\u00e9e en fil d'acier. Rev\u00eatement ...","rel":"","context":"Article similaire","block_context":{"text":"Article similaire","link":""},"img":{"alt_text":"","src":"https:\/\/i0.wp.com\/tuzlahortum.com.tr\/wp-content\/uploads\/2019\/02\/AG-2100-MARINE-CORRUGATED.jpg?fit=800%2C800&ssl=1&resize=350%2C200","width":350,"height":200,"srcset":"https:\/\/i0.wp.com\/tuzlahortum.com.tr\/wp-content\/uploads\/2019\/02\/AG-2100-MARINE-CORRUGATED.jpg?fit=800%2C800&ssl=1&resize=350%2C200 1x, https:\/\/i0.wp.com\/tuzlahortum.com.tr\/wp-content\/uploads\/2019\/02\/AG-2100-MARINE-CORRUGATED.jpg?fit=800%2C800&ssl=1&resize=525%2C300 1.5x, https:\/\/i0.wp.com\/tuzlahortum.com.tr\/wp-content\/uploads\/2019\/02\/AG-2100-MARINE-CORRUGATED.jpg?fit=800%2C800&ssl=1&resize=700%2C400 2x"},"classes":[]},{"id":559,"url":"https:\/\/tuzlahortum.com.tr\/fr\/produit\/trelleborg-ag2100-marine-smooth\/","url_meta":{"origin":557,"position":2},"title":"Trelleborg AG2100 Marine Lisse","author":"admin","date":"6 f\u00e9vrier 2019","format":false,"excerpt":"Trelleborg AG2100 Marine SmoothEgzoz gaz\u0131 Egzoz gazlar\u0131n\u0131n tahliye edilen so\u011fuk su ile kar\u0131\u015ft\u0131\u011f\u0131 deniz motoru \u0131slak egzoz sistemleri. Avantajlar *Esnek. *Y\u0131pranma ve eskimeye dayan\u0131kl\u0131. *Flex Max yap\u0131 (\u00f6r. \u00e7oklu helis). *D\u00fcz ve dayan\u0131kl\u0131. *Kuru egzoza 3 saatten fazla dayan\u0131r. *DNV onayl\u0131d\u0131r. Teknik a\u00e7\u0131klama \u0130\u00e7 t\u00fcp :\u00a0CR, siyah, d\u00fcz. Takviye :\u00a0\u00e7elik\u2026","rel":"","context":"Article similaire","block_context":{"text":"Article similaire","link":""},"img":{"alt_text":"","src":"https:\/\/i0.wp.com\/tuzlahortum.com.tr\/wp-content\/uploads\/2019\/02\/AG-2100-MAR%C4%B0NE-SMOOTH.jpg?fit=800%2C800&ssl=1&resize=350%2C200","width":350,"height":200,"srcset":"https:\/\/i0.wp.com\/tuzlahortum.com.tr\/wp-content\/uploads\/2019\/02\/AG-2100-MAR%C4%B0NE-SMOOTH.jpg?fit=800%2C800&ssl=1&resize=350%2C200 1x, https:\/\/i0.wp.com\/tuzlahortum.com.tr\/wp-content\/uploads\/2019\/02\/AG-2100-MAR%C4%B0NE-SMOOTH.jpg?fit=800%2C800&ssl=1&resize=525%2C300 1.5x, https:\/\/i0.wp.com\/tuzlahortum.com.tr\/wp-content\/uploads\/2019\/02\/AG-2100-MAR%C4%B0NE-SMOOTH.jpg?fit=800%2C800&ssl=1&resize=700%2C400 2x"},"classes":[]},{"id":22762,"url":"https:\/\/tuzlahortum.com.tr\/fr\/produit\/ibiza\/","url_meta":{"origin":557,"position":3},"title":"IBIZA","author":"admin","date":"11 ao\u00fbt 2025","format":false,"excerpt":"\u00a0 \u00dcr\u00fcn Ad\u0131: IBIZA \u00dcr\u00fcn Kodu: MWED390 Denizcilik Tipi Sulu Egzos Hortumu Verici Kullanim Alan\u0131 : Deniz ara\u00e7lar\u0131n\u0131n so\u011futma sistemlerinde \u0131slak egzoz gazlar\u0131 ve deniz suyu ta\u015f\u0131nmas\u0131 i\u00e7in. Alt Katman : Siyah EPDM Kau\u00e7uk. Takviye Katman\u0131 : Y\u00fcksek Mukavemetli Sentetik Tekstil. \u00dcst Katman : Deniz Suyuna, Is\u0131ya, A\u015f\u0131nmaya, Ozona ve\u2026","rel":"","context":"Article similaire","block_context":{"text":"Article similaire","link":""},"img":{"alt_text":"","src":"https:\/\/i0.wp.com\/tuzlahortum.com.tr\/wp-content\/uploads\/2025\/08\/Ibiza.png?fit=341%2C341&ssl=1&resize=350%2C200","width":350,"height":200},"classes":[]},{"id":22768,"url":"https:\/\/tuzlahortum.com.tr\/fr\/produit\/cancun-sc\/","url_meta":{"origin":557,"position":4},"title":"CANCUN SC","author":"admin","date":"11 ao\u00fbt 2025","format":false,"excerpt":"\u00a0 \u00dcr\u00fcn Ad\u0131: CANCUN SC \u00dcr\u00fcn Kodu: MWEC932 Denizcilik Tipi Sulu Egzos Hortumu, Bo\u011fumlu Kullanim Alan\u0131 : Deniz ara\u00e7lar\u0131n\u0131n so\u011futma sistemlerinde \u0131slak egzoz gazlar\u0131 ve deniz suyu ta\u015f\u0131nmas\u0131 i\u00e7in. Alt Katman : Siyah EPDM Kau\u00e7uk. Takviye Katman\u0131 : Y\u00fcksek Mukavemetli Sentetik Tekstil, \u00c7elik Tel Sarmal. \u00dcst Katman : Deniz Suyuna,\u2026","rel":"","context":"Article similaire","block_context":{"text":"Article similaire","link":""},"img":{"alt_text":"","src":"https:\/\/i0.wp.com\/tuzlahortum.com.tr\/wp-content\/uploads\/2025\/08\/Cancun-SC.png?fit=256%2C256&ssl=1&resize=350%2C200","width":350,"height":200},"classes":[]},{"id":897,"url":"https:\/\/tuzlahortum.com.tr\/fr\/produit\/trelleborg-breathing-hose-en-14593\/","url_meta":{"origin":557,"position":5},"title":"TUYAU RESPIRATOIRE Trelleborg EN 14593","author":"admin","date":"6 f\u00e9vrier 2019","format":false,"excerpt":"Trelleborg BREATHING HOSE EN 14593Soluma havas\u0131 Taze hava soluma maskeleri ve bas\u0131n\u00e7l\u0131 hava beslemesi i\u00e7in besleme hatt\u0131. Avantajlar *G\u00fcvenli ve sa\u011flam. *Y\u00fcksek s\u0131cakl\u0131k dayan\u0131m\u0131. *Y\u00fcksek esneklik. *A\u015f\u0131nmaya dayan\u0131kl\u0131 kaplama. *Antistatik. *EN 14593\/14594 onayl\u0131. Teknik a\u00e7\u0131klama \u0130\u00e7 t\u00fcp :\u00a0EPDM, siyah, d\u00fcz. Takviye :\u00a0aramid, \u00f6rg\u00fc. Kaplama :\u00a0EPDM, d\u00fcz, 7.2 ve 9.5mm \u0130\u00c7\u2026","rel":"","context":"Article similaire","block_context":{"text":"Article similaire","link":""},"img":{"alt_text":"","src":"https:\/\/i0.wp.com\/tuzlahortum.com.tr\/wp-content\/uploads\/2019\/02\/BREATHING-HOSE-EN-14593.jpg?fit=800%2C800&ssl=1&resize=350%2C200","width":350,"height":200,"srcset":"https:\/\/i0.wp.com\/tuzlahortum.com.tr\/wp-content\/uploads\/2019\/02\/BREATHING-HOSE-EN-14593.jpg?fit=800%2C800&ssl=1&resize=350%2C200 1x, https:\/\/i0.wp.com\/tuzlahortum.com.tr\/wp-content\/uploads\/2019\/02\/BREATHING-HOSE-EN-14593.jpg?fit=800%2C800&ssl=1&resize=525%2C300 1.5x, https:\/\/i0.wp.com\/tuzlahortum.com.tr\/wp-content\/uploads\/2019\/02\/BREATHING-HOSE-EN-14593.jpg?fit=800%2C800&ssl=1&resize=700%2C400 2x"},"classes":[]}],"jetpack_sharing_enabled":true,"jetpack_likes_enabled":true,"_links":{"self":[{"href":"https:\/\/tuzlahortum.com.tr\/fr\/wp-json\/wp\/v2\/product\/557","targetHints":{"allow":["GET"]}}],"collection":[{"href":"https:\/\/tuzlahortum.com.tr\/fr\/wp-json\/wp\/v2\/product"}],"about":[{"href":"https:\/\/tuzlahortum.com.tr\/fr\/wp-json\/wp\/v2\/types\/product"}],"replies":[{"embeddable":true,"href":"https:\/\/tuzlahortum.com.tr\/fr\/wp-json\/wp\/v2\/comments?post=557"}],"wp:featuredmedia":[{"embeddable":true,"href":"https:\/\/tuzlahortum.com.tr\/fr\/wp-json\/wp\/v2\/media\/2611"}],"wp:attachment":[{"href":"https:\/\/tuzlahortum.com.tr\/fr\/wp-json\/wp\/v2\/media?parent=557"}],"wp:term":[{"taxonomy":"product_brand","embeddable":true,"href":"https:\/\/tuzlahortum.com.tr\/fr\/wp-json\/wp\/v2\/product_brand?post=557"},{"taxonomy":"product_cat","embeddable":true,"href":"https:\/\/tuzlahortum.com.tr\/fr\/wp-json\/wp\/v2\/product_cat?post=557"},{"taxonomy":"product_tag","embeddable":true,"href":"https:\/\/tuzlahortum.com.tr\/fr\/wp-json\/wp\/v2\/product_tag?post=557"}],"curies":[{"name":"wp","href":"https:\/\/api.w.org\/{rel}","templated":true}]}}