{"id":556,"date":"2019-02-06T23:46:02","date_gmt":"2019-02-06T20:46:02","guid":{"rendered":"http:\/\/hortum.com.tr\/product\/import-placeholder-for-521\/"},"modified":"2024-03-21T17:45:26","modified_gmt":"2024-03-21T14:45:26","slug":"trelleborg-ag-1000-ht","status":"publish","type":"product","link":"https:\/\/tuzlahortum.com.tr\/fr\/produit\/trelleborg-ag-1000-ht\/","title":{"rendered":"Trelleborg AG 1000 HT"},"content":{"rendered":"<h2>Trelleborg AG 1000 HT<\/h2>\n<div>Gaz d&#039;\u00e9chappement<\/div>\n<div>\u00c9limination des gaz d&#039;\u00e9chappement et autres gaz chauds des v\u00e9hicules \u00e0 moteur. Pour tous les types de m\u00e9canismes de rappel \u00e0 ressort<\/div>\n<div>avec des poulies de tuyau d&#039;\u00e9chappement, des extracteurs de gaz d&#039;\u00e9chappement ainsi que des rails d&#039;\u00e9chappement sur lesquels les v\u00e9hicules sont d\u00e9plac\u00e9s.<\/div>\n<div>Avantages<\/div>\n<div>*La nature extr\u00eamement l\u00e9g\u00e8re et flexible du tuyau le rend particuli\u00e8rement adapt\u00e9 au transport manuel.<\/div>\n<div>* La surface int\u00e9rieure lisse r\u00e9duit la friction.<\/div>\n<div>* Il est produit avec une h\u00e9lice en polyester en standard.<\/div>\n<div>* Lorsqu&#039;un v\u00e9hicule \u00e0 moteur passe sur le tuyau h\u00e9lico\u00efdal en polyester, il retrouve sa forme ant\u00e9rieure.<\/div>\n<div>*Les flexibles peuvent \u00eatre raccord\u00e9s par vissage.<\/div>\n<div>*\u00c9galement disponible avec une h\u00e9lice en acier pour r\u00e9sister \u00e0 un vide plus pouss\u00e9.<\/div>\n<div>description technique<\/div>\n<div>Tube int\u00e9rieur : tissu caoutchout\u00e9 r\u00e9sistant \u00e0 la chaleur, EPDM\/polyester, noir.<\/div>\n<div>Renforcement : polyester enduit EPDM, noir.<\/div>\n<div>Rev\u00eatement : noir.<\/div>\n<div>Plage de temp\u00e9rature : -40\u00b0C \u00e0 +180\u00b0C.<\/div>\n<div>Informations Compl\u00e9mentaires<\/div>\n<div>Il est emball\u00e9 dans des cartons.<\/div>\n<div class=\"video video-fit mb\" style=\"padding-top:56.25%;\"><p><iframe loading=\"lazy\" title=\"Confusion des mesures (pouces, doigts, brume, millim\u00e8tres)\" width=\"1020\" height=\"574\" src=\"https:\/\/www.youtube.com\/embed\/uKk6AG_AZls?feature=oembed\" frameborder=\"0\" allow=\"accelerometer; autoplay; clipboard-write; encrypted-media; gyroscope; picture-in-picture; web-share\" referrerpolicy=\"strict-origin-when-cross-origin\" allowfullscreen><\/iframe><\/p>\n<\/div>\n<div class=\"video video-fit mb\" style=\"padding-top:56.25%;\"><p>https:\/\/www.youtube.com\/watch?v=O8ZlzKEjfEQ%20<\/p>\n<\/div>\n<p><img data-recalc-dims=\"1\" loading=\"lazy\" decoding=\"async\" class=\"alignnone size-full wp-image-2155\" src=\"https:\/\/i0.wp.com\/tuzlahortum.com.tr\/wp-content\/uploads\/urunler\/trelleborg\/TRELLEBORG-AG-1000-HT.jpg?resize=888%2C250&#038;ssl=1\" alt=\"\" width=\"888\" height=\"250\" title=\"\" srcset=\"https:\/\/i0.wp.com\/tuzlahortum.com.tr\/wp-content\/uploads\/urunler\/trelleborg\/TRELLEBORG-AG-1000-HT.jpg?w=888&amp;ssl=1 888w, https:\/\/i0.wp.com\/tuzlahortum.com.tr\/wp-content\/uploads\/urunler\/trelleborg\/TRELLEBORG-AG-1000-HT.jpg?resize=800%2C225&amp;ssl=1 800w, https:\/\/i0.wp.com\/tuzlahortum.com.tr\/wp-content\/uploads\/urunler\/trelleborg\/TRELLEBORG-AG-1000-HT.jpg?resize=768%2C216&amp;ssl=1 768w, https:\/\/i0.wp.com\/tuzlahortum.com.tr\/wp-content\/uploads\/urunler\/trelleborg\/TRELLEBORG-AG-1000-HT.jpg?resize=600%2C169&amp;ssl=1 600w\" sizes=\"auto, (max-width: 888px) 100vw, 888px\" \/><\/p>","protected":false},"excerpt":{"rendered":"<p>Trelleborg AG 1000 HT Egzoz gaz\u0131 Motorlu ara\u00e7lardan egzoz gaz\u0131 ve di\u011fer s\u0131cak gazlar\u0131n uzakla\u015ft\u0131r\u0131lmas\u0131. Her t\u00fcrl\u00fc yayl\u0131 geri\u00a0sar\u0131m mekanizmas\u0131na sahip egzoz hortumu kasnaklar\u0131, egzoz duman\u0131 uzakla\u015ft\u0131r\u0131c\u0131lar ve ayn\u0131\u00a0zamanda ara\u00e7lar\u0131n hareket ettirildi\u011fi egzoz raylar\u0131. Avantajlar *Son derece hafif ve esnek olmas\u0131 hortumu \u00f6zellikle manuel ta\u015f\u0131ma i\u00e7in uygun hale getiriyor. *D\u00fczg\u00fcn i\u00e7 y\u00fczeyi s\u00fcrt\u00fcnmeyi azalt\u0131r. *Standart [&#8230;]\n","protected":false},"featured_media":2610,"comment_status":"open","ping_status":"closed","template":"","meta":{"jetpack_post_was_ever_published":false},"product_brand":[],"product_cat":[175],"product_tag":[336,337,339,338,290,341,335,342,340],"class_list":{"0":"post-556","1":"product","2":"type-product","3":"status-publish","4":"has-post-thumbnail","6":"product_cat-egzoz-gazi-hortumlari","7":"product_tag-arac","8":"product_tag-egzoz","9":"product_tag-egzoz-gazi","10":"product_tag-gaz","11":"product_tag-hortum","12":"product_tag-hortum-kasnaklari","13":"product_tag-motor","14":"product_tag-motorlu-arac","15":"product_tag-sicak-gaz","17":"first","18":"instock","19":"taxable","20":"shipping-taxable","21":"product-type-variable"},"jetpack-related-posts":[],"jetpack_sharing_enabled":true,"jetpack_likes_enabled":true,"_links":{"self":[{"href":"https:\/\/tuzlahortum.com.tr\/fr\/wp-json\/wp\/v2\/product\/556","targetHints":{"allow":["GET"]}}],"collection":[{"href":"https:\/\/tuzlahortum.com.tr\/fr\/wp-json\/wp\/v2\/product"}],"about":[{"href":"https:\/\/tuzlahortum.com.tr\/fr\/wp-json\/wp\/v2\/types\/product"}],"replies":[{"embeddable":true,"href":"https:\/\/tuzlahortum.com.tr\/fr\/wp-json\/wp\/v2\/comments?post=556"}],"wp:featuredmedia":[{"embeddable":true,"href":"https:\/\/tuzlahortum.com.tr\/fr\/wp-json\/wp\/v2\/media\/2610"}],"wp:attachment":[{"href":"https:\/\/tuzlahortum.com.tr\/fr\/wp-json\/wp\/v2\/media?parent=556"}],"wp:term":[{"taxonomy":"product_brand","embeddable":true,"href":"https:\/\/tuzlahortum.com.tr\/fr\/wp-json\/wp\/v2\/product_brand?post=556"},{"taxonomy":"product_cat","embeddable":true,"href":"https:\/\/tuzlahortum.com.tr\/fr\/wp-json\/wp\/v2\/product_cat?post=556"},{"taxonomy":"product_tag","embeddable":true,"href":"https:\/\/tuzlahortum.com.tr\/fr\/wp-json\/wp\/v2\/product_tag?post=556"}],"curies":[{"name":"wp","href":"https:\/\/api.w.org\/{rel}","templated":true}]}}